{"id":4713,"date":"2025-11-09T17:29:27","date_gmt":"2025-11-09T17:29:27","guid":{"rendered":"https:\/\/saphirsmaragd.com\/?post_type=product&#038;p=4713"},"modified":"2025-12-29T18:49:51","modified_gmt":"2025-12-29T18:49:51","slug":"skapolith-0-27-karat-birne-helllila","status":"publish","type":"product","link":"https:\/\/saphirsmaragd.com\/da\/vare\/skapolith-0-27-karat-birne-helllila\/","title":{"rendered":"Skapolith 0.27 Karat Birne Helllila \u2013 nat\u00fcrlicher Edelstein aus Afghanistan mit Zertifikat"},"content":{"rendered":"<div id=\"ez-toc-container\" class=\"ez-toc-v2_0_82_2 counter-hierarchy ez-toc-counter ez-toc-grey ez-toc-container-direction\">\n<div class=\"ez-toc-title-container\">\n<p class=\"ez-toc-title\" style=\"cursor:inherit\">Indholdsfortegnelse<\/p>\n<span class=\"ez-toc-title-toggle\"><a href=\"#\" class=\"ez-toc-pull-right ez-toc-btn ez-toc-btn-xs ez-toc-btn-default ez-toc-toggle\" aria-label=\"Toggle Table of Content\"><span class=\"ez-toc-js-icon-con\"><span class=\"\"><span class=\"eztoc-hide\" style=\"display:none;\">Skift<\/span><span class=\"ez-toc-icon-toggle-span\"><svg style=\"fill: #999;color:#999\" xmlns=\"http:\/\/www.w3.org\/2000\/svg\" class=\"list-377408\" width=\"20px\" height=\"20px\" viewbox=\"0 0 24 24\" fill=\"none\"><path d=\"M6 6H4v2h2V6zm14 0H8v2h12V6zM4 11h2v2H4v-2zm16 0H8v2h12v-2zM4 16h2v2H4v-2zm16 0H8v2h12v-2z\" fill=\"currentColor\"><\/path><\/svg><svg style=\"fill: #999;color:#999\" class=\"arrow-unsorted-368013\" xmlns=\"http:\/\/www.w3.org\/2000\/svg\" width=\"10px\" height=\"10px\" viewbox=\"0 0 24 24\" version=\"1.2\" baseprofile=\"tiny\"><path d=\"M18.2 9.3l-6.2-6.3-6.2 6.3c-.2.2-.3.4-.3.7s.1.5.3.7c.2.2.4.3.7.3h11c.3 0 .5-.1.7-.3.2-.2.3-.5.3-.7s-.1-.5-.3-.7zM5.8 14.7l6.2 6.3 6.2-6.3c.2-.2.3-.5.3-.7s-.1-.5-.3-.7c-.2-.2-.4-.3-.7-.3h-11c-.3 0-.5.1-.7.3-.2.2-.3.5-.3.7s.1.5.3.7z\"\/><\/svg><\/span><\/span><\/span><\/a><\/span><\/div>\n<nav><ul class='ez-toc-list ez-toc-list-level-1' ><li class='ez-toc-page-1 ez-toc-heading-level-4'><a class=\"ez-toc-link ez-toc-heading-1\" href=\"https:\/\/saphirsmaragd.com\/da\/vare\/skapolith-0-27-karat-birne-helllila\/#Skapolith_027_Karat_Birne_Helllila_%E2%80%93_zarter_Naturstein_mit_zertifizierter_Herkunft\" >Skapolith 0.27 Karat Birne Helllila \u2013 zarter Naturstein mit zertifizierter Herkunft<\/a><\/li><li class='ez-toc-page-1 ez-toc-heading-level-4'><a class=\"ez-toc-link ez-toc-heading-2\" href=\"https:\/\/saphirsmaragd.com\/da\/vare\/skapolith-0-27-karat-birne-helllila\/#Merkmale_Herkunft\" >Karakteristika og oprindelse<\/a><\/li><li class='ez-toc-page-1 ez-toc-heading-level-4'><a class=\"ez-toc-link ez-toc-heading-3\" href=\"https:\/\/saphirsmaragd.com\/da\/vare\/skapolith-0-27-karat-birne-helllila\/#Besonderheiten\" >S\u00e6rlige funktioner<\/a><\/li><li class='ez-toc-page-1 ez-toc-heading-level-4'><a class=\"ez-toc-link ez-toc-heading-4\" href=\"https:\/\/saphirsmaragd.com\/da\/vare\/skapolith-0-27-karat-birne-helllila\/#Mehr_uber_unsere_Edelsteine\" >Mere om vores \u00e6delsten<\/a><\/li><li class='ez-toc-page-1 ez-toc-heading-level-4'><a class=\"ez-toc-link ez-toc-heading-5\" href=\"https:\/\/saphirsmaragd.com\/da\/vare\/skapolith-0-27-karat-birne-helllila\/#Weitere_Infos\" >Yderligere information<\/a><\/li><\/ul><\/nav><\/div>\n<h4 data-start=\"781\" data-end=\"871\"><span class=\"ez-toc-section\" id=\"Skapolith_027_Karat_Birne_Helllila_%E2%80%93_zarter_Naturstein_mit_zertifizierter_Herkunft\"><\/span>Skapolith 0.27 Karat Birne Helllila \u2013 zarter Naturstein mit zertifizierter Herkunft<span class=\"ez-toc-section-end\"><\/span><\/h4>\n<p data-start=\"872\" data-end=\"1160\">Der <strong data-start=\"876\" data-end=\"915\">Skapolith 0.27 Karat Birne Helllila<\/strong> fasziniert durch seine feine, pastell-violette F\u00e4rbung und den dezenten Schimmer. Der Stein stammt aus Afghanistan und wurde in Birnenform (5.23 \u00d7 3.79 mm) facettiert, um seine Transparenz und Lichtbrechung bestm\u00f6glich zur Geltung zu bringen.<\/p>\n<p data-start=\"1162\" data-end=\"1300\">Jeder Skapolith wird mit einem <strong data-start=\"1193\" data-end=\"1245\">Zertifikat von Val\u00e9rie DURAFFOURG (Gem-A London)<\/strong> geliefert \u2013 eine Garantie f\u00fcr Echtheit und Qualit\u00e4t.<\/p>\n<p data-start=\"1302\" data-end=\"1442\">Mit seiner feinen Farbe und der seltenen Herkunft ist dieser Skapolith ein attraktiver Stein f\u00fcr Sammler oder individuelle Schmuckfassungen.<\/p>\n<hr data-start=\"1444\" data-end=\"1447\" \/>\n<h4 data-start=\"1449\" data-end=\"1478\"><span class=\"ez-toc-section\" id=\"Merkmale_Herkunft\"><\/span>Karakteristika og oprindelse<span class=\"ez-toc-section-end\"><\/span><\/h4>\n<p data-start=\"1479\" data-end=\"1792\">Steinart: Skapolith<br data-start=\"1498\" data-end=\"1501\" \/>Variet\u00e4t: Nat\u00fcrlicher Skapolith<br data-start=\"1532\" data-end=\"1535\" \/>Farbe: Helllila<br data-start=\"1550\" data-end=\"1553\" \/>Form: Birne facettiert<br data-start=\"1575\" data-end=\"1578\" \/>Gewicht: 0.27 Karat<br data-start=\"1597\" data-end=\"1600\" \/>Gr\u00f6\u00dfe: 5.23 \u00d7 3.79 mm<br data-start=\"1621\" data-end=\"1624\" \/>H\u00e4rte: 6 auf der Mohs-Skala<br data-start=\"1651\" data-end=\"1654\" \/>Renhed: Sm\u00e5 indeslutninger<br data-start=\"1682\" data-end=\"1685\" \/>Behandling: Ingen<br data-start=\"1702\" data-end=\"1705\" \/>Herkunft: Afghanistan<br data-start=\"1726\" data-end=\"1729\" \/>Zertifikat: Val\u00e9rie DURAFFOURG (Gem-A, London)<br data-start=\"1775\" data-end=\"1778\" \/>Stand: Ny<\/p>\n<hr data-start=\"1794\" data-end=\"1797\" \/>\n<h4 data-start=\"1799\" data-end=\"1823\"><span class=\"ez-toc-section\" id=\"Besonderheiten\"><\/span>S\u00e6rlige funktioner<span class=\"ez-toc-section-end\"><\/span><\/h4>\n<p data-start=\"1824\" data-end=\"2263\">Der <strong data-start=\"1828\" data-end=\"1867\">Skapolith 0.27 Karat Birne Helllila<\/strong> vereint zarte Eleganz mit authentischer Nat\u00fcrlichkeit.<br data-start=\"1922\" data-end=\"1925\" \/>Seine seltene Farbnuance zwischen Lila und Flieder macht ihn zu einem steinigen Highlight f\u00fcr Liebhaber pastellfarbener Edelsteine.<br data-start=\"2056\" data-end=\"2059\" \/>Mit einer H\u00e4rte von 6 auf der Mohs-Skala eignet er sich f\u00fcr feine Schmuckarbeiten und wird durch sein Zertifikat von <strong data-start=\"2176\" data-end=\"2213\">Val\u00e9rie DURAFFOURG (Gem-A London)<\/strong> als echter, unbehandelter Naturstein best\u00e4tigt.<\/p>\n<hr data-start=\"2597\" data-end=\"2600\" \/>\n<h4 data-start=\"1931\" data-end=\"1971\"><span class=\"ez-toc-section\" id=\"Mehr_uber_unsere_Edelsteine\"><\/span>Mere om vores \u00e6delsten<span class=\"ez-toc-section-end\"><\/span><\/h4>\n<p data-start=\"1972\" data-end=\"2069\"><a href=\"https:\/\/saphirsmaragd.com\/da\/product-category\/edelsteine-kaufen\/\">\u00c6delsten<\/a><\/p>\n<hr data-start=\"2744\" data-end=\"2747\" \/>\n<h4 data-start=\"2417\" data-end=\"2440\"><span class=\"ez-toc-section\" id=\"Weitere_Infos\"><\/span>Yderligere information<span class=\"ez-toc-section-end\"><\/span><\/h4>\n<p data-start=\"2441\" data-end=\"2504\"><a class=\"decorated-link cursor-pointer\" href=\"https:\/\/de.wikipedia.org\/wiki\/Skapolith\" target=\"_new\" rel=\"noopener\" data-start=\"2441\" data-end=\"2504\">Wikipedia: Skapolith<\/a><\/p>","protected":false},"excerpt":{"rendered":"<p data-start=\"409\" data-end=\"631\"><em>Der Skapolith 0.27 Karat Birne Helllila ist ein zart violetter Naturstein aus Afghanistan. Mit Zertifikat von Val\u00e9rie DURAFFOURG (Gem-A London) und seiner klaren, pastelligen Farbe ist er ideal f\u00fcr Sammler und Feinschmuck.<\/em><\/p>\n<h2 data-start=\"523\" data-end=\"548\"><\/h2>","protected":false},"featured_media":4716,"comment_status":"open","ping_status":"closed","template":"","meta":{"_glsr_average":0,"_glsr_ranking":0,"_glsr_reviews":0},"product_brand":[],"product_cat":[305],"product_tag":[],"class_list":{"0":"post-4713","1":"product","2":"type-product","3":"status-publish","4":"has-post-thumbnail","6":"product_cat-seltene-edelsteine","7":"pa_edelsteinart-seltene-edelsteine","8":"pa_farbe-violett","9":"pa_form-birne","10":"pa_gewicht-karat-0-1-0-5-karat","11":"pa_herkunft-afghanistan","12":"pa_reinheit-kleine-einschluesse","13":"pa_veredelung-behandlung-unbehandelt","14":"pa_zertifikat-ja","15":"pa_zustand-neu","17":"first","18":"instock","19":"featured","20":"sold-individually","21":"shipping-taxable","22":"purchasable","23":"product-type-simple","24":"add-to-wishlist-before_image"},"jetpack_sharing_enabled":true,"_links":{"self":[{"href":"https:\/\/saphirsmaragd.com\/da\/wp-json\/wp\/v2\/product\/4713","targetHints":{"allow":["GET"]}}],"collection":[{"href":"https:\/\/saphirsmaragd.com\/da\/wp-json\/wp\/v2\/product"}],"about":[{"href":"https:\/\/saphirsmaragd.com\/da\/wp-json\/wp\/v2\/types\/product"}],"replies":[{"embeddable":true,"href":"https:\/\/saphirsmaragd.com\/da\/wp-json\/wp\/v2\/comments?post=4713"}],"version-history":[{"count":1,"href":"https:\/\/saphirsmaragd.com\/da\/wp-json\/wp\/v2\/product\/4713\/revisions"}],"predecessor-version":[{"id":4717,"href":"https:\/\/saphirsmaragd.com\/da\/wp-json\/wp\/v2\/product\/4713\/revisions\/4717"}],"wp:featuredmedia":[{"embeddable":true,"href":"https:\/\/saphirsmaragd.com\/da\/wp-json\/wp\/v2\/media\/4716"}],"wp:attachment":[{"href":"https:\/\/saphirsmaragd.com\/da\/wp-json\/wp\/v2\/media?parent=4713"}],"wp:term":[{"taxonomy":"product_brand","embeddable":true,"href":"https:\/\/saphirsmaragd.com\/da\/wp-json\/wp\/v2\/product_brand?post=4713"},{"taxonomy":"product_cat","embeddable":true,"href":"https:\/\/saphirsmaragd.com\/da\/wp-json\/wp\/v2\/product_cat?post=4713"},{"taxonomy":"product_tag","embeddable":true,"href":"https:\/\/saphirsmaragd.com\/da\/wp-json\/wp\/v2\/product_tag?post=4713"}],"curies":[{"name":"wp","href":"https:\/\/api.w.org\/{rel}","templated":true}]}}