{"id":4718,"date":"2025-11-09T17:35:47","date_gmt":"2025-11-09T17:35:47","guid":{"rendered":"https:\/\/saphirsmaragd.com\/?post_type=product&#038;p=4718"},"modified":"2025-12-29T18:49:50","modified_gmt":"2025-12-29T18:49:50","slug":"dumortierit-0-74-karat-oval-blauviolett","status":"publish","type":"product","link":"https:\/\/saphirsmaragd.com\/da\/vare\/dumortierit-0-74-karat-oval-blauviolett\/","title":{"rendered":"Dumortierit 0.74 Karat Oval Blauviolett \u2013 seltener Edelstein aus Madagaskar mit Zertifikat"},"content":{"rendered":"<div id=\"ez-toc-container\" class=\"ez-toc-v2_0_82_2 counter-hierarchy ez-toc-counter ez-toc-grey ez-toc-container-direction\">\n<div class=\"ez-toc-title-container\">\n<p class=\"ez-toc-title\" style=\"cursor:inherit\">Indholdsfortegnelse<\/p>\n<span class=\"ez-toc-title-toggle\"><a href=\"#\" class=\"ez-toc-pull-right ez-toc-btn ez-toc-btn-xs ez-toc-btn-default ez-toc-toggle\" aria-label=\"Toggle Table of Content\"><span class=\"ez-toc-js-icon-con\"><span class=\"\"><span class=\"eztoc-hide\" style=\"display:none;\">Skift<\/span><span class=\"ez-toc-icon-toggle-span\"><svg style=\"fill: #999;color:#999\" xmlns=\"http:\/\/www.w3.org\/2000\/svg\" class=\"list-377408\" width=\"20px\" height=\"20px\" viewbox=\"0 0 24 24\" fill=\"none\"><path d=\"M6 6H4v2h2V6zm14 0H8v2h12V6zM4 11h2v2H4v-2zm16 0H8v2h12v-2zM4 16h2v2H4v-2zm16 0H8v2h12v-2z\" fill=\"currentColor\"><\/path><\/svg><svg style=\"fill: #999;color:#999\" class=\"arrow-unsorted-368013\" xmlns=\"http:\/\/www.w3.org\/2000\/svg\" width=\"10px\" height=\"10px\" viewbox=\"0 0 24 24\" version=\"1.2\" baseprofile=\"tiny\"><path d=\"M18.2 9.3l-6.2-6.3-6.2 6.3c-.2.2-.3.4-.3.7s.1.5.3.7c.2.2.4.3.7.3h11c.3 0 .5-.1.7-.3.2-.2.3-.5.3-.7s-.1-.5-.3-.7zM5.8 14.7l6.2 6.3 6.2-6.3c.2-.2.3-.5.3-.7s-.1-.5-.3-.7c-.2-.2-.4-.3-.7-.3h-11c-.3 0-.5.1-.7.3-.2.2-.3.5-.3.7s.1.5.3.7z\"\/><\/svg><\/span><\/span><\/span><\/a><\/span><\/div>\n<nav><ul class='ez-toc-list ez-toc-list-level-1' ><li class='ez-toc-page-1 ez-toc-heading-level-4'><a class=\"ez-toc-link ez-toc-heading-1\" href=\"https:\/\/saphirsmaragd.com\/da\/vare\/dumortierit-0-74-karat-oval-blauviolett\/#Dumortierit_074_Karat_Oval_Blauviolett_%E2%80%93_seltener_Edelstein_aus_Madagaskar\" >Dumortierit 0.74 Karat Oval Blauviolett \u2013 seltener Edelstein aus Madagaskar<\/a><\/li><li class='ez-toc-page-1 ez-toc-heading-level-4'><a class=\"ez-toc-link ez-toc-heading-2\" href=\"https:\/\/saphirsmaragd.com\/da\/vare\/dumortierit-0-74-karat-oval-blauviolett\/#Merkmale_Herkunft\" >Karakteristika og oprindelse<\/a><\/li><li class='ez-toc-page-1 ez-toc-heading-level-4'><a class=\"ez-toc-link ez-toc-heading-3\" href=\"https:\/\/saphirsmaragd.com\/da\/vare\/dumortierit-0-74-karat-oval-blauviolett\/#Besonderheiten\" >S\u00e6rlige funktioner<\/a><\/li><li class='ez-toc-page-1 ez-toc-heading-level-4'><a class=\"ez-toc-link ez-toc-heading-4\" href=\"https:\/\/saphirsmaragd.com\/da\/vare\/dumortierit-0-74-karat-oval-blauviolett\/#Mehr_uber_unsere_Edelsteine\" >Mere om vores \u00e6delsten<\/a><\/li><li class='ez-toc-page-1 ez-toc-heading-level-4'><a class=\"ez-toc-link ez-toc-heading-5\" href=\"https:\/\/saphirsmaragd.com\/da\/vare\/dumortierit-0-74-karat-oval-blauviolett\/#Weitere_Infos\" >Yderligere information<\/a><\/li><\/ul><\/nav><\/div>\n<h4 data-start=\"812\" data-end=\"894\"><span class=\"ez-toc-section\" id=\"Dumortierit_074_Karat_Oval_Blauviolett_%E2%80%93_seltener_Edelstein_aus_Madagaskar\"><\/span>Dumortierit 0.74 Karat Oval Blauviolett \u2013 seltener Edelstein aus Madagaskar<span class=\"ez-toc-section-end\"><\/span><\/h4>\n<p data-start=\"895\" data-end=\"1245\">Der <strong data-start=\"899\" data-end=\"942\">Dumortierit 0.74 Karat Oval Blauviolett<\/strong> ist ein au\u00dfergew\u00f6hnlicher Edelstein mit intensivem, schimmerndem Farbspiel zwischen Blau und Violett. Dieser seltene Naturstein wurde in <strong data-start=\"1080\" data-end=\"1094\">Madagaskar<\/strong> gefunden und in einer <strong data-start=\"1117\" data-end=\"1149\">ovalen Form (6.18 \u00d7 4.88 mm)<\/strong> pr\u00e4zise facettiert, um seine nat\u00fcrliche Tiefe und Transparenz optimal zur Geltung zu bringen.<\/p>\n<p data-start=\"1247\" data-end=\"1548\">Jeder Stein wird mit einem <strong data-start=\"1274\" data-end=\"1326\">Zertifikat von Val\u00e9rie DURAFFOURG (Gem-A London)<\/strong> ausgeliefert \u2013 ein offizieller Nachweis f\u00fcr Echtheit und Qualit\u00e4t.<br data-start=\"1393\" data-end=\"1396\" \/>Mit seiner seltenen Farbgebung und klaren Struktur eignet sich dieser Dumortierit perfekt f\u00fcr feine Schmuckfassungen oder als besonderes Sammlerst\u00fcck.<\/p>\n<hr data-start=\"1550\" data-end=\"1553\" \/>\n<h4 data-start=\"1555\" data-end=\"1584\"><span class=\"ez-toc-section\" id=\"Merkmale_Herkunft\"><\/span>Karakteristika og oprindelse<span class=\"ez-toc-section-end\"><\/span><\/h4>\n<p data-start=\"1585\" data-end=\"1908\">Steinart: Dumortierit<br data-start=\"1606\" data-end=\"1609\" \/>Variet\u00e4t: Nat\u00fcrlicher Dumortierit<br data-start=\"1642\" data-end=\"1645\" \/>Farbe: Blauviolett<br data-start=\"1663\" data-end=\"1666\" \/>Form: Oval facettiert<br data-start=\"1687\" data-end=\"1690\" \/>Gewicht: 0.74 Karat<br data-start=\"1709\" data-end=\"1712\" \/>Gr\u00f6\u00dfe: 6.18 \u00d7 4.88 mm<br data-start=\"1733\" data-end=\"1736\" \/>H\u00e4rte: 7\u20138 auf der Mohs-Skala<br data-start=\"1765\" data-end=\"1768\" \/>Klarhed: Tydelige inkluderinger<br data-start=\"1799\" data-end=\"1802\" \/>Behandling: Ingen<br data-start=\"1819\" data-end=\"1822\" \/>Oprindelse: Madagaskar<br data-start=\"1842\" data-end=\"1845\" \/>Zertifikat: Val\u00e9rie DURAFFOURG (Gem-A, London)<br data-start=\"1891\" data-end=\"1894\" \/>Stand: Ny<\/p>\n<hr data-start=\"1910\" data-end=\"1913\" \/>\n<h4 data-start=\"1915\" data-end=\"1939\"><span class=\"ez-toc-section\" id=\"Besonderheiten\"><\/span>S\u00e6rlige funktioner<span class=\"ez-toc-section-end\"><\/span><\/h4>\n<p data-start=\"1940\" data-end=\"2197\">Der <strong data-start=\"1944\" data-end=\"1987\">Dumortierit 0.74 Karat Oval Blauviolett<\/strong> ist ein \u00e4u\u00dferst seltener Edelstein, der durch seine nat\u00fcrliche, unbehandelte Farbintensit\u00e4t beeindruckt. Seine H\u00e4rte und Transparenz machen ihn sowohl f\u00fcr Schmuckanwendungen als auch f\u00fcr Sammler interessant.<\/p>\n<p data-start=\"2199\" data-end=\"2441\">Die Kombination aus Herkunft (Madagaskar) und Zertifizierung durch <strong data-start=\"2266\" data-end=\"2304\">Val\u00e9rie DURAFFOURG (Gem-A, London)<\/strong> garantiert h\u00f6chste Authentizit\u00e4t und Qualit\u00e4t. Dieser Stein ist eine echte Rarit\u00e4t, die in keiner hochwertigen Sammlung fehlen sollte.<\/p>\n<hr data-start=\"2597\" data-end=\"2600\" \/>\n<h4 data-start=\"1931\" data-end=\"1971\"><span class=\"ez-toc-section\" id=\"Mehr_uber_unsere_Edelsteine\"><\/span>Mere om vores \u00e6delsten<span class=\"ez-toc-section-end\"><\/span><\/h4>\n<p data-start=\"1972\" data-end=\"2069\"><a href=\"https:\/\/saphirsmaragd.com\/da\/product-category\/edelsteine-kaufen\/\">\u00c6delsten<\/a><\/p>\n<hr data-start=\"2744\" data-end=\"2747\" \/>\n<h4 data-start=\"2665\" data-end=\"2688\"><span class=\"ez-toc-section\" id=\"Weitere_Infos\"><\/span>Yderligere information<span class=\"ez-toc-section-end\"><\/span><\/h4>\n<p>Wikipedia: <a href=\"https:\/\/de.wikipedia.org\/wiki\/Dumortierit\" target=\"_blank\" rel=\"noopener\">Dumortierit<\/a><\/p>","protected":false},"excerpt":{"rendered":"<p data-start=\"414\" data-end=\"658\"><em>Der Dumortierit 0.74 Karat Oval Blauviolett aus Madagaskar \u00fcberzeugt durch seinen einzigartigen, schimmernden Blauton und sein Echtheitszertifikat von Val\u00e9rie DURAFFOURG (Gem-A London). Ein faszinierender Stein f\u00fcr Sammler und Schmuckliebhaber.<\/em><\/p>\n<h2 data-start=\"523\" data-end=\"548\"><\/h2>","protected":false},"featured_media":4721,"comment_status":"open","ping_status":"closed","template":"","meta":{"_glsr_average":0,"_glsr_ranking":0,"_glsr_reviews":0},"product_brand":[],"product_cat":[305],"product_tag":[],"class_list":{"0":"post-4718","1":"product","2":"type-product","3":"status-publish","4":"has-post-thumbnail","6":"product_cat-seltene-edelsteine","7":"pa_edelsteinart-seltene-edelsteine","8":"pa_farbe-blau","9":"pa_farbe-violett","10":"pa_form-oval","11":"pa_gewicht-karat-0-5-1-0-karat","12":"pa_herkunft-madagaskar","13":"pa_reinheit-deutliche-einschluesse","14":"pa_veredelung-behandlung-unbehandelt","15":"pa_zertifikat-ja","16":"pa_zustand-neu","18":"first","19":"instock","20":"featured","21":"sold-individually","22":"shipping-taxable","23":"purchasable","24":"product-type-simple","25":"add-to-wishlist-before_image"},"jetpack_sharing_enabled":true,"_links":{"self":[{"href":"https:\/\/saphirsmaragd.com\/da\/wp-json\/wp\/v2\/product\/4718","targetHints":{"allow":["GET"]}}],"collection":[{"href":"https:\/\/saphirsmaragd.com\/da\/wp-json\/wp\/v2\/product"}],"about":[{"href":"https:\/\/saphirsmaragd.com\/da\/wp-json\/wp\/v2\/types\/product"}],"replies":[{"embeddable":true,"href":"https:\/\/saphirsmaragd.com\/da\/wp-json\/wp\/v2\/comments?post=4718"}],"version-history":[{"count":1,"href":"https:\/\/saphirsmaragd.com\/da\/wp-json\/wp\/v2\/product\/4718\/revisions"}],"predecessor-version":[{"id":4722,"href":"https:\/\/saphirsmaragd.com\/da\/wp-json\/wp\/v2\/product\/4718\/revisions\/4722"}],"wp:featuredmedia":[{"embeddable":true,"href":"https:\/\/saphirsmaragd.com\/da\/wp-json\/wp\/v2\/media\/4721"}],"wp:attachment":[{"href":"https:\/\/saphirsmaragd.com\/da\/wp-json\/wp\/v2\/media?parent=4718"}],"wp:term":[{"taxonomy":"product_brand","embeddable":true,"href":"https:\/\/saphirsmaragd.com\/da\/wp-json\/wp\/v2\/product_brand?post=4718"},{"taxonomy":"product_cat","embeddable":true,"href":"https:\/\/saphirsmaragd.com\/da\/wp-json\/wp\/v2\/product_cat?post=4718"},{"taxonomy":"product_tag","embeddable":true,"href":"https:\/\/saphirsmaragd.com\/da\/wp-json\/wp\/v2\/product_tag?post=4718"}],"curies":[{"name":"wp","href":"https:\/\/api.w.org\/{rel}","templated":true}]}}