{"id":4887,"date":"2025-11-12T15:32:46","date_gmt":"2025-11-12T15:32:46","guid":{"rendered":"https:\/\/saphirsmaragd.com\/?post_type=product&#038;p=4887"},"modified":"2025-12-29T18:49:37","modified_gmt":"2025-12-29T18:49:37","slug":"jaspis-platten-3-90-karat-landschaftsjaspis-paar","status":"publish","type":"product","link":"https:\/\/saphirsmaragd.com\/da\/vare\/jaspis-platten-3-90-karat-landschaftsjaspis-paar\/","title":{"rendered":"Jaspis-Platten 3.90 Karat Landschaftsjaspis Paar \u2013 nat\u00fcrliche Schmuckplatten mit einzigartigem Muster"},"content":{"rendered":"<div id=\"ez-toc-container\" class=\"ez-toc-v2_0_82_2 counter-hierarchy ez-toc-counter ez-toc-grey ez-toc-container-direction\">\n<div class=\"ez-toc-title-container\">\n<p class=\"ez-toc-title\" style=\"cursor:inherit\">Indholdsfortegnelse<\/p>\n<span class=\"ez-toc-title-toggle\"><a href=\"#\" class=\"ez-toc-pull-right ez-toc-btn ez-toc-btn-xs ez-toc-btn-default ez-toc-toggle\" aria-label=\"Toggle Table of Content\"><span class=\"ez-toc-js-icon-con\"><span class=\"\"><span class=\"eztoc-hide\" style=\"display:none;\">Skift<\/span><span class=\"ez-toc-icon-toggle-span\"><svg style=\"fill: #999;color:#999\" xmlns=\"http:\/\/www.w3.org\/2000\/svg\" class=\"list-377408\" width=\"20px\" height=\"20px\" viewbox=\"0 0 24 24\" fill=\"none\"><path d=\"M6 6H4v2h2V6zm14 0H8v2h12V6zM4 11h2v2H4v-2zm16 0H8v2h12v-2zM4 16h2v2H4v-2zm16 0H8v2h12v-2z\" fill=\"currentColor\"><\/path><\/svg><svg style=\"fill: #999;color:#999\" class=\"arrow-unsorted-368013\" xmlns=\"http:\/\/www.w3.org\/2000\/svg\" width=\"10px\" height=\"10px\" viewbox=\"0 0 24 24\" version=\"1.2\" baseprofile=\"tiny\"><path d=\"M18.2 9.3l-6.2-6.3-6.2 6.3c-.2.2-.3.4-.3.7s.1.5.3.7c.2.2.4.3.7.3h11c.3 0 .5-.1.7-.3.2-.2.3-.5.3-.7s-.1-.5-.3-.7zM5.8 14.7l6.2 6.3 6.2-6.3c.2-.2.3-.5.3-.7s-.1-.5-.3-.7c-.2-.2-.4-.3-.7-.3h-11c-.3 0-.5.1-.7.3-.2.2-.3.5-.3.7s.1.5.3.7z\"\/><\/svg><\/span><\/span><\/span><\/a><\/span><\/div>\n<nav><ul class='ez-toc-list ez-toc-list-level-1' ><li class='ez-toc-page-1 ez-toc-heading-level-4'><a class=\"ez-toc-link ez-toc-heading-1\" href=\"https:\/\/saphirsmaragd.com\/da\/vare\/jaspis-platten-3-90-karat-landschaftsjaspis-paar\/#Jaspis-Platten_390_Karat_Landschaftsjaspis_Paar_%E2%80%93_naturliche_Kunstwerke_aus_Stein\" >Jaspis-Platten 3.90 Karat Landschaftsjaspis Paar \u2013 nat\u00fcrliche Kunstwerke aus Stein<\/a><\/li><li class='ez-toc-page-1 ez-toc-heading-level-4'><a class=\"ez-toc-link ez-toc-heading-2\" href=\"https:\/\/saphirsmaragd.com\/da\/vare\/jaspis-platten-3-90-karat-landschaftsjaspis-paar\/#Merkmale_Herkunft\" >Karakteristika og oprindelse<\/a><\/li><li class='ez-toc-page-1 ez-toc-heading-level-4'><a class=\"ez-toc-link ez-toc-heading-3\" href=\"https:\/\/saphirsmaragd.com\/da\/vare\/jaspis-platten-3-90-karat-landschaftsjaspis-paar\/#Besonderheiten\" >S\u00e6rlige funktioner<\/a><\/li><li class='ez-toc-page-1 ez-toc-heading-level-4'><a class=\"ez-toc-link ez-toc-heading-4\" href=\"https:\/\/saphirsmaragd.com\/da\/vare\/jaspis-platten-3-90-karat-landschaftsjaspis-paar\/#Mehr_uber_unsere_Edelsteine\" >Mere om vores \u00e6delsten<\/a><\/li><li class='ez-toc-page-1 ez-toc-heading-level-4'><a class=\"ez-toc-link ez-toc-heading-5\" href=\"https:\/\/saphirsmaragd.com\/da\/vare\/jaspis-platten-3-90-karat-landschaftsjaspis-paar\/#Weitere_Infos\" >Yderligere information<\/a><\/li><\/ul><\/nav><\/div>\n<h4 data-start=\"891\" data-end=\"980\"><span class=\"ez-toc-section\" id=\"Jaspis-Platten_390_Karat_Landschaftsjaspis_Paar_%E2%80%93_naturliche_Kunstwerke_aus_Stein\"><\/span>Jaspis-Platten 3.90 Karat Landschaftsjaspis Paar \u2013 nat\u00fcrliche Kunstwerke aus Stein<span class=\"ez-toc-section-end\"><\/span><\/h4>\n<p data-start=\"981\" data-end=\"1318\">Die <strong data-start=\"985\" data-end=\"1037\">Jaspis-Platten 3.90 Karat Landschaftsjaspis Paar<\/strong> beeindrucken durch ihre au\u00dfergew\u00f6hnlichen Farbstrukturen und Muster, die an Landschaften erinnern. Dieses harmonisch abgestimmte Duo besteht aus zwei nat\u00fcrlichen Jaspisplatten, die perfekt zueinander passen \u2013 ideal f\u00fcr kreative Schmuckdesigns oder als dekoratives Sammlerobjekt.<\/p>\n<p data-start=\"1320\" data-end=\"1569\">Jaspis geh\u00f6rt zu den \u00e4ltesten bekannten Schmucksteinen der Erde und wird f\u00fcr seine beruhigende, erdende Energie gesch\u00e4tzt. Diese Platten stammen aus hochwertigem Landschaftsjaspis und wurden pr\u00e4zise auf eine Gr\u00f6\u00dfe von <strong data-start=\"1538\" data-end=\"1552\">17 \u00d7 12 mm<\/strong> zugeschnitten.<\/p>\n<p data-start=\"1571\" data-end=\"1711\">Die Echtheit wird durch ein <strong data-start=\"1599\" data-end=\"1651\">Zertifikat von Val\u00e9rie DURAFFOURG (Gem-A London)<\/strong> best\u00e4tigt \u2013 eine Garantie f\u00fcr Qualit\u00e4t und Authentizit\u00e4t.<\/p>\n<hr data-start=\"1713\" data-end=\"1716\" \/>\n<h4 data-start=\"1718\" data-end=\"1744\"><span class=\"ez-toc-section\" id=\"Merkmale_Herkunft\"><\/span>Karakteristika og oprindelse<span class=\"ez-toc-section-end\"><\/span><\/h4>\n<p data-start=\"1745\" data-end=\"2139\">Steinart: Jaspis (Landschaftsjaspis)<br data-start=\"1781\" data-end=\"1784\" \/>Farbe: Mehrfarbig \u2013 Braun, Gr\u00fcn, Beige, Gelb<br data-start=\"1828\" data-end=\"1831\" \/>Form: Atypisch (rechteckig-fl\u00e4chig)<br data-start=\"1866\" data-end=\"1869\" \/>Gewicht: 3.90 Karat (Gesamtgewicht beider Platten)<br data-start=\"1919\" data-end=\"1922\" \/>Gr\u00f6\u00dfe: 17 \u00d7 12 mm je Platte<br data-start=\"1949\" data-end=\"1952\" \/>H\u00e5rdhed: 6,5 p\u00e5 Mohs-skalaen<br data-start=\"1981\" data-end=\"1984\" \/>Reinheit: Undurchsichtig<br data-start=\"2008\" data-end=\"2011\" \/>Transparenz: Opaque<br data-start=\"2030\" data-end=\"2033\" \/>Behandling: Ingen<br data-start=\"2050\" data-end=\"2053\" \/>Oprindelse: Madagaskar<br data-start=\"2073\" data-end=\"2076\" \/>Zertifikat: Val\u00e9rie DURAFFOURG (Gem-A, London)<br data-start=\"2122\" data-end=\"2125\" \/>Stand: Ny<\/p>\n<hr data-start=\"2141\" data-end=\"2144\" \/>\n<h4 data-start=\"2146\" data-end=\"2167\"><span class=\"ez-toc-section\" id=\"Besonderheiten\"><\/span>S\u00e6rlige funktioner<span class=\"ez-toc-section-end\"><\/span><\/h4>\n<p data-start=\"2168\" data-end=\"2380\">Das <strong data-start=\"2172\" data-end=\"2224\">Jaspis-Platten 3.90 Karat Landschaftsjaspis Paar<\/strong> ist ein echter Blickfang. Jede Platte zeigt ein einzigartiges, nat\u00fcrlich gewachsenes Muster, das an W\u00fcstenlandschaften oder Gesteinsformationen erinnert.<\/p>\n<p data-start=\"2382\" data-end=\"2635\">Dank ihrer Form und harmonischen Farbverl\u00e4ufe eignen sich diese Jaspisplatten perfekt f\u00fcr die Anfertigung individueller Schmuckst\u00fccke oder als faszinierendes Sammlerobjekt. Da kein St\u00fcck dem anderen gleicht, ist jedes Paar ein echtes Unikat der Natur.<\/p>\n<hr data-start=\"2070\" data-end=\"2073\" \/>\n<h4 data-start=\"1931\" data-end=\"1971\"><span class=\"ez-toc-section\" id=\"Mehr_uber_unsere_Edelsteine\"><\/span>Mere om vores \u00e6delsten<span class=\"ez-toc-section-end\"><\/span><\/h4>\n<p data-start=\"1972\" data-end=\"2069\"><a href=\"https:\/\/saphirsmaragd.com\/da\/product-category\/edelsteine-kaufen\/\">\u00c6delsten<\/a><\/p>\n<hr data-start=\"2744\" data-end=\"2747\" \/>\n<h4 data-start=\"2665\" data-end=\"2688\"><span class=\"ez-toc-section\" id=\"Weitere_Infos\"><\/span>Yderligere information<span class=\"ez-toc-section-end\"><\/span><\/h4>\n<p data-start=\"2809\" data-end=\"2868\"><a class=\"decorated-link cursor-pointer\" href=\"https:\/\/de.wikipedia.org\/wiki\/Jaspis\" target=\"_new\" rel=\"noopener\" data-start=\"2809\" data-end=\"2866\">Wikipedia: Jaspis<\/a><\/p>","protected":false},"excerpt":{"rendered":"<p data-start=\"525\" data-end=\"736\"><em>Die Jaspis-Platten 3.90 Karat Landschaftsjaspis Paar zeigen beeindruckende Naturmuster und werden als zertifiziertes Duo von Val\u00e9rie DURAFFOURG (Gem-A London) geliefert. Ideal f\u00fcr Sammler oder Schmuckdesigner.<\/em><\/p>\n<h2 data-start=\"523\" data-end=\"548\"><\/h2>","protected":false},"featured_media":4890,"comment_status":"open","ping_status":"closed","template":"","meta":{"_glsr_average":0,"_glsr_ranking":0,"_glsr_reviews":0},"product_brand":[],"product_cat":[305],"product_tag":[],"class_list":{"0":"post-4887","1":"product","2":"type-product","3":"status-publish","4":"has-post-thumbnail","6":"product_cat-seltene-edelsteine","7":"pa_edelsteinart-seltene-edelsteine","8":"pa_farbe-mehrfarbig","9":"pa_form-atypisch","10":"pa_gewicht-karat-3-0-5-0-karat","11":"pa_herkunft-madagaskar","12":"pa_reinheit-undurchsichtig","13":"pa_veredelung-behandlung-unbehandelt","14":"pa_zertifikat-ja","15":"pa_zustand-neu","17":"first","18":"instock","19":"featured","20":"sold-individually","21":"shipping-taxable","22":"purchasable","23":"product-type-simple","24":"add-to-wishlist-before_image"},"jetpack_sharing_enabled":true,"_links":{"self":[{"href":"https:\/\/saphirsmaragd.com\/da\/wp-json\/wp\/v2\/product\/4887","targetHints":{"allow":["GET"]}}],"collection":[{"href":"https:\/\/saphirsmaragd.com\/da\/wp-json\/wp\/v2\/product"}],"about":[{"href":"https:\/\/saphirsmaragd.com\/da\/wp-json\/wp\/v2\/types\/product"}],"replies":[{"embeddable":true,"href":"https:\/\/saphirsmaragd.com\/da\/wp-json\/wp\/v2\/comments?post=4887"}],"version-history":[{"count":1,"href":"https:\/\/saphirsmaragd.com\/da\/wp-json\/wp\/v2\/product\/4887\/revisions"}],"predecessor-version":[{"id":4891,"href":"https:\/\/saphirsmaragd.com\/da\/wp-json\/wp\/v2\/product\/4887\/revisions\/4891"}],"wp:featuredmedia":[{"embeddable":true,"href":"https:\/\/saphirsmaragd.com\/da\/wp-json\/wp\/v2\/media\/4890"}],"wp:attachment":[{"href":"https:\/\/saphirsmaragd.com\/da\/wp-json\/wp\/v2\/media?parent=4887"}],"wp:term":[{"taxonomy":"product_brand","embeddable":true,"href":"https:\/\/saphirsmaragd.com\/da\/wp-json\/wp\/v2\/product_brand?post=4887"},{"taxonomy":"product_cat","embeddable":true,"href":"https:\/\/saphirsmaragd.com\/da\/wp-json\/wp\/v2\/product_cat?post=4887"},{"taxonomy":"product_tag","embeddable":true,"href":"https:\/\/saphirsmaragd.com\/da\/wp-json\/wp\/v2\/product_tag?post=4887"}],"curies":[{"name":"wp","href":"https:\/\/api.w.org\/{rel}","templated":true}]}}