{"id":5375,"date":"2025-11-18T18:41:22","date_gmt":"2025-11-18T18:41:22","guid":{"rendered":"https:\/\/saphirsmaragd.com\/?post_type=product&#038;p=5375"},"modified":"2025-11-18T18:41:23","modified_gmt":"2025-11-18T18:41:23","slug":"rauchquarz-spitze-schutz","status":"publish","type":"product","link":"https:\/\/saphirsmaragd.com\/da\/vare\/rauchquarz-spitze-schutz\/","title":{"rendered":"Rauchquarz Spitze Schutz \u2013 Geschliffener Heilstein 1.522 kg"},"content":{"rendered":"<div id=\"ez-toc-container\" class=\"ez-toc-v2_0_82_2 counter-hierarchy ez-toc-counter ez-toc-grey ez-toc-container-direction\">\n<div class=\"ez-toc-title-container\">\n<p class=\"ez-toc-title\" style=\"cursor:inherit\">Indholdsfortegnelse<\/p>\n<span class=\"ez-toc-title-toggle\"><a href=\"#\" class=\"ez-toc-pull-right ez-toc-btn ez-toc-btn-xs ez-toc-btn-default ez-toc-toggle\" aria-label=\"Toggle Table of Content\"><span class=\"ez-toc-js-icon-con\"><span class=\"\"><span class=\"eztoc-hide\" style=\"display:none;\">Skift<\/span><span class=\"ez-toc-icon-toggle-span\"><svg style=\"fill: #999;color:#999\" xmlns=\"http:\/\/www.w3.org\/2000\/svg\" class=\"list-377408\" width=\"20px\" height=\"20px\" viewbox=\"0 0 24 24\" fill=\"none\"><path d=\"M6 6H4v2h2V6zm14 0H8v2h12V6zM4 11h2v2H4v-2zm16 0H8v2h12v-2zM4 16h2v2H4v-2zm16 0H8v2h12v-2z\" fill=\"currentColor\"><\/path><\/svg><svg style=\"fill: #999;color:#999\" class=\"arrow-unsorted-368013\" xmlns=\"http:\/\/www.w3.org\/2000\/svg\" width=\"10px\" height=\"10px\" viewbox=\"0 0 24 24\" version=\"1.2\" baseprofile=\"tiny\"><path d=\"M18.2 9.3l-6.2-6.3-6.2 6.3c-.2.2-.3.4-.3.7s.1.5.3.7c.2.2.4.3.7.3h11c.3 0 .5-.1.7-.3.2-.2.3-.5.3-.7s-.1-.5-.3-.7zM5.8 14.7l6.2 6.3 6.2-6.3c.2-.2.3-.5.3-.7s-.1-.5-.3-.7c-.2-.2-.4-.3-.7-.3h-11c-.3 0-.5.1-.7.3-.2.2-.3.5-.3.7s.1.5.3.7z\"\/><\/svg><\/span><\/span><\/span><\/a><\/span><\/div>\n<nav><ul class='ez-toc-list ez-toc-list-level-1' ><li class='ez-toc-page-1 ez-toc-heading-level-4'><a class=\"ez-toc-link ez-toc-heading-1\" href=\"https:\/\/saphirsmaragd.com\/da\/vare\/rauchquarz-spitze-schutz\/#Rauchquarz_Spitze_Schutz_%E2%80%93_Geschliffener_Heilstein_1522_kg\" >Rauchquarz Spitze Schutz \u2013 Geschliffener Heilstein 1.522 kg<\/a><\/li><li class='ez-toc-page-1 ez-toc-heading-level-4'><a class=\"ez-toc-link ez-toc-heading-2\" href=\"https:\/\/saphirsmaragd.com\/da\/vare\/rauchquarz-spitze-schutz\/#_Merkmale_Herkunft\" >\u00a0Karakteristika og oprindelse<\/a><\/li><li class='ez-toc-page-1 ez-toc-heading-level-4'><a class=\"ez-toc-link ez-toc-heading-3\" href=\"https:\/\/saphirsmaragd.com\/da\/vare\/rauchquarz-spitze-schutz\/#_Besonderheiten\" >\u00a0S\u00e6rlige funktioner<\/a><\/li><li class='ez-toc-page-1 ez-toc-heading-level-4'><a class=\"ez-toc-link ez-toc-heading-4\" href=\"https:\/\/saphirsmaragd.com\/da\/vare\/rauchquarz-spitze-schutz\/#_Mehr_uber_Rauchquarze_Heilsteine\" >\u00a0Mehr \u00fcber Rauchquarze &amp; Heilsteine<\/a><\/li><li class='ez-toc-page-1 ez-toc-heading-level-4'><a class=\"ez-toc-link ez-toc-heading-5\" href=\"https:\/\/saphirsmaragd.com\/da\/vare\/rauchquarz-spitze-schutz\/#_Weitere_Infos\" >\u00a0Yderligere information<\/a><\/li><\/ul><\/nav><\/div>\n<h4 data-start=\"162\" data-end=\"227\"><span class=\"ez-toc-section\" id=\"Rauchquarz_Spitze_Schutz_%E2%80%93_Geschliffener_Heilstein_1522_kg\"><\/span><strong data-start=\"164\" data-end=\"227\">Rauchquarz Spitze Schutz \u2013 Geschliffener Heilstein 1.522 kg<\/strong><span class=\"ez-toc-section-end\"><\/span><\/h4>\n<p data-start=\"229\" data-end=\"355\">Die Rauchquarz Spitze Schutz ist ein geschliffenes Einzelst\u00fcck aus Brasilien \u2013 Sie erhalten genau das abgebildete Produkt.<\/p>\n<hr data-start=\"357\" data-end=\"360\" \/>\n<h4 data-start=\"362\" data-end=\"387\"><span class=\"ez-toc-section\" id=\"_Merkmale_Herkunft\"><\/span>\u00a0Karakteristika og oprindelse<span class=\"ez-toc-section-end\"><\/span><\/h4>\n<p data-start=\"388\" data-end=\"647\">Farbe: Braun, rauchig<br data-start=\"409\" data-end=\"412\" \/>Form: Spitze, geschliffen<br data-start=\"437\" data-end=\"440\" \/>Oprindelse: Brasilien<br data-start=\"459\" data-end=\"462\" \/>Gewicht: 1.522 kg<br data-start=\"479\" data-end=\"482\" \/>Ma\u00dfe: 22 x 7 x 6 cm<br data-start=\"501\" data-end=\"504\" \/>Reinheit: Nat\u00fcrlich, mit typischen Einschl\u00fcssen<br data-start=\"551\" data-end=\"554\" \/>Behandling: Ubehandlet<br data-start=\"622\" data-end=\"625\" \/>Steinart: Rauchquarz<\/p>\n<hr data-start=\"649\" data-end=\"652\" \/>\n<h4 data-start=\"654\" data-end=\"674\"><span class=\"ez-toc-section\" id=\"_Besonderheiten\"><\/span>\u00a0S\u00e6rlige funktioner<span class=\"ez-toc-section-end\"><\/span><\/h4>\n<p data-start=\"675\" data-end=\"1077\">Die Rauchquarz Spitze Schutz z\u00e4hlt zu den st\u00e4rksten Schutz- und Erdungssteinen. Rauchquarz hilft dabei, Stress, Belastung und negative Emotionen loszulassen und gleichzeitig Ruhe, Klarheit und innere Stabilit\u00e4t zu entwickeln. Die geschliffene Spitze b\u00fcndelt die Energie des Steins und eignet sich hervorragend f\u00fcr Meditation, energetische Arbeit und zur Harmonisierung von Wohn- oder Arbeitsr\u00e4umen.<\/p>\n<p data-start=\"1079\" data-end=\"1498\">Rauchquarz wirkt traditionell stark sch\u00fctzend und entgiftend auf K\u00f6rper, Geist und Seele. Er unterst\u00fctzt beim Loslassen belastender Gedanken, f\u00f6rdert eine pragmatische, geerdete Haltung und eignet sich besonders gut in Zeiten von Stress, Sorgen oder innerer Unruhe. Er wird ebenfalls zur Abschirmung gegen elektromagnetische Strahlung (Computer, Smartphones, Fernseher) sowie andere negative Umwelteinfl\u00fcsse eingesetzt.<\/p>\n<hr data-start=\"1500\" data-end=\"1503\" \/>\n<h4 data-start=\"1505\" data-end=\"1547\"><span class=\"ez-toc-section\" id=\"_Mehr_uber_Rauchquarze_Heilsteine\"><\/span>\u00a0Mehr \u00fcber Rauchquarze &amp; Heilsteine<span class=\"ez-toc-section-end\"><\/span><\/h4>\n<p data-start=\"1548\" data-end=\"1630\"><a href=\"https:\/\/saphirsmaragd.com\/da\/product-category\/heilsteine-kristalle-kaufen\/\">Heilsteine &amp; Kristalle | Rauchquarz &amp; Bergkristall<\/a><br data-start=\"1598\" data-end=\"1601\" \/>\n<\/p>\n<hr data-start=\"1632\" data-end=\"1635\" \/>\n<h4 data-start=\"1637\" data-end=\"1658\"><span class=\"ez-toc-section\" id=\"_Weitere_Infos\"><\/span>\u00a0Yderligere information<span class=\"ez-toc-section-end\"><\/span><\/h4>\n<p data-start=\"1659\" data-end=\"1755\"><a href=\"https:\/\/de.wikipedia.org\/wiki\/Rauchquarz\" target=\"_blank\" rel=\"noopener\">Wikipedia \u2013 Rauchquarz<\/a><br data-start=\"1723\" data-end=\"1726\" \/><\/p>","protected":false},"excerpt":{"rendered":"<p><em>Die Rauchquarz Spitze Schutz ist ein 1.522 kg schweres, geschliffenes Einzelst\u00fcck aus Brasilien. Ein kraftvoller Schutz- und Erdungsstein mit beruhigender, kl\u00e4render Wirkung \u2013 ideal f\u00fcr Meditation, Stressabbau und energetische Harmonisierung.<\/em><\/p>","protected":false},"featured_media":5376,"comment_status":"open","ping_status":"closed","template":"","meta":{"_glsr_average":0,"_glsr_ranking":0,"_glsr_reviews":0},"product_brand":[],"product_cat":[84],"product_tag":[],"class_list":{"0":"post-5375","1":"product","2":"type-product","3":"status-publish","4":"has-post-thumbnail","6":"product_cat-rohsteine-kaufen","8":"first","9":"instock","10":"taxable","11":"shipping-taxable","12":"purchasable","13":"product-type-simple","14":"add-to-wishlist-before_image"},"jetpack_sharing_enabled":true,"_links":{"self":[{"href":"https:\/\/saphirsmaragd.com\/da\/wp-json\/wp\/v2\/product\/5375","targetHints":{"allow":["GET"]}}],"collection":[{"href":"https:\/\/saphirsmaragd.com\/da\/wp-json\/wp\/v2\/product"}],"about":[{"href":"https:\/\/saphirsmaragd.com\/da\/wp-json\/wp\/v2\/types\/product"}],"replies":[{"embeddable":true,"href":"https:\/\/saphirsmaragd.com\/da\/wp-json\/wp\/v2\/comments?post=5375"}],"version-history":[{"count":1,"href":"https:\/\/saphirsmaragd.com\/da\/wp-json\/wp\/v2\/product\/5375\/revisions"}],"predecessor-version":[{"id":5379,"href":"https:\/\/saphirsmaragd.com\/da\/wp-json\/wp\/v2\/product\/5375\/revisions\/5379"}],"wp:featuredmedia":[{"embeddable":true,"href":"https:\/\/saphirsmaragd.com\/da\/wp-json\/wp\/v2\/media\/5376"}],"wp:attachment":[{"href":"https:\/\/saphirsmaragd.com\/da\/wp-json\/wp\/v2\/media?parent=5375"}],"wp:term":[{"taxonomy":"product_brand","embeddable":true,"href":"https:\/\/saphirsmaragd.com\/da\/wp-json\/wp\/v2\/product_brand?post=5375"},{"taxonomy":"product_cat","embeddable":true,"href":"https:\/\/saphirsmaragd.com\/da\/wp-json\/wp\/v2\/product_cat?post=5375"},{"taxonomy":"product_tag","embeddable":true,"href":"https:\/\/saphirsmaragd.com\/da\/wp-json\/wp\/v2\/product_tag?post=5375"}],"curies":[{"name":"wp","href":"https:\/\/api.w.org\/{rel}","templated":true}]}}