{"id":5513,"date":"2025-11-20T21:00:27","date_gmt":"2025-11-20T21:00:27","guid":{"rendered":"https:\/\/saphirsmaragd.com\/?post_type=product&#038;p=5513"},"modified":"2025-11-20T21:00:28","modified_gmt":"2025-11-20T21:00:28","slug":"fluorite-spitze-multicolor-3","status":"publish","type":"product","link":"https:\/\/saphirsmaragd.com\/da\/vare\/fluorite-spitze-multicolor-3\/","title":{"rendered":"Fluorite Spitze Multicolor 19,5 cm \u2013 Polierter Regenbogen-Fluorite Obelisk 709 g"},"content":{"rendered":"<div id=\"ez-toc-container\" class=\"ez-toc-v2_0_82_2 counter-hierarchy ez-toc-counter ez-toc-grey ez-toc-container-direction\">\n<div class=\"ez-toc-title-container\">\n<p class=\"ez-toc-title\" style=\"cursor:inherit\">Indholdsfortegnelse<\/p>\n<span class=\"ez-toc-title-toggle\"><a href=\"#\" class=\"ez-toc-pull-right ez-toc-btn ez-toc-btn-xs ez-toc-btn-default ez-toc-toggle\" aria-label=\"Toggle Table of Content\"><span class=\"ez-toc-js-icon-con\"><span class=\"\"><span class=\"eztoc-hide\" style=\"display:none;\">Skift<\/span><span class=\"ez-toc-icon-toggle-span\"><svg style=\"fill: #999;color:#999\" xmlns=\"http:\/\/www.w3.org\/2000\/svg\" class=\"list-377408\" width=\"20px\" height=\"20px\" viewbox=\"0 0 24 24\" fill=\"none\"><path d=\"M6 6H4v2h2V6zm14 0H8v2h12V6zM4 11h2v2H4v-2zm16 0H8v2h12v-2zM4 16h2v2H4v-2zm16 0H8v2h12v-2z\" fill=\"currentColor\"><\/path><\/svg><svg style=\"fill: #999;color:#999\" class=\"arrow-unsorted-368013\" xmlns=\"http:\/\/www.w3.org\/2000\/svg\" width=\"10px\" height=\"10px\" viewbox=\"0 0 24 24\" version=\"1.2\" baseprofile=\"tiny\"><path d=\"M18.2 9.3l-6.2-6.3-6.2 6.3c-.2.2-.3.4-.3.7s.1.5.3.7c.2.2.4.3.7.3h11c.3 0 .5-.1.7-.3.2-.2.3-.5.3-.7s-.1-.5-.3-.7zM5.8 14.7l6.2 6.3 6.2-6.3c.2-.2.3-.5.3-.7s-.1-.5-.3-.7c-.2-.2-.4-.3-.7-.3h-11c-.3 0-.5.1-.7.3-.2.2-.3.5-.3.7s.1.5.3.7z\"\/><\/svg><\/span><\/span><\/span><\/a><\/span><\/div>\n<nav><ul class='ez-toc-list ez-toc-list-level-1' ><li class='ez-toc-page-1 ez-toc-heading-level-4'><a class=\"ez-toc-link ez-toc-heading-1\" href=\"https:\/\/saphirsmaragd.com\/da\/vare\/fluorite-spitze-multicolor-3\/#Fluorite_Spitze_Multicolor_195_cm_%E2%80%93_Polierter_Regenbogen-Fluorite_Obelisk_709_g\" >Fluorite Spitze Multicolor 19,5 cm \u2013 Polierter Regenbogen-Fluorite Obelisk 709 g<\/a><\/li><li class='ez-toc-page-1 ez-toc-heading-level-4'><a class=\"ez-toc-link ez-toc-heading-2\" href=\"https:\/\/saphirsmaragd.com\/da\/vare\/fluorite-spitze-multicolor-3\/#Weitere_Infos_wikipedia_Fluorit\" >Weitere Infos:\nwikipedia:Fluorit<\/a><\/li><\/ul><\/nav><\/div>\n<h4 dir=\"auto\"><span class=\"ez-toc-section\" id=\"Fluorite_Spitze_Multicolor_195_cm_%E2%80%93_Polierter_Regenbogen-Fluorite_Obelisk_709_g\"><\/span>Fluorite Spitze Multicolor 19,5 cm \u2013 Polierter Regenbogen-Fluorite Obelisk 709 g<span class=\"ez-toc-section-end\"><\/span><\/h4>\n<p dir=\"auto\">Diese elegante Fluorite Spitze Multicolor 19,5 cm ist ein nat\u00fcrlich gewachsener und fein polierter Regenbogen-Fluorit-Obelisk mit intensiver Farbvielfalt und starker energetischer Pr\u00e4senz.<\/p>\n<hr data-start=\"871\" data-end=\"874\" \/>\n<p dir=\"auto\"><strong>Karakteristika og oprindelse<\/strong><\/p>\n<p>Farbe: Multicolor (Regenbogen \u2013 Gr\u00fcn, Violett, Blau, Klar)<br \/>\nForm: Spitze \/ Obelisk, poliert<br \/>\nHerkunft: China<br \/>\nGewicht: 709 Gramm<br \/>\nMa\u00dfe: 19,5 \u00d7 5 \u00d7 4 cm<br \/>\nReinheit: Nat\u00fcrliche Einschl\u00fcsse und kleine Pits vorhanden (typisch f\u00fcr echten Fluorit)<br \/>\nBehandlung: Keine \u2013 100 % nat\u00fcrlich<br \/>\nSteinart: Fluorit (Regenbogen-Fluorit)<\/p>\n<hr data-start=\"871\" data-end=\"874\" \/>\n<p dir=\"auto\"><strong>S\u00e6rlige funktioner<\/p>\n<p><\/strong> Diese Fluorite Spitze Multicolor 19,5 cm begeistert durch ihre lebendigen Farbschichten und die harmonische Form. Die polierte Oberfl\u00e4che l\u00e4sst die inneren Regenbogenfarben strahlen, w\u00e4hrend nat\u00fcrliche Pits und Unebenheiten die Authentizit\u00e4t dieses Heilsteins betonen. Mit 709 Gramm und kompakter Gr\u00f6\u00dfe eignet sich dieser Obelisk hervorragend f\u00fcr Schreibtisch, Altar oder Meditationsplatz.<\/p>\n<p dir=\"auto\">Regenbogen-Fluorit vereint alle Farbenergien in einem Stein: Er sch\u00fctzt vor Elektrosmog und negativen Einfl\u00fcssen, reinigt die Aura, gleicht die Chakren aus und f\u00f6rdert geistige Klarheit, Konzentration sowie Lernf\u00e4higkeit \u2013 ideal bei Stress, Pr\u00fcfungen und Meditation.<\/p>\n<hr data-start=\"871\" data-end=\"874\" \/>\n<p dir=\"auto\"><strong>Mehr \u00fcber Fluorite &amp; Heilsteine<\/strong><\/p>\n<p>Fluorit ist einer der wirksamsten Schutz- und Ordnungsteine. Er neutralisiert Strahlung und negative Energien, l\u00f6st belastende Verbindungen und schafft mentale Klarheit. Multicolor-Fluorit st\u00e4rkt zus\u00e4tzlich Selbstvertrauen, emotionale Flexibilit\u00e4t und das Gef\u00fchl von Sicherheit. <a href=\"https:\/\/saphirsmaragd.com\/da\/product-category\/heilsteine-kristalle-kaufen\/\">Helbredende sten og krystaller<\/a> | Saphir &amp; Smaragd<\/p>\n<hr data-start=\"871\" data-end=\"874\" \/>\n<h4 dir=\"auto\"><span class=\"ez-toc-section\" id=\"Weitere_Infos_wikipedia_Fluorit\"><\/span><strong>Weitere Infos:<\/strong><\/p>\n<p><a href=\"https:\/\/de.wikipedia.org\/wiki\/Fluorit\" target=\"_blank\" rel=\"noopener noreferrer nofollow\">wikipedia:Fluorit<\/a><span class=\"ez-toc-section-end\"><\/span><\/h4>\n<hr data-start=\"871\" data-end=\"874\" \/>\n<p dir=\"auto\"><strong>Pflegehinweis<\/p>\n<p><\/strong> Fluorite nicht l\u00e4ngerem direktem Sonnenlicht aussetzen (Farben k\u00f6nnen verblassen) und nur vorsichtig mit wenig Wasser reinigen.<\/p>\n<p data-start=\"769\" data-end=\"869\">\n<h1 data-start=\"876\" data-end=\"956\"><\/h1>","protected":false},"excerpt":{"rendered":"<p dir=\"auto\"><em>Entdecken Sie diese wundersch\u00f6ne Fluorite Spitze Multicolor 19,5 cm \u2013 ein handpolierter Regenbogen-Fluorit-Obelisk mit 709 g. Nat\u00fcrliche Pits und Einschl\u00fcsse unterstreichen die Echtheit dieses kraftvollen Schutz- und Konzentrationssteins.<\/em><\/p>","protected":false},"featured_media":5514,"comment_status":"open","ping_status":"closed","template":"","meta":{"_glsr_average":0,"_glsr_ranking":0,"_glsr_reviews":0},"product_brand":[],"product_cat":[84],"product_tag":[],"class_list":{"0":"post-5513","1":"product","2":"type-product","3":"status-publish","4":"has-post-thumbnail","6":"product_cat-rohsteine-kaufen","8":"first","9":"instock","10":"taxable","11":"shipping-taxable","12":"purchasable","13":"product-type-simple","14":"add-to-wishlist-before_image"},"jetpack_sharing_enabled":true,"_links":{"self":[{"href":"https:\/\/saphirsmaragd.com\/da\/wp-json\/wp\/v2\/product\/5513","targetHints":{"allow":["GET"]}}],"collection":[{"href":"https:\/\/saphirsmaragd.com\/da\/wp-json\/wp\/v2\/product"}],"about":[{"href":"https:\/\/saphirsmaragd.com\/da\/wp-json\/wp\/v2\/types\/product"}],"replies":[{"embeddable":true,"href":"https:\/\/saphirsmaragd.com\/da\/wp-json\/wp\/v2\/comments?post=5513"}],"version-history":[{"count":1,"href":"https:\/\/saphirsmaragd.com\/da\/wp-json\/wp\/v2\/product\/5513\/revisions"}],"predecessor-version":[{"id":5517,"href":"https:\/\/saphirsmaragd.com\/da\/wp-json\/wp\/v2\/product\/5513\/revisions\/5517"}],"wp:featuredmedia":[{"embeddable":true,"href":"https:\/\/saphirsmaragd.com\/da\/wp-json\/wp\/v2\/media\/5514"}],"wp:attachment":[{"href":"https:\/\/saphirsmaragd.com\/da\/wp-json\/wp\/v2\/media?parent=5513"}],"wp:term":[{"taxonomy":"product_brand","embeddable":true,"href":"https:\/\/saphirsmaragd.com\/da\/wp-json\/wp\/v2\/product_brand?post=5513"},{"taxonomy":"product_cat","embeddable":true,"href":"https:\/\/saphirsmaragd.com\/da\/wp-json\/wp\/v2\/product_cat?post=5513"},{"taxonomy":"product_tag","embeddable":true,"href":"https:\/\/saphirsmaragd.com\/da\/wp-json\/wp\/v2\/product_tag?post=5513"}],"curies":[{"name":"wp","href":"https:\/\/api.w.org\/{rel}","templated":true}]}}