{"id":5645,"date":"2025-11-23T21:23:01","date_gmt":"2025-11-23T21:23:01","guid":{"rendered":"https:\/\/saphirsmaragd.com\/?post_type=product&#038;p=5645"},"modified":"2025-12-05T10:28:36","modified_gmt":"2025-12-05T10:28:36","slug":"obelisk-achat-lace-poliert-919g","status":"publish","type":"product","link":"https:\/\/saphirsmaragd.com\/da\/vare\/obelisk-achat-lace-poliert-919g\/","title":{"rendered":"Obelisk Achat Lace Poliert \u2013 919 g \u2013 Naturstein &#038; Unikat"},"content":{"rendered":"<div id=\"ez-toc-container\" class=\"ez-toc-v2_0_82_2 counter-hierarchy ez-toc-counter ez-toc-grey ez-toc-container-direction\">\n<div class=\"ez-toc-title-container\">\n<p class=\"ez-toc-title\" style=\"cursor:inherit\">Indholdsfortegnelse<\/p>\n<span class=\"ez-toc-title-toggle\"><a href=\"#\" class=\"ez-toc-pull-right ez-toc-btn ez-toc-btn-xs ez-toc-btn-default ez-toc-toggle\" aria-label=\"Toggle Table of Content\"><span class=\"ez-toc-js-icon-con\"><span class=\"\"><span class=\"eztoc-hide\" style=\"display:none;\">Skift<\/span><span class=\"ez-toc-icon-toggle-span\"><svg style=\"fill: #999;color:#999\" xmlns=\"http:\/\/www.w3.org\/2000\/svg\" class=\"list-377408\" width=\"20px\" height=\"20px\" viewbox=\"0 0 24 24\" fill=\"none\"><path d=\"M6 6H4v2h2V6zm14 0H8v2h12V6zM4 11h2v2H4v-2zm16 0H8v2h12v-2zM4 16h2v2H4v-2zm16 0H8v2h12v-2z\" fill=\"currentColor\"><\/path><\/svg><svg style=\"fill: #999;color:#999\" class=\"arrow-unsorted-368013\" xmlns=\"http:\/\/www.w3.org\/2000\/svg\" width=\"10px\" height=\"10px\" viewbox=\"0 0 24 24\" version=\"1.2\" baseprofile=\"tiny\"><path d=\"M18.2 9.3l-6.2-6.3-6.2 6.3c-.2.2-.3.4-.3.7s.1.5.3.7c.2.2.4.3.7.3h11c.3 0 .5-.1.7-.3.2-.2.3-.5.3-.7s-.1-.5-.3-.7zM5.8 14.7l6.2 6.3 6.2-6.3c.2-.2.3-.5.3-.7s-.1-.5-.3-.7c-.2-.2-.4-.3-.7-.3h-11c-.3 0-.5.1-.7.3-.2.2-.3.5-.3.7s.1.5.3.7z\"\/><\/svg><\/span><\/span><\/span><\/a><\/span><\/div>\n<nav><ul class='ez-toc-list ez-toc-list-level-1' ><li class='ez-toc-page-1 ez-toc-heading-level-4'><a class=\"ez-toc-link ez-toc-heading-1\" href=\"https:\/\/saphirsmaragd.com\/da\/vare\/obelisk-achat-lace-poliert-919g\/#Obelisk_Achat_Lace_Poliert_%E2%80%93_919_g_%E2%80%93_Naturstein_Unikat\" >Obelisk Achat Lace Poliert \u2013 919 g \u2013 Naturstein &amp; Unikat<\/a><\/li><li class='ez-toc-page-1 ez-toc-heading-level-4'><a class=\"ez-toc-link ez-toc-heading-2\" href=\"https:\/\/saphirsmaragd.com\/da\/vare\/obelisk-achat-lace-poliert-919g\/#Merkmale_Herkunft\" >Karakteristika og oprindelse<\/a><\/li><li class='ez-toc-page-1 ez-toc-heading-level-4'><a class=\"ez-toc-link ez-toc-heading-3\" href=\"https:\/\/saphirsmaragd.com\/da\/vare\/obelisk-achat-lace-poliert-919g\/#Besonderheiten\" >S\u00e6rlige funktioner\u00a0<\/a><\/li><li class='ez-toc-page-1 ez-toc-heading-level-4'><a class=\"ez-toc-link ez-toc-heading-4\" href=\"https:\/\/saphirsmaragd.com\/da\/vare\/obelisk-achat-lace-poliert-919g\/#Mehr_uber_Achate_Heilsteine\" >Mehr \u00fcber Achate &amp; Heilsteine<\/a><\/li><\/ul><\/nav><\/div>\n<h4 data-start=\"766\" data-end=\"826\"><span class=\"ez-toc-section\" id=\"Obelisk_Achat_Lace_Poliert_%E2%80%93_919_g_%E2%80%93_Naturstein_Unikat\"><\/span><strong data-start=\"766\" data-end=\"826\">Obelisk Achat Lace Poliert \u2013 919 g \u2013 Naturstein &amp; Unikat<\/strong><span class=\"ez-toc-section-end\"><\/span><\/h4>\n<p data-start=\"828\" data-end=\"1078\">Dieser Obelisk aus Lace Achat aus Mexiko ist ein kraftvoller Heilstein f\u00fcr Erdung, Stabilit\u00e4t, Schutz und emotionale Balance.<br data-start=\"953\" data-end=\"956\" \/>Das St\u00fcck zeigt nat\u00fcrliche Vertiefungen und Imperfektionen, die seine Echtheit und Qualit\u00e4t als Naturstein unterstreichen.<\/p>\n<hr data-start=\"1080\" data-end=\"1083\" \/>\n<h4 data-start=\"1085\" data-end=\"1114\"><span class=\"ez-toc-section\" id=\"Merkmale_Herkunft\"><\/span><strong data-start=\"1091\" data-end=\"1114\">Karakteristika og oprindelse<\/strong><span class=\"ez-toc-section-end\"><\/span><\/h4>\n<p data-start=\"1116\" data-end=\"1377\">Farbe: Rosa\/Wei\u00df<br data-start=\"1136\" data-end=\"1139\" \/>Form: Obelisk (poliert)<br data-start=\"1166\" data-end=\"1169\" \/>Oprindelse: Mexico<br data-start=\"1189\" data-end=\"1192\" \/>Gewicht: 919 g<br data-start=\"1210\" data-end=\"1213\" \/>Ma\u00dfe: 21.5 \u00d7 6.5 \u00d7 3 cm<br data-start=\"1240\" data-end=\"1243\" \/>Renhed: Naturlig<br data-start=\"1266\" data-end=\"1269\" \/>Behandlung: Poliert<br data-start=\"1334\" data-end=\"1337\" \/>Steinart: Achat (Lace \/ rosa-wei\u00df)<\/p>\n<hr data-start=\"1379\" data-end=\"1382\" \/>\n<h4 data-start=\"1384\" data-end=\"1418\"><span class=\"ez-toc-section\" id=\"Besonderheiten\"><\/span><strong data-start=\"1390\" data-end=\"1418\">S\u00e6rlige funktioner\u00a0<\/strong><span class=\"ez-toc-section-end\"><\/span><\/h4>\n<p data-start=\"1420\" data-end=\"1990\">Lace Achat wirkt beruhigend, stabilisierend und sch\u00fctzend. Er f\u00f6rdert Erdung, emotionale Balance, Optimismus und Selbstvertrauen. Der Stein unterst\u00fctzt Flexibilit\u00e4t, Klarheit und systematisches Denken, w\u00e4hrend er negative Energie absorbiert und pers\u00f6nliche Entwicklung stimuliert.<br data-start=\"1700\" data-end=\"1703\" \/>Seine sanfte Energie ist besonders f\u00fcr sensible Menschen, Kinder und Frauen in der Schwangerschaft geeignet. Physisch wirkt er positiv auf Herz, Kreislauf, Stoffwechsel, Verdauung und das Nervensystem. Ideal f\u00fcr Meditation, Praxisr\u00e4ume oder zur energetischen Harmonisierung eines Raumes.<\/p>\n<hr data-start=\"1992\" data-end=\"1995\" \/>\n<h4 data-start=\"1997\" data-end=\"2036\"><span class=\"ez-toc-section\" id=\"Mehr_uber_Achate_Heilsteine\"><\/span><strong data-start=\"2003\" data-end=\"2036\">Mehr \u00fcber Achate &amp; Heilsteine<\/strong><span class=\"ez-toc-section-end\"><\/span><\/h4>\n<p data-start=\"2038\" data-end=\"2071\"><a href=\"https:\/\/saphirsmaragd.com\/da\/product-category\/heilsteine-kristalle-kaufen\/\">Helbredende sten og krystaller<\/a> | Achate<\/p>\n<hr data-start=\"1992\" data-end=\"1995\" \/>\n<p data-start=\"2073\" data-end=\"2135\"><strong data-start=\"2073\" data-end=\"2087\">Wikipedia:<\/strong><br data-start=\"2087\" data-end=\"2090\" \/>Achat \u2192 <a class=\"decorated-link\" href=\"https:\/\/de.wikipedia.org\/wiki\/Achat\" target=\"_new\" rel=\"noopener\" data-start=\"2098\" data-end=\"2133\">wikipedia:Achat<\/a><\/p>","protected":false},"excerpt":{"rendered":"<p><em>Der Obelisk Achat Lace Poliert mit 919 g ist ein beruhigender, stabilisierender und sch\u00fctzender Heilstein. Unterst\u00fctzt Erdung, emotionale Balance, Optimismus und pers\u00f6nliche Entwicklung. Ein poliertes Unikat aus Mexiko \u2013 ideal f\u00fcr Meditation oder Praxisr\u00e4ume.<\/em><\/p>","protected":false},"featured_media":5646,"comment_status":"open","ping_status":"closed","template":"","meta":{"_glsr_average":0,"_glsr_ranking":0,"_glsr_reviews":0},"product_brand":[],"product_cat":[84],"product_tag":[],"class_list":{"0":"post-5645","1":"product","2":"type-product","3":"status-publish","4":"has-post-thumbnail","6":"product_cat-rohsteine-kaufen","8":"first","9":"instock","10":"taxable","11":"shipping-taxable","12":"purchasable","13":"product-type-simple","14":"add-to-wishlist-before_image"},"jetpack_sharing_enabled":true,"_links":{"self":[{"href":"https:\/\/saphirsmaragd.com\/da\/wp-json\/wp\/v2\/product\/5645","targetHints":{"allow":["GET"]}}],"collection":[{"href":"https:\/\/saphirsmaragd.com\/da\/wp-json\/wp\/v2\/product"}],"about":[{"href":"https:\/\/saphirsmaragd.com\/da\/wp-json\/wp\/v2\/types\/product"}],"replies":[{"embeddable":true,"href":"https:\/\/saphirsmaragd.com\/da\/wp-json\/wp\/v2\/comments?post=5645"}],"version-history":[{"count":1,"href":"https:\/\/saphirsmaragd.com\/da\/wp-json\/wp\/v2\/product\/5645\/revisions"}],"predecessor-version":[{"id":5649,"href":"https:\/\/saphirsmaragd.com\/da\/wp-json\/wp\/v2\/product\/5645\/revisions\/5649"}],"wp:featuredmedia":[{"embeddable":true,"href":"https:\/\/saphirsmaragd.com\/da\/wp-json\/wp\/v2\/media\/5646"}],"wp:attachment":[{"href":"https:\/\/saphirsmaragd.com\/da\/wp-json\/wp\/v2\/media?parent=5645"}],"wp:term":[{"taxonomy":"product_brand","embeddable":true,"href":"https:\/\/saphirsmaragd.com\/da\/wp-json\/wp\/v2\/product_brand?post=5645"},{"taxonomy":"product_cat","embeddable":true,"href":"https:\/\/saphirsmaragd.com\/da\/wp-json\/wp\/v2\/product_cat?post=5645"},{"taxonomy":"product_tag","embeddable":true,"href":"https:\/\/saphirsmaragd.com\/da\/wp-json\/wp\/v2\/product_tag?post=5645"}],"curies":[{"name":"wp","href":"https:\/\/api.w.org\/{rel}","templated":true}]}}