{"id":6035,"date":"2025-11-29T23:42:01","date_gmt":"2025-11-29T23:42:01","guid":{"rendered":"https:\/\/saphirsmaragd.com\/?post_type=product&#038;p=6035"},"modified":"2025-12-05T10:33:07","modified_gmt":"2025-12-05T10:33:07","slug":"anhaenger-mit-pyrit-rund-rohstein","status":"publish","type":"product","link":"https:\/\/saphirsmaragd.com\/da\/vare\/anhaenger-mit-pyrit-rund-rohstein\/","title":{"rendered":"Anh\u00e4nger mit Pyrit Rund Rohstein Silber \u2013 Sterlingsilber 925"},"content":{"rendered":"<div id=\"ez-toc-container\" class=\"ez-toc-v2_0_82_2 counter-hierarchy ez-toc-counter ez-toc-grey ez-toc-container-direction\">\n<div class=\"ez-toc-title-container\">\n<p class=\"ez-toc-title\" style=\"cursor:inherit\">Indholdsfortegnelse<\/p>\n<span class=\"ez-toc-title-toggle\"><a href=\"#\" class=\"ez-toc-pull-right ez-toc-btn ez-toc-btn-xs ez-toc-btn-default ez-toc-toggle\" aria-label=\"Toggle Table of Content\"><span class=\"ez-toc-js-icon-con\"><span class=\"\"><span class=\"eztoc-hide\" style=\"display:none;\">Skift<\/span><span class=\"ez-toc-icon-toggle-span\"><svg style=\"fill: #999;color:#999\" xmlns=\"http:\/\/www.w3.org\/2000\/svg\" class=\"list-377408\" width=\"20px\" height=\"20px\" viewbox=\"0 0 24 24\" fill=\"none\"><path d=\"M6 6H4v2h2V6zm14 0H8v2h12V6zM4 11h2v2H4v-2zm16 0H8v2h12v-2zM4 16h2v2H4v-2zm16 0H8v2h12v-2z\" fill=\"currentColor\"><\/path><\/svg><svg style=\"fill: #999;color:#999\" class=\"arrow-unsorted-368013\" xmlns=\"http:\/\/www.w3.org\/2000\/svg\" width=\"10px\" height=\"10px\" viewbox=\"0 0 24 24\" version=\"1.2\" baseprofile=\"tiny\"><path d=\"M18.2 9.3l-6.2-6.3-6.2 6.3c-.2.2-.3.4-.3.7s.1.5.3.7c.2.2.4.3.7.3h11c.3 0 .5-.1.7-.3.2-.2.3-.5.3-.7s-.1-.5-.3-.7zM5.8 14.7l6.2 6.3 6.2-6.3c.2-.2.3-.5.3-.7s-.1-.5-.3-.7c-.2-.2-.4-.3-.7-.3h-11c-.3 0-.5.1-.7.3-.2.2-.3.5-.3.7s.1.5.3.7z\"\/><\/svg><\/span><\/span><\/span><\/a><\/span><\/div>\n<nav><ul class='ez-toc-list ez-toc-list-level-1' ><li class='ez-toc-page-1 ez-toc-heading-level-4'><a class=\"ez-toc-link ez-toc-heading-1\" href=\"https:\/\/saphirsmaragd.com\/da\/vare\/anhaenger-mit-pyrit-rund-rohstein\/#Anhanger_mit_Pyrit_Rund_Rohstein_Silber\" >Anh\u00e4nger mit Pyrit Rund Rohstein Silber<\/a><\/li><li class='ez-toc-page-1 ez-toc-heading-level-4'><a class=\"ez-toc-link ez-toc-heading-2\" href=\"https:\/\/saphirsmaragd.com\/da\/vare\/anhaenger-mit-pyrit-rund-rohstein\/#Merkmale_Herkunft\" >Karakteristika og oprindelse<\/a><\/li><li class='ez-toc-page-1 ez-toc-heading-level-4'><a class=\"ez-toc-link ez-toc-heading-3\" href=\"https:\/\/saphirsmaragd.com\/da\/vare\/anhaenger-mit-pyrit-rund-rohstein\/#Besonderheiten\" >S\u00e6rlige funktioner\u00a0<\/a><\/li><li class='ez-toc-page-1 ez-toc-heading-level-4'><a class=\"ez-toc-link ez-toc-heading-4\" href=\"https:\/\/saphirsmaragd.com\/da\/vare\/anhaenger-mit-pyrit-rund-rohstein\/#Mehr_uber_Pyrit_Heilsteine\" >Mere om pyrit og helbredende sten<\/a><\/li><\/ul><\/nav><\/div>\n<h4 data-start=\"895\" data-end=\"941\"><span class=\"ez-toc-section\" id=\"Anhanger_mit_Pyrit_Rund_Rohstein_Silber\"><\/span><strong data-start=\"898\" data-end=\"941\">Anh\u00e4nger mit Pyrit Rund Rohstein Silber<\/strong><span class=\"ez-toc-section-end\"><\/span><\/h4>\n<p data-start=\"943\" data-end=\"1219\">Der Anh\u00e4nger mit Pyrit Rund Rohstein Silber ist ein liebevoll gefertigtes Unikat aus Sterlingsilber (925). Der kraftvolle Pyrit unterst\u00fctzt Willenskraft, Selbstvertrauen, innere St\u00e4rke und Fokus \u2013 ideal f\u00fcr alle, die Entschlossenheit, Energie und Klarheit im Alltag ben\u00f6tigen.<\/p>\n<hr data-start=\"1221\" data-end=\"1224\" \/>\n<h4 data-start=\"1226\" data-end=\"1255\"><span class=\"ez-toc-section\" id=\"Merkmale_Herkunft\"><\/span><strong data-start=\"1232\" data-end=\"1255\">Karakteristika og oprindelse<\/strong><span class=\"ez-toc-section-end\"><\/span><\/h4>\n<p data-start=\"1257\" data-end=\"1631\">Farve: Guld\/metallic<br data-start=\"1285\" data-end=\"1288\" \/>Form: Rund \/ Rohstein<br data-start=\"1376\" data-end=\"1379\" \/>Ma\u00dfe: 1.7 cm Durchmesser<br data-start=\"1407\" data-end=\"1410\" \/>Renhed: Naturlig<br data-start=\"1509\" data-end=\"1512\" \/>Type sten: Pyrit<br data-start=\"1531\" data-end=\"1534\" \/>Materiale: Sterlings\u00f8lv (925)<br data-start=\"1568\" data-end=\"1571\" \/>Smykketype: Vedh\u00e6ng<br data-start=\"1595\" data-end=\"1598\" \/>L\u00e4nge: ca. 2.7 cm (inkl. \u00d6se)<\/p>\n<hr data-start=\"1633\" data-end=\"1636\" \/>\n<h4 data-start=\"1638\" data-end=\"1706\"><span class=\"ez-toc-section\" id=\"Besonderheiten\"><\/span><strong data-start=\"1644\" data-end=\"1706\">S\u00e6rlige funktioner\u00a0<\/strong><span class=\"ez-toc-section-end\"><\/span><\/h4>\n<p data-start=\"1708\" data-end=\"1994\">Pyrit ist ein kraftvoller, energetischer Stein, der Willenskraft, Selbstvertrauen und Selbstwertgef\u00fchl st\u00e4rkt. Sein metallischer Glanz symbolisiert innere St\u00e4rke und Ausdauer. Er ist ideal f\u00fcr Menschen, die mehr Entschlossenheit, Fokus und Energie ben\u00f6tigen, um ihre Ziele zu erreichen.<\/p>\n<p data-start=\"1996\" data-end=\"2290\">Stenen fremmer selvindsigt ved at afd\u00e6kke undertrykte eller fortr\u00e6ngte minder. Det giver en dybere forst\u00e5else af tilbagevendende m\u00f8nstre, stressede situationer eller fysiske klager og st\u00f8tter det personlige ansvar for v\u00e6kst og helbredelse.<\/p>\n<p data-start=\"2292\" data-end=\"2540\">Emotionale Wirkung: Pyrit wirkt beruhigend bei Frustration, Sorgen und Stress. Er hilft, negative Gedanken zu relativieren, f\u00f6rdert innere Ruhe und Klarheit und erm\u00f6glicht selbstbewusstes, fokussiertes Handeln, auch in herausfordernden Situationen.<\/p>\n<hr data-start=\"2542\" data-end=\"2545\" \/>\n<h4 data-start=\"2547\" data-end=\"2585\"><span class=\"ez-toc-section\" id=\"Mehr_uber_Pyrit_Heilsteine\"><\/span><strong data-start=\"2553\" data-end=\"2585\">Mere om pyrit og helbredende sten<\/strong><span class=\"ez-toc-section-end\"><\/span><\/h4>\n<p data-start=\"2587\" data-end=\"2621\"><a href=\"https:\/\/saphirsmaragd.com\/da\/product-category\/heilsteine-kristalle-kaufen\/\">Helbredende sten og krystaller<\/a> | Pyrit<strong data-start=\"2587\" data-end=\"2621\"><br \/>\n<\/strong><\/p>\n<hr data-start=\"2542\" data-end=\"2545\" \/>\n<p data-start=\"2623\" data-end=\"2692\"><strong data-start=\"2626\" data-end=\"2643\">Yderligere information<\/strong><br data-start=\"2643\" data-end=\"2646\" \/>Wikipedia:<a class=\"decorated-link\" href=\"https:\/\/de.wikipedia.org\/wiki\/Pyrit\" target=\"_new\" rel=\"noopener\" data-start=\"2657\" data-end=\"2692\">Pyrit<\/a><\/p>","protected":false},"excerpt":{"rendered":"<p><em>Der Anh\u00e4nger mit Pyrit Rund Rohstein Silber (1.7 cm) ist ein einzigartiges Unikat aus 925 Sterling Silber. Pyrit st\u00e4rkt Willenskraft, Selbstvertrauen, Fokus und innere Klarheit.<\/em><\/p>","protected":false},"featured_media":6036,"comment_status":"open","ping_status":"closed","template":"","meta":{"_glsr_average":0,"_glsr_ranking":0,"_glsr_reviews":0},"product_brand":[],"product_cat":[87],"product_tag":[],"class_list":{"0":"post-6035","1":"product","2":"type-product","3":"status-publish","4":"has-post-thumbnail","6":"product_cat-edelstein-anhaenger","8":"first","9":"instock","10":"shipping-taxable","11":"purchasable","12":"product-type-simple","13":"add-to-wishlist-before_image"},"jetpack_sharing_enabled":true,"_links":{"self":[{"href":"https:\/\/saphirsmaragd.com\/da\/wp-json\/wp\/v2\/product\/6035","targetHints":{"allow":["GET"]}}],"collection":[{"href":"https:\/\/saphirsmaragd.com\/da\/wp-json\/wp\/v2\/product"}],"about":[{"href":"https:\/\/saphirsmaragd.com\/da\/wp-json\/wp\/v2\/types\/product"}],"replies":[{"embeddable":true,"href":"https:\/\/saphirsmaragd.com\/da\/wp-json\/wp\/v2\/comments?post=6035"}],"version-history":[{"count":1,"href":"https:\/\/saphirsmaragd.com\/da\/wp-json\/wp\/v2\/product\/6035\/revisions"}],"predecessor-version":[{"id":6038,"href":"https:\/\/saphirsmaragd.com\/da\/wp-json\/wp\/v2\/product\/6035\/revisions\/6038"}],"wp:featuredmedia":[{"embeddable":true,"href":"https:\/\/saphirsmaragd.com\/da\/wp-json\/wp\/v2\/media\/6036"}],"wp:attachment":[{"href":"https:\/\/saphirsmaragd.com\/da\/wp-json\/wp\/v2\/media?parent=6035"}],"wp:term":[{"taxonomy":"product_brand","embeddable":true,"href":"https:\/\/saphirsmaragd.com\/da\/wp-json\/wp\/v2\/product_brand?post=6035"},{"taxonomy":"product_cat","embeddable":true,"href":"https:\/\/saphirsmaragd.com\/da\/wp-json\/wp\/v2\/product_cat?post=6035"},{"taxonomy":"product_tag","embeddable":true,"href":"https:\/\/saphirsmaragd.com\/da\/wp-json\/wp\/v2\/product_tag?post=6035"}],"curies":[{"name":"wp","href":"https:\/\/api.w.org\/{rel}","templated":true}]}}