{"id":6520,"date":"2025-12-20T16:05:22","date_gmt":"2025-12-20T16:05:22","guid":{"rendered":"https:\/\/saphirsmaragd.com\/?post_type=product&#038;p=6520"},"modified":"2025-12-29T18:47:27","modified_gmt":"2025-12-29T18:47:27","slug":"spessartin-granat-7-45-karat-kissen-orange","status":"publish","type":"product","link":"https:\/\/saphirsmaragd.com\/da\/vare\/spessartin-granat-7-45-karat-kissen-orange\/","title":{"rendered":"Spessartin-Granat 7.45 Karat Kissen Orange \u2013 Nat\u00fcrlicher Edelstein aus Nigeria"},"content":{"rendered":"<div id=\"ez-toc-container\" class=\"ez-toc-v2_0_82_2 counter-hierarchy ez-toc-counter ez-toc-grey ez-toc-container-direction\">\n<div class=\"ez-toc-title-container\">\n<p class=\"ez-toc-title\" style=\"cursor:inherit\">Indholdsfortegnelse<\/p>\n<span class=\"ez-toc-title-toggle\"><a href=\"#\" class=\"ez-toc-pull-right ez-toc-btn ez-toc-btn-xs ez-toc-btn-default ez-toc-toggle\" aria-label=\"Toggle Table of Content\"><span class=\"ez-toc-js-icon-con\"><span class=\"\"><span class=\"eztoc-hide\" style=\"display:none;\">Skift<\/span><span class=\"ez-toc-icon-toggle-span\"><svg style=\"fill: #999;color:#999\" xmlns=\"http:\/\/www.w3.org\/2000\/svg\" class=\"list-377408\" width=\"20px\" height=\"20px\" viewbox=\"0 0 24 24\" fill=\"none\"><path d=\"M6 6H4v2h2V6zm14 0H8v2h12V6zM4 11h2v2H4v-2zm16 0H8v2h12v-2zM4 16h2v2H4v-2zm16 0H8v2h12v-2z\" fill=\"currentColor\"><\/path><\/svg><svg style=\"fill: #999;color:#999\" class=\"arrow-unsorted-368013\" xmlns=\"http:\/\/www.w3.org\/2000\/svg\" width=\"10px\" height=\"10px\" viewbox=\"0 0 24 24\" version=\"1.2\" baseprofile=\"tiny\"><path d=\"M18.2 9.3l-6.2-6.3-6.2 6.3c-.2.2-.3.4-.3.7s.1.5.3.7c.2.2.4.3.7.3h11c.3 0 .5-.1.7-.3.2-.2.3-.5.3-.7s-.1-.5-.3-.7zM5.8 14.7l6.2 6.3 6.2-6.3c.2-.2.3-.5.3-.7s-.1-.5-.3-.7c-.2-.2-.4-.3-.7-.3h-11c-.3 0-.5.1-.7.3-.2.2-.3.5-.3.7s.1.5.3.7z\"\/><\/svg><\/span><\/span><\/span><\/a><\/span><\/div>\n<nav><ul class='ez-toc-list ez-toc-list-level-1' ><li class='ez-toc-page-1 ez-toc-heading-level-4'><a class=\"ez-toc-link ez-toc-heading-1\" href=\"https:\/\/saphirsmaragd.com\/da\/vare\/spessartin-granat-7-45-karat-kissen-orange\/#Spessartin-Granat_745_Karat_Kissen_Orange_%E2%80%93_Seltene_Leuchtkraft\" >Spessartin-Granat 7.45 Karat Kissen Orange \u2013 Seltene Leuchtkraft<\/a><\/li><li class='ez-toc-page-1 ez-toc-heading-level-4'><a class=\"ez-toc-link ez-toc-heading-2\" href=\"https:\/\/saphirsmaragd.com\/da\/vare\/spessartin-granat-7-45-karat-kissen-orange\/#Merkmale_Herkunft\" >Karakteristika og oprindelse<\/a><\/li><li class='ez-toc-page-1 ez-toc-heading-level-4'><a class=\"ez-toc-link ez-toc-heading-3\" href=\"https:\/\/saphirsmaragd.com\/da\/vare\/spessartin-granat-7-45-karat-kissen-orange\/#Besonderheiten\" >S\u00e6rlige funktioner<\/a><\/li><li class='ez-toc-page-1 ez-toc-heading-level-4'><a class=\"ez-toc-link ez-toc-heading-4\" href=\"https:\/\/saphirsmaragd.com\/da\/vare\/spessartin-granat-7-45-karat-kissen-orange\/#Mehr_uber_unsere_Edelsteine\" >Mere om vores \u00e6delsten<\/a><\/li><li class='ez-toc-page-1 ez-toc-heading-level-4'><a class=\"ez-toc-link ez-toc-heading-5\" href=\"https:\/\/saphirsmaragd.com\/da\/vare\/spessartin-granat-7-45-karat-kissen-orange\/#Weitere_Infos\" >Yderligere information<\/a><\/li><\/ul><\/nav><\/div>\n<h4 data-start=\"1199\" data-end=\"1269\"><span class=\"ez-toc-section\" id=\"Spessartin-Granat_745_Karat_Kissen_Orange_%E2%80%93_Seltene_Leuchtkraft\"><\/span>Spessartin-Granat 7.45 Karat Kissen Orange \u2013 Seltene Leuchtkraft<span class=\"ez-toc-section-end\"><\/span><\/h4>\n<p data-start=\"1270\" data-end=\"1545\">Dieser Spessartin-Granat 7.45 Karat im Kissenschliff beeindruckt durch seine au\u00dfergew\u00f6hnlich intensive orange Farbe und seine starke Lichtreflexion. Spessartin-Granate dieser Gr\u00f6\u00dfe und Farbqualit\u00e4t sind selten und werden sowohl von Sammlern als auch von Juwelieren gesch\u00e4tzt.<\/p>\n<hr data-start=\"1547\" data-end=\"1550\" \/>\n<h4 data-start=\"1552\" data-end=\"1578\"><span class=\"ez-toc-section\" id=\"Merkmale_Herkunft\"><\/span>Karakteristika og oprindelse<span class=\"ez-toc-section-end\"><\/span><\/h4>\n<p data-start=\"1579\" data-end=\"1825\">Edelstein: Spessartin-Granat<br data-start=\"1607\" data-end=\"1610\" \/>Farve: Orange<br data-start=\"1623\" data-end=\"1626\" \/>Form: Kissen<br data-start=\"1638\" data-end=\"1641\" \/>Gewicht: 7.45 Karat<br data-start=\"1660\" data-end=\"1663\" \/>Abmessungen: 11.2 \u00d7 10.1 mm<br data-start=\"1690\" data-end=\"1693\" \/>Herkunft: Nigeria<br data-start=\"1710\" data-end=\"1713\" \/>Behandling: Ubehandlet<br data-start=\"1736\" data-end=\"1739\" \/>Renhed: Sm\u00e5 indeslutninger<br data-start=\"1767\" data-end=\"1770\" \/>Mohs-H\u00e4rte: 6.5\u20137.5<br data-start=\"1789\" data-end=\"1792\" \/>Stand: Ny<\/p>\n<hr data-start=\"1827\" data-end=\"1830\" \/>\n<h4 data-start=\"1832\" data-end=\"1853\"><span class=\"ez-toc-section\" id=\"Besonderheiten\"><\/span>S\u00e6rlige funktioner<span class=\"ez-toc-section-end\"><\/span><\/h4>\n<p data-start=\"1854\" data-end=\"2156\">Der Spessartin-Granat 7.45 Karat Kissen Orange zeichnet sich durch seine au\u00dfergew\u00f6hnliche Farbintensit\u00e4t und seinen harmonischen Schliff aus. Dank seiner nat\u00fcrlichen Herkunft und der fehlenden Behandlung eignet sich dieser Edelstein ideal f\u00fcr exklusive Schmuckst\u00fccke oder als hochwertiger Sammlerstein.<\/p>\n<hr data-start=\"1926\" data-end=\"1929\" \/>\n<h4 data-start=\"1931\" data-end=\"1971\"><span class=\"ez-toc-section\" id=\"Mehr_uber_unsere_Edelsteine\"><\/span>Mere om vores \u00e6delsten<span class=\"ez-toc-section-end\"><\/span><\/h4>\n<p data-start=\"1972\" data-end=\"2069\"><a href=\"https:\/\/saphirsmaragd.com\/da\/product-category\/edelsteine-kaufen\/\">\u00c6delsten<\/a><\/p>\n<hr data-start=\"2071\" data-end=\"2074\" \/>\n<h4 data-start=\"2076\" data-end=\"2096\"><span class=\"ez-toc-section\" id=\"Weitere_Infos\"><\/span>Yderligere information<span class=\"ez-toc-section-end\"><\/span><\/h4>\n<p data-start=\"2097\" data-end=\"2160\"><a class=\"decorated-link cursor-pointer\" href=\"https:\/\/de.wikipedia.org\/wiki\/Granat\" target=\"_new\" rel=\"noopener\" data-start=\"2097\" data-end=\"2160\">Wikipedia: Granat<\/a><\/p>","protected":false},"excerpt":{"rendered":"<p data-start=\"921\" data-end=\"1050\"><em>Spessartin-Granat 7.45 Karat Kissen Orange aus Nigeria. Nat\u00fcrlicher Edelstein mit intensiv orangener Farbe und hoher Brillanz.<\/em><\/p>\n<h3 data-start=\"710\" data-end=\"734\"><\/h3>\n<p data-start=\"575\" data-end=\"606\">","protected":false},"featured_media":6521,"comment_status":"open","ping_status":"closed","template":"","meta":{"_glsr_average":0,"_glsr_ranking":0,"_glsr_reviews":0},"product_brand":[],"product_cat":[111],"product_tag":[],"class_list":{"0":"post-6520","1":"product","2":"type-product","3":"status-publish","4":"has-post-thumbnail","6":"product_cat-granat-kaufen","7":"pa_edelsteinart-granat","8":"pa_farbe-orange","9":"pa_form-kissen","10":"pa_gewicht-karat-5-0-10-karat","11":"pa_herkunft-nigeria","12":"pa_reinheit-kleine-einschluesse","13":"pa_zustand-neu","15":"first","16":"instock","17":"featured","18":"sold-individually","19":"shipping-taxable","20":"purchasable","21":"product-type-simple","22":"add-to-wishlist-before_image"},"jetpack_sharing_enabled":true,"_links":{"self":[{"href":"https:\/\/saphirsmaragd.com\/da\/wp-json\/wp\/v2\/product\/6520","targetHints":{"allow":["GET"]}}],"collection":[{"href":"https:\/\/saphirsmaragd.com\/da\/wp-json\/wp\/v2\/product"}],"about":[{"href":"https:\/\/saphirsmaragd.com\/da\/wp-json\/wp\/v2\/types\/product"}],"replies":[{"embeddable":true,"href":"https:\/\/saphirsmaragd.com\/da\/wp-json\/wp\/v2\/comments?post=6520"}],"version-history":[{"count":1,"href":"https:\/\/saphirsmaragd.com\/da\/wp-json\/wp\/v2\/product\/6520\/revisions"}],"predecessor-version":[{"id":6522,"href":"https:\/\/saphirsmaragd.com\/da\/wp-json\/wp\/v2\/product\/6520\/revisions\/6522"}],"wp:featuredmedia":[{"embeddable":true,"href":"https:\/\/saphirsmaragd.com\/da\/wp-json\/wp\/v2\/media\/6521"}],"wp:attachment":[{"href":"https:\/\/saphirsmaragd.com\/da\/wp-json\/wp\/v2\/media?parent=6520"}],"wp:term":[{"taxonomy":"product_brand","embeddable":true,"href":"https:\/\/saphirsmaragd.com\/da\/wp-json\/wp\/v2\/product_brand?post=6520"},{"taxonomy":"product_cat","embeddable":true,"href":"https:\/\/saphirsmaragd.com\/da\/wp-json\/wp\/v2\/product_cat?post=6520"},{"taxonomy":"product_tag","embeddable":true,"href":"https:\/\/saphirsmaragd.com\/da\/wp-json\/wp\/v2\/product_tag?post=6520"}],"curies":[{"name":"wp","href":"https:\/\/api.w.org\/{rel}","templated":true}]}}