{"id":6523,"date":"2025-12-20T16:12:08","date_gmt":"2025-12-20T16:12:08","guid":{"rendered":"https:\/\/saphirsmaragd.com\/?post_type=product&#038;p=6523"},"modified":"2025-12-29T18:47:26","modified_gmt":"2025-12-29T18:47:26","slug":"rubin-2-38-karat-oval-rot","status":"publish","type":"product","link":"https:\/\/saphirsmaragd.com\/da\/vare\/rubin-2-38-karat-oval-rot\/","title":{"rendered":"Rubin 2.38 Karat Oval Rot \u2013 Zertifizierter Edelstein aus Mosambik"},"content":{"rendered":"<div id=\"ez-toc-container\" class=\"ez-toc-v2_0_82_2 counter-hierarchy ez-toc-counter ez-toc-grey ez-toc-container-direction\">\n<div class=\"ez-toc-title-container\">\n<p class=\"ez-toc-title\" style=\"cursor:inherit\">Indholdsfortegnelse<\/p>\n<span class=\"ez-toc-title-toggle\"><a href=\"#\" class=\"ez-toc-pull-right ez-toc-btn ez-toc-btn-xs ez-toc-btn-default ez-toc-toggle\" aria-label=\"Toggle Table of Content\"><span class=\"ez-toc-js-icon-con\"><span class=\"\"><span class=\"eztoc-hide\" style=\"display:none;\">Skift<\/span><span class=\"ez-toc-icon-toggle-span\"><svg style=\"fill: #999;color:#999\" xmlns=\"http:\/\/www.w3.org\/2000\/svg\" class=\"list-377408\" width=\"20px\" height=\"20px\" viewbox=\"0 0 24 24\" fill=\"none\"><path d=\"M6 6H4v2h2V6zm14 0H8v2h12V6zM4 11h2v2H4v-2zm16 0H8v2h12v-2zM4 16h2v2H4v-2zm16 0H8v2h12v-2z\" fill=\"currentColor\"><\/path><\/svg><svg style=\"fill: #999;color:#999\" class=\"arrow-unsorted-368013\" xmlns=\"http:\/\/www.w3.org\/2000\/svg\" width=\"10px\" height=\"10px\" viewbox=\"0 0 24 24\" version=\"1.2\" baseprofile=\"tiny\"><path d=\"M18.2 9.3l-6.2-6.3-6.2 6.3c-.2.2-.3.4-.3.7s.1.5.3.7c.2.2.4.3.7.3h11c.3 0 .5-.1.7-.3.2-.2.3-.5.3-.7s-.1-.5-.3-.7zM5.8 14.7l6.2 6.3 6.2-6.3c.2-.2.3-.5.3-.7s-.1-.5-.3-.7c-.2-.2-.4-.3-.7-.3h-11c-.3 0-.5.1-.7.3-.2.2-.3.5-.3.7s.1.5.3.7z\"\/><\/svg><\/span><\/span><\/span><\/a><\/span><\/div>\n<nav><ul class='ez-toc-list ez-toc-list-level-1' ><li class='ez-toc-page-1 ez-toc-heading-level-4'><a class=\"ez-toc-link ez-toc-heading-1\" href=\"https:\/\/saphirsmaragd.com\/da\/vare\/rubin-2-38-karat-oval-rot\/#Rubin_238_Karat_Oval_Rot_%E2%80%93_Klassischer_Edelstein_mit_Zertifikat\" >Rubin 2.38 Karat Oval Rot \u2013 Klassischer Edelstein mit Zertifikat<\/a><\/li><li class='ez-toc-page-1 ez-toc-heading-level-4'><a class=\"ez-toc-link ez-toc-heading-2\" href=\"https:\/\/saphirsmaragd.com\/da\/vare\/rubin-2-38-karat-oval-rot\/#Merkmale_Herkunft\" >Karakteristika og oprindelse<\/a><\/li><li class='ez-toc-page-1 ez-toc-heading-level-4'><a class=\"ez-toc-link ez-toc-heading-3\" href=\"https:\/\/saphirsmaragd.com\/da\/vare\/rubin-2-38-karat-oval-rot\/#Besonderheiten\" >S\u00e6rlige funktioner<\/a><\/li><li class='ez-toc-page-1 ez-toc-heading-level-4'><a class=\"ez-toc-link ez-toc-heading-4\" href=\"https:\/\/saphirsmaragd.com\/da\/vare\/rubin-2-38-karat-oval-rot\/#Mehr_uber_unsere_Edelsteine\" >Mere om vores \u00e6delsten<\/a><\/li><li class='ez-toc-page-1 ez-toc-heading-level-4'><a class=\"ez-toc-link ez-toc-heading-5\" href=\"https:\/\/saphirsmaragd.com\/da\/vare\/rubin-2-38-karat-oval-rot\/#Weitere_Infos\" >Yderligere information<\/a><\/li><\/ul><\/nav><\/div>\n<h4 data-start=\"1179\" data-end=\"1249\"><span class=\"ez-toc-section\" id=\"Rubin_238_Karat_Oval_Rot_%E2%80%93_Klassischer_Edelstein_mit_Zertifikat\"><\/span>Rubin 2.38 Karat Oval Rot \u2013 Klassischer Edelstein mit Zertifikat<span class=\"ez-toc-section-end\"><\/span><\/h4>\n<p data-start=\"1250\" data-end=\"1528\">Dieser Rubin 2.38 Karat im ovalen Schliff \u00fcberzeugt durch seine satte rote Farbe und seine elegante Schliffform. Rubine aus Mosambik z\u00e4hlen heute zu den gefragtesten Alternativen zu burmesischen Steinen und bieten ein hervorragendes Preis-Leistungs-Verh\u00e4ltnis im Premiumsegment.<\/p>\n<hr data-start=\"1530\" data-end=\"1533\" \/>\n<h4 data-start=\"1535\" data-end=\"1561\"><span class=\"ez-toc-section\" id=\"Merkmale_Herkunft\"><\/span>Karakteristika og oprindelse<span class=\"ez-toc-section-end\"><\/span><\/h4>\n<p data-start=\"1562\" data-end=\"1802\">Edelstein: Rubin<br data-start=\"1578\" data-end=\"1581\" \/>Farve: R\u00f8d<br data-start=\"1591\" data-end=\"1594\" \/>Form: Oval<br data-start=\"1604\" data-end=\"1607\" \/>Gewicht: 2.38 Karat<br data-start=\"1626\" data-end=\"1629\" \/>Abmessungen: 8.9 \u00d7 6.9 mm<br data-start=\"1654\" data-end=\"1657\" \/>Herkunft: Mosambik<br data-start=\"1675\" data-end=\"1678\" \/>Behandling: Opvarmet<br data-start=\"1697\" data-end=\"1700\" \/>Renhed: Sm\u00e5 indeslutninger<br data-start=\"1728\" data-end=\"1731\" \/>Mohs-H\u00e4rte: 9<br data-start=\"1744\" data-end=\"1747\" \/>Zertifikat: Ja (Bellerophon Nr. A5299)<br data-start=\"1785\" data-end=\"1788\" \/>Stand: Ny<\/p>\n<hr data-start=\"1804\" data-end=\"1807\" \/>\n<h4 data-start=\"1809\" data-end=\"1830\"><span class=\"ez-toc-section\" id=\"Besonderheiten\"><\/span>S\u00e6rlige funktioner<span class=\"ez-toc-section-end\"><\/span><\/h4>\n<p data-start=\"1831\" data-end=\"2083\">Der Rubin 2.38 Karat Oval Rot bietet eine ausgewogene Kombination aus Farbintensit\u00e4t, klassischem Schliff und zertifizierter Herkunft. Die \u00fcbliche Erhitzungsbehandlung verbessert die Farbe dauerhaft und ist im internationalen Edelsteinhandel anerkannt.<\/p>\n<hr data-start=\"1612\" data-end=\"1615\" \/>\n<h4 data-start=\"1931\" data-end=\"1971\"><span class=\"ez-toc-section\" id=\"Mehr_uber_unsere_Edelsteine\"><\/span>Mere om vores \u00e6delsten<span class=\"ez-toc-section-end\"><\/span><\/h4>\n<p data-start=\"1972\" data-end=\"2069\"><a href=\"https:\/\/saphirsmaragd.com\/da\/product-category\/edelsteine-kaufen\/\">\u00c6delsten<\/a><\/p>\n<hr data-start=\"1756\" data-end=\"1759\" \/>\n<h4 data-start=\"1761\" data-end=\"1784\"><span class=\"ez-toc-section\" id=\"Weitere_Infos\"><\/span>Yderligere information<span class=\"ez-toc-section-end\"><\/span><\/h4>\n<p data-start=\"1785\" data-end=\"1840\"><a class=\"\" href=\"https:\/\/de.wikipedia.org\/wiki\/Rubin\" target=\"_new\" rel=\"noopener\" data-start=\"1785\" data-end=\"1840\">Wikipedia: Rubin<\/a><\/p>","protected":false},"excerpt":{"rendered":"<p data-start=\"676\" data-end=\"705\"><em>Rubin 2.38 Karat Oval Rot aus Mosambik. Zertifizierter Edelstein mit intensiver roter Farbe und klassischer Erhitzungsbehandlung.<\/em><\/p>\n<p data-start=\"378\" data-end=\"474\">","protected":false},"featured_media":6524,"comment_status":"open","ping_status":"closed","template":"","meta":{"_glsr_average":0,"_glsr_ranking":0,"_glsr_reviews":0},"product_brand":[],"product_cat":[72],"product_tag":[],"class_list":{"0":"post-6523","1":"product","2":"type-product","3":"status-publish","4":"has-post-thumbnail","6":"product_cat-rubine-kaufen","7":"pa_edelsteinart-rubin","8":"pa_farbe-rot","9":"pa_form-oval","10":"pa_gewicht-karat-1-0-3-0-karat","11":"pa_herkunft-mosambik","12":"pa_reinheit-kleine-einschluesse","13":"pa_veredelung-behandlung-erhitzt","14":"pa_zertifikat-ja","15":"pa_zustand-neu","17":"first","18":"instock","19":"sold-individually","20":"shipping-taxable","21":"purchasable","22":"product-type-simple","23":"add-to-wishlist-before_image"},"jetpack_sharing_enabled":true,"_links":{"self":[{"href":"https:\/\/saphirsmaragd.com\/da\/wp-json\/wp\/v2\/product\/6523","targetHints":{"allow":["GET"]}}],"collection":[{"href":"https:\/\/saphirsmaragd.com\/da\/wp-json\/wp\/v2\/product"}],"about":[{"href":"https:\/\/saphirsmaragd.com\/da\/wp-json\/wp\/v2\/types\/product"}],"replies":[{"embeddable":true,"href":"https:\/\/saphirsmaragd.com\/da\/wp-json\/wp\/v2\/comments?post=6523"}],"version-history":[{"count":1,"href":"https:\/\/saphirsmaragd.com\/da\/wp-json\/wp\/v2\/product\/6523\/revisions"}],"predecessor-version":[{"id":6525,"href":"https:\/\/saphirsmaragd.com\/da\/wp-json\/wp\/v2\/product\/6523\/revisions\/6525"}],"wp:featuredmedia":[{"embeddable":true,"href":"https:\/\/saphirsmaragd.com\/da\/wp-json\/wp\/v2\/media\/6524"}],"wp:attachment":[{"href":"https:\/\/saphirsmaragd.com\/da\/wp-json\/wp\/v2\/media?parent=6523"}],"wp:term":[{"taxonomy":"product_brand","embeddable":true,"href":"https:\/\/saphirsmaragd.com\/da\/wp-json\/wp\/v2\/product_brand?post=6523"},{"taxonomy":"product_cat","embeddable":true,"href":"https:\/\/saphirsmaragd.com\/da\/wp-json\/wp\/v2\/product_cat?post=6523"},{"taxonomy":"product_tag","embeddable":true,"href":"https:\/\/saphirsmaragd.com\/da\/wp-json\/wp\/v2\/product_tag?post=6523"}],"curies":[{"name":"wp","href":"https:\/\/api.w.org\/{rel}","templated":true}]}}