{"id":6784,"date":"2025-12-25T14:14:47","date_gmt":"2025-12-25T14:14:47","guid":{"rendered":"https:\/\/saphirsmaragd.com\/?post_type=product&#038;p=6784"},"modified":"2025-12-29T18:46:39","modified_gmt":"2025-12-29T18:46:39","slug":"spessartin-granat-rechteckig-5-73-karat","status":"publish","type":"product","link":"https:\/\/saphirsmaragd.com\/da\/vare\/spessartin-granat-rechteckig-5-73-karat\/","title":{"rendered":"Spessartin Granat rechteckig 5.73 Karat \u2013 Nat\u00fcrlicher orangefarbener Granat"},"content":{"rendered":"<div id=\"ez-toc-container\" class=\"ez-toc-v2_0_82_2 counter-hierarchy ez-toc-counter ez-toc-grey ez-toc-container-direction\">\n<div class=\"ez-toc-title-container\">\n<p class=\"ez-toc-title\" style=\"cursor:inherit\">Indholdsfortegnelse<\/p>\n<span class=\"ez-toc-title-toggle\"><a href=\"#\" class=\"ez-toc-pull-right ez-toc-btn ez-toc-btn-xs ez-toc-btn-default ez-toc-toggle\" aria-label=\"Toggle Table of Content\"><span class=\"ez-toc-js-icon-con\"><span class=\"\"><span class=\"eztoc-hide\" style=\"display:none;\">Skift<\/span><span class=\"ez-toc-icon-toggle-span\"><svg style=\"fill: #999;color:#999\" xmlns=\"http:\/\/www.w3.org\/2000\/svg\" class=\"list-377408\" width=\"20px\" height=\"20px\" viewbox=\"0 0 24 24\" fill=\"none\"><path d=\"M6 6H4v2h2V6zm14 0H8v2h12V6zM4 11h2v2H4v-2zm16 0H8v2h12v-2zM4 16h2v2H4v-2zm16 0H8v2h12v-2z\" fill=\"currentColor\"><\/path><\/svg><svg style=\"fill: #999;color:#999\" class=\"arrow-unsorted-368013\" xmlns=\"http:\/\/www.w3.org\/2000\/svg\" width=\"10px\" height=\"10px\" viewbox=\"0 0 24 24\" version=\"1.2\" baseprofile=\"tiny\"><path d=\"M18.2 9.3l-6.2-6.3-6.2 6.3c-.2.2-.3.4-.3.7s.1.5.3.7c.2.2.4.3.7.3h11c.3 0 .5-.1.7-.3.2-.2.3-.5.3-.7s-.1-.5-.3-.7zM5.8 14.7l6.2 6.3 6.2-6.3c.2-.2.3-.5.3-.7s-.1-.5-.3-.7c-.2-.2-.4-.3-.7-.3h-11c-.3 0-.5.1-.7.3-.2.2-.3.5-.3.7s.1.5.3.7z\"\/><\/svg><\/span><\/span><\/span><\/a><\/span><\/div>\n<nav><ul class='ez-toc-list ez-toc-list-level-1' ><li class='ez-toc-page-1 ez-toc-heading-level-4'><a class=\"ez-toc-link ez-toc-heading-1\" href=\"https:\/\/saphirsmaragd.com\/da\/vare\/spessartin-granat-rechteckig-5-73-karat\/#Spessartin_Granat_rechteckig_573_Karat\" >Spessartin Granat rechteckig 5.73 Karat<\/a><\/li><li class='ez-toc-page-1 ez-toc-heading-level-4'><a class=\"ez-toc-link ez-toc-heading-2\" href=\"https:\/\/saphirsmaragd.com\/da\/vare\/spessartin-granat-rechteckig-5-73-karat\/#Merkmale_Herkunft\" >Merkmale &amp; Herkunft:<\/a><\/li><li class='ez-toc-page-1 ez-toc-heading-level-4'><a class=\"ez-toc-link ez-toc-heading-3\" href=\"https:\/\/saphirsmaragd.com\/da\/vare\/spessartin-granat-rechteckig-5-73-karat\/#Besonderheiten\" >Besonderheiten:<\/a><\/li><li class='ez-toc-page-1 ez-toc-heading-level-4'><a class=\"ez-toc-link ez-toc-heading-4\" href=\"https:\/\/saphirsmaragd.com\/da\/vare\/spessartin-granat-rechteckig-5-73-karat\/#Mehr_uber_unsere_Edelsteine\" >Mere om vores \u00e6delsten<\/a><\/li><li class='ez-toc-page-1 ez-toc-heading-level-4'><a class=\"ez-toc-link ez-toc-heading-5\" href=\"https:\/\/saphirsmaragd.com\/da\/vare\/spessartin-granat-rechteckig-5-73-karat\/#Weitere_Infos\" >Yderligere information<\/a><\/li><\/ul><\/nav><\/div>\n<h4 data-start=\"749\" data-end=\"794\"><span class=\"ez-toc-section\" id=\"Spessartin_Granat_rechteckig_573_Karat\"><\/span>Spessartin Granat rechteckig 5.73 Karat<span class=\"ez-toc-section-end\"><\/span><\/h4>\n<p data-start=\"795\" data-end=\"1027\">Dieser <strong data-start=\"802\" data-end=\"845\">Spessartin Granat rechteckig 5.73 Karat<\/strong> beeindruckt durch seine intensive orangefarbene bis r\u00f6tlich-orange Leuchtkraft. Der pr\u00e4zise rechteckige Schliff sorgt f\u00fcr starke Lichtreflexionen und eine au\u00dfergew\u00f6hnliche Brillanz.<\/p>\n<p data-start=\"1029\" data-end=\"1277\">Spessartin-Granate dieser Qualit\u00e4t und Gr\u00f6\u00dfe gelten als selten, insbesondere bei gleichm\u00e4\u00dfiger Farbe und guter Transparenz. Der Stein stammt aus Nigeria und wurde nicht behandelt, wodurch seine nat\u00fcrliche Farbintensit\u00e4t vollst\u00e4ndig erhalten bleibt.<\/p>\n<hr data-start=\"1279\" data-end=\"1282\" \/>\n<h4 data-start=\"1284\" data-end=\"1309\"><span class=\"ez-toc-section\" id=\"Merkmale_Herkunft\"><\/span>Merkmale &amp; Herkunft:<span class=\"ez-toc-section-end\"><\/span><\/h4>\n<p data-start=\"1310\" data-end=\"1546\">Stein: Spessartin-Granat<br data-start=\"1334\" data-end=\"1337\" \/>Form: Rechteckig<br data-start=\"1353\" data-end=\"1356\" \/>Farve: Orange<br data-start=\"1369\" data-end=\"1372\" \/>Gewicht: 5.73 Karat<br data-start=\"1391\" data-end=\"1394\" \/>Abmessungen: 10.3 \u00d7 8.7 mm<br data-start=\"1420\" data-end=\"1423\" \/>Herkunft: Nigeria<br data-start=\"1440\" data-end=\"1443\" \/>Behandling: Ubehandlet<br data-start=\"1466\" data-end=\"1469\" \/>Renhed: \u00d8jenrensende<br data-start=\"1488\" data-end=\"1491\" \/>Mohs-H\u00e4rte: 6.5\u20137.5<br data-start=\"1510\" data-end=\"1513\" \/>Stand: Ny<\/p>\n<hr data-start=\"1548\" data-end=\"1551\" \/>\n<h4 data-start=\"1553\" data-end=\"1573\"><span class=\"ez-toc-section\" id=\"Besonderheiten\"><\/span>Besonderheiten:<span class=\"ez-toc-section-end\"><\/span><\/h4>\n<p data-start=\"1574\" data-end=\"1831\">Spessartin-Granate mit kr\u00e4ftiger orangefarbener S\u00e4ttigung sind deutlich seltener als klassische rote Granate. Durch den rechteckigen Schliff eignet sich dieser Edelstein hervorragend als markanter Mittelstein f\u00fcr exklusive Schmuckst\u00fccke mit modernem Design.<\/p>\n<hr data-start=\"1926\" data-end=\"1929\" \/>\n<h4 data-start=\"1931\" data-end=\"1971\"><span class=\"ez-toc-section\" id=\"Mehr_uber_unsere_Edelsteine\"><\/span>Mere om vores \u00e6delsten<span class=\"ez-toc-section-end\"><\/span><\/h4>\n<p data-start=\"1972\" data-end=\"2069\"><a href=\"https:\/\/saphirsmaragd.com\/da\/product-category\/edelsteine-kaufen\/\">\u00c6delsten<\/a><\/p>\n<hr data-start=\"2071\" data-end=\"2074\" \/>\n<h4 data-start=\"2076\" data-end=\"2096\"><span class=\"ez-toc-section\" id=\"Weitere_Infos\"><\/span>Yderligere information<span class=\"ez-toc-section-end\"><\/span><\/h4>\n<p data-start=\"2097\" data-end=\"2160\"><a class=\"decorated-link cursor-pointer\" href=\"https:\/\/de.wikipedia.org\/wiki\/Granat\" target=\"_new\" rel=\"noopener\" data-start=\"2097\" data-end=\"2160\">Wikipedia: Granat<\/a><\/p>","protected":false},"excerpt":{"rendered":"<p data-start=\"460\" data-end=\"613\"><em>Nat\u00fcrlicher Spessartin Granat rechteckig 5.73 Karat aus Nigeria. Intensiv orangefarbener Edelstein mit au\u00dfergew\u00f6hnlicher Brillanz und seltener Farbe.<\/em><\/p>\n<h3 data-start=\"710\" data-end=\"734\"><\/h3>\n<p data-start=\"575\" data-end=\"606\">","protected":false},"featured_media":6785,"comment_status":"open","ping_status":"closed","template":"","meta":{"_glsr_average":0,"_glsr_ranking":0,"_glsr_reviews":0},"product_brand":[],"product_cat":[111],"product_tag":[],"class_list":{"0":"post-6784","1":"product","2":"type-product","3":"status-publish","4":"has-post-thumbnail","6":"product_cat-granat-kaufen","7":"pa_edelsteinart-granat","8":"pa_farbe-orange","9":"pa_form-rechteck","10":"pa_gewicht-karat-5-0-10-karat","11":"pa_herkunft-nigeria","12":"pa_reinheit-augenrein","13":"pa_veredelung-behandlung-unbehandelt","14":"pa_zustand-neu","16":"first","17":"instock","18":"featured","19":"sold-individually","20":"shipping-taxable","21":"purchasable","22":"product-type-simple","23":"add-to-wishlist-before_image"},"jetpack_sharing_enabled":true,"_links":{"self":[{"href":"https:\/\/saphirsmaragd.com\/da\/wp-json\/wp\/v2\/product\/6784","targetHints":{"allow":["GET"]}}],"collection":[{"href":"https:\/\/saphirsmaragd.com\/da\/wp-json\/wp\/v2\/product"}],"about":[{"href":"https:\/\/saphirsmaragd.com\/da\/wp-json\/wp\/v2\/types\/product"}],"replies":[{"embeddable":true,"href":"https:\/\/saphirsmaragd.com\/da\/wp-json\/wp\/v2\/comments?post=6784"}],"version-history":[{"count":1,"href":"https:\/\/saphirsmaragd.com\/da\/wp-json\/wp\/v2\/product\/6784\/revisions"}],"predecessor-version":[{"id":6786,"href":"https:\/\/saphirsmaragd.com\/da\/wp-json\/wp\/v2\/product\/6784\/revisions\/6786"}],"wp:featuredmedia":[{"embeddable":true,"href":"https:\/\/saphirsmaragd.com\/da\/wp-json\/wp\/v2\/media\/6785"}],"wp:attachment":[{"href":"https:\/\/saphirsmaragd.com\/da\/wp-json\/wp\/v2\/media?parent=6784"}],"wp:term":[{"taxonomy":"product_brand","embeddable":true,"href":"https:\/\/saphirsmaragd.com\/da\/wp-json\/wp\/v2\/product_brand?post=6784"},{"taxonomy":"product_cat","embeddable":true,"href":"https:\/\/saphirsmaragd.com\/da\/wp-json\/wp\/v2\/product_cat?post=6784"},{"taxonomy":"product_tag","embeddable":true,"href":"https:\/\/saphirsmaragd.com\/da\/wp-json\/wp\/v2\/product_tag?post=6784"}],"curies":[{"name":"wp","href":"https:\/\/api.w.org\/{rel}","templated":true}]}}