{"id":8208,"date":"2026-03-18T19:02:01","date_gmt":"2026-03-18T19:02:01","guid":{"rendered":"https:\/\/saphirsmaragd.com\/?post_type=product&#038;p=8208"},"modified":"2026-03-18T19:07:02","modified_gmt":"2026-03-18T19:07:02","slug":"beryll-oval-farbe-gelb-4-95-karat","status":"publish","type":"product","link":"https:\/\/saphirsmaragd.com\/da\/vare\/beryll-oval-farbe-gelb-4-95-karat\/","title":{"rendered":"Beryll Oval Farbe gelb 4.95 Karat \u2013 Heliodor Edelstein aus Madagaskar mit intensiver Brillanz"},"content":{"rendered":"<p data-start=\"803\" data-end=\"1069\">Der Beryll Oval Farbe gelb 4.95 Karat \u00fcberzeugt durch seine intensive goldgelbe Farbe und seine au\u00dfergew\u00f6hnliche Brillanz. Dieser hochwertige Heliodor aus Madagaskar geh\u00f6rt zur Beryll-Gruppe und fasziniert durch seine klare Struktur und den eleganten ovalen Schliff.<\/p>\n<hr data-start=\"1071\" data-end=\"1074\" \/>\n<div id=\"ez-toc-container\" class=\"ez-toc-v2_0_82_2 counter-hierarchy ez-toc-counter ez-toc-grey ez-toc-container-direction\">\n<div class=\"ez-toc-title-container\">\n<p class=\"ez-toc-title\" style=\"cursor:inherit\">Indholdsfortegnelse<\/p>\n<span class=\"ez-toc-title-toggle\"><a href=\"#\" class=\"ez-toc-pull-right ez-toc-btn ez-toc-btn-xs ez-toc-btn-default ez-toc-toggle\" aria-label=\"Toggle Table of Content\"><span class=\"ez-toc-js-icon-con\"><span class=\"\"><span class=\"eztoc-hide\" style=\"display:none;\">Skift<\/span><span class=\"ez-toc-icon-toggle-span\"><svg style=\"fill: #999;color:#999\" xmlns=\"http:\/\/www.w3.org\/2000\/svg\" class=\"list-377408\" width=\"20px\" height=\"20px\" viewbox=\"0 0 24 24\" fill=\"none\"><path d=\"M6 6H4v2h2V6zm14 0H8v2h12V6zM4 11h2v2H4v-2zm16 0H8v2h12v-2zM4 16h2v2H4v-2zm16 0H8v2h12v-2z\" fill=\"currentColor\"><\/path><\/svg><svg style=\"fill: #999;color:#999\" class=\"arrow-unsorted-368013\" xmlns=\"http:\/\/www.w3.org\/2000\/svg\" width=\"10px\" height=\"10px\" viewbox=\"0 0 24 24\" version=\"1.2\" baseprofile=\"tiny\"><path d=\"M18.2 9.3l-6.2-6.3-6.2 6.3c-.2.2-.3.4-.3.7s.1.5.3.7c.2.2.4.3.7.3h11c.3 0 .5-.1.7-.3.2-.2.3-.5.3-.7s-.1-.5-.3-.7zM5.8 14.7l6.2 6.3 6.2-6.3c.2-.2.3-.5.3-.7s-.1-.5-.3-.7c-.2-.2-.4-.3-.7-.3h-11c-.3 0-.5.1-.7.3-.2.2-.3.5-.3.7s.1.5.3.7z\"\/><\/svg><\/span><\/span><\/span><\/a><\/span><\/div>\n<nav><ul class='ez-toc-list ez-toc-list-level-1' ><li class='ez-toc-page-1 ez-toc-heading-level-4'><a class=\"ez-toc-link ez-toc-heading-1\" href=\"https:\/\/saphirsmaragd.com\/da\/vare\/beryll-oval-farbe-gelb-4-95-karat\/#Merkmale_Herkunft\" >Merkmale &amp; Herkunft:<\/a><\/li><li class='ez-toc-page-1 ez-toc-heading-level-4'><a class=\"ez-toc-link ez-toc-heading-2\" href=\"https:\/\/saphirsmaragd.com\/da\/vare\/beryll-oval-farbe-gelb-4-95-karat\/#Besonderheiten\" >Besonderheiten:<\/a><\/li><li class='ez-toc-page-1 ez-toc-heading-level-4'><a class=\"ez-toc-link ez-toc-heading-3\" href=\"https:\/\/saphirsmaragd.com\/da\/vare\/beryll-oval-farbe-gelb-4-95-karat\/#Weitere_Inspiration_entdecken\" >Weitere Inspiration entdecken<\/a><\/li><\/ul><\/nav><\/div>\n<h4 data-start=\"1076\" data-end=\"1101\"><span class=\"ez-toc-section\" id=\"Merkmale_Herkunft\"><\/span>Merkmale &amp; Herkunft:<span class=\"ez-toc-section-end\"><\/span><\/h4>\n<p data-start=\"1103\" data-end=\"1355\">Farbe: Gelb (goldgelb)<br data-start=\"1125\" data-end=\"1128\" \/>Form: Oval<br data-start=\"1138\" data-end=\"1141\" \/>Oprindelse: Madagaskar<br data-start=\"1161\" data-end=\"1164\" \/>Gewicht: 4.95 Karat<br data-start=\"1183\" data-end=\"1186\" \/>Ma\u00dfe: 12.5 x 10 mm<br data-start=\"1204\" data-end=\"1207\" \/>Renhed: \u00d8jenrensende<br data-start=\"1226\" data-end=\"1229\" \/>Behandling: Opvarmet<br data-start=\"1248\" data-end=\"1251\" \/>Stand: Ny<br data-start=\"1289\" data-end=\"1292\" \/>Steinart: Nat\u00fcrlicher Beryll (Heliodor)<br data-start=\"1331\" data-end=\"1334\" \/>Mohs-H\u00e4rte: 7.5 \u2013 8<\/p>\n<hr data-start=\"1357\" data-end=\"1360\" \/>\n<h4 data-start=\"1362\" data-end=\"1382\"><span class=\"ez-toc-section\" id=\"Besonderheiten\"><\/span>Besonderheiten:<span class=\"ez-toc-section-end\"><\/span><\/h4>\n<p data-start=\"1384\" data-end=\"1617\">Der Beryll Oval Farbe gelb 4.95 Karat, auch als Heliodor bekannt, zeichnet sich durch seine leuchtende gelbe Farbgebung aus, die an Sonnenlicht erinnert. Diese Farbintensit\u00e4t macht ihn besonders begehrt f\u00fcr hochwertige Schmuckst\u00fccke.<\/p>\n<p data-start=\"1619\" data-end=\"1870\">Heliodor geh\u00f6rt zur gleichen Mineralgruppe wie Smaragd und Aquamarin und wird f\u00fcr seine Klarheit sowie seine warme Ausstrahlung gesch\u00e4tzt. Durch den pr\u00e4zisen ovalen Schliff wird das Licht optimal reflektiert und sorgt f\u00fcr eine beeindruckende Brillanz.<\/p>\n<hr data-start=\"1926\" data-end=\"1929\" \/>\n<h4 data-start=\"413\" data-end=\"449\"><span class=\"ez-toc-section\" id=\"Weitere_Inspiration_entdecken\"><\/span>Weitere Inspiration entdecken<span class=\"ez-toc-section-end\"><\/span><\/h4>\n<p data-start=\"450\" data-end=\"582\">Suchen Sie weitere besondere Produkte? Entdecken Sie zus\u00e4tzliche Highlights in unserem Sortiment oder besuchen Sie unsere Partnerprojekte:<\/p>\n<ul data-start=\"584\" data-end=\"920\">\n<li data-start=\"584\" data-end=\"656\"><a href=\"https:\/\/saphirsmaragd.com\/da\/shop\/\">Weitere Edelsteine &amp; Schmuckst\u00fccke bei Saphir &amp; Smaragd entdecken<\/a><\/li>\n<li data-start=\"657\" data-end=\"783\">\n<p data-start=\"659\" data-end=\"783\"><a href=\"https:\/\/honigbee.com\/shop\/\" target=\"_blank\" rel=\"noopener\">Nat\u00fcrliche Produkte bei Honigbee ansehen<br \/>\n<\/a><\/p>\n<\/li>\n<li data-start=\"784\" data-end=\"920\">\n<p data-start=\"786\" data-end=\"920\"><a href=\"https:\/\/matvana.com\/shop\/\" target=\"_blank\" rel=\"noopener\">Stilvolle Wohnideen bei Matvana erkunden<\/a><\/p>\n<\/li>\n<\/ul>","protected":false},"excerpt":{"rendered":"<p data-start=\"440\" data-end=\"568\"><em>Beryll Oval Farbe gelb 4.95 Karat aus Madagaskar. Nat\u00fcrlicher Heliodor Edelstein mit intensiver Brillanz und ovalem Schliff.<\/em><\/p>\n<p data-start=\"575\" data-end=\"606\">","protected":false},"featured_media":8210,"comment_status":"open","ping_status":"closed","template":"","meta":{"_glsr_average":0,"_glsr_ranking":0,"_glsr_reviews":0},"product_brand":[],"product_cat":[305],"product_tag":[],"class_list":{"0":"post-8208","1":"product","2":"type-product","3":"status-publish","4":"has-post-thumbnail","6":"product_cat-seltene-edelsteine","7":"pa_edelsteinart-seltene-edelsteine","8":"pa_farbe-gelb","9":"pa_form-oval","10":"pa_gewicht-karat-3-0-5-0-karat","11":"pa_herkunft-madagaskar","12":"pa_reinheit-augenrein","13":"pa_veredelung-behandlung-erhitzt","14":"pa_zustand-neu","16":"first","17":"instock","18":"featured","19":"sold-individually","20":"shipping-taxable","21":"purchasable","22":"product-type-simple","23":"add-to-wishlist-before_image"},"jetpack_sharing_enabled":true,"_links":{"self":[{"href":"https:\/\/saphirsmaragd.com\/da\/wp-json\/wp\/v2\/product\/8208","targetHints":{"allow":["GET"]}}],"collection":[{"href":"https:\/\/saphirsmaragd.com\/da\/wp-json\/wp\/v2\/product"}],"about":[{"href":"https:\/\/saphirsmaragd.com\/da\/wp-json\/wp\/v2\/types\/product"}],"replies":[{"embeddable":true,"href":"https:\/\/saphirsmaragd.com\/da\/wp-json\/wp\/v2\/comments?post=8208"}],"version-history":[{"count":1,"href":"https:\/\/saphirsmaragd.com\/da\/wp-json\/wp\/v2\/product\/8208\/revisions"}],"predecessor-version":[{"id":8211,"href":"https:\/\/saphirsmaragd.com\/da\/wp-json\/wp\/v2\/product\/8208\/revisions\/8211"}],"wp:featuredmedia":[{"embeddable":true,"href":"https:\/\/saphirsmaragd.com\/da\/wp-json\/wp\/v2\/media\/8210"}],"wp:attachment":[{"href":"https:\/\/saphirsmaragd.com\/da\/wp-json\/wp\/v2\/media?parent=8208"}],"wp:term":[{"taxonomy":"product_brand","embeddable":true,"href":"https:\/\/saphirsmaragd.com\/da\/wp-json\/wp\/v2\/product_brand?post=8208"},{"taxonomy":"product_cat","embeddable":true,"href":"https:\/\/saphirsmaragd.com\/da\/wp-json\/wp\/v2\/product_cat?post=8208"},{"taxonomy":"product_tag","embeddable":true,"href":"https:\/\/saphirsmaragd.com\/da\/wp-json\/wp\/v2\/product_tag?post=8208"}],"curies":[{"name":"wp","href":"https:\/\/api.w.org\/{rel}","templated":true}]}}