{"id":8616,"date":"2026-04-19T18:09:40","date_gmt":"2026-04-19T18:09:40","guid":{"rendered":"https:\/\/saphirsmaragd.com\/?post_type=product&#038;p=8616"},"modified":"2026-04-19T18:11:26","modified_gmt":"2026-04-19T18:11:26","slug":"smaragd-paar-tropfen-gruen-1-27-karat","status":"publish","type":"product","link":"https:\/\/saphirsmaragd.com\/da\/vare\/smaragd-paar-tropfen-gruen-1-27-karat\/","title":{"rendered":"Smaragd Paar Tropfen Gr\u00fcn 1.27 Karat aus Sambia \u2013 Elegante Tropfenschliff Edelsteine f\u00fcr Ohrringe"},"content":{"rendered":"<p data-start=\"811\" data-end=\"1075\">Das Smaragd Paar Tropfen Gr\u00fcn 1.27 Karat aus Sambia besticht durch seine elegante Tropfenform und die perfekte Abstimmung beider Edelsteine. Dieses Set eignet sich ideal f\u00fcr hochwertige Schmuckst\u00fccke, insbesondere f\u00fcr luxuri\u00f6se Ohrringe mit harmonischer Symmetrie.<\/p>\n<hr data-start=\"1077\" data-end=\"1080\" \/>\n<div id=\"ez-toc-container\" class=\"ez-toc-v2_0_82_2 counter-hierarchy ez-toc-counter ez-toc-grey ez-toc-container-direction\">\n<div class=\"ez-toc-title-container\">\n<p class=\"ez-toc-title\" style=\"cursor:inherit\">Indholdsfortegnelse<\/p>\n<span class=\"ez-toc-title-toggle\"><a href=\"#\" class=\"ez-toc-pull-right ez-toc-btn ez-toc-btn-xs ez-toc-btn-default ez-toc-toggle\" aria-label=\"Toggle Table of Content\"><span class=\"ez-toc-js-icon-con\"><span class=\"\"><span class=\"eztoc-hide\" style=\"display:none;\">Skift<\/span><span class=\"ez-toc-icon-toggle-span\"><svg style=\"fill: #999;color:#999\" xmlns=\"http:\/\/www.w3.org\/2000\/svg\" class=\"list-377408\" width=\"20px\" height=\"20px\" viewbox=\"0 0 24 24\" fill=\"none\"><path d=\"M6 6H4v2h2V6zm14 0H8v2h12V6zM4 11h2v2H4v-2zm16 0H8v2h12v-2zM4 16h2v2H4v-2zm16 0H8v2h12v-2z\" fill=\"currentColor\"><\/path><\/svg><svg style=\"fill: #999;color:#999\" class=\"arrow-unsorted-368013\" xmlns=\"http:\/\/www.w3.org\/2000\/svg\" width=\"10px\" height=\"10px\" viewbox=\"0 0 24 24\" version=\"1.2\" baseprofile=\"tiny\"><path d=\"M18.2 9.3l-6.2-6.3-6.2 6.3c-.2.2-.3.4-.3.7s.1.5.3.7c.2.2.4.3.7.3h11c.3 0 .5-.1.7-.3.2-.2.3-.5.3-.7s-.1-.5-.3-.7zM5.8 14.7l6.2 6.3 6.2-6.3c.2-.2.3-.5.3-.7s-.1-.5-.3-.7c-.2-.2-.4-.3-.7-.3h-11c-.3 0-.5.1-.7.3-.2.2-.3.5-.3.7s.1.5.3.7z\"\/><\/svg><\/span><\/span><\/span><\/a><\/span><\/div>\n<nav><ul class='ez-toc-list ez-toc-list-level-1' ><li class='ez-toc-page-1 ez-toc-heading-level-4'><a class=\"ez-toc-link ez-toc-heading-1\" href=\"https:\/\/saphirsmaragd.com\/da\/vare\/smaragd-paar-tropfen-gruen-1-27-karat\/#Merkmale_Herkunft\" >Karakteristika og oprindelse<\/a><\/li><li class='ez-toc-page-1 ez-toc-heading-level-4'><a class=\"ez-toc-link ez-toc-heading-2\" href=\"https:\/\/saphirsmaragd.com\/da\/vare\/smaragd-paar-tropfen-gruen-1-27-karat\/#Besonderheiten\" >S\u00e6rlige funktioner<\/a><\/li><li class='ez-toc-page-1 ez-toc-heading-level-4'><a class=\"ez-toc-link ez-toc-heading-3\" href=\"https:\/\/saphirsmaragd.com\/da\/vare\/smaragd-paar-tropfen-gruen-1-27-karat\/#Mehr_uber_Heilsteine_Kristalle\" >Mere om helbredende sten og krystaller<\/a><\/li><li class='ez-toc-page-1 ez-toc-heading-level-4'><a class=\"ez-toc-link ez-toc-heading-4\" href=\"https:\/\/saphirsmaragd.com\/da\/vare\/smaragd-paar-tropfen-gruen-1-27-karat\/#Weitere_Infos\" >Yderligere information<\/a><\/li><\/ul><\/nav><\/div>\n<h4 data-start=\"1082\" data-end=\"1108\"><span class=\"ez-toc-section\" id=\"Merkmale_Herkunft\"><\/span>Karakteristika og oprindelse<span class=\"ez-toc-section-end\"><\/span><\/h4>\n<p data-start=\"1110\" data-end=\"1359\">Stentype: Smaragd<br data-start=\"1127\" data-end=\"1130\" \/>Farve: Gr\u00f8n<br data-start=\"1141\" data-end=\"1144\" \/>Form: Tropfen<br data-start=\"1157\" data-end=\"1160\" \/>Gewicht: 1.27 Karat (gesamt)<br data-start=\"1188\" data-end=\"1191\" \/>Abmessungen: ca. 7.1 x 5 mm je Stein<br data-start=\"1227\" data-end=\"1230\" \/>Oprindelse: Zambia<br data-start=\"1246\" data-end=\"1249\" \/>Renhed: Sm\u00e5 indeslutninger<br data-start=\"1277\" data-end=\"1280\" \/>Behandling: Olieret<br data-start=\"1297\" data-end=\"1300\" \/>Observation: Naturlig<br data-start=\"1322\" data-end=\"1325\" \/>Mohs-h\u00e5rdhed: 7,5-8<br data-start=\"1342\" data-end=\"1345\" \/>Stand: Ny<\/p>\n<hr data-start=\"1361\" data-end=\"1364\" \/>\n<h4 data-start=\"1366\" data-end=\"1387\"><span class=\"ez-toc-section\" id=\"Besonderheiten\"><\/span>S\u00e6rlige funktioner<span class=\"ez-toc-section-end\"><\/span><\/h4>\n<p data-start=\"1389\" data-end=\"1643\">Das Smaragd Paar Tropfen Gr\u00fcn 1.27 Karat \u00fcberzeugt durch seine besonders harmonische Form und seine intensive gr\u00fcne Farbe. Tropfenschliffe geh\u00f6ren zu den elegantesten Edelsteinschliffen und verleihen Schmuckst\u00fccken eine zeitlose, feminine Ausstrahlung.<\/p>\n<p data-start=\"1645\" data-end=\"1906\">Ein perfekt abgestimmtes Smaragd-Paar ist deutlich seltener als einzelne Edelsteine, da beide Steine hinsichtlich Farbe, Gr\u00f6\u00dfe und Schliff nahezu identisch sein m\u00fcssen. Diese Seltenheit macht solche Paare besonders wertvoll f\u00fcr exklusive Schmuckanfertigungen.<\/p>\n<p data-start=\"1908\" data-end=\"2103\">Smaragde aus Sambia sind bekannt f\u00fcr ihre tiefgr\u00fcne Farbe mit leicht k\u00fchlem Unterton. Die nat\u00fcrlichen Einschl\u00fcsse sind typische Merkmale echter Smaragde und unterstreichen ihre Einzigartigkeit.<\/p>\n<hr data-start=\"1670\" data-end=\"1673\" \/>\n<h4 data-start=\"1448\" data-end=\"1473\"><span class=\"ez-toc-section\" id=\"Mehr_uber_Heilsteine_Kristalle\"><\/span>Mere om helbredende sten og krystaller<span class=\"ez-toc-section-end\"><\/span><\/h4>\n<p data-start=\"1475\" data-end=\"1668\"><a class=\"\" href=\"https:\/\/saphirsmaragd.com\/da\/product-category\/heilsteine-kristalle-kaufen\/\" target=\"_new\" rel=\"noopener\" data-start=\"1571\" data-end=\"1668\">Helbredende sten og krystaller<\/a><\/p>\n<hr data-start=\"1670\" data-end=\"1673\" \/>\n<h4 data-start=\"1675\" data-end=\"1695\"><span class=\"ez-toc-section\" id=\"Weitere_Infos\"><\/span>Yderligere information<span class=\"ez-toc-section-end\"><\/span><\/h4>\n<p data-start=\"1697\" data-end=\"1801\"><a class=\"\" href=\"https:\/\/de.wikipedia.org\/wiki\/Smaragd\" target=\"_new\" rel=\"noopener\" data-start=\"1741\" data-end=\"1801\">Wikipedia - Smaragd<\/a><\/p>","protected":false},"excerpt":{"rendered":"<p data-start=\"469\" data-end=\"609\"><em>Smaragd Paar Tropfen Gr\u00fcn 1.27 Karat aus Sambia, ge\u00f6lt. Perfekt abgestimmte Edelsteine im Tropfenschliff \u2013 ideal f\u00fcr luxuri\u00f6se Ohrringe.<\/em><\/p>","protected":false},"featured_media":8617,"comment_status":"open","ping_status":"closed","template":"","meta":{"_glsr_average":0,"_glsr_ranking":0,"_glsr_reviews":0},"product_brand":[],"product_cat":[262],"product_tag":[],"class_list":{"0":"post-8616","1":"product","2":"type-product","3":"status-publish","4":"has-post-thumbnail","6":"product_cat-smaragd","7":"pa_edelsteinart-smaragd","8":"pa_farbe-gruen","9":"pa_form-tropfen","10":"pa_gewicht-karat-0-5-1-0-karat","11":"pa_herkunft-sambia","12":"pa_reinheit-kleine-einschluesse","13":"pa_veredelung-behandlung-geoelt","14":"pa_zustand-neu","16":"first","17":"instock","18":"sold-individually","19":"shipping-taxable","20":"purchasable","21":"product-type-simple","22":"add-to-wishlist-before_image"},"jetpack_sharing_enabled":true,"_links":{"self":[{"href":"https:\/\/saphirsmaragd.com\/da\/wp-json\/wp\/v2\/product\/8616","targetHints":{"allow":["GET"]}}],"collection":[{"href":"https:\/\/saphirsmaragd.com\/da\/wp-json\/wp\/v2\/product"}],"about":[{"href":"https:\/\/saphirsmaragd.com\/da\/wp-json\/wp\/v2\/types\/product"}],"replies":[{"embeddable":true,"href":"https:\/\/saphirsmaragd.com\/da\/wp-json\/wp\/v2\/comments?post=8616"}],"version-history":[{"count":1,"href":"https:\/\/saphirsmaragd.com\/da\/wp-json\/wp\/v2\/product\/8616\/revisions"}],"predecessor-version":[{"id":8618,"href":"https:\/\/saphirsmaragd.com\/da\/wp-json\/wp\/v2\/product\/8616\/revisions\/8618"}],"wp:featuredmedia":[{"embeddable":true,"href":"https:\/\/saphirsmaragd.com\/da\/wp-json\/wp\/v2\/media\/8617"}],"wp:attachment":[{"href":"https:\/\/saphirsmaragd.com\/da\/wp-json\/wp\/v2\/media?parent=8616"}],"wp:term":[{"taxonomy":"product_brand","embeddable":true,"href":"https:\/\/saphirsmaragd.com\/da\/wp-json\/wp\/v2\/product_brand?post=8616"},{"taxonomy":"product_cat","embeddable":true,"href":"https:\/\/saphirsmaragd.com\/da\/wp-json\/wp\/v2\/product_cat?post=8616"},{"taxonomy":"product_tag","embeddable":true,"href":"https:\/\/saphirsmaragd.com\/da\/wp-json\/wp\/v2\/product_tag?post=8616"}],"curies":[{"name":"wp","href":"https:\/\/api.w.org\/{rel}","templated":true}]}}