{"id":8622,"date":"2026-04-19T18:17:30","date_gmt":"2026-04-19T18:17:30","guid":{"rendered":"https:\/\/saphirsmaragd.com\/?post_type=product&#038;p=8622"},"modified":"2026-04-19T18:21:39","modified_gmt":"2026-04-19T18:21:39","slug":"smaragd-paar-tropfen-gruen-1-17-karat","status":"publish","type":"product","link":"https:\/\/saphirsmaragd.com\/da\/vare\/smaragd-paar-tropfen-gruen-1-17-karat\/","title":{"rendered":"Smaragd Paar Tropfen Gr\u00fcn 1.17 Karat aus Sambia \u2013 Harmonische Edelsteine f\u00fcr elegante Ohrringe"},"content":{"rendered":"<p data-start=\"836\" data-end=\"1072\">Das Smaragd Paar Tropfen Gr\u00fcn 1.17 Karat aus Sambia begeistert durch seine ausgewogene Form und die harmonische Abstimmung beider Edelsteine. Die elegante Tropfenform macht dieses Paar besonders attraktiv f\u00fcr hochwertige Schmuckdesigns.<\/p>\n<hr data-start=\"1074\" data-end=\"1077\" \/>\n<div id=\"ez-toc-container\" class=\"ez-toc-v2_0_82_2 counter-hierarchy ez-toc-counter ez-toc-grey ez-toc-container-direction\">\n<div class=\"ez-toc-title-container\">\n<p class=\"ez-toc-title\" style=\"cursor:inherit\">Indholdsfortegnelse<\/p>\n<span class=\"ez-toc-title-toggle\"><a href=\"#\" class=\"ez-toc-pull-right ez-toc-btn ez-toc-btn-xs ez-toc-btn-default ez-toc-toggle\" aria-label=\"Toggle Table of Content\"><span class=\"ez-toc-js-icon-con\"><span class=\"\"><span class=\"eztoc-hide\" style=\"display:none;\">Skift<\/span><span class=\"ez-toc-icon-toggle-span\"><svg style=\"fill: #999;color:#999\" xmlns=\"http:\/\/www.w3.org\/2000\/svg\" class=\"list-377408\" width=\"20px\" height=\"20px\" viewbox=\"0 0 24 24\" fill=\"none\"><path d=\"M6 6H4v2h2V6zm14 0H8v2h12V6zM4 11h2v2H4v-2zm16 0H8v2h12v-2zM4 16h2v2H4v-2zm16 0H8v2h12v-2z\" fill=\"currentColor\"><\/path><\/svg><svg style=\"fill: #999;color:#999\" class=\"arrow-unsorted-368013\" xmlns=\"http:\/\/www.w3.org\/2000\/svg\" width=\"10px\" height=\"10px\" viewbox=\"0 0 24 24\" version=\"1.2\" baseprofile=\"tiny\"><path d=\"M18.2 9.3l-6.2-6.3-6.2 6.3c-.2.2-.3.4-.3.7s.1.5.3.7c.2.2.4.3.7.3h11c.3 0 .5-.1.7-.3.2-.2.3-.5.3-.7s-.1-.5-.3-.7zM5.8 14.7l6.2 6.3 6.2-6.3c.2-.2.3-.5.3-.7s-.1-.5-.3-.7c-.2-.2-.4-.3-.7-.3h-11c-.3 0-.5.1-.7.3-.2.2-.3.5-.3.7s.1.5.3.7z\"\/><\/svg><\/span><\/span><\/span><\/a><\/span><\/div>\n<nav><ul class='ez-toc-list ez-toc-list-level-1' ><li class='ez-toc-page-1 ez-toc-heading-level-4'><a class=\"ez-toc-link ez-toc-heading-1\" href=\"https:\/\/saphirsmaragd.com\/da\/vare\/smaragd-paar-tropfen-gruen-1-17-karat\/#Merkmale_Herkunft\" >Karakteristika og oprindelse<\/a><\/li><li class='ez-toc-page-1 ez-toc-heading-level-4'><a class=\"ez-toc-link ez-toc-heading-2\" href=\"https:\/\/saphirsmaragd.com\/da\/vare\/smaragd-paar-tropfen-gruen-1-17-karat\/#Besonderheiten\" >S\u00e6rlige funktioner<\/a><\/li><li class='ez-toc-page-1 ez-toc-heading-level-4'><a class=\"ez-toc-link ez-toc-heading-3\" href=\"https:\/\/saphirsmaragd.com\/da\/vare\/smaragd-paar-tropfen-gruen-1-17-karat\/#Mehr_uber_Heilsteine_Kristalle\" >Mere om helbredende sten og krystaller<\/a><\/li><li class='ez-toc-page-1 ez-toc-heading-level-4'><a class=\"ez-toc-link ez-toc-heading-4\" href=\"https:\/\/saphirsmaragd.com\/da\/vare\/smaragd-paar-tropfen-gruen-1-17-karat\/#Weitere_Infos\" >Yderligere information<\/a><\/li><\/ul><\/nav><\/div>\n<h4 data-start=\"1079\" data-end=\"1105\"><span class=\"ez-toc-section\" id=\"Merkmale_Herkunft\"><\/span>Karakteristika og oprindelse<span class=\"ez-toc-section-end\"><\/span><\/h4>\n<p data-start=\"1107\" data-end=\"1354\">Stentype: Smaragd<br data-start=\"1124\" data-end=\"1127\" \/>Farve: Gr\u00f8n<br data-start=\"1138\" data-end=\"1141\" \/>Form: Tropfen<br data-start=\"1154\" data-end=\"1157\" \/>Gewicht: 1.17 Karat (gesamt)<br data-start=\"1185\" data-end=\"1188\" \/>Abmessungen: ca. 7 x 5 mm je Stein<br data-start=\"1222\" data-end=\"1225\" \/>Oprindelse: Zambia<br data-start=\"1241\" data-end=\"1244\" \/>Klarhed: Tydelige inkluderinger<br data-start=\"1272\" data-end=\"1275\" \/>Behandling: Olieret<br data-start=\"1292\" data-end=\"1295\" \/>Observation: Naturlig<br data-start=\"1317\" data-end=\"1320\" \/>Mohs-h\u00e5rdhed: 7,5-8<br data-start=\"1337\" data-end=\"1340\" \/>Stand: Ny<\/p>\n<hr data-start=\"1356\" data-end=\"1359\" \/>\n<h4 data-start=\"1361\" data-end=\"1382\"><span class=\"ez-toc-section\" id=\"Besonderheiten\"><\/span>S\u00e6rlige funktioner<span class=\"ez-toc-section-end\"><\/span><\/h4>\n<p data-start=\"1384\" data-end=\"1608\">Das Smaragd Paar Tropfen Gr\u00fcn 1.17 Karat eignet sich ideal f\u00fcr elegante Ohrringe oder symmetrische Schmuckst\u00fccke. Der Tropfenschliff verleiht den Steinen eine flie\u00dfende, edle Form, die besonders im Licht zur Geltung kommt.<\/p>\n<p data-start=\"1610\" data-end=\"1841\">Perfekt abgestimmte Smaragd-Paare sind selten, da beide Steine hinsichtlich Gr\u00f6\u00dfe, Farbe und Schliff nahezu identisch sein m\u00fcssen. Diese pr\u00e4zise \u00dcbereinstimmung macht solche Paare besonders begehrt im hochwertigen Schmuckbereich.<\/p>\n<p data-start=\"1843\" data-end=\"2036\">Smaragde aus Sambia sind weltweit f\u00fcr ihre intensive, leicht k\u00fchle Gr\u00fcnfarbe bekannt. Die nat\u00fcrlichen Einschl\u00fcsse unterstreichen die Echtheit der Edelsteine und machen jedes Paar einzigartig.<\/p>\n<hr data-start=\"1670\" data-end=\"1673\" \/>\n<h4 data-start=\"1448\" data-end=\"1473\"><span class=\"ez-toc-section\" id=\"Mehr_uber_Heilsteine_Kristalle\"><\/span>Mere om helbredende sten og krystaller<span class=\"ez-toc-section-end\"><\/span><\/h4>\n<p data-start=\"1475\" data-end=\"1668\"><a class=\"\" href=\"https:\/\/saphirsmaragd.com\/da\/product-category\/heilsteine-kristalle-kaufen\/\" target=\"_new\" rel=\"noopener\" data-start=\"1571\" data-end=\"1668\">Helbredende sten og krystaller<\/a><\/p>\n<hr data-start=\"1670\" data-end=\"1673\" \/>\n<h4 data-start=\"1675\" data-end=\"1695\"><span class=\"ez-toc-section\" id=\"Weitere_Infos\"><\/span>Yderligere information<span class=\"ez-toc-section-end\"><\/span><\/h4>\n<p data-start=\"1697\" data-end=\"1801\"><a class=\"\" href=\"https:\/\/de.wikipedia.org\/wiki\/Smaragd\" target=\"_new\" rel=\"noopener\" data-start=\"1741\" data-end=\"1801\">Wikipedia - Smaragd<\/a><\/p>","protected":false},"excerpt":{"rendered":"<p data-start=\"500\" data-end=\"637\"><em>Smaragd Paar Tropfen Gr\u00fcn 1.17 Karat aus Sambia, ge\u00f6lt. Perfekt abgestimmte Edelsteine im Tropfenschliff f\u00fcr stilvolle Schmuckst\u00fccke.<\/em><\/p>","protected":false},"featured_media":8623,"comment_status":"open","ping_status":"closed","template":"","meta":{"_glsr_average":0,"_glsr_ranking":0,"_glsr_reviews":0},"product_brand":[],"product_cat":[262],"product_tag":[],"class_list":{"0":"post-8622","1":"product","2":"type-product","3":"status-publish","4":"has-post-thumbnail","6":"product_cat-smaragd","7":"pa_edelsteinart-smaragd","8":"pa_farbe-gruen","9":"pa_form-tropfen","10":"pa_gewicht-karat-1-0-3-0-karat","11":"pa_herkunft-sambia","12":"pa_reinheit-deutliche-einschluesse","13":"pa_veredelung-behandlung-geoelt","14":"pa_zustand-neu","16":"first","17":"instock","18":"sold-individually","19":"shipping-taxable","20":"purchasable","21":"product-type-simple","22":"add-to-wishlist-before_image"},"jetpack_sharing_enabled":true,"_links":{"self":[{"href":"https:\/\/saphirsmaragd.com\/da\/wp-json\/wp\/v2\/product\/8622","targetHints":{"allow":["GET"]}}],"collection":[{"href":"https:\/\/saphirsmaragd.com\/da\/wp-json\/wp\/v2\/product"}],"about":[{"href":"https:\/\/saphirsmaragd.com\/da\/wp-json\/wp\/v2\/types\/product"}],"replies":[{"embeddable":true,"href":"https:\/\/saphirsmaragd.com\/da\/wp-json\/wp\/v2\/comments?post=8622"}],"version-history":[{"count":1,"href":"https:\/\/saphirsmaragd.com\/da\/wp-json\/wp\/v2\/product\/8622\/revisions"}],"predecessor-version":[{"id":8624,"href":"https:\/\/saphirsmaragd.com\/da\/wp-json\/wp\/v2\/product\/8622\/revisions\/8624"}],"wp:featuredmedia":[{"embeddable":true,"href":"https:\/\/saphirsmaragd.com\/da\/wp-json\/wp\/v2\/media\/8623"}],"wp:attachment":[{"href":"https:\/\/saphirsmaragd.com\/da\/wp-json\/wp\/v2\/media?parent=8622"}],"wp:term":[{"taxonomy":"product_brand","embeddable":true,"href":"https:\/\/saphirsmaragd.com\/da\/wp-json\/wp\/v2\/product_brand?post=8622"},{"taxonomy":"product_cat","embeddable":true,"href":"https:\/\/saphirsmaragd.com\/da\/wp-json\/wp\/v2\/product_cat?post=8622"},{"taxonomy":"product_tag","embeddable":true,"href":"https:\/\/saphirsmaragd.com\/da\/wp-json\/wp\/v2\/product_tag?post=8622"}],"curies":[{"name":"wp","href":"https:\/\/api.w.org\/{rel}","templated":true}]}}