{"id":8673,"date":"2026-04-27T14:36:38","date_gmt":"2026-04-27T14:36:38","guid":{"rendered":"https:\/\/saphirsmaragd.com\/?post_type=product&#038;p=8673"},"modified":"2026-04-27T14:40:13","modified_gmt":"2026-04-27T14:40:13","slug":"smaragd-rechteck-gruen-0-93-karat","status":"publish","type":"product","link":"https:\/\/saphirsmaragd.com\/da\/vare\/smaragd-rechteck-gruen-0-93-karat\/","title":{"rendered":"Smaragd Rechteck Gr\u00fcn 0.93 Karat aus Sambia \u2013 Klassischer Smaragdschliff Edelstein mit intensiver Farbe"},"content":{"rendered":"<p data-start=\"857\" data-end=\"1115\">Der Smaragd Rechteck Gr\u00fcn 0.93 Karat aus Sambia besticht durch seine klare rechteckige Form und seine intensive gr\u00fcne Farbgebung. Mit nahezu einem Karat bietet dieser Edelstein eine hervorragende Kombination aus Gr\u00f6\u00dfe, Eleganz und Preis-Leistungs-Verh\u00e4ltnis.<\/p>\n<hr data-start=\"1117\" data-end=\"1120\" \/>\n<div id=\"ez-toc-container\" class=\"ez-toc-v2_0_82_2 counter-hierarchy ez-toc-counter ez-toc-grey ez-toc-container-direction\">\n<div class=\"ez-toc-title-container\">\n<p class=\"ez-toc-title\" style=\"cursor:inherit\">Indholdsfortegnelse<\/p>\n<span class=\"ez-toc-title-toggle\"><a href=\"#\" class=\"ez-toc-pull-right ez-toc-btn ez-toc-btn-xs ez-toc-btn-default ez-toc-toggle\" aria-label=\"Toggle Table of Content\"><span class=\"ez-toc-js-icon-con\"><span class=\"\"><span class=\"eztoc-hide\" style=\"display:none;\">Skift<\/span><span class=\"ez-toc-icon-toggle-span\"><svg style=\"fill: #999;color:#999\" xmlns=\"http:\/\/www.w3.org\/2000\/svg\" class=\"list-377408\" width=\"20px\" height=\"20px\" viewbox=\"0 0 24 24\" fill=\"none\"><path d=\"M6 6H4v2h2V6zm14 0H8v2h12V6zM4 11h2v2H4v-2zm16 0H8v2h12v-2zM4 16h2v2H4v-2zm16 0H8v2h12v-2z\" fill=\"currentColor\"><\/path><\/svg><svg style=\"fill: #999;color:#999\" class=\"arrow-unsorted-368013\" xmlns=\"http:\/\/www.w3.org\/2000\/svg\" width=\"10px\" height=\"10px\" viewbox=\"0 0 24 24\" version=\"1.2\" baseprofile=\"tiny\"><path d=\"M18.2 9.3l-6.2-6.3-6.2 6.3c-.2.2-.3.4-.3.7s.1.5.3.7c.2.2.4.3.7.3h11c.3 0 .5-.1.7-.3.2-.2.3-.5.3-.7s-.1-.5-.3-.7zM5.8 14.7l6.2 6.3 6.2-6.3c.2-.2.3-.5.3-.7s-.1-.5-.3-.7c-.2-.2-.4-.3-.7-.3h-11c-.3 0-.5.1-.7.3-.2.2-.3.5-.3.7s.1.5.3.7z\"\/><\/svg><\/span><\/span><\/span><\/a><\/span><\/div>\n<nav><ul class='ez-toc-list ez-toc-list-level-1' ><li class='ez-toc-page-1 ez-toc-heading-level-4'><a class=\"ez-toc-link ez-toc-heading-1\" href=\"https:\/\/saphirsmaragd.com\/da\/vare\/smaragd-rechteck-gruen-0-93-karat\/#Merkmale_Herkunft\" >Karakteristika og oprindelse<\/a><\/li><li class='ez-toc-page-1 ez-toc-heading-level-4'><a class=\"ez-toc-link ez-toc-heading-2\" href=\"https:\/\/saphirsmaragd.com\/da\/vare\/smaragd-rechteck-gruen-0-93-karat\/#Besonderheiten\" >S\u00e6rlige funktioner<\/a><\/li><li class='ez-toc-page-1 ez-toc-heading-level-4'><a class=\"ez-toc-link ez-toc-heading-3\" href=\"https:\/\/saphirsmaragd.com\/da\/vare\/smaragd-rechteck-gruen-0-93-karat\/#Mehr_uber_Heilsteine_Kristalle\" >Mere om helbredende sten og krystaller<\/a><\/li><li class='ez-toc-page-1 ez-toc-heading-level-4'><a class=\"ez-toc-link ez-toc-heading-4\" href=\"https:\/\/saphirsmaragd.com\/da\/vare\/smaragd-rechteck-gruen-0-93-karat\/#Weitere_Infos\" >Yderligere information<\/a><\/li><\/ul><\/nav><\/div>\n<h4 data-start=\"1122\" data-end=\"1148\"><span class=\"ez-toc-section\" id=\"Merkmale_Herkunft\"><\/span>Karakteristika og oprindelse<span class=\"ez-toc-section-end\"><\/span><\/h4>\n<p data-start=\"1150\" data-end=\"1401\">Stentype: Smaragd<br data-start=\"1167\" data-end=\"1170\" \/>Farve: Gr\u00f8n<br data-start=\"1181\" data-end=\"1184\" \/>Form: Rechteck (Smaragdschliff)<br data-start=\"1215\" data-end=\"1218\" \/>Gewicht: 0.93 Karat<br data-start=\"1237\" data-end=\"1240\" \/>Abmessungen: ca. 6.8 x 4.8 mm<br data-start=\"1269\" data-end=\"1272\" \/>Oprindelse: Zambia<br data-start=\"1288\" data-end=\"1291\" \/>Klarhed: Tydelige inkluderinger<br data-start=\"1319\" data-end=\"1322\" \/>Behandling: Olieret<br data-start=\"1339\" data-end=\"1342\" \/>Observation: Naturlig<br data-start=\"1364\" data-end=\"1367\" \/>Mohs-h\u00e5rdhed: 7,5-8<br data-start=\"1384\" data-end=\"1387\" \/>Stand: Ny<\/p>\n<hr data-start=\"1403\" data-end=\"1406\" \/>\n<h4 data-start=\"1408\" data-end=\"1429\"><span class=\"ez-toc-section\" id=\"Besonderheiten\"><\/span>S\u00e6rlige funktioner<span class=\"ez-toc-section-end\"><\/span><\/h4>\n<p data-start=\"1431\" data-end=\"1724\">Der Smaragd Rechteck Gr\u00fcn 0.93 Karat wurde im klassischen Smaragdschliff verarbeitet, der durch seine geraden Linien und gro\u00dfen Facetten eine besonders elegante Lichtwirkung erzeugt. Diese Schliffform unterstreicht die nat\u00fcrliche Struktur des Edelsteins und hebt seine Farbintensit\u00e4t hervor.<\/p>\n<p data-start=\"1726\" data-end=\"2000\">Mit einem Gewicht nahe der 1-Karat-Grenze geh\u00f6rt dieser Smaragd zu den besonders gefragten Gr\u00f6\u00dfen im Edelsteinmarkt. Er bietet eine hochwertige Optik zu einem attraktiveren Preis als gr\u00f6\u00dfere Steine und eignet sich ideal f\u00fcr exklusive Schmuckst\u00fccke wie Ringe oder Anh\u00e4nger.<\/p>\n<p data-start=\"2002\" data-end=\"2201\">Smaragde aus Sambia sind bekannt f\u00fcr ihre tiefen Gr\u00fcnt\u00f6ne und ihre hohe Qualit\u00e4t. Die nat\u00fcrlichen Einschl\u00fcsse sind typisch f\u00fcr echte Smaragde und verleihen dem Stein seinen individuellen Charakter.<\/p>\n<hr data-start=\"1670\" data-end=\"1673\" \/>\n<h4 data-start=\"1448\" data-end=\"1473\"><span class=\"ez-toc-section\" id=\"Mehr_uber_Heilsteine_Kristalle\"><\/span>Mere om helbredende sten og krystaller<span class=\"ez-toc-section-end\"><\/span><\/h4>\n<p data-start=\"1475\" data-end=\"1668\"><a class=\"\" href=\"https:\/\/saphirsmaragd.com\/da\/product-category\/heilsteine-kristalle-kaufen\/\" target=\"_new\" rel=\"noopener\" data-start=\"1571\" data-end=\"1668\">Helbredende sten og krystaller<\/a><\/p>\n<hr data-start=\"1670\" data-end=\"1673\" \/>\n<h4 data-start=\"1675\" data-end=\"1695\"><span class=\"ez-toc-section\" id=\"Weitere_Infos\"><\/span>Yderligere information<span class=\"ez-toc-section-end\"><\/span><\/h4>\n<p data-start=\"1697\" data-end=\"1801\"><a class=\"\" href=\"https:\/\/de.wikipedia.org\/wiki\/Smaragd\" target=\"_new\" rel=\"noopener\" data-start=\"1741\" data-end=\"1801\">Wikipedia - Smaragd<\/a><\/p>","protected":false},"excerpt":{"rendered":"<p data-start=\"517\" data-end=\"653\"><em>Smaragd Rechteck Gr\u00fcn 0.93 Karat aus Sambia, ge\u00f6lt. Hochwertiger Edelstein im klassischen Smaragdschliff mit kr\u00e4ftiger gr\u00fcner Farbe.<\/em><\/p>","protected":false},"featured_media":8674,"comment_status":"open","ping_status":"closed","template":"","meta":{"_glsr_average":0,"_glsr_ranking":0,"_glsr_reviews":0},"product_brand":[],"product_cat":[262],"product_tag":[],"class_list":{"0":"post-8673","1":"product","2":"type-product","3":"status-publish","4":"has-post-thumbnail","6":"product_cat-smaragd","7":"pa_edelsteinart-smaragd","8":"pa_farbe-gruen","9":"pa_form-rechteck","10":"pa_gewicht-karat-0-5-1-0-karat","11":"pa_herkunft-sambia","12":"pa_reinheit-deutliche-einschluesse","13":"pa_veredelung-behandlung-geoelt","14":"pa_zustand-neu","16":"first","17":"instock","18":"sold-individually","19":"taxable","20":"shipping-taxable","21":"purchasable","22":"product-type-simple","23":"add-to-wishlist-before_image"},"jetpack_sharing_enabled":true,"_links":{"self":[{"href":"https:\/\/saphirsmaragd.com\/da\/wp-json\/wp\/v2\/product\/8673","targetHints":{"allow":["GET"]}}],"collection":[{"href":"https:\/\/saphirsmaragd.com\/da\/wp-json\/wp\/v2\/product"}],"about":[{"href":"https:\/\/saphirsmaragd.com\/da\/wp-json\/wp\/v2\/types\/product"}],"replies":[{"embeddable":true,"href":"https:\/\/saphirsmaragd.com\/da\/wp-json\/wp\/v2\/comments?post=8673"}],"version-history":[{"count":1,"href":"https:\/\/saphirsmaragd.com\/da\/wp-json\/wp\/v2\/product\/8673\/revisions"}],"predecessor-version":[{"id":8675,"href":"https:\/\/saphirsmaragd.com\/da\/wp-json\/wp\/v2\/product\/8673\/revisions\/8675"}],"wp:featuredmedia":[{"embeddable":true,"href":"https:\/\/saphirsmaragd.com\/da\/wp-json\/wp\/v2\/media\/8674"}],"wp:attachment":[{"href":"https:\/\/saphirsmaragd.com\/da\/wp-json\/wp\/v2\/media?parent=8673"}],"wp:term":[{"taxonomy":"product_brand","embeddable":true,"href":"https:\/\/saphirsmaragd.com\/da\/wp-json\/wp\/v2\/product_brand?post=8673"},{"taxonomy":"product_cat","embeddable":true,"href":"https:\/\/saphirsmaragd.com\/da\/wp-json\/wp\/v2\/product_cat?post=8673"},{"taxonomy":"product_tag","embeddable":true,"href":"https:\/\/saphirsmaragd.com\/da\/wp-json\/wp\/v2\/product_tag?post=8673"}],"curies":[{"name":"wp","href":"https:\/\/api.w.org\/{rel}","templated":true}]}}