{"id":8790,"date":"2026-05-14T18:44:04","date_gmt":"2026-05-14T18:44:04","guid":{"rendered":"https:\/\/saphirsmaragd.com\/?post_type=product&#038;p=8790"},"modified":"2026-05-14T18:47:04","modified_gmt":"2026-05-14T18:47:04","slug":"smaragd-tropfen-gruen-paar-0-76-karat","status":"publish","type":"product","link":"https:\/\/saphirsmaragd.com\/da\/vare\/smaragd-tropfen-gruen-paar-0-76-karat\/","title":{"rendered":"Smaragd Tropfen Gr\u00fcn Paar 0.76 Karat aus Sambia \u2013 Elegantes Tropfenschliff Edelsteinpaar"},"content":{"rendered":"<div id=\"ez-toc-container\" class=\"ez-toc-v2_0_83 counter-hierarchy ez-toc-counter ez-toc-grey ez-toc-container-direction\">\n<div class=\"ez-toc-title-container\">\n<p class=\"ez-toc-title\" style=\"cursor:inherit\">Indholdsfortegnelse<\/p>\n<span class=\"ez-toc-title-toggle\"><a href=\"#\" class=\"ez-toc-pull-right ez-toc-btn ez-toc-btn-xs ez-toc-btn-default ez-toc-toggle\" aria-label=\"Toggle Table of Content\"><span class=\"ez-toc-js-icon-con\"><span class=\"\"><span class=\"eztoc-hide\" style=\"display:none;\">Skift<\/span><span class=\"ez-toc-icon-toggle-span\"><svg style=\"fill: #999;color:#999\" xmlns=\"http:\/\/www.w3.org\/2000\/svg\" class=\"list-377408\" width=\"20px\" height=\"20px\" viewbox=\"0 0 24 24\" fill=\"none\"><path d=\"M6 6H4v2h2V6zm14 0H8v2h12V6zM4 11h2v2H4v-2zm16 0H8v2h12v-2zM4 16h2v2H4v-2zm16 0H8v2h12v-2z\" fill=\"currentColor\"><\/path><\/svg><svg style=\"fill: #999;color:#999\" class=\"arrow-unsorted-368013\" xmlns=\"http:\/\/www.w3.org\/2000\/svg\" width=\"10px\" height=\"10px\" viewbox=\"0 0 24 24\" version=\"1.2\" baseprofile=\"tiny\"><path d=\"M18.2 9.3l-6.2-6.3-6.2 6.3c-.2.2-.3.4-.3.7s.1.5.3.7c.2.2.4.3.7.3h11c.3 0 .5-.1.7-.3.2-.2.3-.5.3-.7s-.1-.5-.3-.7zM5.8 14.7l6.2 6.3 6.2-6.3c.2-.2.3-.5.3-.7s-.1-.5-.3-.7c-.2-.2-.4-.3-.7-.3h-11c-.3 0-.5.1-.7.3-.2.2-.3.5-.3.7s.1.5.3.7z\"\/><\/svg><\/span><\/span><\/span><\/a><\/span><\/div>\n<nav><ul class='ez-toc-list ez-toc-list-level-1' ><li class='ez-toc-page-1 ez-toc-heading-level-4'><a class=\"ez-toc-link ez-toc-heading-1\" href=\"https:\/\/saphirsmaragd.com\/da\/vare\/smaragd-tropfen-gruen-paar-0-76-karat\/#Merkmale_Herkunft\" >Karakteristika og oprindelse<\/a><\/li><li class='ez-toc-page-1 ez-toc-heading-level-4'><a class=\"ez-toc-link ez-toc-heading-2\" href=\"https:\/\/saphirsmaragd.com\/da\/vare\/smaragd-tropfen-gruen-paar-0-76-karat\/#Besonderheiten\" >S\u00e6rlige funktioner<\/a><\/li><li class='ez-toc-page-1 ez-toc-heading-level-4'><a class=\"ez-toc-link ez-toc-heading-3\" href=\"https:\/\/saphirsmaragd.com\/da\/vare\/smaragd-tropfen-gruen-paar-0-76-karat\/#Mehr_uber_Heilsteine_Kristalle\" >Mere om helbredende sten og krystaller<\/a><\/li><li class='ez-toc-page-1 ez-toc-heading-level-4'><a class=\"ez-toc-link ez-toc-heading-4\" href=\"https:\/\/saphirsmaragd.com\/da\/vare\/smaragd-tropfen-gruen-paar-0-76-karat\/#Weitere_Infos\" >Yderligere information<\/a><\/li><\/ul><\/nav><\/div>\n<p data-start=\"650\" data-end=\"920\">Das Smaragd Tropfen Gr\u00fcn Paar 0.76 Karat aus Sambia \u00fcberzeugt durch seine harmonisch abgestimmte Tropfenform und seine intensive gr\u00fcne Farbwirkung. Das perfekt kombinierte Edelsteinpaar eignet sich hervorragend f\u00fcr luxuri\u00f6se Ohrringe oder exklusive Schmuckanfertigungen.<\/p>\n<hr data-start=\"922\" data-end=\"925\" \/>\n<h4 data-start=\"927\" data-end=\"953\"><span class=\"ez-toc-section\" id=\"Merkmale_Herkunft\"><\/span>Karakteristika og oprindelse<span class=\"ez-toc-section-end\"><\/span><\/h4>\n<p data-start=\"955\" data-end=\"1189\">Stentype: Smaragd<br data-start=\"972\" data-end=\"975\" \/>Farve: Gr\u00f8n<br data-start=\"986\" data-end=\"989\" \/>Form: Tropfen Paar<br data-start=\"1007\" data-end=\"1010\" \/>Gewicht: 0.76 Karat<br data-start=\"1029\" data-end=\"1032\" \/>Abmessungen: ca. 6 x 4 mm<br data-start=\"1057\" data-end=\"1060\" \/>Oprindelse: Zambia<br data-start=\"1076\" data-end=\"1079\" \/>Renhed: Sm\u00e5 indeslutninger<br data-start=\"1107\" data-end=\"1110\" \/>Behandling: Olieret<br data-start=\"1127\" data-end=\"1130\" \/>Observation: Naturlig<br data-start=\"1152\" data-end=\"1155\" \/>Mohs-h\u00e5rdhed: 7,5-8<br data-start=\"1172\" data-end=\"1175\" \/>Stand: Ny<\/p>\n<hr data-start=\"1191\" data-end=\"1194\" \/>\n<h4 data-start=\"1196\" data-end=\"1217\"><span class=\"ez-toc-section\" id=\"Besonderheiten\"><\/span>S\u00e6rlige funktioner<span class=\"ez-toc-section-end\"><\/span><\/h4>\n<p data-start=\"1219\" data-end=\"1432\">Das Smaragd Tropfen Gr\u00fcn Paar 0.76 Karat wurde sorgf\u00e4ltig auf Form und Proportion abgestimmt. Passende Edelsteinpaare gelten als deutlich seltener als Einzelsteine und besitzen einen hohen Wert im Schmuckdesign.<\/p>\n<p data-start=\"1434\" data-end=\"1640\">Die klassische Tropfenform z\u00e4hlt zu den beliebtesten Schliffen im hochwertigen Schmuckbereich. Besonders als Ohrringe oder luxuri\u00f6se Sonderanfertigungen entfaltet ein Edelsteinpaar seine elegante Wirkung.<\/p>\n<p data-start=\"1642\" data-end=\"1813\">Smaragde aus Sambia werden weltweit f\u00fcr ihre kr\u00e4ftigen Gr\u00fcnt\u00f6ne und ihre nat\u00fcrliche Struktur gesch\u00e4tzt. Die feinen nat\u00fcrlichen Einschl\u00fcsse machen jedes Paar einzigartig.<\/p>\n<hr data-start=\"1670\" data-end=\"1673\" \/>\n<h4 data-start=\"1448\" data-end=\"1473\"><span class=\"ez-toc-section\" id=\"Mehr_uber_Heilsteine_Kristalle\"><\/span>Mere om helbredende sten og krystaller<span class=\"ez-toc-section-end\"><\/span><\/h4>\n<p data-start=\"1475\" data-end=\"1668\"><a class=\"\" href=\"https:\/\/saphirsmaragd.com\/da\/product-category\/heilsteine-kristalle-kaufen\/\" target=\"_new\" rel=\"noopener\" data-start=\"1571\" data-end=\"1668\">Helbredende sten og krystaller<\/a><\/p>\n<hr data-start=\"1670\" data-end=\"1673\" \/>\n<h4 data-start=\"1675\" data-end=\"1695\"><span class=\"ez-toc-section\" id=\"Weitere_Infos\"><\/span>Yderligere information<span class=\"ez-toc-section-end\"><\/span><\/h4>\n<p data-start=\"1697\" data-end=\"1801\"><a class=\"\" href=\"https:\/\/de.wikipedia.org\/wiki\/Smaragd\" target=\"_new\" rel=\"noopener\" data-start=\"1741\" data-end=\"1801\">Wikipedia - Smaragd<\/a><\/p>","protected":false},"excerpt":{"rendered":"<p data-start=\"296\" data-end=\"459\"><em>Smaragd Tropfen Gr\u00fcn Paar 0.76 Karat aus Sambia mit ge\u00f6lter Veredelung. Harmonisch abgestimmtes Tropfenschliff Edelsteinpaar mit intensiver gr\u00fcner Farbwirkung.<\/em><\/p>","protected":false},"featured_media":8791,"comment_status":"open","ping_status":"closed","template":"","meta":{"_glsr_average":0,"_glsr_ranking":0,"_glsr_reviews":0},"product_brand":[],"product_cat":[262],"product_tag":[],"class_list":{"0":"post-8790","1":"product","2":"type-product","3":"status-publish","4":"has-post-thumbnail","6":"product_cat-smaragd","7":"pa_edelsteinart-smaragd","8":"pa_farbe-gruen","9":"pa_form-tropfen","10":"pa_gewicht-karat-0-5-1-0-karat","11":"pa_herkunft-sambia","12":"pa_reinheit-kleine-einschluesse","13":"pa_veredelung-behandlung-geoelt","14":"pa_zustand-neu","16":"first","17":"instock","18":"sold-individually","19":"shipping-taxable","20":"purchasable","21":"product-type-simple","22":"add-to-wishlist-before_image"},"jetpack_sharing_enabled":true,"_links":{"self":[{"href":"https:\/\/saphirsmaragd.com\/da\/wp-json\/wp\/v2\/product\/8790","targetHints":{"allow":["GET"]}}],"collection":[{"href":"https:\/\/saphirsmaragd.com\/da\/wp-json\/wp\/v2\/product"}],"about":[{"href":"https:\/\/saphirsmaragd.com\/da\/wp-json\/wp\/v2\/types\/product"}],"replies":[{"embeddable":true,"href":"https:\/\/saphirsmaragd.com\/da\/wp-json\/wp\/v2\/comments?post=8790"}],"version-history":[{"count":1,"href":"https:\/\/saphirsmaragd.com\/da\/wp-json\/wp\/v2\/product\/8790\/revisions"}],"predecessor-version":[{"id":8792,"href":"https:\/\/saphirsmaragd.com\/da\/wp-json\/wp\/v2\/product\/8790\/revisions\/8792"}],"wp:featuredmedia":[{"embeddable":true,"href":"https:\/\/saphirsmaragd.com\/da\/wp-json\/wp\/v2\/media\/8791"}],"wp:attachment":[{"href":"https:\/\/saphirsmaragd.com\/da\/wp-json\/wp\/v2\/media?parent=8790"}],"wp:term":[{"taxonomy":"product_brand","embeddable":true,"href":"https:\/\/saphirsmaragd.com\/da\/wp-json\/wp\/v2\/product_brand?post=8790"},{"taxonomy":"product_cat","embeddable":true,"href":"https:\/\/saphirsmaragd.com\/da\/wp-json\/wp\/v2\/product_cat?post=8790"},{"taxonomy":"product_tag","embeddable":true,"href":"https:\/\/saphirsmaragd.com\/da\/wp-json\/wp\/v2\/product_tag?post=8790"}],"curies":[{"name":"wp","href":"https:\/\/api.w.org\/{rel}","templated":true}]}}