{"id":1597,"date":"2025-07-11T08:36:36","date_gmt":"2025-07-11T08:36:36","guid":{"rendered":"https:\/\/saphirsmaragd.com\/?post_type=product&#038;p=1597"},"modified":"2025-12-29T19:05:32","modified_gmt":"2025-12-29T19:05:32","slug":"saphir-0-72-karat-gelb-oval-kaufen","status":"publish","type":"product","link":"https:\/\/saphirsmaragd.com\/el\/product\/saphir-0-72-karat-gelb-oval-kaufen\/","title":{"rendered":"Saphir 0.72 Karat Gelb Oval kaufen \u2013 Unbehandelter Edelstein aus Madagaskar"},"content":{"rendered":"<div id=\"ez-toc-container\" class=\"ez-toc-v2_0_82_2 counter-hierarchy ez-toc-counter ez-toc-grey ez-toc-container-direction\">\n<div class=\"ez-toc-title-container\">\n<p class=\"ez-toc-title\" style=\"cursor:inherit\">\u03a0\u03af\u03bd\u03b1\u03ba\u03b1\u03c2 \u03c0\u03b5\u03c1\u03b9\u03b5\u03c7\u03bf\u03bc\u03ad\u03bd\u03c9\u03bd<\/p>\n<span class=\"ez-toc-title-toggle\"><a href=\"#\" class=\"ez-toc-pull-right ez-toc-btn ez-toc-btn-xs ez-toc-btn-default ez-toc-toggle\" aria-label=\"Toggle Table of Content\"><span class=\"ez-toc-js-icon-con\"><span class=\"\"><span class=\"eztoc-hide\" style=\"display:none;\">\u039c\u03c0\u03b1\u03c1\u03ad\u03c4\u03b1<\/span><span class=\"ez-toc-icon-toggle-span\"><svg style=\"fill: #999;color:#999\" xmlns=\"http:\/\/www.w3.org\/2000\/svg\" class=\"list-377408\" width=\"20px\" height=\"20px\" viewbox=\"0 0 24 24\" fill=\"none\"><path d=\"M6 6H4v2h2V6zm14 0H8v2h12V6zM4 11h2v2H4v-2zm16 0H8v2h12v-2zM4 16h2v2H4v-2zm16 0H8v2h12v-2z\" fill=\"currentColor\"><\/path><\/svg><svg style=\"fill: #999;color:#999\" class=\"arrow-unsorted-368013\" xmlns=\"http:\/\/www.w3.org\/2000\/svg\" width=\"10px\" height=\"10px\" viewbox=\"0 0 24 24\" version=\"1.2\" baseprofile=\"tiny\"><path d=\"M18.2 9.3l-6.2-6.3-6.2 6.3c-.2.2-.3.4-.3.7s.1.5.3.7c.2.2.4.3.7.3h11c.3 0 .5-.1.7-.3.2-.2.3-.5.3-.7s-.1-.5-.3-.7zM5.8 14.7l6.2 6.3 6.2-6.3c.2-.2.3-.5.3-.7s-.1-.5-.3-.7c-.2-.2-.4-.3-.7-.3h-11c-.3 0-.5.1-.7.3-.2.2-.3.5-.3.7s.1.5.3.7z\"\/><\/svg><\/span><\/span><\/span><\/a><\/span><\/div>\n<nav><ul class='ez-toc-list ez-toc-list-level-1' ><li class='ez-toc-page-1 ez-toc-heading-level-4'><a class=\"ez-toc-link ez-toc-heading-1\" href=\"https:\/\/saphirsmaragd.com\/el\/product\/saphir-0-72-karat-gelb-oval-kaufen\/#Saphir_072_Karat_Gelb_Oval_kaufen\" >Saphir 0.72 Karat Gelb Oval kaufen<\/a><\/li><li class='ez-toc-page-1 ez-toc-heading-level-4'><a class=\"ez-toc-link ez-toc-heading-2\" href=\"https:\/\/saphirsmaragd.com\/el\/product\/saphir-0-72-karat-gelb-oval-kaufen\/#Merkmale_Herkunft\" >\u03a7\u03b1\u03c1\u03b1\u03ba\u03c4\u03b7\u03c1\u03b9\u03c3\u03c4\u03b9\u03ba\u03ac &amp; \u03a0\u03c1\u03bf\u03ad\u03bb\u03b5\u03c5\u03c3\u03b7<\/a><\/li><li class='ez-toc-page-1 ez-toc-heading-level-4'><a class=\"ez-toc-link ez-toc-heading-3\" href=\"https:\/\/saphirsmaragd.com\/el\/product\/saphir-0-72-karat-gelb-oval-kaufen\/#Besonderheiten\" >\u0395\u03b9\u03b4\u03b9\u03ba\u03ac \u03c7\u03b1\u03c1\u03b1\u03ba\u03c4\u03b7\u03c1\u03b9\u03c3\u03c4\u03b9\u03ba\u03ac<\/a><\/li><li class='ez-toc-page-1 ez-toc-heading-level-4'><a class=\"ez-toc-link ez-toc-heading-4\" href=\"https:\/\/saphirsmaragd.com\/el\/product\/saphir-0-72-karat-gelb-oval-kaufen\/#Mehr_uber_Saphire\" >\u03a0\u03b5\u03c1\u03b9\u03c3\u03c3\u03cc\u03c4\u03b5\u03c1\u03b1 \u03b3\u03b9\u03b1 \u03c4\u03b1 \u03b6\u03b1\u03c6\u03b5\u03af\u03c1\u03b9\u03b1<\/a><\/li><li class='ez-toc-page-1 ez-toc-heading-level-4'><a class=\"ez-toc-link ez-toc-heading-5\" href=\"https:\/\/saphirsmaragd.com\/el\/product\/saphir-0-72-karat-gelb-oval-kaufen\/#Weitere_Infos\" >\u03a0\u03b5\u03c1\u03b9\u03c3\u03c3\u03cc\u03c4\u03b5\u03c1\u03b5\u03c2 \u03c0\u03bb\u03b7\u03c1\u03bf\u03c6\u03bf\u03c1\u03af\u03b5\u03c2<\/a><\/li><\/ul><\/nav><\/div>\n<h4 data-start=\"708\" data-end=\"912\"><span class=\"ez-toc-section\" id=\"Saphir_072_Karat_Gelb_Oval_kaufen\"><\/span>Saphir 0.72 Karat Gelb Oval kaufen<span class=\"ez-toc-section-end\"><\/span><\/h4>\n<p>Ein intensiv gelber Saphir in ovalem Schliff \u2013 mit perfekter Reinheit und starker Leuchtkraft.<\/p>\n<hr data-start=\"914\" data-end=\"917\" \/>\n<h4 data-start=\"919\" data-end=\"948\"><span class=\"ez-toc-section\" id=\"Merkmale_Herkunft\"><\/span>\u03a7\u03b1\u03c1\u03b1\u03ba\u03c4\u03b7\u03c1\u03b9\u03c3\u03c4\u03b9\u03ba\u03ac &amp; \u03a0\u03c1\u03bf\u03ad\u03bb\u03b5\u03c5\u03c3\u03b7<span class=\"ez-toc-section-end\"><\/span><\/h4>\n<p data-start=\"949\" data-end=\"1148\">\u03a7\u03c1\u03ce\u03bc\u03b1: \u039a\u03af\u03c4\u03c1\u03b9\u03bd\u03bf<br data-start=\"975\" data-end=\"978\" \/>Gewicht: 0.72 Karat<br data-start=\"993\" data-end=\"996\" \/>Ma\u00dfe: 64 \u00d7 44 mm<br data-start=\"1028\" data-end=\"1031\" \/>Form: Oval<br data-start=\"1041\" data-end=\"1044\" \/>Herkunft: Madagaskar<br data-start=\"1064\" data-end=\"1067\" \/>\u039a\u03b1\u03b8\u03b1\u03c1\u03cc\u03c4\u03b7\u03c4\u03b1: Loupe clean<br data-start=\"1086\" data-end=\"1089\" \/>\u0398\u03b5\u03c1\u03b1\u03c0\u03b5\u03af\u03b1: \u03a7\u03c9\u03c1\u03af\u03c2 \u03b8\u03b5\u03c1\u03b1\u03c0\u03b5\u03af\u03b1<br data-start=\"1112\" data-end=\"1115\" \/>Zustand: Neu und unmontiert<br data-start=\"1142\" data-end=\"1145\" \/>Zertifikat: Ja<\/p>\n<hr data-start=\"1150\" data-end=\"1153\" \/>\n<h4 data-start=\"1155\" data-end=\"1179\"><span class=\"ez-toc-section\" id=\"Besonderheiten\"><\/span>\u0395\u03b9\u03b4\u03b9\u03ba\u03ac \u03c7\u03b1\u03c1\u03b1\u03ba\u03c4\u03b7\u03c1\u03b9\u03c3\u03c4\u03b9\u03ba\u03ac<span class=\"ez-toc-section-end\"><\/span><\/h4>\n<p data-start=\"1180\" data-end=\"1498\">Dieser Saphir 0.72 Karat Gelb-Oval kaufen besticht durch seine seltene, nat\u00fcrliche Farbe und lupenreine Qualit\u00e4t. Ohne jegliche Behandlung sorgt der Stein f\u00fcr maximale Lichtreflexion und eignet sich hervorragend f\u00fcr edle Ringe oder Anh\u00e4nger. Gelbe Saphire aus Madagaskar gelten als besonders leuchtend und hochwertig.<\/p>\n<hr data-start=\"1500\" data-end=\"1503\" \/>\n<h4 data-start=\"1505\" data-end=\"1532\"><span class=\"ez-toc-section\" id=\"Mehr_uber_Saphire\"><\/span>\u03a0\u03b5\u03c1\u03b9\u03c3\u03c3\u03cc\u03c4\u03b5\u03c1\u03b1 \u03b3\u03b9\u03b1 \u03c4\u03b1 \u03b6\u03b1\u03c6\u03b5\u03af\u03c1\u03b9\u03b1<span class=\"ez-toc-section-end\"><\/span><\/h4>\n<p data-start=\"1533\" data-end=\"1811\"><a class=\"\" href=\"https:\/\/saphirsmaragd.com\/el\/product-category\/heilsteine-kristalle-kaufen\/\" target=\"_new\" rel=\"noopener\" data-start=\"1588\" data-end=\"1697\">\u0398\u03b5\u03c1\u03b1\u03c0\u03b5\u03c5\u03c4\u03b9\u03ba\u03ad\u03c2 \u03c0\u03ad\u03c4\u03c1\u03b5\u03c2 \u03ba\u03b1\u03b9 \u03ba\u03c1\u03cd\u03c3\u03c4\u03b1\u03bb\u03bb\u03bf\u03b9<\/a><\/p>\n<hr data-start=\"1813\" data-end=\"1816\" \/>\n<h4 data-start=\"1818\" data-end=\"1841\"><span class=\"ez-toc-section\" id=\"Weitere_Infos\"><\/span>\u03a0\u03b5\u03c1\u03b9\u03c3\u03c3\u03cc\u03c4\u03b5\u03c1\u03b5\u03c2 \u03c0\u03bb\u03b7\u03c1\u03bf\u03c6\u03bf\u03c1\u03af\u03b5\u03c2<span class=\"ez-toc-section-end\"><\/span><\/h4>\n<p data-start=\"1842\" data-end=\"1913\"><a class=\"\" href=\"https:\/\/de.wikipedia.org\/wiki\/Saphir\" target=\"_new\" rel=\"noopener\" data-start=\"1842\" data-end=\"1913\">\u03a0\u03b5\u03c1\u03b9\u03c3\u03c3\u03cc\u03c4\u03b5\u03c1\u03b1 \u03b3\u03b9\u03b1 \u03c4\u03b1 \u03b6\u03b1\u03c6\u03b5\u03af\u03c1\u03b9\u03b1 \u03c3\u03c4\u03b7 Wikipedia<\/a><\/p>","protected":false},"excerpt":{"rendered":"<p data-start=\"413\" data-end=\"545\"><em>Saphir 0.72 Karat Gelb Oval kaufen \u2013 intensiver Farbton, lupenrein, unbehandelt und aus Madagaskar. Ideal f\u00fcr exklusive Schmuckdesigns.<\/em><\/p>\n<p data-start=\"378\" data-end=\"474\">","protected":false},"featured_media":1600,"comment_status":"open","ping_status":"closed","template":"","meta":{"_glsr_average":0,"_glsr_ranking":0,"_glsr_reviews":0},"product_brand":[],"product_cat":[74],"product_tag":[],"class_list":{"0":"post-1597","1":"product","2":"type-product","3":"status-publish","4":"has-post-thumbnail","6":"product_cat-saphire-kaufen","7":"pa_edelsteinart-saphir","8":"pa_farbe-gelb","9":"pa_form-oval","10":"pa_gewicht-karat-0-5-1-0-karat","11":"pa_herkunft-madagaskar","12":"pa_reinheit-lupenrein","13":"pa_veredelung-behandlung-unbehandelt","14":"pa_zertifikat-ja","15":"pa_zustand-neu","17":"first","18":"instock","19":"featured","20":"sold-individually","21":"shipping-taxable","22":"purchasable","23":"product-type-simple","24":"add-to-wishlist-before_image"},"jetpack_sharing_enabled":true,"_links":{"self":[{"href":"https:\/\/saphirsmaragd.com\/el\/wp-json\/wp\/v2\/product\/1597","targetHints":{"allow":["GET"]}}],"collection":[{"href":"https:\/\/saphirsmaragd.com\/el\/wp-json\/wp\/v2\/product"}],"about":[{"href":"https:\/\/saphirsmaragd.com\/el\/wp-json\/wp\/v2\/types\/product"}],"replies":[{"embeddable":true,"href":"https:\/\/saphirsmaragd.com\/el\/wp-json\/wp\/v2\/comments?post=1597"}],"version-history":[{"count":6,"href":"https:\/\/saphirsmaragd.com\/el\/wp-json\/wp\/v2\/product\/1597\/revisions"}],"predecessor-version":[{"id":4449,"href":"https:\/\/saphirsmaragd.com\/el\/wp-json\/wp\/v2\/product\/1597\/revisions\/4449"}],"wp:featuredmedia":[{"embeddable":true,"href":"https:\/\/saphirsmaragd.com\/el\/wp-json\/wp\/v2\/media\/1600"}],"wp:attachment":[{"href":"https:\/\/saphirsmaragd.com\/el\/wp-json\/wp\/v2\/media?parent=1597"}],"wp:term":[{"taxonomy":"product_brand","embeddable":true,"href":"https:\/\/saphirsmaragd.com\/el\/wp-json\/wp\/v2\/product_brand?post=1597"},{"taxonomy":"product_cat","embeddable":true,"href":"https:\/\/saphirsmaragd.com\/el\/wp-json\/wp\/v2\/product_cat?post=1597"},{"taxonomy":"product_tag","embeddable":true,"href":"https:\/\/saphirsmaragd.com\/el\/wp-json\/wp\/v2\/product_tag?post=1597"}],"curies":[{"name":"wp","href":"https:\/\/api.w.org\/{rel}","templated":true}]}}