{"id":1637,"date":"2025-07-11T14:00:40","date_gmt":"2025-07-11T14:00:40","guid":{"rendered":"https:\/\/saphirsmaragd.com\/?post_type=product&#038;p=1637"},"modified":"2025-12-29T19:05:28","modified_gmt":"2025-12-29T19:05:28","slug":"saphir-0-64-karat-gruen-dreieck","status":"publish","type":"product","link":"https:\/\/saphirsmaragd.com\/el\/product\/saphir-0-64-karat-gruen-dreieck\/","title":{"rendered":"Saphir 0.64 Karat Gr\u00fcn Dreieck \u2013 Unbehandelter pastellgr\u00fcner Edelstein aus Madagaskar"},"content":{"rendered":"<div id=\"ez-toc-container\" class=\"ez-toc-v2_0_82_2 counter-hierarchy ez-toc-counter ez-toc-grey ez-toc-container-direction\">\n<div class=\"ez-toc-title-container\">\n<p class=\"ez-toc-title\" style=\"cursor:inherit\">\u03a0\u03af\u03bd\u03b1\u03ba\u03b1\u03c2 \u03c0\u03b5\u03c1\u03b9\u03b5\u03c7\u03bf\u03bc\u03ad\u03bd\u03c9\u03bd<\/p>\n<span class=\"ez-toc-title-toggle\"><a href=\"#\" class=\"ez-toc-pull-right ez-toc-btn ez-toc-btn-xs ez-toc-btn-default ez-toc-toggle\" aria-label=\"Toggle Table of Content\"><span class=\"ez-toc-js-icon-con\"><span class=\"\"><span class=\"eztoc-hide\" style=\"display:none;\">\u039c\u03c0\u03b1\u03c1\u03ad\u03c4\u03b1<\/span><span class=\"ez-toc-icon-toggle-span\"><svg style=\"fill: #999;color:#999\" xmlns=\"http:\/\/www.w3.org\/2000\/svg\" class=\"list-377408\" width=\"20px\" height=\"20px\" viewbox=\"0 0 24 24\" fill=\"none\"><path d=\"M6 6H4v2h2V6zm14 0H8v2h12V6zM4 11h2v2H4v-2zm16 0H8v2h12v-2zM4 16h2v2H4v-2zm16 0H8v2h12v-2z\" fill=\"currentColor\"><\/path><\/svg><svg style=\"fill: #999;color:#999\" class=\"arrow-unsorted-368013\" xmlns=\"http:\/\/www.w3.org\/2000\/svg\" width=\"10px\" height=\"10px\" viewbox=\"0 0 24 24\" version=\"1.2\" baseprofile=\"tiny\"><path d=\"M18.2 9.3l-6.2-6.3-6.2 6.3c-.2.2-.3.4-.3.7s.1.5.3.7c.2.2.4.3.7.3h11c.3 0 .5-.1.7-.3.2-.2.3-.5.3-.7s-.1-.5-.3-.7zM5.8 14.7l6.2 6.3 6.2-6.3c.2-.2.3-.5.3-.7s-.1-.5-.3-.7c-.2-.2-.4-.3-.7-.3h-11c-.3 0-.5.1-.7.3-.2.2-.3.5-.3.7s.1.5.3.7z\"\/><\/svg><\/span><\/span><\/span><\/a><\/span><\/div>\n<nav><ul class='ez-toc-list ez-toc-list-level-1' ><li class='ez-toc-page-1 ez-toc-heading-level-4'><a class=\"ez-toc-link ez-toc-heading-1\" href=\"https:\/\/saphirsmaragd.com\/el\/product\/saphir-0-64-karat-gruen-dreieck\/#Saphir_064_Karat_Grun_Dreieck\" >Saphir 0.64 Karat Gr\u00fcn Dreieck<\/a><\/li><li class='ez-toc-page-1 ez-toc-heading-level-4'><a class=\"ez-toc-link ez-toc-heading-2\" href=\"https:\/\/saphirsmaragd.com\/el\/product\/saphir-0-64-karat-gruen-dreieck\/#Merkmale_Herkunft\" >\u03a7\u03b1\u03c1\u03b1\u03ba\u03c4\u03b7\u03c1\u03b9\u03c3\u03c4\u03b9\u03ba\u03ac &amp; \u03a0\u03c1\u03bf\u03ad\u03bb\u03b5\u03c5\u03c3\u03b7<\/a><\/li><li class='ez-toc-page-1 ez-toc-heading-level-4'><a class=\"ez-toc-link ez-toc-heading-3\" href=\"https:\/\/saphirsmaragd.com\/el\/product\/saphir-0-64-karat-gruen-dreieck\/#%F0%9F%92%8E_Besonderheiten\" >\ud83d\udc8e Besonderheiten<\/a><\/li><li class='ez-toc-page-1 ez-toc-heading-level-4'><a class=\"ez-toc-link ez-toc-heading-4\" href=\"https:\/\/saphirsmaragd.com\/el\/product\/saphir-0-64-karat-gruen-dreieck\/#%F0%9F%94%8D_Mehr_uber_Saphire\" >\ud83d\udd0d Mehr \u00fcber Saphire<\/a><\/li><li class='ez-toc-page-1 ez-toc-heading-level-4'><a class=\"ez-toc-link ez-toc-heading-5\" href=\"https:\/\/saphirsmaragd.com\/el\/product\/saphir-0-64-karat-gruen-dreieck\/#%F0%9F%93%9A_Weitere_Infos\" >\ud83d\udcda Weitere Infos<\/a><\/li><\/ul><\/nav><\/div>\n<h4 data-start=\"739\" data-end=\"989\"><span class=\"ez-toc-section\" id=\"Saphir_064_Karat_Grun_Dreieck\"><\/span>Saphir 0.64 Karat Gr\u00fcn Dreieck<span class=\"ez-toc-section-end\"><\/span><\/h4>\n<p data-start=\"228\" data-end=\"427\">Dieser nat\u00fcrliche Saphir 0.64 Karat Pastellgr\u00fcn Dreieck \u00fcberzeugt mit seiner zarten Farbe und dem modernen Dreiecksschliff. Ein echter Blickfang f\u00fcr individuelle Schmuckst\u00fccke mit Frische und Charakter.<\/p>\n<hr data-start=\"991\" data-end=\"994\" \/>\n<h4 data-start=\"434\" data-end=\"460\"><span class=\"ez-toc-section\" id=\"Merkmale_Herkunft\"><\/span>\u03a7\u03b1\u03c1\u03b1\u03ba\u03c4\u03b7\u03c1\u03b9\u03c3\u03c4\u03b9\u03ba\u03ac &amp; \u03a0\u03c1\u03bf\u03ad\u03bb\u03b5\u03c5\u03c3\u03b7<span class=\"ez-toc-section-end\"><\/span><\/h4>\n<p data-start=\"461\" data-end=\"767\">Gr\u00f6\u00dfe: ca. 5 \u00d7 4.5 mm<br data-start=\"511\" data-end=\"514\" \/>Farbe: Pastellgr\u00fcn<br data-start=\"532\" data-end=\"535\" \/>Gewicht: 0.64 Karat<br data-start=\"551\" data-end=\"554\" \/>Form: Dreieck<br data-start=\"567\" data-end=\"570\" \/>Reinheit: Kleine Einschl\u00fcsse (unter 10-facher Vergr\u00f6\u00dferung sichtbar)<br data-start=\"638\" data-end=\"641\" \/>\u03a6\u03b9\u03bd\u03af\u03c1\u03b9\u03c3\u03bc\u03b1 \/ \u0395\u03c0\u03b5\u03be\u03b5\u03c1\u03b3\u03b1\u03c3\u03af\u03b1: \u03a7\u03c9\u03c1\u03af\u03c2 \u03b5\u03c0\u03b5\u03be\u03b5\u03c1\u03b3\u03b1\u03c3\u03af\u03b1<br data-start=\"677\" data-end=\"680\" \/>Herkunft: Madagaskar<br data-start=\"700\" data-end=\"703\" \/>\u039a\u03b1\u03c4\u03ac\u03c3\u03c4\u03b1\u03c3\u03b7: \u039a\u03b1\u03b9\u03bd\u03bf\u03cd\u03c1\u03b3\u03b9\u03bf<br data-start=\"726\" data-end=\"729\" \/>\u03a0\u03b9\u03c3\u03c4\u03bf\u03c0\u03bf\u03b9\u03b7\u03c4\u03b9\u03ba\u03cc: \u039d\u03b1\u03b9, \u03b1\u03c0\u03cc \u03b3\u03b5\u03bc\u03bc\u03bf\u03bb\u03cc\u03b3\u03bf (Gem\u2013A)<\/p>\n<hr data-start=\"1286\" data-end=\"1289\" \/>\n<h4 data-start=\"1291\" data-end=\"1315\"><span class=\"ez-toc-section\" id=\"%F0%9F%92%8E_Besonderheiten\"><\/span>\ud83d\udc8e Besonderheiten<span class=\"ez-toc-section-end\"><\/span><\/h4>\n<p data-start=\"1316\" data-end=\"1589\">Dieser Saphir 0.64 Karat Gr\u00fcn Dreieck stammt aus Madagaskar und ist vollst\u00e4ndig unbehandelt \u2013 ein echtes Naturwunder. Der Dreieckschliff hebt die klare Farbe besonders hervor. Ideal f\u00fcr feine Ringe, Anh\u00e4nger oder individuelle Schmuckkreationen mit leichtem, frischem Look.<\/p>\n<hr data-start=\"1591\" data-end=\"1594\" \/>\n<h4 data-start=\"1596\" data-end=\"1623\"><span class=\"ez-toc-section\" id=\"%F0%9F%94%8D_Mehr_uber_Saphire\"><\/span>\ud83d\udd0d Mehr \u00fcber Saphire<span class=\"ez-toc-section-end\"><\/span><\/h4>\n<p data-start=\"1624\" data-end=\"1889\"><a class=\"\" href=\"https:\/\/saphirsmaragd.com\/el\/product-category\/heilsteine-kristalle-kaufen\/\" target=\"_new\" rel=\"noopener\" data-start=\"1689\" data-end=\"1798\">\u0398\u03b5\u03c1\u03b1\u03c0\u03b5\u03c5\u03c4\u03b9\u03ba\u03ad\u03c2 \u03c0\u03ad\u03c4\u03c1\u03b5\u03c2 \u03ba\u03b1\u03b9 \u03ba\u03c1\u03cd\u03c3\u03c4\u03b1\u03bb\u03bb\u03bf\u03b9<\/a><\/p>\n<hr data-start=\"1891\" data-end=\"1894\" \/>\n<h4 data-start=\"1896\" data-end=\"1919\"><span class=\"ez-toc-section\" id=\"%F0%9F%93%9A_Weitere_Infos\"><\/span>\ud83d\udcda Weitere Infos<span class=\"ez-toc-section-end\"><\/span><\/h4>\n<p data-start=\"1920\" data-end=\"1991\"><a class=\"\" href=\"https:\/\/de.wikipedia.org\/wiki\/Saphir\" target=\"_new\" rel=\"noopener\" data-start=\"1920\" data-end=\"1991\">\u03a0\u03b5\u03c1\u03b9\u03c3\u03c3\u03cc\u03c4\u03b5\u03c1\u03b1 \u03b3\u03b9\u03b1 \u03c4\u03b1 \u03b6\u03b1\u03c6\u03b5\u03af\u03c1\u03b9\u03b1 \u03c3\u03c4\u03b7 Wikipedia<\/a><\/p>","protected":false},"excerpt":{"rendered":"<p data-start=\"438\" data-end=\"566\"><em>Saphir 0.64 Karat Gr\u00fcn Dreieck \u2013 zartgr\u00fcner Naturstein aus Madagaskar, unbehandelt, mit lebendiger Ausstrahlung und Dreieckschliff.<\/em><\/p>\n<p data-start=\"378\" data-end=\"474\">","protected":false},"featured_media":1640,"comment_status":"open","ping_status":"closed","template":"","meta":{"_glsr_average":0,"_glsr_ranking":0,"_glsr_reviews":0},"product_brand":[],"product_cat":[74],"product_tag":[],"class_list":{"0":"post-1637","1":"product","2":"type-product","3":"status-publish","4":"has-post-thumbnail","6":"product_cat-saphire-kaufen","7":"pa_edelsteinart-saphir","8":"pa_farbe-gruen","9":"pa_form-dreieck","10":"pa_gewicht-karat-0-5-1-0-karat","11":"pa_herkunft-madagaskar","12":"pa_reinheit-kleine-einschluesse","13":"pa_veredelung-behandlung-unbehandelt","14":"pa_zertifikat-ja","15":"pa_zustand-neu","17":"first","18":"instock","19":"featured","20":"sold-individually","21":"shipping-taxable","22":"purchasable","23":"product-type-simple","24":"add-to-wishlist-before_image"},"jetpack_sharing_enabled":true,"_links":{"self":[{"href":"https:\/\/saphirsmaragd.com\/el\/wp-json\/wp\/v2\/product\/1637","targetHints":{"allow":["GET"]}}],"collection":[{"href":"https:\/\/saphirsmaragd.com\/el\/wp-json\/wp\/v2\/product"}],"about":[{"href":"https:\/\/saphirsmaragd.com\/el\/wp-json\/wp\/v2\/types\/product"}],"replies":[{"embeddable":true,"href":"https:\/\/saphirsmaragd.com\/el\/wp-json\/wp\/v2\/comments?post=1637"}],"version-history":[{"count":6,"href":"https:\/\/saphirsmaragd.com\/el\/wp-json\/wp\/v2\/product\/1637\/revisions"}],"predecessor-version":[{"id":4454,"href":"https:\/\/saphirsmaragd.com\/el\/wp-json\/wp\/v2\/product\/1637\/revisions\/4454"}],"wp:featuredmedia":[{"embeddable":true,"href":"https:\/\/saphirsmaragd.com\/el\/wp-json\/wp\/v2\/media\/1640"}],"wp:attachment":[{"href":"https:\/\/saphirsmaragd.com\/el\/wp-json\/wp\/v2\/media?parent=1637"}],"wp:term":[{"taxonomy":"product_brand","embeddable":true,"href":"https:\/\/saphirsmaragd.com\/el\/wp-json\/wp\/v2\/product_brand?post=1637"},{"taxonomy":"product_cat","embeddable":true,"href":"https:\/\/saphirsmaragd.com\/el\/wp-json\/wp\/v2\/product_cat?post=1637"},{"taxonomy":"product_tag","embeddable":true,"href":"https:\/\/saphirsmaragd.com\/el\/wp-json\/wp\/v2\/product_tag?post=1637"}],"curies":[{"name":"wp","href":"https:\/\/api.w.org\/{rel}","templated":true}]}}