{"id":3505,"date":"2025-10-18T13:45:31","date_gmt":"2025-10-18T13:45:31","guid":{"rendered":"https:\/\/saphirsmaragd.com\/?post_type=product&#038;p=3505"},"modified":"2025-12-29T18:56:15","modified_gmt":"2025-12-29T18:56:15","slug":"turmalin-1-43-karat-rosa-cushion","status":"publish","type":"product","link":"https:\/\/saphirsmaragd.com\/el\/product\/turmalin-1-43-karat-rosa-cushion\/","title":{"rendered":"\u03a1\u03bf\u03b6 \u03bc\u03b1\u03be\u03b9\u03bb\u03ac\u03c1\u03b9 \u03c4\u03bf\u03c5\u03c1\u03bc\u03b1\u03bb\u03af\u03bd\u03b7\u03c2 1,43 \u03ba\u03b1\u03c1\u03b1\u03c4\u03af\u03c9\u03bd \u2013 \u03c0\u03ad\u03c4\u03c1\u03b1 \u03b5\u03c5\u03b3\u03b5\u03bd\u03bf\u03cd\u03c2 \u03c7\u03c1\u03ce\u03bc\u03b1\u03c4\u03bf\u03c2 \u03c6\u03c5\u03c3\u03b9\u03ba\u03ae\u03c2 \u03c0\u03c1\u03bf\u03ad\u03bb\u03b5\u03c5\u03c3\u03b7\u03c2"},"content":{"rendered":"<div id=\"ez-toc-container\" class=\"ez-toc-v2_0_82_2 counter-hierarchy ez-toc-counter ez-toc-grey ez-toc-container-direction\">\n<div class=\"ez-toc-title-container\">\n<p class=\"ez-toc-title\" style=\"cursor:inherit\">\u03a0\u03af\u03bd\u03b1\u03ba\u03b1\u03c2 \u03c0\u03b5\u03c1\u03b9\u03b5\u03c7\u03bf\u03bc\u03ad\u03bd\u03c9\u03bd<\/p>\n<span class=\"ez-toc-title-toggle\"><a href=\"#\" class=\"ez-toc-pull-right ez-toc-btn ez-toc-btn-xs ez-toc-btn-default ez-toc-toggle\" aria-label=\"Toggle Table of Content\"><span class=\"ez-toc-js-icon-con\"><span class=\"\"><span class=\"eztoc-hide\" style=\"display:none;\">\u039c\u03c0\u03b1\u03c1\u03ad\u03c4\u03b1<\/span><span class=\"ez-toc-icon-toggle-span\"><svg style=\"fill: #999;color:#999\" xmlns=\"http:\/\/www.w3.org\/2000\/svg\" class=\"list-377408\" width=\"20px\" height=\"20px\" viewbox=\"0 0 24 24\" fill=\"none\"><path d=\"M6 6H4v2h2V6zm14 0H8v2h12V6zM4 11h2v2H4v-2zm16 0H8v2h12v-2zM4 16h2v2H4v-2zm16 0H8v2h12v-2z\" fill=\"currentColor\"><\/path><\/svg><svg style=\"fill: #999;color:#999\" class=\"arrow-unsorted-368013\" xmlns=\"http:\/\/www.w3.org\/2000\/svg\" width=\"10px\" height=\"10px\" viewbox=\"0 0 24 24\" version=\"1.2\" baseprofile=\"tiny\"><path d=\"M18.2 9.3l-6.2-6.3-6.2 6.3c-.2.2-.3.4-.3.7s.1.5.3.7c.2.2.4.3.7.3h11c.3 0 .5-.1.7-.3.2-.2.3-.5.3-.7s-.1-.5-.3-.7zM5.8 14.7l6.2 6.3 6.2-6.3c.2-.2.3-.5.3-.7s-.1-.5-.3-.7c-.2-.2-.4-.3-.7-.3h-11c-.3 0-.5.1-.7.3-.2.2-.3.5-.3.7s.1.5.3.7z\"\/><\/svg><\/span><\/span><\/span><\/a><\/span><\/div>\n<nav><ul class='ez-toc-list ez-toc-list-level-1' ><li class='ez-toc-page-1 ez-toc-heading-level-4'><a class=\"ez-toc-link ez-toc-heading-1\" href=\"https:\/\/saphirsmaragd.com\/el\/product\/turmalin-1-43-karat-rosa-cushion\/#Turmalin_143_Karat_Rosa_Cushion_%E2%80%93_naturlicher_Farbstein_mit_Eleganz\" >Turmalin 1.43 Karat Rosa Cushion \u2013 nat\u00fcrlicher Farbstein mit Eleganz<\/a><\/li><li class='ez-toc-page-1 ez-toc-heading-level-4'><a class=\"ez-toc-link ez-toc-heading-2\" href=\"https:\/\/saphirsmaragd.com\/el\/product\/turmalin-1-43-karat-rosa-cushion\/#Merkmale_Herkunft\" >\u03a7\u03b1\u03c1\u03b1\u03ba\u03c4\u03b7\u03c1\u03b9\u03c3\u03c4\u03b9\u03ba\u03ac &amp; \u03a0\u03c1\u03bf\u03ad\u03bb\u03b5\u03c5\u03c3\u03b7<\/a><\/li><li class='ez-toc-page-1 ez-toc-heading-level-4'><a class=\"ez-toc-link ez-toc-heading-3\" href=\"https:\/\/saphirsmaragd.com\/el\/product\/turmalin-1-43-karat-rosa-cushion\/#Besonderheiten\" >\u0395\u03b9\u03b4\u03b9\u03ba\u03ac \u03c7\u03b1\u03c1\u03b1\u03ba\u03c4\u03b7\u03c1\u03b9\u03c3\u03c4\u03b9\u03ba\u03ac<\/a><\/li><li class='ez-toc-page-1 ez-toc-heading-level-4'><a class=\"ez-toc-link ez-toc-heading-4\" href=\"https:\/\/saphirsmaragd.com\/el\/product\/turmalin-1-43-karat-rosa-cushion\/#Mehr_uber_unsere_Edelsteine\" >\u03a0\u03b5\u03c1\u03b9\u03c3\u03c3\u03cc\u03c4\u03b5\u03c1\u03b1 \u03b3\u03b9\u03b1 \u03c4\u03bf\u03c5\u03c2 \u03c0\u03bf\u03bb\u03cd\u03c4\u03b9\u03bc\u03bf\u03c5\u03c2 \u03bb\u03af\u03b8\u03bf\u03c5\u03c2 \u03bc\u03b1\u03c2<\/a><\/li><li class='ez-toc-page-1 ez-toc-heading-level-4'><a class=\"ez-toc-link ez-toc-heading-5\" href=\"https:\/\/saphirsmaragd.com\/el\/product\/turmalin-1-43-karat-rosa-cushion\/#Weitere_Infos\" >\u03a0\u03b5\u03c1\u03b9\u03c3\u03c3\u03cc\u03c4\u03b5\u03c1\u03b5\u03c2 \u03c0\u03bb\u03b7\u03c1\u03bf\u03c6\u03bf\u03c1\u03af\u03b5\u03c2<\/a><\/li><\/ul><\/nav><\/div>\n<h4 data-start=\"532\" data-end=\"606\"><span class=\"ez-toc-section\" id=\"Turmalin_143_Karat_Rosa_Cushion_%E2%80%93_naturlicher_Farbstein_mit_Eleganz\"><\/span>Turmalin 1.43 Karat Rosa Cushion \u2013 nat\u00fcrlicher Farbstein mit Eleganz<span class=\"ez-toc-section-end\"><\/span><\/h4>\n<p data-start=\"607\" data-end=\"873\">Dieser edle Turmalin \u00fcberzeugt durch seinen intensiven Rosaton und den pr\u00e4zisen Cushion-Schliff. Mit 1.43 Karat ist er perfekt geeignet f\u00fcr exklusive Schmuckanfertigungen oder als Sammlerstein. Die brasilianische Herkunft unterstreicht die Echtheit und Farbqualit\u00e4t.<\/p>\n<hr data-start=\"875\" data-end=\"878\" \/>\n<h4 data-start=\"880\" data-end=\"909\"><span class=\"ez-toc-section\" id=\"Merkmale_Herkunft\"><\/span>\u03a7\u03b1\u03c1\u03b1\u03ba\u03c4\u03b7\u03c1\u03b9\u03c3\u03c4\u03b9\u03ba\u03ac &amp; \u03a0\u03c1\u03bf\u03ad\u03bb\u03b5\u03c5\u03c3\u03b7<span class=\"ez-toc-section-end\"><\/span><\/h4>\n<p data-start=\"910\" data-end=\"1183\">Steinart: Turmalin<br data-start=\"928\" data-end=\"931\" \/>Farbe: Rosa<br data-start=\"942\" data-end=\"945\" \/>Form: Cushion<br data-start=\"958\" data-end=\"961\" \/>Gewicht: 1.43 Karat<br data-start=\"980\" data-end=\"983\" \/>Dimension: 8.64 \u00d7 6.11 mm<br data-start=\"1008\" data-end=\"1011\" \/>\u03a3\u03ba\u03bb\u03b7\u03c1\u03cc\u03c4\u03b7\u03c4\u03b1: 7 \u03c3\u03c4\u03b7\u03bd \u03ba\u03bb\u03af\u03bc\u03b1\u03ba\u03b1 Mohs<br data-start=\"1038\" data-end=\"1041\" \/>Reinheit: \u00a0Deutliche Einschl\u00fcsse unter 10x sichtbar<br data-start=\"1081\" data-end=\"1084\" \/>Zertifikat: Val\u00e9rie Duraffourg (Gem-A)<br data-start=\"1146\" data-end=\"1149\" \/>\u03a0\u03c1\u03bf\u03ad\u03bb\u03b5\u03c5\u03c3\u03b7: \u0392\u03c1\u03b1\u03b6\u03b9\u03bb\u03af\u03b1<br data-start=\"1168\" data-end=\"1171\" \/>\u039a\u03b1\u03c4\u03ac\u03c3\u03c4\u03b1\u03c3\u03b7: \u039a\u03b1\u03b9\u03bd\u03bf\u03cd\u03c1\u03b3\u03b9\u03bf<\/p>\n<hr data-start=\"1185\" data-end=\"1188\" \/>\n<h4 data-start=\"1190\" data-end=\"1214\"><span class=\"ez-toc-section\" id=\"Besonderheiten\"><\/span>\u0395\u03b9\u03b4\u03b9\u03ba\u03ac \u03c7\u03b1\u03c1\u03b1\u03ba\u03c4\u03b7\u03c1\u03b9\u03c3\u03c4\u03b9\u03ba\u03ac<span class=\"ez-toc-section-end\"><\/span><\/h4>\n<p data-start=\"1215\" data-end=\"1430\">Der \u201eTurmalin 1.43 Karat Rosa Cushion\u201c besticht durch seine nat\u00fcrliche Farbe und klassische Schliffform. Steine dieser Gr\u00f6\u00dfe und Farbqualit\u00e4t sind selten und besonders gefragt f\u00fcr Ma\u00dfanfertigungen im Premiumbereich.<\/p>\n<hr data-start=\"1926\" data-end=\"1929\" \/>\n<h4 data-start=\"1931\" data-end=\"1971\"><span class=\"ez-toc-section\" id=\"Mehr_uber_unsere_Edelsteine\"><\/span>\u03a0\u03b5\u03c1\u03b9\u03c3\u03c3\u03cc\u03c4\u03b5\u03c1\u03b1 \u03b3\u03b9\u03b1 \u03c4\u03bf\u03c5\u03c2 \u03c0\u03bf\u03bb\u03cd\u03c4\u03b9\u03bc\u03bf\u03c5\u03c2 \u03bb\u03af\u03b8\u03bf\u03c5\u03c2 \u03bc\u03b1\u03c2<span class=\"ez-toc-section-end\"><\/span><\/h4>\n<p data-start=\"1972\" data-end=\"2069\"><a href=\"https:\/\/saphirsmaragd.com\/el\/product-category\/edelsteine-kaufen\/\">\u03a0\u03bf\u03bb\u03cd\u03c4\u03b9\u03bc\u03bf\u03b9 \u03bb\u03af\u03b8\u03bf\u03b9<\/a><\/p>\n<hr data-start=\"2071\" data-end=\"2074\" \/>\n<h4 data-start=\"2076\" data-end=\"2096\"><span class=\"ez-toc-section\" id=\"Weitere_Infos\"><\/span>\u03a0\u03b5\u03c1\u03b9\u03c3\u03c3\u03cc\u03c4\u03b5\u03c1\u03b5\u03c2 \u03c0\u03bb\u03b7\u03c1\u03bf\u03c6\u03bf\u03c1\u03af\u03b5\u03c2<span class=\"ez-toc-section-end\"><\/span><\/h4>\n<p><a href=\"https:\/\/de.wikipedia.org\/wiki\/Turmalin\" target=\"_blank\" rel=\"noopener\">Wikipedia: Turmalin<\/a><\/p>","protected":false},"excerpt":{"rendered":"<p data-start=\"350\" data-end=\"493\"><em>Turmalin 1.43 Karat Rosa Cushion mit nat\u00fcrlicher Farbe, brasilianischer Herkunft und facettiertem Schliff \u2013 ideal f\u00fcr hochwertigen Schmuck.<\/em><\/p>","protected":false},"featured_media":3508,"comment_status":"open","ping_status":"closed","template":"","meta":{"_glsr_average":0,"_glsr_ranking":0,"_glsr_reviews":0},"product_brand":[],"product_cat":[109],"product_tag":[],"class_list":{"0":"post-3505","1":"product","2":"type-product","3":"status-publish","4":"has-post-thumbnail","6":"product_cat-turmalin-kaufen","7":"pa_edelsteinart-turmalin","8":"pa_farbe-rosa","9":"pa_form-cushion","10":"pa_gewicht-karat-1-0-3-0-karat","11":"pa_herkunft-brasilien","12":"pa_reinheit-deutliche-einschluesse","13":"pa_zertifikat-ja","14":"pa_zustand-neu","16":"first","17":"instock","18":"featured","19":"sold-individually","20":"shipping-taxable","21":"purchasable","22":"product-type-simple","23":"add-to-wishlist-before_image"},"jetpack_sharing_enabled":true,"_links":{"self":[{"href":"https:\/\/saphirsmaragd.com\/el\/wp-json\/wp\/v2\/product\/3505","targetHints":{"allow":["GET"]}}],"collection":[{"href":"https:\/\/saphirsmaragd.com\/el\/wp-json\/wp\/v2\/product"}],"about":[{"href":"https:\/\/saphirsmaragd.com\/el\/wp-json\/wp\/v2\/types\/product"}],"replies":[{"embeddable":true,"href":"https:\/\/saphirsmaragd.com\/el\/wp-json\/wp\/v2\/comments?post=3505"}],"version-history":[{"count":1,"href":"https:\/\/saphirsmaragd.com\/el\/wp-json\/wp\/v2\/product\/3505\/revisions"}],"predecessor-version":[{"id":3509,"href":"https:\/\/saphirsmaragd.com\/el\/wp-json\/wp\/v2\/product\/3505\/revisions\/3509"}],"wp:featuredmedia":[{"embeddable":true,"href":"https:\/\/saphirsmaragd.com\/el\/wp-json\/wp\/v2\/media\/3508"}],"wp:attachment":[{"href":"https:\/\/saphirsmaragd.com\/el\/wp-json\/wp\/v2\/media?parent=3505"}],"wp:term":[{"taxonomy":"product_brand","embeddable":true,"href":"https:\/\/saphirsmaragd.com\/el\/wp-json\/wp\/v2\/product_brand?post=3505"},{"taxonomy":"product_cat","embeddable":true,"href":"https:\/\/saphirsmaragd.com\/el\/wp-json\/wp\/v2\/product_cat?post=3505"},{"taxonomy":"product_tag","embeddable":true,"href":"https:\/\/saphirsmaragd.com\/el\/wp-json\/wp\/v2\/product_tag?post=3505"}],"curies":[{"name":"wp","href":"https:\/\/api.w.org\/{rel}","templated":true}]}}