{"id":4001,"date":"2025-10-31T10:51:43","date_gmt":"2025-10-31T10:51:43","guid":{"rendered":"https:\/\/saphirsmaragd.com\/?post_type=product&#038;p=4001"},"modified":"2025-12-05T10:15:15","modified_gmt":"2025-12-05T10:15:15","slug":"achat-druse","status":"publish","type":"product","link":"https:\/\/saphirsmaragd.com\/el\/product\/achat-druse\/","title":{"rendered":"\u0393\u03b5\u03ce\u03b4\u03b9\u03bf\u03c2 \u03b1\u03c7\u03ac\u03c4\u03b7\u03c2 \u2013 \u03a6\u03c5\u03c3\u03b9\u03ba\u03ae \u03b8\u03b5\u03c1\u03b1\u03c0\u03b5\u03c5\u03c4\u03b9\u03ba\u03ae \u03c0\u03ad\u03c4\u03c1\u03b1 \u03c3\u03b5 \u03b2\u03ac\u03c3\u03b7 \u03b1\u03c0\u03cc \u03c4\u03b7 \u0392\u03c1\u03b1\u03b6\u03b9\u03bb\u03af\u03b1 \u2013 14 \u00d7 13 \u00d7 4,5 \u03b5\u03ba."},"content":{"rendered":"<div id=\"ez-toc-container\" class=\"ez-toc-v2_0_83 counter-hierarchy ez-toc-counter ez-toc-grey ez-toc-container-direction\">\n<div class=\"ez-toc-title-container\">\n<p class=\"ez-toc-title\" style=\"cursor:inherit\">\u03a0\u03af\u03bd\u03b1\u03ba\u03b1\u03c2 \u03c0\u03b5\u03c1\u03b9\u03b5\u03c7\u03bf\u03bc\u03ad\u03bd\u03c9\u03bd<\/p>\n<span class=\"ez-toc-title-toggle\"><a href=\"#\" class=\"ez-toc-pull-right ez-toc-btn ez-toc-btn-xs ez-toc-btn-default ez-toc-toggle\" aria-label=\"Toggle Table of Content\"><span class=\"ez-toc-js-icon-con\"><span class=\"\"><span class=\"eztoc-hide\" style=\"display:none;\">\u039c\u03c0\u03b1\u03c1\u03ad\u03c4\u03b1<\/span><span class=\"ez-toc-icon-toggle-span\"><svg style=\"fill: #999;color:#999\" xmlns=\"http:\/\/www.w3.org\/2000\/svg\" class=\"list-377408\" width=\"20px\" height=\"20px\" viewbox=\"0 0 24 24\" fill=\"none\"><path d=\"M6 6H4v2h2V6zm14 0H8v2h12V6zM4 11h2v2H4v-2zm16 0H8v2h12v-2zM4 16h2v2H4v-2zm16 0H8v2h12v-2z\" fill=\"currentColor\"><\/path><\/svg><svg style=\"fill: #999;color:#999\" class=\"arrow-unsorted-368013\" xmlns=\"http:\/\/www.w3.org\/2000\/svg\" width=\"10px\" height=\"10px\" viewbox=\"0 0 24 24\" version=\"1.2\" baseprofile=\"tiny\"><path d=\"M18.2 9.3l-6.2-6.3-6.2 6.3c-.2.2-.3.4-.3.7s.1.5.3.7c.2.2.4.3.7.3h11c.3 0 .5-.1.7-.3.2-.2.3-.5.3-.7s-.1-.5-.3-.7zM5.8 14.7l6.2 6.3 6.2-6.3c.2-.2.3-.5.3-.7s-.1-.5-.3-.7c-.2-.2-.4-.3-.7-.3h-11c-.3 0-.5.1-.7.3-.2.2-.3.5-.3.7s.1.5.3.7z\"\/><\/svg><\/span><\/span><\/span><\/a><\/span><\/div>\n<nav><ul class='ez-toc-list ez-toc-list-level-1' ><li class='ez-toc-page-1 ez-toc-heading-level-4'><a class=\"ez-toc-link ez-toc-heading-1\" href=\"https:\/\/saphirsmaragd.com\/el\/product\/achat-druse\/#Achat_Druse_%E2%80%93_Naturlicher_Heilstein_auf_Stand_aus_Brasilien\" >Achat Druse \u2013 Nat\u00fcrlicher Heilstein auf Stand aus Brasilien<\/a><\/li><li class='ez-toc-page-1 ez-toc-heading-level-4'><a class=\"ez-toc-link ez-toc-heading-2\" href=\"https:\/\/saphirsmaragd.com\/el\/product\/achat-druse\/#Merkmale_Herkunft\" >\u03a7\u03b1\u03c1\u03b1\u03ba\u03c4\u03b7\u03c1\u03b9\u03c3\u03c4\u03b9\u03ba\u03ac &amp; \u03a0\u03c1\u03bf\u03ad\u03bb\u03b5\u03c5\u03c3\u03b7<\/a><\/li><li class='ez-toc-page-1 ez-toc-heading-level-4'><a class=\"ez-toc-link ez-toc-heading-3\" href=\"https:\/\/saphirsmaragd.com\/el\/product\/achat-druse\/#Besonderheiten\" >\u0395\u03b9\u03b4\u03b9\u03ba\u03ac \u03c7\u03b1\u03c1\u03b1\u03ba\u03c4\u03b7\u03c1\u03b9\u03c3\u03c4\u03b9\u03ba\u03ac<\/a><\/li><li class='ez-toc-page-1 ez-toc-heading-level-4'><a class=\"ez-toc-link ez-toc-heading-4\" href=\"https:\/\/saphirsmaragd.com\/el\/product\/achat-druse\/#Mehr_uber_Achate_Heilsteine\" >\u03a0\u03b5\u03c1\u03b9\u03c3\u03c3\u03cc\u03c4\u03b5\u03c1\u03b1 \u03b3\u03b9\u03b1 \u03b1\u03c7\u03ac\u03c4\u03b5\u03c2 &amp; \u03b8\u03b5\u03c1\u03b1\u03c0\u03b5\u03c5\u03c4\u03b9\u03ba\u03ad\u03c2 \u03c0\u03ad\u03c4\u03c1\u03b5\u03c2<\/a><\/li><li class='ez-toc-page-1 ez-toc-heading-level-4'><a class=\"ez-toc-link ez-toc-heading-5\" href=\"https:\/\/saphirsmaragd.com\/el\/product\/achat-druse\/#Weitere_Infos\" >\u03a0\u03b5\u03c1\u03b9\u03c3\u03c3\u03cc\u03c4\u03b5\u03c1\u03b5\u03c2 \u03c0\u03bb\u03b7\u03c1\u03bf\u03c6\u03bf\u03c1\u03af\u03b5\u03c2<\/a><\/li><\/ul><\/nav><\/div>\n<h4 data-start=\"555\" data-end=\"620\"><span class=\"ez-toc-section\" id=\"Achat_Druse_%E2%80%93_Naturlicher_Heilstein_auf_Stand_aus_Brasilien\"><\/span><strong data-start=\"557\" data-end=\"620\">Achat Druse \u2013 Nat\u00fcrlicher Heilstein auf Stand aus Brasilien<\/strong><span class=\"ez-toc-section-end\"><\/span><\/h4>\n<p data-start=\"622\" data-end=\"896\">Diese elegante Achat Druse ist ein einzigartiges Naturst\u00fcck aus Brasilien. Sie vereint erdende, sch\u00fctzende und harmonisierende Energien und bringt eine ruhige, ausgeglichene Atmosph\u00e4re in jeden Raum. Sie erhalten genau das abgebildete St\u00fcck inklusive passendem Standfu\u00df.<\/p>\n<hr data-start=\"898\" data-end=\"901\" \/>\n<h4 data-start=\"903\" data-end=\"932\"><span class=\"ez-toc-section\" id=\"Merkmale_Herkunft\"><\/span><strong data-start=\"909\" data-end=\"932\">\u03a7\u03b1\u03c1\u03b1\u03ba\u03c4\u03b7\u03c1\u03b9\u03c3\u03c4\u03b9\u03ba\u03ac &amp; \u03a0\u03c1\u03bf\u03ad\u03bb\u03b5\u03c5\u03c3\u03b7<\/strong><span class=\"ez-toc-section-end\"><\/span><\/h4>\n<p data-start=\"934\" data-end=\"1201\">Farbe: Grau-Beige mit feiner B\u00e4nderung<br data-start=\"972\" data-end=\"975\" \/>Form: Freistehende Druse auf Stand<br data-start=\"1009\" data-end=\"1012\" \/>\u03a0\u03c1\u03bf\u03ad\u03bb\u03b5\u03c5\u03c3\u03b7: \u0392\u03c1\u03b1\u03b6\u03b9\u03bb\u03af\u03b1<br data-start=\"1031\" data-end=\"1034\" \/>Gewicht: 1165 g (inklusive Stand)<br data-start=\"1067\" data-end=\"1070\" \/>Ma\u00dfe: 14 \u00d7 13 \u00d7 4.5 cm<br data-start=\"1092\" data-end=\"1095\" \/>Reinheit: Nat\u00fcrlich, unbehandelt<br data-start=\"1127\" data-end=\"1130\" \/>Behandlung: Keine<br data-start=\"1181\" data-end=\"1184\" \/>Steinart: Achat<\/p>\n<hr data-start=\"1203\" data-end=\"1206\" \/>\n<h4 data-start=\"1208\" data-end=\"1232\"><span class=\"ez-toc-section\" id=\"Besonderheiten\"><\/span><strong data-start=\"1214\" data-end=\"1232\">\u0395\u03b9\u03b4\u03b9\u03ba\u03ac \u03c7\u03b1\u03c1\u03b1\u03ba\u03c4\u03b7\u03c1\u03b9\u03c3\u03c4\u03b9\u03ba\u03ac<\/strong><span class=\"ez-toc-section-end\"><\/span><\/h4>\n<p data-start=\"1234\" data-end=\"1539\">Die Achat Druse gilt als einer der kraftvollsten Heilsteine f\u00fcr Erdung und innere Stabilit\u00e4t. Ihre sanfte Energie beruhigt den Geist, l\u00f6st innere Spannungen und f\u00f6rdert emotionale Sicherheit. Sie st\u00e4rkt das Vertrauen in die eigene Kraft und hilft, das Leben mit Klarheit und Zuversicht zu gestalten.<\/p>\n<p data-start=\"1541\" data-end=\"1802\">Dar\u00fcber hinaus unterst\u00fctzt Achat die Konzentration, logisches Denken und Entscheidungsf\u00e4higkeit. Ideal f\u00fcr alle, die im Alltag oder Beruf geistige Ruhe und \u00dcbersicht bewahren m\u00f6chten. Auf Reisen wirkt die Achat Druse sch\u00fctzend und vermittelt Geborgenheit.<\/p>\n<p data-start=\"1804\" data-end=\"2084\">Physisch wird Achat mit positiven Effekten auf das Immunsystem, den Stoffwechsel und die Durchblutung in Verbindung gebracht. Er kann nervliche Belastungen mildern und gilt als wohltuender Begleiter w\u00e4hrend der Schwangerschaft, da er das Wohlbefinden von Mutter und Kind st\u00e4rkt.<\/p>\n<hr data-start=\"2086\" data-end=\"2089\" \/>\n<h4 data-start=\"2091\" data-end=\"2130\"><span class=\"ez-toc-section\" id=\"Mehr_uber_Achate_Heilsteine\"><\/span><strong data-start=\"2097\" data-end=\"2130\">\u03a0\u03b5\u03c1\u03b9\u03c3\u03c3\u03cc\u03c4\u03b5\u03c1\u03b1 \u03b3\u03b9\u03b1 \u03b1\u03c7\u03ac\u03c4\u03b5\u03c2 &amp; \u03b8\u03b5\u03c1\u03b1\u03c0\u03b5\u03c5\u03c4\u03b9\u03ba\u03ad\u03c2 \u03c0\u03ad\u03c4\u03c1\u03b5\u03c2<\/strong><span class=\"ez-toc-section-end\"><\/span><\/h4>\n<p data-start=\"2132\" data-end=\"2353\">Erfahren Sie mehr \u00fcber die Wirkung und Symbolik von Heilsteinen &amp; Kristallen auf unserer Seite:<br data-start=\"2231\" data-end=\"2234\" \/><a class=\"decorated-link cursor-pointer\" href=\"https:\/\/saphirsmaragd.com\/el\/product-category\/heilsteine-kristalle-kaufen\/\" target=\"_new\" rel=\"noopener\" data-start=\"2237\" data-end=\"2353\">Heilsteine &amp; Kristalle | Saphir &amp; Smaragd<\/a><\/p>\n<hr data-start=\"2355\" data-end=\"2358\" \/>\n<h4 data-start=\"2360\" data-end=\"2383\"><span class=\"ez-toc-section\" id=\"Weitere_Infos\"><\/span><strong data-start=\"2366\" data-end=\"2383\">\u03a0\u03b5\u03c1\u03b9\u03c3\u03c3\u03cc\u03c4\u03b5\u03c1\u03b5\u03c2 \u03c0\u03bb\u03b7\u03c1\u03bf\u03c6\u03bf\u03c1\u03af\u03b5\u03c2<\/strong><span class=\"ez-toc-section-end\"><\/span><\/h4>\n<p data-start=\"2385\" data-end=\"2440\"><a class=\"decorated-link cursor-pointer\" href=\"https:\/\/de.wikipedia.org\/wiki\/Achat\" target=\"_new\" rel=\"noopener\" data-start=\"2385\" data-end=\"2440\">Wikipedia: Achat<\/a><\/p>","protected":false},"excerpt":{"rendered":"<p><em>Achat Druse aus Brasilien \u2013 nat\u00fcrlicher, sch\u00fctzender und harmonisierender Heilstein auf Stand. Ein einzigartiges Unikat.<\/em><\/p>","protected":false},"featured_media":4002,"comment_status":"open","ping_status":"closed","template":"","meta":{"_glsr_average":0,"_glsr_ranking":0,"_glsr_reviews":0},"product_brand":[],"product_cat":[84],"product_tag":[],"class_list":{"0":"post-4001","1":"product","2":"type-product","3":"status-publish","4":"has-post-thumbnail","6":"product_cat-rohsteine-kaufen","8":"first","9":"instock","10":"shipping-taxable","11":"purchasable","12":"product-type-simple","13":"add-to-wishlist-before_image"},"jetpack_sharing_enabled":true,"_links":{"self":[{"href":"https:\/\/saphirsmaragd.com\/el\/wp-json\/wp\/v2\/product\/4001","targetHints":{"allow":["GET"]}}],"collection":[{"href":"https:\/\/saphirsmaragd.com\/el\/wp-json\/wp\/v2\/product"}],"about":[{"href":"https:\/\/saphirsmaragd.com\/el\/wp-json\/wp\/v2\/types\/product"}],"replies":[{"embeddable":true,"href":"https:\/\/saphirsmaragd.com\/el\/wp-json\/wp\/v2\/comments?post=4001"}],"version-history":[{"count":1,"href":"https:\/\/saphirsmaragd.com\/el\/wp-json\/wp\/v2\/product\/4001\/revisions"}],"predecessor-version":[{"id":4004,"href":"https:\/\/saphirsmaragd.com\/el\/wp-json\/wp\/v2\/product\/4001\/revisions\/4004"}],"wp:featuredmedia":[{"embeddable":true,"href":"https:\/\/saphirsmaragd.com\/el\/wp-json\/wp\/v2\/media\/4002"}],"wp:attachment":[{"href":"https:\/\/saphirsmaragd.com\/el\/wp-json\/wp\/v2\/media?parent=4001"}],"wp:term":[{"taxonomy":"product_brand","embeddable":true,"href":"https:\/\/saphirsmaragd.com\/el\/wp-json\/wp\/v2\/product_brand?post=4001"},{"taxonomy":"product_cat","embeddable":true,"href":"https:\/\/saphirsmaragd.com\/el\/wp-json\/wp\/v2\/product_cat?post=4001"},{"taxonomy":"product_tag","embeddable":true,"href":"https:\/\/saphirsmaragd.com\/el\/wp-json\/wp\/v2\/product_tag?post=4001"}],"curies":[{"name":"wp","href":"https:\/\/api.w.org\/{rel}","templated":true}]}}