{"id":4206,"date":"2025-11-01T12:58:17","date_gmt":"2025-11-01T12:58:17","guid":{"rendered":"https:\/\/saphirsmaragd.com\/?post_type=product&#038;p=4206"},"modified":"2025-12-29T18:55:45","modified_gmt":"2025-12-29T18:55:45","slug":"turmalin-0-66-karat-blaugruen-rechteck","status":"publish","type":"product","link":"https:\/\/saphirsmaragd.com\/el\/product\/turmalin-0-66-karat-blaugruen-rechteck\/","title":{"rendered":"\u03a4\u03bf\u03c5\u03c1\u03bc\u03b1\u03bb\u03af\u03bd\u03b7 0,66 \u03ba\u03b1\u03c1\u03b1\u03c4\u03af\u03c9\u03bd, \u03bc\u03c0\u03bb\u03b5-\u03c0\u03c1\u03ac\u03c3\u03b9\u03bd\u03bf \u03bf\u03c1\u03b8\u03bf\u03b3\u03ce\u03bd\u03b9\u03bf \u2013 \u03bb\u03b1\u03bc\u03c0\u03b5\u03c1\u03cc\u03c2 \u03c0\u03bf\u03bb\u03cd\u03c4\u03b9\u03bc\u03bf\u03c2 \u03bb\u03af\u03b8\u03bf\u03c2 \u03bc\u03b5 \u03c6\u03c5\u03c3\u03b9\u03ba\u03ae \u03ba\u03b1\u03b8\u03b1\u03c1\u03cc\u03c4\u03b7\u03c4\u03b1 \u03ba\u03b1\u03b9 \u03b2\u03ac\u03b8\u03bf\u03c2"},"content":{"rendered":"<div id=\"ez-toc-container\" class=\"ez-toc-v2_0_82_2 counter-hierarchy ez-toc-counter ez-toc-grey ez-toc-container-direction\">\n<div class=\"ez-toc-title-container\">\n<p class=\"ez-toc-title\" style=\"cursor:inherit\">\u03a0\u03af\u03bd\u03b1\u03ba\u03b1\u03c2 \u03c0\u03b5\u03c1\u03b9\u03b5\u03c7\u03bf\u03bc\u03ad\u03bd\u03c9\u03bd<\/p>\n<span class=\"ez-toc-title-toggle\"><a href=\"#\" class=\"ez-toc-pull-right ez-toc-btn ez-toc-btn-xs ez-toc-btn-default ez-toc-toggle\" aria-label=\"Toggle Table of Content\"><span class=\"ez-toc-js-icon-con\"><span class=\"\"><span class=\"eztoc-hide\" style=\"display:none;\">\u039c\u03c0\u03b1\u03c1\u03ad\u03c4\u03b1<\/span><span class=\"ez-toc-icon-toggle-span\"><svg style=\"fill: #999;color:#999\" xmlns=\"http:\/\/www.w3.org\/2000\/svg\" class=\"list-377408\" width=\"20px\" height=\"20px\" viewbox=\"0 0 24 24\" fill=\"none\"><path d=\"M6 6H4v2h2V6zm14 0H8v2h12V6zM4 11h2v2H4v-2zm16 0H8v2h12v-2zM4 16h2v2H4v-2zm16 0H8v2h12v-2z\" fill=\"currentColor\"><\/path><\/svg><svg style=\"fill: #999;color:#999\" class=\"arrow-unsorted-368013\" xmlns=\"http:\/\/www.w3.org\/2000\/svg\" width=\"10px\" height=\"10px\" viewbox=\"0 0 24 24\" version=\"1.2\" baseprofile=\"tiny\"><path d=\"M18.2 9.3l-6.2-6.3-6.2 6.3c-.2.2-.3.4-.3.7s.1.5.3.7c.2.2.4.3.7.3h11c.3 0 .5-.1.7-.3.2-.2.3-.5.3-.7s-.1-.5-.3-.7zM5.8 14.7l6.2 6.3 6.2-6.3c.2-.2.3-.5.3-.7s-.1-.5-.3-.7c-.2-.2-.4-.3-.7-.3h-11c-.3 0-.5.1-.7.3-.2.2-.3.5-.3.7s.1.5.3.7z\"\/><\/svg><\/span><\/span><\/span><\/a><\/span><\/div>\n<nav><ul class='ez-toc-list ez-toc-list-level-1' ><li class='ez-toc-page-1 ez-toc-heading-level-4'><a class=\"ez-toc-link ez-toc-heading-1\" href=\"https:\/\/saphirsmaragd.com\/el\/product\/turmalin-0-66-karat-blaugruen-rechteck\/#Turmalin_066_Karat_Blaugrun_Rechteck_%E2%80%93_leuchtender_Glanz_in_kompaktem_Format\" >Turmalin 0.66 Karat Blaugr\u00fcn Rechteck \u2013 leuchtender Glanz in kompaktem Format<\/a><\/li><li class='ez-toc-page-1 ez-toc-heading-level-4'><a class=\"ez-toc-link ez-toc-heading-2\" href=\"https:\/\/saphirsmaragd.com\/el\/product\/turmalin-0-66-karat-blaugruen-rechteck\/#Merkmale_Herkunft\" >\u03a7\u03b1\u03c1\u03b1\u03ba\u03c4\u03b7\u03c1\u03b9\u03c3\u03c4\u03b9\u03ba\u03ac &amp; \u03a0\u03c1\u03bf\u03ad\u03bb\u03b5\u03c5\u03c3\u03b7<\/a><\/li><li class='ez-toc-page-1 ez-toc-heading-level-4'><a class=\"ez-toc-link ez-toc-heading-3\" href=\"https:\/\/saphirsmaragd.com\/el\/product\/turmalin-0-66-karat-blaugruen-rechteck\/#Besonderheiten\" >\u0395\u03b9\u03b4\u03b9\u03ba\u03ac \u03c7\u03b1\u03c1\u03b1\u03ba\u03c4\u03b7\u03c1\u03b9\u03c3\u03c4\u03b9\u03ba\u03ac<\/a><\/li><li class='ez-toc-page-1 ez-toc-heading-level-4'><a class=\"ez-toc-link ez-toc-heading-4\" href=\"https:\/\/saphirsmaragd.com\/el\/product\/turmalin-0-66-karat-blaugruen-rechteck\/#Mehr_uber_unsere_Edelsteine\" >\u03a0\u03b5\u03c1\u03b9\u03c3\u03c3\u03cc\u03c4\u03b5\u03c1\u03b1 \u03b3\u03b9\u03b1 \u03c4\u03bf\u03c5\u03c2 \u03c0\u03bf\u03bb\u03cd\u03c4\u03b9\u03bc\u03bf\u03c5\u03c2 \u03bb\u03af\u03b8\u03bf\u03c5\u03c2 \u03bc\u03b1\u03c2<\/a><\/li><li class='ez-toc-page-1 ez-toc-heading-level-4'><a class=\"ez-toc-link ez-toc-heading-5\" href=\"https:\/\/saphirsmaragd.com\/el\/product\/turmalin-0-66-karat-blaugruen-rechteck\/#Weitere_Infos\" >\u03a0\u03b5\u03c1\u03b9\u03c3\u03c3\u03cc\u03c4\u03b5\u03c1\u03b5\u03c2 \u03c0\u03bb\u03b7\u03c1\u03bf\u03c6\u03bf\u03c1\u03af\u03b5\u03c2<\/a><\/li><\/ul><\/nav><\/div>\n<h4 data-start=\"830\" data-end=\"914\"><span class=\"ez-toc-section\" id=\"Turmalin_066_Karat_Blaugrun_Rechteck_%E2%80%93_leuchtender_Glanz_in_kompaktem_Format\"><\/span>Turmalin 0.66 Karat Blaugr\u00fcn Rechteck \u2013 leuchtender Glanz in kompaktem Format<span class=\"ez-toc-section-end\"><\/span><\/h4>\n<p data-start=\"915\" data-end=\"1363\">Dieser edle blaue bis blaugr\u00fcne Turmalin besticht durch seinen rechteckigen Facettenschliff und seine au\u00dfergew\u00f6hnliche Klarheit. Mit einem Gewicht von 0.66 Karat und den Ma\u00dfen 6 \u00d7 4.3 mm bietet der Stein ein intensives, tiefes Farbspiel zwischen Ozeanblau und Smaragdgr\u00fcn. Seine brillante Transparenz und nat\u00fcrliche Reinheit machen ihn zu einer idealen Wahl f\u00fcr filigrane Schmuckst\u00fccke oder zur Vervollst\u00e4ndigung hochwertiger Edelsteinsammlungen.<\/p>\n<hr data-start=\"1365\" data-end=\"1368\" \/>\n<h4 data-start=\"1370\" data-end=\"1399\"><span class=\"ez-toc-section\" id=\"Merkmale_Herkunft\"><\/span>\u03a7\u03b1\u03c1\u03b1\u03ba\u03c4\u03b7\u03c1\u03b9\u03c3\u03c4\u03b9\u03ba\u03ac &amp; \u03a0\u03c1\u03bf\u03ad\u03bb\u03b5\u03c5\u03c3\u03b7<span class=\"ez-toc-section-end\"><\/span><\/h4>\n<p data-start=\"1400\" data-end=\"1667\">Steinart: Turmalin<br data-start=\"1418\" data-end=\"1421\" \/>Farbe: Blaugr\u00fcn<br data-start=\"1436\" data-end=\"1439\" \/>Form: Rechteck<br data-start=\"1453\" data-end=\"1456\" \/>Gewicht: 0.66 Karat<br data-start=\"1475\" data-end=\"1478\" \/>\u03a3\u03ba\u03bb\u03b7\u03c1\u03cc\u03c4\u03b7\u03c4\u03b1: 7 \u03c3\u03c4\u03b7\u03bd \u03ba\u03bb\u03af\u03bc\u03b1\u03ba\u03b1 Mohs<br data-start=\"1505\" data-end=\"1508\" \/>Gr\u00f6\u00dfe: 6 \u00d7 4.3 mm<br data-start=\"1525\" data-end=\"1528\" \/>\u0394\u03b9\u03b1\u03cd\u03b3\u03b5\u03b9\u03b1: \u03a0\u03bf\u03bb\u03cd \u03bc\u03b9\u03ba\u03c1\u03ad\u03c2 \u03c3\u03c5\u03bc\u03c0\u03b5\u03c1\u03b9\u03bb\u03ae\u03c8\u03b5\u03b9\u03c2<br data-start=\"1561\" data-end=\"1564\" \/>\u0398\u03b5\u03c1\u03b1\u03c0\u03b5\u03af\u03b1: \u03a7\u03c9\u03c1\u03af\u03c2 \u03b8\u03b5\u03c1\u03b1\u03c0\u03b5\u03af\u03b1<br data-start=\"1587\" data-end=\"1590\" \/>\u03a0\u03c1\u03bf\u03ad\u03bb\u03b5\u03c5\u03c3\u03b7: \u0392\u03c1\u03b1\u03b6\u03b9\u03bb\u03af\u03b1<br data-start=\"1609\" data-end=\"1612\" \/>\u03a0\u03b9\u03c3\u03c4\u03bf\u03c0\u03bf\u03b9\u03b7\u03c4\u03b9\u03ba\u03cc: Val\u00e9rie DURAFFOURG (Gem-A)<br data-start=\"1650\" data-end=\"1653\" \/>\u039a\u03b1\u03c4\u03ac\u03c3\u03c4\u03b1\u03c3\u03b7: \u039a\u03b1\u03b9\u03bd\u03bf\u03cd\u03c1\u03b3\u03b9\u03bf<\/p>\n<hr data-start=\"1669\" data-end=\"1672\" \/>\n<h4 data-start=\"1674\" data-end=\"1698\"><span class=\"ez-toc-section\" id=\"Besonderheiten\"><\/span>\u0395\u03b9\u03b4\u03b9\u03ba\u03ac \u03c7\u03b1\u03c1\u03b1\u03ba\u03c4\u03b7\u03c1\u03b9\u03c3\u03c4\u03b9\u03ba\u03ac<span class=\"ez-toc-section-end\"><\/span><\/h4>\n<p data-start=\"1699\" data-end=\"2040\">Der Turmalin 0.66 Karat Blaugr\u00fcn Rechteck vereint elegante Linien mit intensiver Farbbrillanz. Durch seine Kombination aus klarem Schliff und nat\u00fcrlichem Glanz entfaltet er eine beeindruckende Tiefe. Seine Blaugr\u00fcn-Nuance symbolisiert Harmonie, Selbstvertrauen und Kreativit\u00e4t \u2013 ein Stein, der Ruhe und Inspiration zugleich ausstrahlt.<\/p>\n<hr data-start=\"1926\" data-end=\"1929\" \/>\n<h4 data-start=\"1931\" data-end=\"1971\"><span class=\"ez-toc-section\" id=\"Mehr_uber_unsere_Edelsteine\"><\/span>\u03a0\u03b5\u03c1\u03b9\u03c3\u03c3\u03cc\u03c4\u03b5\u03c1\u03b1 \u03b3\u03b9\u03b1 \u03c4\u03bf\u03c5\u03c2 \u03c0\u03bf\u03bb\u03cd\u03c4\u03b9\u03bc\u03bf\u03c5\u03c2 \u03bb\u03af\u03b8\u03bf\u03c5\u03c2 \u03bc\u03b1\u03c2<span class=\"ez-toc-section-end\"><\/span><\/h4>\n<p data-start=\"1972\" data-end=\"2069\"><a href=\"https:\/\/saphirsmaragd.com\/el\/product-category\/edelsteine-kaufen\/\">\u03a0\u03bf\u03bb\u03cd\u03c4\u03b9\u03bc\u03bf\u03b9 \u03bb\u03af\u03b8\u03bf\u03b9<\/a><\/p>\n<hr data-start=\"2071\" data-end=\"2074\" \/>\n<h4 data-start=\"2076\" data-end=\"2096\"><span class=\"ez-toc-section\" id=\"Weitere_Infos\"><\/span>\u03a0\u03b5\u03c1\u03b9\u03c3\u03c3\u03cc\u03c4\u03b5\u03c1\u03b5\u03c2 \u03c0\u03bb\u03b7\u03c1\u03bf\u03c6\u03bf\u03c1\u03af\u03b5\u03c2<span class=\"ez-toc-section-end\"><\/span><\/h4>\n<p><a href=\"https:\/\/de.wikipedia.org\/wiki\/Turmalin\" target=\"_blank\" rel=\"noopener\">Wikipedia: Turmalin<\/a><\/p>","protected":false},"excerpt":{"rendered":"<p data-start=\"452\" data-end=\"680\"><em>Dieser Turmalin 0.66 Karat Blaugr\u00fcn Rechteck besticht durch seine brillante Farbe, hohe Transparenz und pr\u00e4zisen Facettenschliff. Ein nat\u00fcrlicher Edelstein mit Zertifikat \u2013 perfekt f\u00fcr feine Schmuckdesigns oder als Sammlerst\u00fcck.<\/em><\/p>\n<h2 data-start=\"523\" data-end=\"548\"><\/h2>","protected":false},"featured_media":4208,"comment_status":"open","ping_status":"closed","template":"","meta":{"_glsr_average":0,"_glsr_ranking":0,"_glsr_reviews":0},"product_brand":[],"product_cat":[109],"product_tag":[],"class_list":{"0":"post-4206","1":"product","2":"type-product","3":"status-publish","4":"has-post-thumbnail","6":"product_cat-turmalin-kaufen","7":"pa_edelsteinart-turmalin","8":"pa_farbe-gruen","9":"pa_form-rechteck","10":"pa_gewicht-karat-0-5-1-0-karat","11":"pa_herkunft-brasilien","12":"pa_reinheit-sehr-kleine-einschluesse","13":"pa_veredelung-behandlung-unbehandelt","14":"pa_zertifikat-ja","15":"pa_zustand-neu","17":"first","18":"instock","19":"featured","20":"sold-individually","21":"shipping-taxable","22":"purchasable","23":"product-type-simple","24":"add-to-wishlist-before_image"},"jetpack_sharing_enabled":true,"_links":{"self":[{"href":"https:\/\/saphirsmaragd.com\/el\/wp-json\/wp\/v2\/product\/4206","targetHints":{"allow":["GET"]}}],"collection":[{"href":"https:\/\/saphirsmaragd.com\/el\/wp-json\/wp\/v2\/product"}],"about":[{"href":"https:\/\/saphirsmaragd.com\/el\/wp-json\/wp\/v2\/types\/product"}],"replies":[{"embeddable":true,"href":"https:\/\/saphirsmaragd.com\/el\/wp-json\/wp\/v2\/comments?post=4206"}],"version-history":[{"count":1,"href":"https:\/\/saphirsmaragd.com\/el\/wp-json\/wp\/v2\/product\/4206\/revisions"}],"predecessor-version":[{"id":4210,"href":"https:\/\/saphirsmaragd.com\/el\/wp-json\/wp\/v2\/product\/4206\/revisions\/4210"}],"wp:featuredmedia":[{"embeddable":true,"href":"https:\/\/saphirsmaragd.com\/el\/wp-json\/wp\/v2\/media\/4208"}],"wp:attachment":[{"href":"https:\/\/saphirsmaragd.com\/el\/wp-json\/wp\/v2\/media?parent=4206"}],"wp:term":[{"taxonomy":"product_brand","embeddable":true,"href":"https:\/\/saphirsmaragd.com\/el\/wp-json\/wp\/v2\/product_brand?post=4206"},{"taxonomy":"product_cat","embeddable":true,"href":"https:\/\/saphirsmaragd.com\/el\/wp-json\/wp\/v2\/product_cat?post=4206"},{"taxonomy":"product_tag","embeddable":true,"href":"https:\/\/saphirsmaragd.com\/el\/wp-json\/wp\/v2\/product_tag?post=4206"}],"curies":[{"name":"wp","href":"https:\/\/api.w.org\/{rel}","templated":true}]}}