{"id":4844,"date":"2025-11-12T13:59:28","date_gmt":"2025-11-12T13:59:28","guid":{"rendered":"https:\/\/saphirsmaragd.com\/?post_type=product&#038;p=4844"},"modified":"2025-12-29T18:49:44","modified_gmt":"2025-12-29T18:49:44","slug":"beryll-2-74-karat-rund-beige","status":"publish","type":"product","link":"https:\/\/saphirsmaragd.com\/el\/product\/beryll-2-74-karat-rund-beige\/","title":{"rendered":"Beryll 2.74 Karat Rund Beige \u2013 facettierter Edelstein mit Zertifikat"},"content":{"rendered":"<div id=\"ez-toc-container\" class=\"ez-toc-v2_0_82_2 counter-hierarchy ez-toc-counter ez-toc-grey ez-toc-container-direction\">\n<div class=\"ez-toc-title-container\">\n<p class=\"ez-toc-title\" style=\"cursor:inherit\">\u03a0\u03af\u03bd\u03b1\u03ba\u03b1\u03c2 \u03c0\u03b5\u03c1\u03b9\u03b5\u03c7\u03bf\u03bc\u03ad\u03bd\u03c9\u03bd<\/p>\n<span class=\"ez-toc-title-toggle\"><a href=\"#\" class=\"ez-toc-pull-right ez-toc-btn ez-toc-btn-xs ez-toc-btn-default ez-toc-toggle\" aria-label=\"Toggle Table of Content\"><span class=\"ez-toc-js-icon-con\"><span class=\"\"><span class=\"eztoc-hide\" style=\"display:none;\">\u039c\u03c0\u03b1\u03c1\u03ad\u03c4\u03b1<\/span><span class=\"ez-toc-icon-toggle-span\"><svg style=\"fill: #999;color:#999\" xmlns=\"http:\/\/www.w3.org\/2000\/svg\" class=\"list-377408\" width=\"20px\" height=\"20px\" viewbox=\"0 0 24 24\" fill=\"none\"><path d=\"M6 6H4v2h2V6zm14 0H8v2h12V6zM4 11h2v2H4v-2zm16 0H8v2h12v-2zM4 16h2v2H4v-2zm16 0H8v2h12v-2z\" fill=\"currentColor\"><\/path><\/svg><svg style=\"fill: #999;color:#999\" class=\"arrow-unsorted-368013\" xmlns=\"http:\/\/www.w3.org\/2000\/svg\" width=\"10px\" height=\"10px\" viewbox=\"0 0 24 24\" version=\"1.2\" baseprofile=\"tiny\"><path d=\"M18.2 9.3l-6.2-6.3-6.2 6.3c-.2.2-.3.4-.3.7s.1.5.3.7c.2.2.4.3.7.3h11c.3 0 .5-.1.7-.3.2-.2.3-.5.3-.7s-.1-.5-.3-.7zM5.8 14.7l6.2 6.3 6.2-6.3c.2-.2.3-.5.3-.7s-.1-.5-.3-.7c-.2-.2-.4-.3-.7-.3h-11c-.3 0-.5.1-.7.3-.2.2-.3.5-.3.7s.1.5.3.7z\"\/><\/svg><\/span><\/span><\/span><\/a><\/span><\/div>\n<nav><ul class='ez-toc-list ez-toc-list-level-1' ><li class='ez-toc-page-1 ez-toc-heading-level-4'><a class=\"ez-toc-link ez-toc-heading-1\" href=\"https:\/\/saphirsmaragd.com\/el\/product\/beryll-2-74-karat-rund-beige\/#Beryll_274_Karat_Rund_Beige_%E2%80%93_eleganter_Edelstein_mit_ausergewohnlicher_Leuchtkraft\" >Beryll 2.74 Karat Rund Beige \u2013 eleganter Edelstein mit au\u00dfergew\u00f6hnlicher Leuchtkraft<\/a><\/li><li class='ez-toc-page-1 ez-toc-heading-level-4'><a class=\"ez-toc-link ez-toc-heading-2\" href=\"https:\/\/saphirsmaragd.com\/el\/product\/beryll-2-74-karat-rund-beige\/#Merkmale_Herkunft\" >\u03a7\u03b1\u03c1\u03b1\u03ba\u03c4\u03b7\u03c1\u03b9\u03c3\u03c4\u03b9\u03ba\u03ac &amp; \u03a0\u03c1\u03bf\u03ad\u03bb\u03b5\u03c5\u03c3\u03b7<\/a><\/li><li class='ez-toc-page-1 ez-toc-heading-level-4'><a class=\"ez-toc-link ez-toc-heading-3\" href=\"https:\/\/saphirsmaragd.com\/el\/product\/beryll-2-74-karat-rund-beige\/#Besonderheiten\" >\u0395\u03b9\u03b4\u03b9\u03ba\u03ac \u03c7\u03b1\u03c1\u03b1\u03ba\u03c4\u03b7\u03c1\u03b9\u03c3\u03c4\u03b9\u03ba\u03ac<\/a><\/li><li class='ez-toc-page-1 ez-toc-heading-level-4'><a class=\"ez-toc-link ez-toc-heading-4\" href=\"https:\/\/saphirsmaragd.com\/el\/product\/beryll-2-74-karat-rund-beige\/#Mehr_uber_unsere_Edelsteine\" >\u03a0\u03b5\u03c1\u03b9\u03c3\u03c3\u03cc\u03c4\u03b5\u03c1\u03b1 \u03b3\u03b9\u03b1 \u03c4\u03bf\u03c5\u03c2 \u03c0\u03bf\u03bb\u03cd\u03c4\u03b9\u03bc\u03bf\u03c5\u03c2 \u03bb\u03af\u03b8\u03bf\u03c5\u03c2 \u03bc\u03b1\u03c2<\/a><\/li><li class='ez-toc-page-1 ez-toc-heading-level-4'><a class=\"ez-toc-link ez-toc-heading-5\" href=\"https:\/\/saphirsmaragd.com\/el\/product\/beryll-2-74-karat-rund-beige\/#Weitere_Infos\" >\u03a0\u03b5\u03c1\u03b9\u03c3\u03c3\u03cc\u03c4\u03b5\u03c1\u03b5\u03c2 \u03c0\u03bb\u03b7\u03c1\u03bf\u03c6\u03bf\u03c1\u03af\u03b5\u03c2<\/a><\/li><\/ul><\/nav><\/div>\n<h4 data-start=\"848\" data-end=\"951\"><span class=\"ez-toc-section\" id=\"Beryll_274_Karat_Rund_Beige_%E2%80%93_eleganter_Edelstein_mit_ausergewohnlicher_Leuchtkraft\"><\/span>Beryll 2.74 Karat Rund Beige \u2013 eleganter Edelstein mit au\u00dfergew\u00f6hnlicher Leuchtkraft<span class=\"ez-toc-section-end\"><\/span><\/h4>\n<p data-start=\"952\" data-end=\"1216\">\u03a4\u03bf <strong data-start=\"956\" data-end=\"999\">Beryll 2.74 Karat Rund Beige<\/strong> \u00fcberzeugt durch seinen sanften, hellbeigen Farbton und eine bemerkenswerte Brillanz. Sein pr\u00e4ziser Rundschliff (8.8 mm) bringt die Lichtreflexe perfekt zur Geltung und verleiht dem Stein ein edles, warmes Strahlen.<\/p>\n<p data-start=\"1218\" data-end=\"1488\">Dieser Edelstein wurde einer <strong data-start=\"1247\" data-end=\"1272\">speziellen Behandlung<\/strong> unterzogen, um seine nat\u00fcrliche Farbe und Leuchtkraft zu intensivieren. Mit einer H\u00e4rte von <strong data-start=\"1365\" data-end=\"1389\">7 auf der Mohs-Skala<\/strong> ist er widerstandsf\u00e4hig genug f\u00fcr Schmuckverarbeitung und zugleich ein attraktives Sammlerst\u00fcck.<\/p>\n<hr data-start=\"1660\" data-end=\"1663\" \/>\n<h4 data-start=\"1665\" data-end=\"1691\"><span class=\"ez-toc-section\" id=\"Merkmale_Herkunft\"><\/span>\u03a7\u03b1\u03c1\u03b1\u03ba\u03c4\u03b7\u03c1\u03b9\u03c3\u03c4\u03b9\u03ba\u03ac &amp; \u03a0\u03c1\u03bf\u03ad\u03bb\u03b5\u03c5\u03c3\u03b7<span class=\"ez-toc-section-end\"><\/span><\/h4>\n<p data-start=\"1692\" data-end=\"2028\">Steinart: Beryll<br data-start=\"1708\" data-end=\"1711\" \/>Variet\u00e4t: Behandelter Beryll<br data-start=\"1739\" data-end=\"1742\" \/>Farbe: Beige<br data-start=\"1754\" data-end=\"1757\" \/>\u03a3\u03c7\u03ae\u03bc\u03b1: \u03a3\u03c4\u03c1\u03bf\u03b3\u03b3\u03c5\u03bb\u03cc \u03bc\u03b5 \u03c0\u03bf\u03bb\u03c5\u03b5\u03b4\u03c1\u03b9\u03ba\u03ad\u03c2 \u03b3\u03c9\u03bd\u03af\u03b5\u03c2<br data-start=\"1778\" data-end=\"1781\" \/>Gewicht: 2.74 Karat<br data-start=\"1800\" data-end=\"1803\" \/>Gr\u00f6\u00dfe: 8.8 mm<br data-start=\"1816\" data-end=\"1819\" \/>Dicke: 6.52 mm<br data-start=\"1833\" data-end=\"1836\" \/>\u03a3\u03ba\u03bb\u03b7\u03c1\u03cc\u03c4\u03b7\u03c4\u03b1: 7 \u03c3\u03c4\u03b7\u03bd \u03ba\u03bb\u03af\u03bc\u03b1\u03ba\u03b1 Mohs<br data-start=\"1863\" data-end=\"1866\" \/>Reinheit: Sehr sauber unter 10-facher Vergr\u00f6\u00dferung<br data-start=\"1916\" data-end=\"1919\" \/>Behandlung: Behandelt<br data-start=\"1940\" data-end=\"1943\" \/>\u03a0\u03b9\u03c3\u03c4\u03bf\u03c0\u03bf\u03b9\u03b7\u03c4\u03b9\u03ba\u03cc: Val\u00e9rie DURAFFOURG (Gem-A, \u039b\u03bf\u03bd\u03b4\u03af\u03bd\u03bf)<br data-start=\"2011\" data-end=\"2014\" \/>\u039a\u03b1\u03c4\u03ac\u03c3\u03c4\u03b1\u03c3\u03b7: \u039a\u03b1\u03b9\u03bd\u03bf\u03cd\u03c1\u03b3\u03b9\u03bf<\/p>\n<hr data-start=\"2030\" data-end=\"2033\" \/>\n<h4 data-start=\"2035\" data-end=\"2056\"><span class=\"ez-toc-section\" id=\"Besonderheiten\"><\/span>\u0395\u03b9\u03b4\u03b9\u03ba\u03ac \u03c7\u03b1\u03c1\u03b1\u03ba\u03c4\u03b7\u03c1\u03b9\u03c3\u03c4\u03b9\u03ba\u03ac<span class=\"ez-toc-section-end\"><\/span><\/h4>\n<p data-start=\"2057\" data-end=\"2338\">\u03a4\u03bf <strong data-start=\"2061\" data-end=\"2104\">Behandelte Beryll 2.74 Karat Rund Beige<\/strong> vereint nat\u00fcrliche Eleganz mit intensiver Lichtbrechung. Durch seine sanfte Farbgebung l\u00e4sst er sich vielseitig in Schmuckdesigns integrieren und eignet sich sowohl als Solit\u00e4rstein als auch in Kombination mit farbigen Edelsteinen.<\/p>\n<p data-start=\"2340\" data-end=\"2606\">Dank der sorgf\u00e4ltigen Behandlung erreicht dieser Beryll eine beeindruckende Brillanz und gleichm\u00e4\u00dfige Farbverteilung. Das <strong data-start=\"2462\" data-end=\"2514\">Zertifikat von Val\u00e9rie DURAFFOURG (Gem-A London)<\/strong> best\u00e4tigt seine Echtheit und Qualit\u00e4t \u2013 ein idealer Edelstein f\u00fcr anspruchsvolle Sammler.<\/p>\n<hr data-start=\"2597\" data-end=\"2600\" \/>\n<h4 data-start=\"1931\" data-end=\"1971\"><span class=\"ez-toc-section\" id=\"Mehr_uber_unsere_Edelsteine\"><\/span>\u03a0\u03b5\u03c1\u03b9\u03c3\u03c3\u03cc\u03c4\u03b5\u03c1\u03b1 \u03b3\u03b9\u03b1 \u03c4\u03bf\u03c5\u03c2 \u03c0\u03bf\u03bb\u03cd\u03c4\u03b9\u03bc\u03bf\u03c5\u03c2 \u03bb\u03af\u03b8\u03bf\u03c5\u03c2 \u03bc\u03b1\u03c2<span class=\"ez-toc-section-end\"><\/span><\/h4>\n<p data-start=\"1972\" data-end=\"2069\"><a href=\"https:\/\/saphirsmaragd.com\/el\/product-category\/edelsteine-kaufen\/\">\u03a0\u03bf\u03bb\u03cd\u03c4\u03b9\u03bc\u03bf\u03b9 \u03bb\u03af\u03b8\u03bf\u03b9<\/a><\/p>\n<hr data-start=\"2744\" data-end=\"2747\" \/>\n<h4 data-start=\"2665\" data-end=\"2688\"><span class=\"ez-toc-section\" id=\"Weitere_Infos\"><\/span>\u03a0\u03b5\u03c1\u03b9\u03c3\u03c3\u03cc\u03c4\u03b5\u03c1\u03b5\u03c2 \u03c0\u03bb\u03b7\u03c1\u03bf\u03c6\u03bf\u03c1\u03af\u03b5\u03c2<span class=\"ez-toc-section-end\"><\/span><\/h4>\n<p data-start=\"2778\" data-end=\"2835\"><a class=\"decorated-link cursor-pointer\" href=\"https:\/\/de.wikipedia.org\/wiki\/Beryll\" target=\"_new\" rel=\"noopener\" data-start=\"2778\" data-end=\"2835\">Wikipedia: Beryll<\/a><\/p>","protected":false},"excerpt":{"rendered":"<p data-start=\"489\" data-end=\"701\"><em>Der Behandelte Behandelter Beryll 2.74 Karat Rund Beige besticht durch seinen warmen Glanz und hohe Brillanz. Mit Zertifikat von Val\u00e9rie DURAFFOURG (Gem-A London) \u2013 ein eleganter Edelstein f\u00fcr Sammler und Schmuckliebhaber.<\/em><\/p>\n<h2 data-start=\"523\" data-end=\"548\"><\/h2>","protected":false},"featured_media":4847,"comment_status":"open","ping_status":"closed","template":"","meta":{"_glsr_average":0,"_glsr_ranking":0,"_glsr_reviews":0},"product_brand":[],"product_cat":[305],"product_tag":[],"class_list":{"0":"post-4844","1":"product","2":"type-product","3":"status-publish","4":"has-post-thumbnail","6":"product_cat-seltene-edelsteine","7":"pa_edelsteinart-seltene-edelsteine","8":"pa_farbe-beige","9":"pa_form-rund","10":"pa_gewicht-karat-1-0-3-0-karat","11":"pa_reinheit-sehr-kleine-einschluesse","12":"pa_veredelung-behandlung-behandelt","13":"pa_zertifikat-ja","14":"pa_zustand-neu","16":"first","17":"instock","18":"featured","19":"sold-individually","20":"shipping-taxable","21":"purchasable","22":"product-type-simple","23":"add-to-wishlist-before_image"},"jetpack_sharing_enabled":true,"_links":{"self":[{"href":"https:\/\/saphirsmaragd.com\/el\/wp-json\/wp\/v2\/product\/4844","targetHints":{"allow":["GET"]}}],"collection":[{"href":"https:\/\/saphirsmaragd.com\/el\/wp-json\/wp\/v2\/product"}],"about":[{"href":"https:\/\/saphirsmaragd.com\/el\/wp-json\/wp\/v2\/types\/product"}],"replies":[{"embeddable":true,"href":"https:\/\/saphirsmaragd.com\/el\/wp-json\/wp\/v2\/comments?post=4844"}],"version-history":[{"count":1,"href":"https:\/\/saphirsmaragd.com\/el\/wp-json\/wp\/v2\/product\/4844\/revisions"}],"predecessor-version":[{"id":4848,"href":"https:\/\/saphirsmaragd.com\/el\/wp-json\/wp\/v2\/product\/4844\/revisions\/4848"}],"wp:featuredmedia":[{"embeddable":true,"href":"https:\/\/saphirsmaragd.com\/el\/wp-json\/wp\/v2\/media\/4847"}],"wp:attachment":[{"href":"https:\/\/saphirsmaragd.com\/el\/wp-json\/wp\/v2\/media?parent=4844"}],"wp:term":[{"taxonomy":"product_brand","embeddable":true,"href":"https:\/\/saphirsmaragd.com\/el\/wp-json\/wp\/v2\/product_brand?post=4844"},{"taxonomy":"product_cat","embeddable":true,"href":"https:\/\/saphirsmaragd.com\/el\/wp-json\/wp\/v2\/product_cat?post=4844"},{"taxonomy":"product_tag","embeddable":true,"href":"https:\/\/saphirsmaragd.com\/el\/wp-json\/wp\/v2\/product_tag?post=4844"}],"curies":[{"name":"wp","href":"https:\/\/api.w.org\/{rel}","templated":true}]}}