{"id":5499,"date":"2025-11-19T17:11:33","date_gmt":"2025-11-19T17:11:33","guid":{"rendered":"https:\/\/saphirsmaragd.com\/?post_type=product&#038;p=5499"},"modified":"2025-11-19T17:11:34","modified_gmt":"2025-11-19T17:11:34","slug":"spitze-golden-healer-schutz-3","status":"publish","type":"product","link":"https:\/\/saphirsmaragd.com\/el\/product\/spitze-golden-healer-schutz-3\/","title":{"rendered":"Spitze Golden Healer Schutz \u2013 Kraftvoller Heilstein aus Madagaskar \u2013 772 g"},"content":{"rendered":"<div id=\"ez-toc-container\" class=\"ez-toc-v2_0_82_2 counter-hierarchy ez-toc-counter ez-toc-grey ez-toc-container-direction\">\n<div class=\"ez-toc-title-container\">\n<p class=\"ez-toc-title\" style=\"cursor:inherit\">\u03a0\u03af\u03bd\u03b1\u03ba\u03b1\u03c2 \u03c0\u03b5\u03c1\u03b9\u03b5\u03c7\u03bf\u03bc\u03ad\u03bd\u03c9\u03bd<\/p>\n<span class=\"ez-toc-title-toggle\"><a href=\"#\" class=\"ez-toc-pull-right ez-toc-btn ez-toc-btn-xs ez-toc-btn-default ez-toc-toggle\" aria-label=\"Toggle Table of Content\"><span class=\"ez-toc-js-icon-con\"><span class=\"\"><span class=\"eztoc-hide\" style=\"display:none;\">\u039c\u03c0\u03b1\u03c1\u03ad\u03c4\u03b1<\/span><span class=\"ez-toc-icon-toggle-span\"><svg style=\"fill: #999;color:#999\" xmlns=\"http:\/\/www.w3.org\/2000\/svg\" class=\"list-377408\" width=\"20px\" height=\"20px\" viewbox=\"0 0 24 24\" fill=\"none\"><path d=\"M6 6H4v2h2V6zm14 0H8v2h12V6zM4 11h2v2H4v-2zm16 0H8v2h12v-2zM4 16h2v2H4v-2zm16 0H8v2h12v-2z\" fill=\"currentColor\"><\/path><\/svg><svg style=\"fill: #999;color:#999\" class=\"arrow-unsorted-368013\" xmlns=\"http:\/\/www.w3.org\/2000\/svg\" width=\"10px\" height=\"10px\" viewbox=\"0 0 24 24\" version=\"1.2\" baseprofile=\"tiny\"><path d=\"M18.2 9.3l-6.2-6.3-6.2 6.3c-.2.2-.3.4-.3.7s.1.5.3.7c.2.2.4.3.7.3h11c.3 0 .5-.1.7-.3.2-.2.3-.5.3-.7s-.1-.5-.3-.7zM5.8 14.7l6.2 6.3 6.2-6.3c.2-.2.3-.5.3-.7s-.1-.5-.3-.7c-.2-.2-.4-.3-.7-.3h-11c-.3 0-.5.1-.7.3-.2.2-.3.5-.3.7s.1.5.3.7z\"\/><\/svg><\/span><\/span><\/span><\/a><\/span><\/div>\n<nav><ul class='ez-toc-list ez-toc-list-level-1' ><li class='ez-toc-page-1 ez-toc-heading-level-4'><a class=\"ez-toc-link ez-toc-heading-1\" href=\"https:\/\/saphirsmaragd.com\/el\/product\/spitze-golden-healer-schutz-3\/#Spitze_Golden_Healer_Schutz_%E2%80%93_Kraftvoller_Heilstein_aus_Madagaskar_%E2%80%93_772_g\" >Spitze Golden Healer Schutz \u2013 Kraftvoller Heilstein aus Madagaskar \u2013 772 g<\/a><\/li><li class='ez-toc-page-1 ez-toc-heading-level-4'><a class=\"ez-toc-link ez-toc-heading-2\" href=\"https:\/\/saphirsmaragd.com\/el\/product\/spitze-golden-healer-schutz-3\/#_Merkmale_Herkunft\" >\u00a0\u03a7\u03b1\u03c1\u03b1\u03ba\u03c4\u03b7\u03c1\u03b9\u03c3\u03c4\u03b9\u03ba\u03ac &amp; \u03a0\u03c1\u03bf\u03ad\u03bb\u03b5\u03c5\u03c3\u03b7<\/a><\/li><li class='ez-toc-page-1 ez-toc-heading-level-4'><a class=\"ez-toc-link ez-toc-heading-3\" href=\"https:\/\/saphirsmaragd.com\/el\/product\/spitze-golden-healer-schutz-3\/#_Besonderheiten\" >\u00a0\u0395\u03b9\u03b4\u03b9\u03ba\u03ac \u03c7\u03b1\u03c1\u03b1\u03ba\u03c4\u03b7\u03c1\u03b9\u03c3\u03c4\u03b9\u03ba\u03ac<\/a><\/li><li class='ez-toc-page-1 ez-toc-heading-level-4'><a class=\"ez-toc-link ez-toc-heading-4\" href=\"https:\/\/saphirsmaragd.com\/el\/product\/spitze-golden-healer-schutz-3\/#_Mehr_uber_Golden_Healer_Heilsteine\" >\u00a0Mehr \u00fcber Golden Healer &amp; Heilsteine<\/a><\/li><li class='ez-toc-page-1 ez-toc-heading-level-4'><a class=\"ez-toc-link ez-toc-heading-5\" href=\"https:\/\/saphirsmaragd.com\/el\/product\/spitze-golden-healer-schutz-3\/#_Weitere_Infos\" >\u00a0\u03a0\u03b5\u03c1\u03b9\u03c3\u03c3\u03cc\u03c4\u03b5\u03c1\u03b5\u03c2 \u03c0\u03bb\u03b7\u03c1\u03bf\u03c6\u03bf\u03c1\u03af\u03b5\u03c2<\/a><\/li><\/ul><\/nav><\/div>\n<h4 data-start=\"876\" data-end=\"956\"><span class=\"ez-toc-section\" id=\"Spitze_Golden_Healer_Schutz_%E2%80%93_Kraftvoller_Heilstein_aus_Madagaskar_%E2%80%93_772_g\"><\/span><strong data-start=\"878\" data-end=\"956\">Spitze Golden Healer Schutz \u2013 Kraftvoller Heilstein aus Madagaskar \u2013 772 g<\/strong><span class=\"ez-toc-section-end\"><\/span><\/h4>\n<p data-start=\"958\" data-end=\"1248\">Die Spitze Golden Healer Schutz ist ein einzigartiger Naturstein aus Madagaskar, der Heilung, Harmonie, inneren Frieden und universelle Liebe f\u00f6rdert. Diese Spitze weist nat\u00fcrliche Vertiefungen und Unebenheiten auf und ist ein Unikat; Sie erhalten genau das auf dem Foto gezeigte St\u00fcck.<\/p>\n<hr data-start=\"1250\" data-end=\"1253\" \/>\n<h4 data-start=\"1255\" data-end=\"1280\"><span class=\"ez-toc-section\" id=\"_Merkmale_Herkunft\"><\/span>\u00a0\u03a7\u03b1\u03c1\u03b1\u03ba\u03c4\u03b7\u03c1\u03b9\u03c3\u03c4\u03b9\u03ba\u03ac &amp; \u03a0\u03c1\u03bf\u03ad\u03bb\u03b5\u03c5\u03c3\u03b7<span class=\"ez-toc-section-end\"><\/span><\/h4>\n<p data-start=\"1281\" data-end=\"1625\">Farbe: Gelblich, goldene T\u00f6ne (Golden Healer)<br data-start=\"1326\" data-end=\"1329\" \/>Form: Spitze, poliert<br data-start=\"1350\" data-end=\"1353\" \/>Herkunft: Madagaskar<br data-start=\"1373\" data-end=\"1376\" \/>Gewicht: 772 g<br data-start=\"1390\" data-end=\"1393\" \/>Ma\u00dfe: 16 \u00d7 6.5 \u00d7 5.5 cm<br data-start=\"1416\" data-end=\"1419\" \/>Reinheit: Nat\u00fcrlich, mit naturbelassenen Vertiefungen<br data-start=\"1472\" data-end=\"1475\" \/>Behandlung: Poliert, unbehandelt<br data-start=\"1541\" data-end=\"1544\" \/>Steinart: Golden Healer (Limonite Quartz)<\/p>\n<hr data-start=\"1627\" data-end=\"1630\" \/>\n<h4 data-start=\"1632\" data-end=\"1652\"><span class=\"ez-toc-section\" id=\"_Besonderheiten\"><\/span>\u00a0\u0395\u03b9\u03b4\u03b9\u03ba\u03ac \u03c7\u03b1\u03c1\u03b1\u03ba\u03c4\u03b7\u03c1\u03b9\u03c3\u03c4\u03b9\u03ba\u03ac<span class=\"ez-toc-section-end\"><\/span><\/h4>\n<p data-start=\"1653\" data-end=\"1980\">Die Spitze Golden Healer Schutz ist ein vielseitiger, kraftvoller Heilstein mit warmer, sanfter Energie. Sie unterst\u00fctzt Heilung auf allen Ebenen, l\u00f6st Blockaden und balanciert das Energiesystem. Dank ihrer reinigenden, st\u00e4rkenden und verbindenden Eigenschaften wird die Spitze h\u00e4ufig in Heil- und Energiearbeit eingesetzt.<\/p>\n<p data-start=\"1982\" data-end=\"2265\">Mental und emotional f\u00f6rdert der Stein Ruhe, Akzeptanz und innere Harmonie. Er hilft, belastende Gedanken, Emotionen und Situationen loszulassen, st\u00e4rkt Vertrauen, Klarheit und Wohlbefinden. Golden Healer eignet sich besonders in Zeiten von Ver\u00e4nderung, Heilung und innerem Wachstum.<\/p>\n<p data-start=\"2267\" data-end=\"2612\">Spirituell hilft der Stein, sich auf die goldene, g\u00f6ttliche Energie der Quelle einzustimmen. Er \u00f6ffnet das Bewusstsein f\u00fcr h\u00f6here Frequenzen, verbindet mit universeller Liebe, Licht und Weisheit und unterst\u00fctzt spirituelles Wachstum, innere Ruhe und die F\u00e4higkeit, das Leben anzunehmen. Ideal f\u00fcr Meditation, Heilung und spirituelle Integration.<\/p>\n<hr data-start=\"2614\" data-end=\"2617\" \/>\n<h4 data-start=\"2619\" data-end=\"2661\"><span class=\"ez-toc-section\" id=\"_Mehr_uber_Golden_Healer_Heilsteine\"><\/span>\u00a0Mehr \u00fcber Golden Healer &amp; Heilsteine<span class=\"ez-toc-section-end\"><\/span><\/h4>\n<p data-start=\"2662\" data-end=\"2703\"><a href=\"https:\/\/saphirsmaragd.com\/el\/product-category\/heilsteine-kristalle-kaufen\/\">\u0398\u03b5\u03c1\u03b1\u03c0\u03b5\u03c5\u03c4\u03b9\u03ba\u03ad\u03c2 \u03c0\u03ad\u03c4\u03c1\u03b5\u03c2 \u03ba\u03b1\u03b9 \u03ba\u03c1\u03cd\u03c3\u03c4\u03b1\u03bb\u03bb\u03bf\u03b9<\/a> | Saphir &amp; Smaragd<\/p>\n<hr data-start=\"2705\" data-end=\"2708\" \/>\n<h4 data-start=\"2710\" data-end=\"2731\"><span class=\"ez-toc-section\" id=\"_Weitere_Infos\"><\/span>\u00a0\u03a0\u03b5\u03c1\u03b9\u03c3\u03c3\u03cc\u03c4\u03b5\u03c1\u03b5\u03c2 \u03c0\u03bb\u03b7\u03c1\u03bf\u03c6\u03bf\u03c1\u03af\u03b5\u03c2<span class=\"ez-toc-section-end\"><\/span><\/h4>\n<p data-start=\"2732\" data-end=\"2778\">Wikipedia: <a class=\"decorated-link\" href=\"https:\/\/de.wikipedia.org\/wiki\/Quarz\" target=\"_new\" rel=\"noopener\" data-start=\"2743\" data-end=\"2778\">\u03a7\u03b1\u03bb\u03b1\u03b6\u03af\u03b1\u03c2<\/a><\/p>","protected":false},"excerpt":{"rendered":"<p><em>Die Spitze Golden Healer Schutz ist ein kraftvoller Heilstein aus Madagaskar, der Heilung, Harmonie, inneren Frieden und universelle Liebe f\u00f6rdert. Ideal f\u00fcr Meditation, Energiearbeit und spirituelle Praxis.<\/em><\/p>","protected":false},"featured_media":5500,"comment_status":"open","ping_status":"closed","template":"","meta":{"_glsr_average":0,"_glsr_ranking":0,"_glsr_reviews":0},"product_brand":[],"product_cat":[84],"product_tag":[],"class_list":{"0":"post-5499","1":"product","2":"type-product","3":"status-publish","4":"has-post-thumbnail","6":"product_cat-rohsteine-kaufen","8":"first","9":"instock","10":"taxable","11":"shipping-taxable","12":"purchasable","13":"product-type-simple","14":"add-to-wishlist-before_image"},"jetpack_sharing_enabled":true,"_links":{"self":[{"href":"https:\/\/saphirsmaragd.com\/el\/wp-json\/wp\/v2\/product\/5499","targetHints":{"allow":["GET"]}}],"collection":[{"href":"https:\/\/saphirsmaragd.com\/el\/wp-json\/wp\/v2\/product"}],"about":[{"href":"https:\/\/saphirsmaragd.com\/el\/wp-json\/wp\/v2\/types\/product"}],"replies":[{"embeddable":true,"href":"https:\/\/saphirsmaragd.com\/el\/wp-json\/wp\/v2\/comments?post=5499"}],"version-history":[{"count":1,"href":"https:\/\/saphirsmaragd.com\/el\/wp-json\/wp\/v2\/product\/5499\/revisions"}],"predecessor-version":[{"id":5502,"href":"https:\/\/saphirsmaragd.com\/el\/wp-json\/wp\/v2\/product\/5499\/revisions\/5502"}],"wp:featuredmedia":[{"embeddable":true,"href":"https:\/\/saphirsmaragd.com\/el\/wp-json\/wp\/v2\/media\/5500"}],"wp:attachment":[{"href":"https:\/\/saphirsmaragd.com\/el\/wp-json\/wp\/v2\/media?parent=5499"}],"wp:term":[{"taxonomy":"product_brand","embeddable":true,"href":"https:\/\/saphirsmaragd.com\/el\/wp-json\/wp\/v2\/product_brand?post=5499"},{"taxonomy":"product_cat","embeddable":true,"href":"https:\/\/saphirsmaragd.com\/el\/wp-json\/wp\/v2\/product_cat?post=5499"},{"taxonomy":"product_tag","embeddable":true,"href":"https:\/\/saphirsmaragd.com\/el\/wp-json\/wp\/v2\/product_tag?post=5499"}],"curies":[{"name":"wp","href":"https:\/\/api.w.org\/{rel}","templated":true}]}}