{"id":5754,"date":"2025-11-25T22:34:44","date_gmt":"2025-11-25T22:34:44","guid":{"rendered":"https:\/\/saphirsmaragd.com\/?post_type=product&#038;p=5754"},"modified":"2025-12-05T10:27:17","modified_gmt":"2025-12-05T10:27:17","slug":"anhaenger-mit-tuerkis-tropfen-3","status":"publish","type":"product","link":"https:\/\/saphirsmaragd.com\/el\/product\/anhaenger-mit-tuerkis-tropfen-3\/","title":{"rendered":"Anh\u00e4nger mit T\u00fcrkis Tropfen \u2013 Handgefertigt aus 925 Silber"},"content":{"rendered":"<div id=\"ez-toc-container\" class=\"ez-toc-v2_0_82_2 counter-hierarchy ez-toc-counter ez-toc-grey ez-toc-container-direction\">\n<div class=\"ez-toc-title-container\">\n<p class=\"ez-toc-title\" style=\"cursor:inherit\">\u03a0\u03af\u03bd\u03b1\u03ba\u03b1\u03c2 \u03c0\u03b5\u03c1\u03b9\u03b5\u03c7\u03bf\u03bc\u03ad\u03bd\u03c9\u03bd<\/p>\n<span class=\"ez-toc-title-toggle\"><a href=\"#\" class=\"ez-toc-pull-right ez-toc-btn ez-toc-btn-xs ez-toc-btn-default ez-toc-toggle\" aria-label=\"Toggle Table of Content\"><span class=\"ez-toc-js-icon-con\"><span class=\"\"><span class=\"eztoc-hide\" style=\"display:none;\">\u039c\u03c0\u03b1\u03c1\u03ad\u03c4\u03b1<\/span><span class=\"ez-toc-icon-toggle-span\"><svg style=\"fill: #999;color:#999\" xmlns=\"http:\/\/www.w3.org\/2000\/svg\" class=\"list-377408\" width=\"20px\" height=\"20px\" viewbox=\"0 0 24 24\" fill=\"none\"><path d=\"M6 6H4v2h2V6zm14 0H8v2h12V6zM4 11h2v2H4v-2zm16 0H8v2h12v-2zM4 16h2v2H4v-2zm16 0H8v2h12v-2z\" fill=\"currentColor\"><\/path><\/svg><svg style=\"fill: #999;color:#999\" class=\"arrow-unsorted-368013\" xmlns=\"http:\/\/www.w3.org\/2000\/svg\" width=\"10px\" height=\"10px\" viewbox=\"0 0 24 24\" version=\"1.2\" baseprofile=\"tiny\"><path d=\"M18.2 9.3l-6.2-6.3-6.2 6.3c-.2.2-.3.4-.3.7s.1.5.3.7c.2.2.4.3.7.3h11c.3 0 .5-.1.7-.3.2-.2.3-.5.3-.7s-.1-.5-.3-.7zM5.8 14.7l6.2 6.3 6.2-6.3c.2-.2.3-.5.3-.7s-.1-.5-.3-.7c-.2-.2-.4-.3-.7-.3h-11c-.3 0-.5.1-.7.3-.2.2-.3.5-.3.7s.1.5.3.7z\"\/><\/svg><\/span><\/span><\/span><\/a><\/span><\/div>\n<nav><ul class='ez-toc-list ez-toc-list-level-1' ><li class='ez-toc-page-1 ez-toc-heading-level-4'><a class=\"ez-toc-link ez-toc-heading-1\" href=\"https:\/\/saphirsmaragd.com\/el\/product\/anhaenger-mit-tuerkis-tropfen-3\/#Anhanger_mit_Turkis_Tropfen_%E2%80%93_Handgefertigt_aus_925_Silber\" >Anh\u00e4nger mit T\u00fcrkis Tropfen \u2013 Handgefertigt aus 925 Silber<\/a><\/li><li class='ez-toc-page-1 ez-toc-heading-level-4'><a class=\"ez-toc-link ez-toc-heading-2\" href=\"https:\/\/saphirsmaragd.com\/el\/product\/anhaenger-mit-tuerkis-tropfen-3\/#_Merkmale_Herkunft\" >\u00a0\u03a7\u03b1\u03c1\u03b1\u03ba\u03c4\u03b7\u03c1\u03b9\u03c3\u03c4\u03b9\u03ba\u03ac &amp; \u03a0\u03c1\u03bf\u03ad\u03bb\u03b5\u03c5\u03c3\u03b7<\/a><\/li><li class='ez-toc-page-1 ez-toc-heading-level-4'><a class=\"ez-toc-link ez-toc-heading-3\" href=\"https:\/\/saphirsmaragd.com\/el\/product\/anhaenger-mit-tuerkis-tropfen-3\/#Besonderheiten\" >\u0395\u03b9\u03b4\u03b9\u03ba\u03ac \u03c7\u03b1\u03c1\u03b1\u03ba\u03c4\u03b7\u03c1\u03b9\u03c3\u03c4\u03b9\u03ba\u03ac<\/a><\/li><li class='ez-toc-page-1 ez-toc-heading-level-4'><a class=\"ez-toc-link ez-toc-heading-4\" href=\"https:\/\/saphirsmaragd.com\/el\/product\/anhaenger-mit-tuerkis-tropfen-3\/#_Mehr_uber_Turkise_Heilsteine\" >\u00a0Mehr \u00fcber T\u00fcrkise &amp; Heilsteine<\/a><\/li><li class='ez-toc-page-1 ez-toc-heading-level-4'><a class=\"ez-toc-link ez-toc-heading-5\" href=\"https:\/\/saphirsmaragd.com\/el\/product\/anhaenger-mit-tuerkis-tropfen-3\/#_Weitere_Infos\" >\u00a0\u03a0\u03b5\u03c1\u03b9\u03c3\u03c3\u03cc\u03c4\u03b5\u03c1\u03b5\u03c2 \u03c0\u03bb\u03b7\u03c1\u03bf\u03c6\u03bf\u03c1\u03af\u03b5\u03c2<\/a><\/li><\/ul><\/nav><\/div>\n<h4 data-start=\"816\" data-end=\"879\"><span class=\"ez-toc-section\" id=\"Anhanger_mit_Turkis_Tropfen_%E2%80%93_Handgefertigt_aus_925_Silber\"><\/span>Anh\u00e4nger mit T\u00fcrkis Tropfen \u2013 Handgefertigt aus 925 Silber<span class=\"ez-toc-section-end\"><\/span><\/h4>\n<p data-start=\"880\" data-end=\"1031\">Dieser Anh\u00e4nger mit T\u00fcrkis Tropfen besteht aus echtem Sleeping-Beauty-T\u00fcrkis und ist ein sorgf\u00e4ltig handgefertigtes Unikat aus 925 Sterling Silber.<\/p>\n<hr data-start=\"2499\" data-end=\"2502\" \/>\n<h4 data-start=\"1033\" data-end=\"1061\"><span class=\"ez-toc-section\" id=\"_Merkmale_Herkunft\"><\/span>\u00a0\u03a7\u03b1\u03c1\u03b1\u03ba\u03c4\u03b7\u03c1\u03b9\u03c3\u03c4\u03b9\u03ba\u03ac &amp; \u03a0\u03c1\u03bf\u03ad\u03bb\u03b5\u03c5\u03c3\u03b7<span class=\"ez-toc-section-end\"><\/span><\/h4>\n<p data-start=\"1062\" data-end=\"1431\">Farbe: T\u00fcrkis<br data-start=\"1075\" data-end=\"1078\" \/>\u03a3\u03c7\u03ae\u03bc\u03b1: \u03a0\u03c4\u03ce\u03c3\u03b7<br data-start=\"1193\" data-end=\"1196\" \/>Ma\u00dfe: 1,9 \u00d7 1,3 cm (Steingr\u00f6\u00dfe); Anh\u00e4ngerl\u00e4nge ca. 2,8 cm<br data-start=\"1253\" data-end=\"1256\" \/>Reinheit: Naturstein<br data-start=\"1276\" data-end=\"1279\" \/>Behandlung: Keine Angabe<br data-start=\"1337\" data-end=\"1340\" \/>Steinart: T\u00fcrkis (Sleeping Beauty)<br data-start=\"1374\" data-end=\"1377\" \/>Material: 925 Sterling Silber<br data-start=\"1406\" data-end=\"1409\" \/>Schmuckart: Anh\u00e4nger<\/p>\n<hr data-start=\"2499\" data-end=\"2502\" \/>\n<h4 data-start=\"1433\" data-end=\"1456\"><span class=\"ez-toc-section\" id=\"Besonderheiten\"><\/span>\u0395\u03b9\u03b4\u03b9\u03ba\u03ac \u03c7\u03b1\u03c1\u03b1\u03ba\u03c4\u03b7\u03c1\u03b9\u03c3\u03c4\u03b9\u03ba\u03ac<span class=\"ez-toc-section-end\"><\/span><\/h4>\n<p data-start=\"1457\" data-end=\"1755\">Sleeping-Beauty-T\u00fcrkis z\u00e4hlt zu den begehrtesten T\u00fcrkisen weltweit und ist bekannt f\u00fcr seine au\u00dfergew\u00f6hnliche, reine t\u00fcrkisfarbene Erscheinung ohne sichtbare Matrix. Dieser edle Tropfenanh\u00e4nger verbindet die nat\u00fcrliche Sch\u00f6nheit des Steins mit feiner Handarbeit und eignet sich ideal f\u00fcr jeden Tag.<\/p>\n<p data-start=\"1757\" data-end=\"2337\">T\u00fcrkis wirkt sowohl belebend als auch beruhigend: Er schenkt neue Kraft bei Ersch\u00f6pfung und bringt gleichzeitig Ruhe in emotional belastenden Situationen. Er sch\u00fctzt energetisch vor negativen Einfl\u00fcssen, elektromagnetischer Strahlung sowie allt\u00e4glichen Belastungen. Zus\u00e4tzlich f\u00f6rdert er das emotionale Gleichgewicht, wirkt stabilisierend bei Angst, Stress, Panik oder Stimmungsschwankungen und unterst\u00fctzt Sie dabei, innere Ruhe und Selbstakzeptanz zu finden. Dar\u00fcber hinaus regt T\u00fcrkis Kreativit\u00e4t, Empathie und Selbstausdruck an und begleitet Sie auf Ihrem bewussten Lebensweg.<\/p>\n<hr data-start=\"2499\" data-end=\"2502\" \/>\n<h4><span class=\"ez-toc-section\" id=\"_Mehr_uber_Turkise_Heilsteine\"><\/span>\u00a0Mehr \u00fcber T\u00fcrkise &amp; Heilsteine<span class=\"ez-toc-section-end\"><\/span><\/h4>\n<p data-start=\"2379\" data-end=\"2425\"><a href=\"https:\/\/saphirsmaragd.com\/el\/product-category\/heilsteine-kristalle-kaufen\/\">\u0398\u03b5\u03c1\u03b1\u03c0\u03b5\u03c5\u03c4\u03b9\u03ba\u03ad\u03c2 \u03c0\u03ad\u03c4\u03c1\u03b5\u03c2 \u03ba\u03b1\u03b9 \u03ba\u03c1\u03cd\u03c3\u03c4\u03b1\u03bb\u03bb\u03bf\u03b9<\/a> | T\u00fcrkis &amp; Schutzsteine<\/p>\n<hr data-start=\"2499\" data-end=\"2502\" \/>\n<h4 data-start=\"2427\" data-end=\"2449\"><span class=\"ez-toc-section\" id=\"_Weitere_Infos\"><\/span>\u00a0\u03a0\u03b5\u03c1\u03b9\u03c3\u03c3\u03cc\u03c4\u03b5\u03c1\u03b5\u03c2 \u03c0\u03bb\u03b7\u03c1\u03bf\u03c6\u03bf\u03c1\u03af\u03b5\u03c2<span class=\"ez-toc-section-end\"><\/span><\/h4>\n<p data-start=\"2450\" data-end=\"2497\">Wikipedia:<a class=\"decorated-link\" href=\"https:\/\/de.wikipedia.org\/wiki\/T%C3%BCrkis\" target=\"_new\" rel=\"noopener\" data-start=\"2461\" data-end=\"2497\">T\u00fcrkis<\/a><\/p>","protected":false},"excerpt":{"rendered":"<p><em>Der Anh\u00e4nger mit T\u00fcrkis Tropfen ist ein handgefertigtes Unikat aus 925 Silber mit hochwertigem Sleeping-Beauty-T\u00fcrkis. Sie erhalten genau das abgebildete Schmuckst\u00fcck, das f\u00fcr Schutz, Gl\u00fcck, Ausgeglichenheit und Selbstexpression steht.<\/em><\/p>","protected":false},"featured_media":5755,"comment_status":"open","ping_status":"closed","template":"","meta":{"_glsr_average":0,"_glsr_ranking":0,"_glsr_reviews":0},"product_brand":[],"product_cat":[87],"product_tag":[],"class_list":{"0":"post-5754","1":"product","2":"type-product","3":"status-publish","4":"has-post-thumbnail","6":"product_cat-edelstein-anhaenger","8":"first","9":"instock","10":"shipping-taxable","11":"purchasable","12":"product-type-simple","13":"add-to-wishlist-before_image"},"jetpack_sharing_enabled":true,"_links":{"self":[{"href":"https:\/\/saphirsmaragd.com\/el\/wp-json\/wp\/v2\/product\/5754","targetHints":{"allow":["GET"]}}],"collection":[{"href":"https:\/\/saphirsmaragd.com\/el\/wp-json\/wp\/v2\/product"}],"about":[{"href":"https:\/\/saphirsmaragd.com\/el\/wp-json\/wp\/v2\/types\/product"}],"replies":[{"embeddable":true,"href":"https:\/\/saphirsmaragd.com\/el\/wp-json\/wp\/v2\/comments?post=5754"}],"version-history":[{"count":1,"href":"https:\/\/saphirsmaragd.com\/el\/wp-json\/wp\/v2\/product\/5754\/revisions"}],"predecessor-version":[{"id":5757,"href":"https:\/\/saphirsmaragd.com\/el\/wp-json\/wp\/v2\/product\/5754\/revisions\/5757"}],"wp:featuredmedia":[{"embeddable":true,"href":"https:\/\/saphirsmaragd.com\/el\/wp-json\/wp\/v2\/media\/5755"}],"wp:attachment":[{"href":"https:\/\/saphirsmaragd.com\/el\/wp-json\/wp\/v2\/media?parent=5754"}],"wp:term":[{"taxonomy":"product_brand","embeddable":true,"href":"https:\/\/saphirsmaragd.com\/el\/wp-json\/wp\/v2\/product_brand?post=5754"},{"taxonomy":"product_cat","embeddable":true,"href":"https:\/\/saphirsmaragd.com\/el\/wp-json\/wp\/v2\/product_cat?post=5754"},{"taxonomy":"product_tag","embeddable":true,"href":"https:\/\/saphirsmaragd.com\/el\/wp-json\/wp\/v2\/product_tag?post=5754"}],"curies":[{"name":"wp","href":"https:\/\/api.w.org\/{rel}","templated":true}]}}