{"id":5913,"date":"2025-11-28T13:05:15","date_gmt":"2025-11-28T13:05:15","guid":{"rendered":"https:\/\/saphirsmaragd.com\/?post_type=product&#038;p=5913"},"modified":"2025-12-05T10:34:36","modified_gmt":"2025-12-05T10:34:36","slug":"anhaenger-set-mit-serafinit-tropfen-gruen","status":"publish","type":"product","link":"https:\/\/saphirsmaragd.com\/el\/product\/anhaenger-set-mit-serafinit-tropfen-gruen\/","title":{"rendered":"Anh\u00e4nger-Set mit Serafinit Tropfen Gr\u00fcn \u2013 Handgefertigt aus 925 Silber"},"content":{"rendered":"<div id=\"ez-toc-container\" class=\"ez-toc-v2_0_82_2 counter-hierarchy ez-toc-counter ez-toc-grey ez-toc-container-direction\">\n<div class=\"ez-toc-title-container\">\n<p class=\"ez-toc-title\" style=\"cursor:inherit\">\u03a0\u03af\u03bd\u03b1\u03ba\u03b1\u03c2 \u03c0\u03b5\u03c1\u03b9\u03b5\u03c7\u03bf\u03bc\u03ad\u03bd\u03c9\u03bd<\/p>\n<span class=\"ez-toc-title-toggle\"><a href=\"#\" class=\"ez-toc-pull-right ez-toc-btn ez-toc-btn-xs ez-toc-btn-default ez-toc-toggle\" aria-label=\"Toggle Table of Content\"><span class=\"ez-toc-js-icon-con\"><span class=\"\"><span class=\"eztoc-hide\" style=\"display:none;\">\u039c\u03c0\u03b1\u03c1\u03ad\u03c4\u03b1<\/span><span class=\"ez-toc-icon-toggle-span\"><svg style=\"fill: #999;color:#999\" xmlns=\"http:\/\/www.w3.org\/2000\/svg\" class=\"list-377408\" width=\"20px\" height=\"20px\" viewbox=\"0 0 24 24\" fill=\"none\"><path d=\"M6 6H4v2h2V6zm14 0H8v2h12V6zM4 11h2v2H4v-2zm16 0H8v2h12v-2zM4 16h2v2H4v-2zm16 0H8v2h12v-2z\" fill=\"currentColor\"><\/path><\/svg><svg style=\"fill: #999;color:#999\" class=\"arrow-unsorted-368013\" xmlns=\"http:\/\/www.w3.org\/2000\/svg\" width=\"10px\" height=\"10px\" viewbox=\"0 0 24 24\" version=\"1.2\" baseprofile=\"tiny\"><path d=\"M18.2 9.3l-6.2-6.3-6.2 6.3c-.2.2-.3.4-.3.7s.1.5.3.7c.2.2.4.3.7.3h11c.3 0 .5-.1.7-.3.2-.2.3-.5.3-.7s-.1-.5-.3-.7zM5.8 14.7l6.2 6.3 6.2-6.3c.2-.2.3-.5.3-.7s-.1-.5-.3-.7c-.2-.2-.4-.3-.7-.3h-11c-.3 0-.5.1-.7.3-.2.2-.3.5-.3.7s.1.5.3.7z\"\/><\/svg><\/span><\/span><\/span><\/a><\/span><\/div>\n<nav><ul class='ez-toc-list ez-toc-list-level-1' ><li class='ez-toc-page-1 ez-toc-heading-level-4'><a class=\"ez-toc-link ez-toc-heading-1\" href=\"https:\/\/saphirsmaragd.com\/el\/product\/anhaenger-set-mit-serafinit-tropfen-gruen\/#Anhanger-Set_mit_Serafinit_Tropfen_Grun_%E2%80%93_Handgefertigt_aus_925_Silber\" >Anh\u00e4nger-Set mit Serafinit Tropfen Gr\u00fcn \u2013 Handgefertigt aus 925 Silber<\/a><\/li><li class='ez-toc-page-1 ez-toc-heading-level-4'><a class=\"ez-toc-link ez-toc-heading-2\" href=\"https:\/\/saphirsmaragd.com\/el\/product\/anhaenger-set-mit-serafinit-tropfen-gruen\/#Merkmale_Herkunft\" >\u03a7\u03b1\u03c1\u03b1\u03ba\u03c4\u03b7\u03c1\u03b9\u03c3\u03c4\u03b9\u03ba\u03ac &amp; \u03a0\u03c1\u03bf\u03ad\u03bb\u03b5\u03c5\u03c3\u03b7<\/a><\/li><li class='ez-toc-page-1 ez-toc-heading-level-4'><a class=\"ez-toc-link ez-toc-heading-3\" href=\"https:\/\/saphirsmaragd.com\/el\/product\/anhaenger-set-mit-serafinit-tropfen-gruen\/#Besonderheiten\" >\u0395\u03b9\u03b4\u03b9\u03ba\u03ac \u03c7\u03b1\u03c1\u03b1\u03ba\u03c4\u03b7\u03c1\u03b9\u03c3\u03c4\u03b9\u03ba\u03ac<\/a><\/li><li class='ez-toc-page-1 ez-toc-heading-level-4'><a class=\"ez-toc-link ez-toc-heading-4\" href=\"https:\/\/saphirsmaragd.com\/el\/product\/anhaenger-set-mit-serafinit-tropfen-gruen\/#Mehr_uber_Serafinite_Heilsteine\" >Mehr \u00fcber Serafinite &amp; Heilsteine<\/a><\/li><li class='ez-toc-page-1 ez-toc-heading-level-4'><a class=\"ez-toc-link ez-toc-heading-5\" href=\"https:\/\/saphirsmaragd.com\/el\/product\/anhaenger-set-mit-serafinit-tropfen-gruen\/#Weitere_Infos\" >\u03a0\u03b5\u03c1\u03b9\u03c3\u03c3\u03cc\u03c4\u03b5\u03c1\u03b5\u03c2 \u03c0\u03bb\u03b7\u03c1\u03bf\u03c6\u03bf\u03c1\u03af\u03b5\u03c2<\/a><\/li><\/ul><\/nav><\/div>\n<h4 data-start=\"232\" data-end=\"310\"><span class=\"ez-toc-section\" id=\"Anhanger-Set_mit_Serafinit_Tropfen_Grun_%E2%80%93_Handgefertigt_aus_925_Silber\"><\/span><strong data-start=\"234\" data-end=\"308\">Anh\u00e4nger-Set mit Serafinit Tropfen Gr\u00fcn \u2013 Handgefertigt aus 925 Silber<\/strong><span class=\"ez-toc-section-end\"><\/span><\/h4>\n<p data-start=\"311\" data-end=\"467\">Das Anh\u00e4nger-Set mit Serafinit Tropfen Gr\u00fcn besteht aus einzigartigen Einzelst\u00fccken, die harmonisierende Engelenergie in edlem Sterling Silber vereinen.<\/p>\n<hr data-start=\"469\" data-end=\"472\" \/>\n<h4 data-start=\"474\" data-end=\"505\"><span class=\"ez-toc-section\" id=\"Merkmale_Herkunft\"><\/span><strong data-start=\"480\" data-end=\"503\">\u03a7\u03b1\u03c1\u03b1\u03ba\u03c4\u03b7\u03c1\u03b9\u03c3\u03c4\u03b9\u03ba\u03ac &amp; \u03a0\u03c1\u03bf\u03ad\u03bb\u03b5\u03c5\u03c3\u03b7<\/strong><span class=\"ez-toc-section-end\"><\/span><\/h4>\n<p data-start=\"506\" data-end=\"850\">Farbe: Gr\u00fcn mit silbrigem Schimmer<br data-start=\"540\" data-end=\"543\" \/>\u03a3\u03c7\u03ae\u03bc\u03b1: \u03a0\u03c4\u03ce\u03c3\u03b7<br data-start=\"556\" data-end=\"559\" \/>Herkunft: Russland (Sibirien)<br data-start=\"601\" data-end=\"604\" \/>Ma\u00dfe: Stein 1.9 x 2.3 cm, Anh\u00e4nger ca. 3 cm (inkl. \u00d6se)<br data-start=\"659\" data-end=\"662\" \/>\u039a\u03b1\u03b8\u03b1\u03c1\u03cc\u03c4\u03b7\u03c4\u03b1: \u03a6\u03c5\u03c3\u03b9\u03ba\u03ae<br data-start=\"741\" data-end=\"744\" \/>Steinart: Serafinit<br data-start=\"763\" data-end=\"766\" \/>Material: Sterling Silber (925)<br data-start=\"797\" data-end=\"800\" \/>Schmuckart: Anh\u00e4nger-Set<\/p>\n<hr data-start=\"852\" data-end=\"855\" \/>\n<h4 data-start=\"857\" data-end=\"883\"><span class=\"ez-toc-section\" id=\"Besonderheiten\"><\/span><strong data-start=\"863\" data-end=\"881\">\u0395\u03b9\u03b4\u03b9\u03ba\u03ac \u03c7\u03b1\u03c1\u03b1\u03ba\u03c4\u03b7\u03c1\u03b9\u03c3\u03c4\u03b9\u03ba\u03ac<\/strong><span class=\"ez-toc-section-end\"><\/span><\/h4>\n<p data-start=\"884\" data-end=\"1207\">Das Anh\u00e4nger-Set mit Serafinit Tropfen Gr\u00fcn wirkt kraftvoll auf K\u00f6rper, Geist und Seele. Serafinit unterst\u00fctzt den freien Fluss der Lebensenergie (Chi, Ki, Prana), l\u00f6st Blockaden und stellt die nat\u00fcrliche Balance des Energiesystems wieder her. Er tr\u00e4gt zu innerer Ruhe, Harmonie und einem gesteigerten Wohlbefinden bei.<\/p>\n<p data-start=\"1209\" data-end=\"1527\">Serafinit ist stark mit Engelenergien verbunden. Der Name bezieht sich auf die Seraphim, Engel des Lichts und der Liebe. Dieser Edelstein f\u00f6rdert den Zugang zu Engeln, spirituellen F\u00fchrern und h\u00f6heren Dimensionen, \u00f6ffnet das Herzchakra und st\u00e4rkt Mitgef\u00fchl, Selbstliebe sowie eine liebevolle Haltung gegen\u00fcber anderen.<\/p>\n<p data-start=\"1529\" data-end=\"1753\">Zus\u00e4tzlich unterst\u00fctzt Serafinit das Erwachen der Kundalini-Energie und kl\u00e4rt Blockaden entlang der Wirbels\u00e4ule. Das Anh\u00e4nger-Set eignet sich hervorragend f\u00fcr Meditation, Energiearbeit und bewusste spirituelle Entwicklung.<\/p>\n<hr data-start=\"1755\" data-end=\"1758\" \/>\n<h4 data-start=\"1760\" data-end=\"1805\"><span class=\"ez-toc-section\" id=\"Mehr_uber_Serafinite_Heilsteine\"><\/span><strong data-start=\"1766\" data-end=\"1803\">Mehr \u00fcber Serafinite &amp; Heilsteine<\/strong><span class=\"ez-toc-section-end\"><\/span><\/h4>\n<p data-start=\"1806\" data-end=\"1849\"><a href=\"https:\/\/saphirsmaragd.com\/el\/product-category\/heilsteine-kristalle-kaufen\/\">\u0398\u03b5\u03c1\u03b1\u03c0\u03b5\u03c5\u03c4\u03b9\u03ba\u03ad\u03c2 \u03c0\u03ad\u03c4\u03c1\u03b5\u03c2 \u03ba\u03b1\u03b9 \u03ba\u03c1\u03cd\u03c3\u03c4\u03b1\u03bb\u03bb\u03bf\u03b9<\/a> | Saphir &amp; Smaragd<\/p>\n<hr data-start=\"1851\" data-end=\"1854\" \/>\n<h4 data-start=\"1856\" data-end=\"1881\"><span class=\"ez-toc-section\" id=\"Weitere_Infos\"><\/span><strong data-start=\"1862\" data-end=\"1879\">\u03a0\u03b5\u03c1\u03b9\u03c3\u03c3\u03cc\u03c4\u03b5\u03c1\u03b5\u03c2 \u03c0\u03bb\u03b7\u03c1\u03bf\u03c6\u03bf\u03c1\u03af\u03b5\u03c2<\/strong><span class=\"ez-toc-section-end\"><\/span><\/h4>\n<p data-start=\"1882\" data-end=\"1949\"><a href=\"https:\/\/en.wikipedia.org\/wiki\/Clinochlore\" target=\"_blank\" rel=\"noopener\">Wikipedia (sichtbar)<\/a><br data-start=\"1903\" data-end=\"1906\" \/><\/p>","protected":false},"excerpt":{"rendered":"<p><em>Das Anh\u00e4nger-Set mit Serafinit Tropfen Gr\u00fcn ist ein handgefertigtes Unikat aus 925 Silber. Serafinit steht f\u00fcr Heilung, Harmonie und Engelenergie \u2013 ideal f\u00fcr Meditation, spirituelle Balance und energetische Arbeit.<\/em><\/p>","protected":false},"featured_media":5914,"comment_status":"open","ping_status":"closed","template":"","meta":{"_glsr_average":0,"_glsr_ranking":0,"_glsr_reviews":0},"product_brand":[],"product_cat":[87],"product_tag":[],"class_list":{"0":"post-5913","1":"product","2":"type-product","3":"status-publish","4":"has-post-thumbnail","6":"product_cat-edelstein-anhaenger","8":"first","9":"instock","10":"shipping-taxable","11":"purchasable","12":"product-type-simple","13":"add-to-wishlist-before_image"},"jetpack_sharing_enabled":true,"_links":{"self":[{"href":"https:\/\/saphirsmaragd.com\/el\/wp-json\/wp\/v2\/product\/5913","targetHints":{"allow":["GET"]}}],"collection":[{"href":"https:\/\/saphirsmaragd.com\/el\/wp-json\/wp\/v2\/product"}],"about":[{"href":"https:\/\/saphirsmaragd.com\/el\/wp-json\/wp\/v2\/types\/product"}],"replies":[{"embeddable":true,"href":"https:\/\/saphirsmaragd.com\/el\/wp-json\/wp\/v2\/comments?post=5913"}],"version-history":[{"count":1,"href":"https:\/\/saphirsmaragd.com\/el\/wp-json\/wp\/v2\/product\/5913\/revisions"}],"predecessor-version":[{"id":5916,"href":"https:\/\/saphirsmaragd.com\/el\/wp-json\/wp\/v2\/product\/5913\/revisions\/5916"}],"wp:featuredmedia":[{"embeddable":true,"href":"https:\/\/saphirsmaragd.com\/el\/wp-json\/wp\/v2\/media\/5914"}],"wp:attachment":[{"href":"https:\/\/saphirsmaragd.com\/el\/wp-json\/wp\/v2\/media?parent=5913"}],"wp:term":[{"taxonomy":"product_brand","embeddable":true,"href":"https:\/\/saphirsmaragd.com\/el\/wp-json\/wp\/v2\/product_brand?post=5913"},{"taxonomy":"product_cat","embeddable":true,"href":"https:\/\/saphirsmaragd.com\/el\/wp-json\/wp\/v2\/product_cat?post=5913"},{"taxonomy":"product_tag","embeddable":true,"href":"https:\/\/saphirsmaragd.com\/el\/wp-json\/wp\/v2\/product_tag?post=5913"}],"curies":[{"name":"wp","href":"https:\/\/api.w.org\/{rel}","templated":true}]}}