{"id":6081,"date":"2025-12-13T18:46:02","date_gmt":"2025-12-13T18:46:02","guid":{"rendered":"https:\/\/saphirsmaragd.com\/?post_type=product&#038;p=6081"},"modified":"2025-12-13T18:46:03","modified_gmt":"2025-12-13T18:46:03","slug":"anhaenger-mit-edelopal-doublet-2","status":"publish","type":"product","link":"https:\/\/saphirsmaragd.com\/el\/product\/anhaenger-mit-edelopal-doublet-2\/","title":{"rendered":"Anh\u00e4nger mit Edelopal Doublet \u2013 Australischer Opal in 925 Silber"},"content":{"rendered":"<div id=\"ez-toc-container\" class=\"ez-toc-v2_0_82_2 counter-hierarchy ez-toc-counter ez-toc-grey ez-toc-container-direction\">\n<div class=\"ez-toc-title-container\">\n<p class=\"ez-toc-title\" style=\"cursor:inherit\">\u03a0\u03af\u03bd\u03b1\u03ba\u03b1\u03c2 \u03c0\u03b5\u03c1\u03b9\u03b5\u03c7\u03bf\u03bc\u03ad\u03bd\u03c9\u03bd<\/p>\n<span class=\"ez-toc-title-toggle\"><a href=\"#\" class=\"ez-toc-pull-right ez-toc-btn ez-toc-btn-xs ez-toc-btn-default ez-toc-toggle\" aria-label=\"Toggle Table of Content\"><span class=\"ez-toc-js-icon-con\"><span class=\"\"><span class=\"eztoc-hide\" style=\"display:none;\">\u039c\u03c0\u03b1\u03c1\u03ad\u03c4\u03b1<\/span><span class=\"ez-toc-icon-toggle-span\"><svg style=\"fill: #999;color:#999\" xmlns=\"http:\/\/www.w3.org\/2000\/svg\" class=\"list-377408\" width=\"20px\" height=\"20px\" viewbox=\"0 0 24 24\" fill=\"none\"><path d=\"M6 6H4v2h2V6zm14 0H8v2h12V6zM4 11h2v2H4v-2zm16 0H8v2h12v-2zM4 16h2v2H4v-2zm16 0H8v2h12v-2z\" fill=\"currentColor\"><\/path><\/svg><svg style=\"fill: #999;color:#999\" class=\"arrow-unsorted-368013\" xmlns=\"http:\/\/www.w3.org\/2000\/svg\" width=\"10px\" height=\"10px\" viewbox=\"0 0 24 24\" version=\"1.2\" baseprofile=\"tiny\"><path d=\"M18.2 9.3l-6.2-6.3-6.2 6.3c-.2.2-.3.4-.3.7s.1.5.3.7c.2.2.4.3.7.3h11c.3 0 .5-.1.7-.3.2-.2.3-.5.3-.7s-.1-.5-.3-.7zM5.8 14.7l6.2 6.3 6.2-6.3c.2-.2.3-.5.3-.7s-.1-.5-.3-.7c-.2-.2-.4-.3-.7-.3h-11c-.3 0-.5.1-.7.3-.2.2-.3.5-.3.7s.1.5.3.7z\"\/><\/svg><\/span><\/span><\/span><\/a><\/span><\/div>\n<nav><ul class='ez-toc-list ez-toc-list-level-1' ><li class='ez-toc-page-1 ez-toc-heading-level-4'><a class=\"ez-toc-link ez-toc-heading-1\" href=\"https:\/\/saphirsmaragd.com\/el\/product\/anhaenger-mit-edelopal-doublet-2\/#Anhanger_mit_Edelopal_Doublet_%E2%80%93_Australischer_Opal_in_925_Silber\" >Anh\u00e4nger mit Edelopal Doublet \u2013 Australischer Opal in 925 Silber<\/a><\/li><li class='ez-toc-page-1 ez-toc-heading-level-4'><a class=\"ez-toc-link ez-toc-heading-2\" href=\"https:\/\/saphirsmaragd.com\/el\/product\/anhaenger-mit-edelopal-doublet-2\/#_Merkmale_Herkunft\" >\u00a0\u03a7\u03b1\u03c1\u03b1\u03ba\u03c4\u03b7\u03c1\u03b9\u03c3\u03c4\u03b9\u03ba\u03ac &amp; \u03a0\u03c1\u03bf\u03ad\u03bb\u03b5\u03c5\u03c3\u03b7<\/a><\/li><li class='ez-toc-page-1 ez-toc-heading-level-4'><a class=\"ez-toc-link ez-toc-heading-3\" href=\"https:\/\/saphirsmaragd.com\/el\/product\/anhaenger-mit-edelopal-doublet-2\/#_Besonderheiten\" >\u00a0\u0395\u03b9\u03b4\u03b9\u03ba\u03ac \u03c7\u03b1\u03c1\u03b1\u03ba\u03c4\u03b7\u03c1\u03b9\u03c3\u03c4\u03b9\u03ba\u03ac<\/a><\/li><li class='ez-toc-page-1 ez-toc-heading-level-4'><a class=\"ez-toc-link ez-toc-heading-4\" href=\"https:\/\/saphirsmaragd.com\/el\/product\/anhaenger-mit-edelopal-doublet-2\/#_Mehr_uber_Opale_Heilsteine\" >\u00a0Mehr \u00fcber Opale &amp; Heilsteine<\/a><\/li><li class='ez-toc-page-1 ez-toc-heading-level-4'><a class=\"ez-toc-link ez-toc-heading-5\" href=\"https:\/\/saphirsmaragd.com\/el\/product\/anhaenger-mit-edelopal-doublet-2\/#_Weitere_Infos\" >\u00a0\u03a0\u03b5\u03c1\u03b9\u03c3\u03c3\u03cc\u03c4\u03b5\u03c1\u03b5\u03c2 \u03c0\u03bb\u03b7\u03c1\u03bf\u03c6\u03bf\u03c1\u03af\u03b5\u03c2<\/a><\/li><\/ul><\/nav><\/div>\n<h4 data-start=\"842\" data-end=\"908\"><span class=\"ez-toc-section\" id=\"Anhanger_mit_Edelopal_Doublet_%E2%80%93_Australischer_Opal_in_925_Silber\"><\/span>Anh\u00e4nger mit Edelopal Doublet \u2013 Australischer Opal in 925 Silber<span class=\"ez-toc-section-end\"><\/span><\/h4>\n<p data-start=\"910\" data-end=\"1077\">Der Anh\u00e4nger mit Edelopal Doublet ist ein handgefertigtes Unikat, bei dem Sie exakt den abgebildeten australischen Edelopal in hochwertiger Silberfassung erhalten.<\/p>\n<hr data-start=\"2398\" data-end=\"2401\" \/>\n<h4 data-start=\"1079\" data-end=\"1104\"><span class=\"ez-toc-section\" id=\"_Merkmale_Herkunft\"><\/span>\u00a0\u03a7\u03b1\u03c1\u03b1\u03ba\u03c4\u03b7\u03c1\u03b9\u03c3\u03c4\u03b9\u03ba\u03ac &amp; \u03a0\u03c1\u03bf\u03ad\u03bb\u03b5\u03c5\u03c3\u03b7<span class=\"ez-toc-section-end\"><\/span><\/h4>\n<p data-start=\"1105\" data-end=\"1449\">Farbe: Mehrfarbig<br data-start=\"1165\" data-end=\"1168\" \/>Herkunft: Australien<br data-start=\"1210\" data-end=\"1213\" \/>Ma\u00dfe: Stein ca. 1.9 \u00d7 1.0 cm<br data-start=\"1241\" data-end=\"1244\" \/>Reinheit: Echter Edelopal (Doublet)<br data-start=\"1279\" data-end=\"1282\" \/>Behandlung: Doublet<br data-start=\"1335\" data-end=\"1338\" \/>Steinart: Edelopal<br data-start=\"1356\" data-end=\"1359\" \/>Material: 925 Sterling Silber<br data-start=\"1388\" data-end=\"1391\" \/>Schmuckart: Anh\u00e4nger<br data-start=\"1411\" data-end=\"1414\" \/>Gesamtl\u00e4nge: ca. 2.9 cm (inkl. \u00d6se)<\/p>\n<hr data-start=\"2398\" data-end=\"2401\" \/>\n<h4 data-start=\"1451\" data-end=\"1471\"><span class=\"ez-toc-section\" id=\"_Besonderheiten\"><\/span>\u00a0\u0395\u03b9\u03b4\u03b9\u03ba\u03ac \u03c7\u03b1\u03c1\u03b1\u03ba\u03c4\u03b7\u03c1\u03b9\u03c3\u03c4\u03b9\u03ba\u03ac<span class=\"ez-toc-section-end\"><\/span><\/h4>\n<p data-start=\"1472\" data-end=\"1825\">Der Anh\u00e4nger mit Edelopal Doublet steht f\u00fcr Lebensfreude, Kreativit\u00e4t und einen offenen Selbstausdruck. Edelopal wirkt sch\u00fctzend und energetisierend und kann Ihre Stimmung positiv beeinflussen. Er f\u00f6rdert Optimismus, Fantasie und die F\u00e4higkeit, den Moment bewusst zu genie\u00dfen, w\u00e4hrend er gleichzeitig Originalit\u00e4t und kreative Ausdruckskraft st\u00e4rkt.<\/p>\n<p data-start=\"1827\" data-end=\"2068\">Zus\u00e4tzlich wird Edelopal traditionell mit Liebe, Leidenschaft und emotionaler N\u00e4he in Verbindung gebracht. Er kann dabei helfen, Vertrauen, Loyalit\u00e4t und Verbundenheit in Beziehungen zu vertiefen und das bewusste Erleben von N\u00e4he zu f\u00f6rdern.<\/p>\n<hr data-start=\"2398\" data-end=\"2401\" \/>\n<h4 data-start=\"2070\" data-end=\"2104\"><span class=\"ez-toc-section\" id=\"_Mehr_uber_Opale_Heilsteine\"><\/span>\u00a0Mehr \u00fcber Opale &amp; Heilsteine<span class=\"ez-toc-section-end\"><\/span><\/h4>\n<p data-start=\"2105\" data-end=\"2181\">Heilsteine &amp; Kristalle:<\/p>\n<p data-start=\"2183\" data-end=\"2247\"><a href=\"https:\/\/saphirsmaragd.com\/el\/product-category\/heilsteine-kristalle-kaufen\/\">\u0396\u03b1\u03c6\u03b5\u03af\u03c1\u03b9 &amp; \u03a3\u03bc\u03b1\u03c1\u03ac\u03b3\u03b4\u03b9<\/a><a class=\"decorated-link cursor-pointer\" target=\"_new\" rel=\"noopener\" data-start=\"2203\" data-end=\"2245\"><br \/>\n<\/a><\/p>\n<hr data-start=\"2398\" data-end=\"2401\" \/>\n<h4 data-start=\"2249\" data-end=\"2268\"><span class=\"ez-toc-section\" id=\"_Weitere_Infos\"><\/span>\u00a0\u03a0\u03b5\u03c1\u03b9\u03c3\u03c3\u03cc\u03c4\u03b5\u03c1\u03b5\u03c2 \u03c0\u03bb\u03b7\u03c1\u03bf\u03c6\u03bf\u03c1\u03af\u03b5\u03c2<span class=\"ez-toc-section-end\"><\/span><\/h4>\n<p data-start=\"2327\" data-end=\"2396\">Wikipedia \u2013<a href=\"https:\/\/de.wikipedia.org\/wiki\/Opal#Edelopal\" target=\"_blank\" rel=\"noopener\"> Edelopal<\/a><\/p>\n<h2 data-start=\"2403\" data-end=\"2443\"><\/h2>","protected":false},"excerpt":{"rendered":"<p><em>Der Anh\u00e4nger mit Edelopal Doublet ist ein einzigartiges Schmuckst\u00fcck aus 925 Sterling Silber mit australischem Edelopal. Ein ausdrucksstarker Edelsteinanh\u00e4nger f\u00fcr Lebensfreude, Kreativit\u00e4t und authentischen Selbstausdruck.<\/em><\/p>","protected":false},"featured_media":6082,"comment_status":"open","ping_status":"closed","template":"","meta":{"_glsr_average":0,"_glsr_ranking":0,"_glsr_reviews":0},"product_brand":[],"product_cat":[87],"product_tag":[],"class_list":{"0":"post-6081","1":"product","2":"type-product","3":"status-publish","4":"has-post-thumbnail","6":"product_cat-edelstein-anhaenger","8":"first","9":"instock","10":"shipping-taxable","11":"purchasable","12":"product-type-simple","13":"add-to-wishlist-before_image"},"jetpack_sharing_enabled":true,"_links":{"self":[{"href":"https:\/\/saphirsmaragd.com\/el\/wp-json\/wp\/v2\/product\/6081","targetHints":{"allow":["GET"]}}],"collection":[{"href":"https:\/\/saphirsmaragd.com\/el\/wp-json\/wp\/v2\/product"}],"about":[{"href":"https:\/\/saphirsmaragd.com\/el\/wp-json\/wp\/v2\/types\/product"}],"replies":[{"embeddable":true,"href":"https:\/\/saphirsmaragd.com\/el\/wp-json\/wp\/v2\/comments?post=6081"}],"version-history":[{"count":1,"href":"https:\/\/saphirsmaragd.com\/el\/wp-json\/wp\/v2\/product\/6081\/revisions"}],"predecessor-version":[{"id":6084,"href":"https:\/\/saphirsmaragd.com\/el\/wp-json\/wp\/v2\/product\/6081\/revisions\/6084"}],"wp:featuredmedia":[{"embeddable":true,"href":"https:\/\/saphirsmaragd.com\/el\/wp-json\/wp\/v2\/media\/6082"}],"wp:attachment":[{"href":"https:\/\/saphirsmaragd.com\/el\/wp-json\/wp\/v2\/media?parent=6081"}],"wp:term":[{"taxonomy":"product_brand","embeddable":true,"href":"https:\/\/saphirsmaragd.com\/el\/wp-json\/wp\/v2\/product_brand?post=6081"},{"taxonomy":"product_cat","embeddable":true,"href":"https:\/\/saphirsmaragd.com\/el\/wp-json\/wp\/v2\/product_cat?post=6081"},{"taxonomy":"product_tag","embeddable":true,"href":"https:\/\/saphirsmaragd.com\/el\/wp-json\/wp\/v2\/product_tag?post=6081"}],"curies":[{"name":"wp","href":"https:\/\/api.w.org\/{rel}","templated":true}]}}