{"id":6549,"date":"2025-12-21T13:32:25","date_gmt":"2025-12-21T13:32:25","guid":{"rendered":"https:\/\/saphirsmaragd.com\/?post_type=product&#038;p=6549"},"modified":"2025-12-29T18:47:20","modified_gmt":"2025-12-29T18:47:20","slug":"rosa-saphir-3-11-karat-kissen","status":"publish","type":"product","link":"https:\/\/saphirsmaragd.com\/el\/product\/rosa-saphir-3-11-karat-kissen\/","title":{"rendered":"Rosa Saphir 3.11 Karat Kissen \u2013 Zertifizierter nat\u00fcrlicher Saphir aus Madagaskar"},"content":{"rendered":"<div id=\"ez-toc-container\" class=\"ez-toc-v2_0_82_2 counter-hierarchy ez-toc-counter ez-toc-grey ez-toc-container-direction\">\n<div class=\"ez-toc-title-container\">\n<p class=\"ez-toc-title\" style=\"cursor:inherit\">\u03a0\u03af\u03bd\u03b1\u03ba\u03b1\u03c2 \u03c0\u03b5\u03c1\u03b9\u03b5\u03c7\u03bf\u03bc\u03ad\u03bd\u03c9\u03bd<\/p>\n<span class=\"ez-toc-title-toggle\"><a href=\"#\" class=\"ez-toc-pull-right ez-toc-btn ez-toc-btn-xs ez-toc-btn-default ez-toc-toggle\" aria-label=\"Toggle Table of Content\"><span class=\"ez-toc-js-icon-con\"><span class=\"\"><span class=\"eztoc-hide\" style=\"display:none;\">\u039c\u03c0\u03b1\u03c1\u03ad\u03c4\u03b1<\/span><span class=\"ez-toc-icon-toggle-span\"><svg style=\"fill: #999;color:#999\" xmlns=\"http:\/\/www.w3.org\/2000\/svg\" class=\"list-377408\" width=\"20px\" height=\"20px\" viewbox=\"0 0 24 24\" fill=\"none\"><path d=\"M6 6H4v2h2V6zm14 0H8v2h12V6zM4 11h2v2H4v-2zm16 0H8v2h12v-2zM4 16h2v2H4v-2zm16 0H8v2h12v-2z\" fill=\"currentColor\"><\/path><\/svg><svg style=\"fill: #999;color:#999\" class=\"arrow-unsorted-368013\" xmlns=\"http:\/\/www.w3.org\/2000\/svg\" width=\"10px\" height=\"10px\" viewbox=\"0 0 24 24\" version=\"1.2\" baseprofile=\"tiny\"><path d=\"M18.2 9.3l-6.2-6.3-6.2 6.3c-.2.2-.3.4-.3.7s.1.5.3.7c.2.2.4.3.7.3h11c.3 0 .5-.1.7-.3.2-.2.3-.5.3-.7s-.1-.5-.3-.7zM5.8 14.7l6.2 6.3 6.2-6.3c.2-.2.3-.5.3-.7s-.1-.5-.3-.7c-.2-.2-.4-.3-.7-.3h-11c-.3 0-.5.1-.7.3-.2.2-.3.5-.3.7s.1.5.3.7z\"\/><\/svg><\/span><\/span><\/span><\/a><\/span><\/div>\n<nav><ul class='ez-toc-list ez-toc-list-level-1' ><li class='ez-toc-page-1 ez-toc-heading-level-4'><a class=\"ez-toc-link ez-toc-heading-1\" href=\"https:\/\/saphirsmaragd.com\/el\/product\/rosa-saphir-3-11-karat-kissen\/#Rosa_Saphir_311_Karat_Kissen_%E2%80%93_Seltene_Farbe_in_eleganter_Form\" >Rosa Saphir 3.11 Karat Kissen \u2013 Seltene Farbe in eleganter Form<\/a><\/li><li class='ez-toc-page-1 ez-toc-heading-level-4'><a class=\"ez-toc-link ez-toc-heading-2\" href=\"https:\/\/saphirsmaragd.com\/el\/product\/rosa-saphir-3-11-karat-kissen\/#Merkmale_Herkunft\" >\u03a7\u03b1\u03c1\u03b1\u03ba\u03c4\u03b7\u03c1\u03b9\u03c3\u03c4\u03b9\u03ba\u03ac &amp; \u03a0\u03c1\u03bf\u03ad\u03bb\u03b5\u03c5\u03c3\u03b7<\/a><\/li><li class='ez-toc-page-1 ez-toc-heading-level-4'><a class=\"ez-toc-link ez-toc-heading-3\" href=\"https:\/\/saphirsmaragd.com\/el\/product\/rosa-saphir-3-11-karat-kissen\/#Besonderheiten\" >\u0395\u03b9\u03b4\u03b9\u03ba\u03ac \u03c7\u03b1\u03c1\u03b1\u03ba\u03c4\u03b7\u03c1\u03b9\u03c3\u03c4\u03b9\u03ba\u03ac<\/a><\/li><li class='ez-toc-page-1 ez-toc-heading-level-4'><a class=\"ez-toc-link ez-toc-heading-4\" href=\"https:\/\/saphirsmaragd.com\/el\/product\/rosa-saphir-3-11-karat-kissen\/#Mehr_uber_unsere_Edelsteine\" >\u03a0\u03b5\u03c1\u03b9\u03c3\u03c3\u03cc\u03c4\u03b5\u03c1\u03b1 \u03b3\u03b9\u03b1 \u03c4\u03bf\u03c5\u03c2 \u03c0\u03bf\u03bb\u03cd\u03c4\u03b9\u03bc\u03bf\u03c5\u03c2 \u03bb\u03af\u03b8\u03bf\u03c5\u03c2 \u03bc\u03b1\u03c2<\/a><\/li><li class='ez-toc-page-1 ez-toc-heading-level-4'><a class=\"ez-toc-link ez-toc-heading-5\" href=\"https:\/\/saphirsmaragd.com\/el\/product\/rosa-saphir-3-11-karat-kissen\/#Weitere_Infos\" >\u03a0\u03b5\u03c1\u03b9\u03c3\u03c3\u03cc\u03c4\u03b5\u03c1\u03b5\u03c2 \u03c0\u03bb\u03b7\u03c1\u03bf\u03c6\u03bf\u03c1\u03af\u03b5\u03c2<\/a><\/li><\/ul><\/nav><\/div>\n<h4 data-start=\"1061\" data-end=\"1130\"><span class=\"ez-toc-section\" id=\"Rosa_Saphir_311_Karat_Kissen_%E2%80%93_Seltene_Farbe_in_eleganter_Form\"><\/span>Rosa Saphir 3.11 Karat Kissen \u2013 Seltene Farbe in eleganter Form<span class=\"ez-toc-section-end\"><\/span><\/h4>\n<p data-start=\"1131\" data-end=\"1398\">Dieser rosa Saphir 3.11 Karat im klassischen Kissenschliff \u00fcberzeugt durch seine lebendige Farbe und nat\u00fcrliche Ausstrahlung. Zertifiziert und aus Madagaskar stammend, eignet sich dieser Edelstein ideal f\u00fcr hochwertige Schmuckst\u00fccke oder als exklusives Sammlerobjekt.<\/p>\n<hr data-start=\"1400\" data-end=\"1403\" \/>\n<h4 data-start=\"1405\" data-end=\"1431\"><span class=\"ez-toc-section\" id=\"Merkmale_Herkunft\"><\/span>\u03a7\u03b1\u03c1\u03b1\u03ba\u03c4\u03b7\u03c1\u03b9\u03c3\u03c4\u03b9\u03ba\u03ac &amp; \u03a0\u03c1\u03bf\u03ad\u03bb\u03b5\u03c5\u03c3\u03b7<span class=\"ez-toc-section-end\"><\/span><\/h4>\n<p data-start=\"1432\" data-end=\"1668\">Edelstein: Saphir<br data-start=\"1449\" data-end=\"1452\" \/>Farbe: Rosa<br data-start=\"1463\" data-end=\"1466\" \/>Form: Kissen<br data-start=\"1478\" data-end=\"1481\" \/>Gewicht: 3.11 Karat<br data-start=\"1500\" data-end=\"1503\" \/>Abmessungen: 9.2 \u00d7 7.3 mm<br data-start=\"1528\" data-end=\"1531\" \/>Herkunft: Madagaskar<br data-start=\"1551\" data-end=\"1554\" \/>\u0398\u03b5\u03c1\u03b1\u03c0\u03b5\u03af\u03b1: \u03a7\u03c9\u03c1\u03af\u03c2 \u03b8\u03b5\u03c1\u03b1\u03c0\u03b5\u03af\u03b1<br data-start=\"1577\" data-end=\"1580\" \/>Reinheit: Augenrein<br data-start=\"1599\" data-end=\"1602\" \/>Mohs-H\u00e4rte: 9<br data-start=\"1615\" data-end=\"1618\" \/>Zertifikat: Bellerophon Nr. A2267<br data-start=\"1651\" data-end=\"1654\" \/>\u039a\u03b1\u03c4\u03ac\u03c3\u03c4\u03b1\u03c3\u03b7: \u039a\u03b1\u03b9\u03bd\u03bf\u03cd\u03c1\u03b3\u03b9\u03bf<\/p>\n<hr data-start=\"1670\" data-end=\"1673\" \/>\n<h4 data-start=\"1675\" data-end=\"1696\"><span class=\"ez-toc-section\" id=\"Besonderheiten\"><\/span>\u0395\u03b9\u03b4\u03b9\u03ba\u03ac \u03c7\u03b1\u03c1\u03b1\u03ba\u03c4\u03b7\u03c1\u03b9\u03c3\u03c4\u03b9\u03ba\u03ac<span class=\"ez-toc-section-end\"><\/span><\/h4>\n<p data-start=\"1697\" data-end=\"1876\">Rosa Saphire z\u00e4hlen zu den seltensten Farbvarianten der Korund-Familie. Der Kissenschliff verst\u00e4rkt die Farbtiefe und verleiht dem Stein eine besonders elegante, zeitlose Wirkung.<\/p>\n<hr data-start=\"1670\" data-end=\"1673\" \/>\n<h4 data-start=\"1931\" data-end=\"1971\"><span class=\"ez-toc-section\" id=\"Mehr_uber_unsere_Edelsteine\"><\/span>\u03a0\u03b5\u03c1\u03b9\u03c3\u03c3\u03cc\u03c4\u03b5\u03c1\u03b1 \u03b3\u03b9\u03b1 \u03c4\u03bf\u03c5\u03c2 \u03c0\u03bf\u03bb\u03cd\u03c4\u03b9\u03bc\u03bf\u03c5\u03c2 \u03bb\u03af\u03b8\u03bf\u03c5\u03c2 \u03bc\u03b1\u03c2<span class=\"ez-toc-section-end\"><\/span><\/h4>\n<p data-start=\"1972\" data-end=\"2069\"><a href=\"https:\/\/saphirsmaragd.com\/el\/product-category\/edelsteine-kaufen\/\">\u03a0\u03bf\u03bb\u03cd\u03c4\u03b9\u03bc\u03bf\u03b9 \u03bb\u03af\u03b8\u03bf\u03b9<\/a><\/p>\n<hr data-start=\"1592\" data-end=\"1595\" \/>\n<h4 data-start=\"1597\" data-end=\"1620\"><span class=\"ez-toc-section\" id=\"Weitere_Infos\"><\/span>\u03a0\u03b5\u03c1\u03b9\u03c3\u03c3\u03cc\u03c4\u03b5\u03c1\u03b5\u03c2 \u03c0\u03bb\u03b7\u03c1\u03bf\u03c6\u03bf\u03c1\u03af\u03b5\u03c2<span class=\"ez-toc-section-end\"><\/span><\/h4>\n<p data-start=\"1621\" data-end=\"1735\"><a class=\"\" href=\"https:\/\/de.wikipedia.org\/wiki\/Saphir\" target=\"_new\" rel=\"noopener\" data-start=\"1659\" data-end=\"1735\">\u03b6\u03b1\u03c6\u03b5\u03af\u03c1\u03b9<\/a><\/p>","protected":false},"excerpt":{"rendered":"<p data-pm-slice=\"1 1 []\">Rosa Saphir 3.11 Karat Kissen<em>. Zertifizierter nat\u00fcrlicher Saphir aus Madagaskar.<\/em><\/p>\n<p data-start=\"378\" data-end=\"474\">","protected":false},"featured_media":6550,"comment_status":"open","ping_status":"closed","template":"","meta":{"_glsr_average":0,"_glsr_ranking":0,"_glsr_reviews":0},"product_brand":[],"product_cat":[74],"product_tag":[],"class_list":{"0":"post-6549","1":"product","2":"type-product","3":"status-publish","4":"has-post-thumbnail","6":"product_cat-saphire-kaufen","7":"pa_edelsteinart-saphir","8":"pa_farbe-rosa","9":"pa_form-kissen","10":"pa_gewicht-karat-3-0-5-0-karat","11":"pa_herkunft-madagaskar","12":"pa_reinheit-augenrein","13":"pa_veredelung-behandlung-unbehandelt","14":"pa_zertifikat-ja","15":"pa_zustand-neu","17":"first","18":"instock","19":"sold-individually","20":"shipping-taxable","21":"purchasable","22":"product-type-simple","23":"add-to-wishlist-before_image"},"jetpack_sharing_enabled":true,"_links":{"self":[{"href":"https:\/\/saphirsmaragd.com\/el\/wp-json\/wp\/v2\/product\/6549","targetHints":{"allow":["GET"]}}],"collection":[{"href":"https:\/\/saphirsmaragd.com\/el\/wp-json\/wp\/v2\/product"}],"about":[{"href":"https:\/\/saphirsmaragd.com\/el\/wp-json\/wp\/v2\/types\/product"}],"replies":[{"embeddable":true,"href":"https:\/\/saphirsmaragd.com\/el\/wp-json\/wp\/v2\/comments?post=6549"}],"version-history":[{"count":1,"href":"https:\/\/saphirsmaragd.com\/el\/wp-json\/wp\/v2\/product\/6549\/revisions"}],"predecessor-version":[{"id":6551,"href":"https:\/\/saphirsmaragd.com\/el\/wp-json\/wp\/v2\/product\/6549\/revisions\/6551"}],"wp:featuredmedia":[{"embeddable":true,"href":"https:\/\/saphirsmaragd.com\/el\/wp-json\/wp\/v2\/media\/6550"}],"wp:attachment":[{"href":"https:\/\/saphirsmaragd.com\/el\/wp-json\/wp\/v2\/media?parent=6549"}],"wp:term":[{"taxonomy":"product_brand","embeddable":true,"href":"https:\/\/saphirsmaragd.com\/el\/wp-json\/wp\/v2\/product_brand?post=6549"},{"taxonomy":"product_cat","embeddable":true,"href":"https:\/\/saphirsmaragd.com\/el\/wp-json\/wp\/v2\/product_cat?post=6549"},{"taxonomy":"product_tag","embeddable":true,"href":"https:\/\/saphirsmaragd.com\/el\/wp-json\/wp\/v2\/product_tag?post=6549"}],"curies":[{"name":"wp","href":"https:\/\/api.w.org\/{rel}","templated":true}]}}