{"id":7124,"date":"2025-12-28T14:47:51","date_gmt":"2025-12-28T14:47:51","guid":{"rendered":"https:\/\/saphirsmaragd.com\/?post_type=product&#038;p=7124"},"modified":"2025-12-29T18:46:20","modified_gmt":"2025-12-29T18:46:20","slug":"morganit-rund-rosa-31-52-karat","status":"publish","type":"product","link":"https:\/\/saphirsmaragd.com\/el\/product\/morganit-rund-rosa-31-52-karat\/","title":{"rendered":"Morganit Rund Rosa 31.52 Karat aus Brasilien"},"content":{"rendered":"<div id=\"ez-toc-container\" class=\"ez-toc-v2_0_82_2 counter-hierarchy ez-toc-counter ez-toc-grey ez-toc-container-direction\">\n<div class=\"ez-toc-title-container\">\n<p class=\"ez-toc-title\" style=\"cursor:inherit\">\u03a0\u03af\u03bd\u03b1\u03ba\u03b1\u03c2 \u03c0\u03b5\u03c1\u03b9\u03b5\u03c7\u03bf\u03bc\u03ad\u03bd\u03c9\u03bd<\/p>\n<span class=\"ez-toc-title-toggle\"><a href=\"#\" class=\"ez-toc-pull-right ez-toc-btn ez-toc-btn-xs ez-toc-btn-default ez-toc-toggle\" aria-label=\"Toggle Table of Content\"><span class=\"ez-toc-js-icon-con\"><span class=\"\"><span class=\"eztoc-hide\" style=\"display:none;\">\u039c\u03c0\u03b1\u03c1\u03ad\u03c4\u03b1<\/span><span class=\"ez-toc-icon-toggle-span\"><svg style=\"fill: #999;color:#999\" xmlns=\"http:\/\/www.w3.org\/2000\/svg\" class=\"list-377408\" width=\"20px\" height=\"20px\" viewbox=\"0 0 24 24\" fill=\"none\"><path d=\"M6 6H4v2h2V6zm14 0H8v2h12V6zM4 11h2v2H4v-2zm16 0H8v2h12v-2zM4 16h2v2H4v-2zm16 0H8v2h12v-2z\" fill=\"currentColor\"><\/path><\/svg><svg style=\"fill: #999;color:#999\" class=\"arrow-unsorted-368013\" xmlns=\"http:\/\/www.w3.org\/2000\/svg\" width=\"10px\" height=\"10px\" viewbox=\"0 0 24 24\" version=\"1.2\" baseprofile=\"tiny\"><path d=\"M18.2 9.3l-6.2-6.3-6.2 6.3c-.2.2-.3.4-.3.7s.1.5.3.7c.2.2.4.3.7.3h11c.3 0 .5-.1.7-.3.2-.2.3-.5.3-.7s-.1-.5-.3-.7zM5.8 14.7l6.2 6.3 6.2-6.3c.2-.2.3-.5.3-.7s-.1-.5-.3-.7c-.2-.2-.4-.3-.7-.3h-11c-.3 0-.5.1-.7.3-.2.2-.3.5-.3.7s.1.5.3.7z\"\/><\/svg><\/span><\/span><\/span><\/a><\/span><\/div>\n<nav><ul class='ez-toc-list ez-toc-list-level-1' ><li class='ez-toc-page-1 ez-toc-heading-level-3'><a class=\"ez-toc-link ez-toc-heading-1\" href=\"https:\/\/saphirsmaragd.com\/el\/product\/morganit-rund-rosa-31-52-karat\/#Morganit_Rund_Rosa_3152_Karat\" >Morganit Rund Rosa 31.52 Karat<\/a><ul class='ez-toc-list-level-4' ><li class='ez-toc-heading-level-4'><a class=\"ez-toc-link ez-toc-heading-2\" href=\"https:\/\/saphirsmaragd.com\/el\/product\/morganit-rund-rosa-31-52-karat\/#Merkmale_Herkunft\" >\u03a7\u03b1\u03c1\u03b1\u03ba\u03c4\u03b7\u03c1\u03b9\u03c3\u03c4\u03b9\u03ba\u03ac &amp; \u03a0\u03c1\u03bf\u03ad\u03bb\u03b5\u03c5\u03c3\u03b7<\/a><\/li><li class='ez-toc-page-1 ez-toc-heading-level-4'><a class=\"ez-toc-link ez-toc-heading-3\" href=\"https:\/\/saphirsmaragd.com\/el\/product\/morganit-rund-rosa-31-52-karat\/#Besonderheiten\" >\u0395\u03b9\u03b4\u03b9\u03ba\u03ac \u03c7\u03b1\u03c1\u03b1\u03ba\u03c4\u03b7\u03c1\u03b9\u03c3\u03c4\u03b9\u03ba\u03ac<\/a><\/li><li class='ez-toc-page-1 ez-toc-heading-level-4'><a class=\"ez-toc-link ez-toc-heading-4\" href=\"https:\/\/saphirsmaragd.com\/el\/product\/morganit-rund-rosa-31-52-karat\/#Mehr_uber_unsere_Edelsteine\" >\u03a0\u03b5\u03c1\u03b9\u03c3\u03c3\u03cc\u03c4\u03b5\u03c1\u03b1 \u03b3\u03b9\u03b1 \u03c4\u03bf\u03c5\u03c2 \u03c0\u03bf\u03bb\u03cd\u03c4\u03b9\u03bc\u03bf\u03c5\u03c2 \u03bb\u03af\u03b8\u03bf\u03c5\u03c2 \u03bc\u03b1\u03c2<\/a><\/li><li class='ez-toc-page-1 ez-toc-heading-level-4'><a class=\"ez-toc-link ez-toc-heading-5\" href=\"https:\/\/saphirsmaragd.com\/el\/product\/morganit-rund-rosa-31-52-karat\/#Weitere_Infos\" >\u03a0\u03b5\u03c1\u03b9\u03c3\u03c3\u03cc\u03c4\u03b5\u03c1\u03b5\u03c2 \u03c0\u03bb\u03b7\u03c1\u03bf\u03c6\u03bf\u03c1\u03af\u03b5\u03c2<\/a><\/li><\/ul><\/li><\/ul><\/nav><\/div>\n<h3 data-start=\"838\" data-end=\"874\"><span class=\"ez-toc-section\" id=\"Morganit_Rund_Rosa_3152_Karat\"><\/span>Morganit Rund Rosa 31.52 Karat<span class=\"ez-toc-section-end\"><\/span><\/h3>\n<p data-start=\"875\" data-end=\"1228\">Dieser au\u00dfergew\u00f6hnlich gro\u00dfe Morganit aus Brasilien beeindruckt durch seine sanfte, elegante Rosafarbe und seine harmonische runde Schliffform. Als rosafarbene Variet\u00e4t des Berylls z\u00e4hlt Morganit zu den begehrtesten Edelsteinen im Bereich hochwertiger Schmuckanfertigungen und wird besonders f\u00fcr seine ruhige Ausstrahlung und zeitlose Eleganz gesch\u00e4tzt.<\/p>\n<hr data-start=\"1230\" data-end=\"1233\" \/>\n<h4 data-start=\"1235\" data-end=\"1261\"><span class=\"ez-toc-section\" id=\"Merkmale_Herkunft\"><\/span>\u03a7\u03b1\u03c1\u03b1\u03ba\u03c4\u03b7\u03c1\u03b9\u03c3\u03c4\u03b9\u03ba\u03ac &amp; \u03a0\u03c1\u03bf\u03ad\u03bb\u03b5\u03c5\u03c3\u03b7<span class=\"ez-toc-section-end\"><\/span><\/h4>\n<p data-start=\"1262\" data-end=\"1492\">Steinart: Beryll (Morganit)<br data-start=\"1289\" data-end=\"1292\" \/>Farbe: Rosa<br data-start=\"1303\" data-end=\"1306\" \/>Form: Rund<br data-start=\"1316\" data-end=\"1319\" \/>Gewicht: 31.52 Karat<br data-start=\"1339\" data-end=\"1342\" \/>Abmessungen: 20 mm<br data-start=\"1360\" data-end=\"1363\" \/>\u03a0\u03c1\u03bf\u03ad\u03bb\u03b5\u03c5\u03c3\u03b7: \u0392\u03c1\u03b1\u03b6\u03b9\u03bb\u03af\u03b1<br data-start=\"1382\" data-end=\"1385\" \/>Reinheit: Augenrein<br data-start=\"1404\" data-end=\"1407\" \/>\u0398\u03b5\u03c1\u03b1\u03c0\u03b5\u03af\u03b1: \u03a7\u03c9\u03c1\u03af\u03c2 \u03b8\u03b5\u03c1\u03b1\u03c0\u03b5\u03af\u03b1<br data-start=\"1430\" data-end=\"1433\" \/>Beobachtung: Nat\u00fcrlich<br data-start=\"1455\" data-end=\"1458\" \/>Mohs-H\u00e4rte: 7.5\u20138<br data-start=\"1475\" data-end=\"1478\" \/>\u039a\u03b1\u03c4\u03ac\u03c3\u03c4\u03b1\u03c3\u03b7: \u039a\u03b1\u03b9\u03bd\u03bf\u03cd\u03c1\u03b3\u03b9\u03bf<\/p>\n<hr data-start=\"1494\" data-end=\"1497\" \/>\n<h4 data-start=\"1499\" data-end=\"1520\"><span class=\"ez-toc-section\" id=\"Besonderheiten\"><\/span>\u0395\u03b9\u03b4\u03b9\u03ba\u03ac \u03c7\u03b1\u03c1\u03b1\u03ba\u03c4\u03b7\u03c1\u03b9\u03c3\u03c4\u03b9\u03ba\u03ac<span class=\"ez-toc-section-end\"><\/span><\/h4>\n<p data-start=\"1521\" data-end=\"2045\">Der Morganit Rund Rosa 31.52 Karat zeichnet sich durch seine au\u00dfergew\u00f6hnliche Gr\u00f6\u00dfe und seine gleichm\u00e4\u00dfige, zarte Rosaf\u00e4rbung aus, die f\u00fcr Morganite dieser Karatklasse selten ist. Die augenreine Klarheit sorgt f\u00fcr eine klare Lichtwirkung, w\u00e4hrend der runde Schliff dem Stein eine klassische und ausgewogene Erscheinung verleiht. Aufgrund seiner nat\u00fcrlichen, unbehandelten Beschaffenheit eignet sich dieser Morganit hervorragend als exklusiver Mittelstein f\u00fcr hochwertige Einzelanfertigungen oder als besonderes Sammlerst\u00fcck.<\/p>\n<hr data-start=\"1926\" data-end=\"1929\" \/>\n<h4 data-start=\"1931\" data-end=\"1971\"><span class=\"ez-toc-section\" id=\"Mehr_uber_unsere_Edelsteine\"><\/span>\u03a0\u03b5\u03c1\u03b9\u03c3\u03c3\u03cc\u03c4\u03b5\u03c1\u03b1 \u03b3\u03b9\u03b1 \u03c4\u03bf\u03c5\u03c2 \u03c0\u03bf\u03bb\u03cd\u03c4\u03b9\u03bc\u03bf\u03c5\u03c2 \u03bb\u03af\u03b8\u03bf\u03c5\u03c2 \u03bc\u03b1\u03c2<span class=\"ez-toc-section-end\"><\/span><\/h4>\n<p data-start=\"1972\" data-end=\"2069\"><a href=\"https:\/\/saphirsmaragd.com\/el\/product-category\/edelsteine-kaufen\/\">\u03a0\u03bf\u03bb\u03cd\u03c4\u03b9\u03bc\u03bf\u03b9 \u03bb\u03af\u03b8\u03bf\u03b9<\/a><\/p>\n<hr data-start=\"2071\" data-end=\"2074\" \/>\n<h4 data-start=\"2076\" data-end=\"2096\"><span class=\"ez-toc-section\" id=\"Weitere_Infos\"><\/span>\u03a0\u03b5\u03c1\u03b9\u03c3\u03c3\u03cc\u03c4\u03b5\u03c1\u03b5\u03c2 \u03c0\u03bb\u03b7\u03c1\u03bf\u03c6\u03bf\u03c1\u03af\u03b5\u03c2<span class=\"ez-toc-section-end\"><\/span><\/h4>\n<p data-start=\"2097\" data-end=\"2160\"><a class=\"decorated-link cursor-pointer\" href=\"https:\/\/de.wikipedia.org\/wiki\/Morganit\" target=\"_new\" rel=\"noopener\" data-start=\"2097\" data-end=\"2160\">Wikipedia: Morganit<\/a><\/p>","protected":false},"excerpt":{"rendered":"<p data-start=\"589\" data-end=\"735\"><em>Morganit Rund Rosa 31.52 Karat aus Brasilien in au\u00dfergew\u00f6hnlicher Gr\u00f6\u00dfe. Nat\u00fcrlicher Rosenberyll mit zarter Rosafarbe f\u00fcr exklusive Schmuckst\u00fccke.<\/em><\/p>\n<p data-start=\"575\" data-end=\"606\">","protected":false},"featured_media":7125,"comment_status":"open","ping_status":"closed","template":"","meta":{"_glsr_average":0,"_glsr_ranking":0,"_glsr_reviews":0},"product_brand":[],"product_cat":[305],"product_tag":[],"class_list":{"0":"post-7124","1":"product","2":"type-product","3":"status-publish","4":"has-post-thumbnail","6":"product_cat-seltene-edelsteine","7":"pa_edelsteinart-seltene-edelsteine","8":"pa_farbe-rosa","9":"pa_form-rund","10":"pa_gewicht-karat-20-50-karat","11":"pa_herkunft-brasilien","12":"pa_reinheit-augenrein","13":"pa_veredelung-behandlung-unbehandelt","14":"pa_zustand-neu","16":"first","17":"instock","18":"featured","19":"sold-individually","20":"shipping-taxable","21":"purchasable","22":"product-type-simple","23":"add-to-wishlist-before_image"},"jetpack_sharing_enabled":true,"_links":{"self":[{"href":"https:\/\/saphirsmaragd.com\/el\/wp-json\/wp\/v2\/product\/7124","targetHints":{"allow":["GET"]}}],"collection":[{"href":"https:\/\/saphirsmaragd.com\/el\/wp-json\/wp\/v2\/product"}],"about":[{"href":"https:\/\/saphirsmaragd.com\/el\/wp-json\/wp\/v2\/types\/product"}],"replies":[{"embeddable":true,"href":"https:\/\/saphirsmaragd.com\/el\/wp-json\/wp\/v2\/comments?post=7124"}],"version-history":[{"count":1,"href":"https:\/\/saphirsmaragd.com\/el\/wp-json\/wp\/v2\/product\/7124\/revisions"}],"predecessor-version":[{"id":7126,"href":"https:\/\/saphirsmaragd.com\/el\/wp-json\/wp\/v2\/product\/7124\/revisions\/7126"}],"wp:featuredmedia":[{"embeddable":true,"href":"https:\/\/saphirsmaragd.com\/el\/wp-json\/wp\/v2\/media\/7125"}],"wp:attachment":[{"href":"https:\/\/saphirsmaragd.com\/el\/wp-json\/wp\/v2\/media?parent=7124"}],"wp:term":[{"taxonomy":"product_brand","embeddable":true,"href":"https:\/\/saphirsmaragd.com\/el\/wp-json\/wp\/v2\/product_brand?post=7124"},{"taxonomy":"product_cat","embeddable":true,"href":"https:\/\/saphirsmaragd.com\/el\/wp-json\/wp\/v2\/product_cat?post=7124"},{"taxonomy":"product_tag","embeddable":true,"href":"https:\/\/saphirsmaragd.com\/el\/wp-json\/wp\/v2\/product_tag?post=7124"}],"curies":[{"name":"wp","href":"https:\/\/api.w.org\/{rel}","templated":true}]}}