{"id":7778,"date":"2026-01-13T17:50:02","date_gmt":"2026-01-13T17:50:02","guid":{"rendered":"https:\/\/saphirsmaragd.com\/?post_type=product&#038;p=7778"},"modified":"2026-01-13T18:00:15","modified_gmt":"2026-01-13T18:00:15","slug":"armband-mit-schwarzem-opal-oval","status":"publish","type":"product","link":"https:\/\/saphirsmaragd.com\/el\/product\/armband-mit-schwarzem-opal-oval\/","title":{"rendered":"Armband mit Schwarzem Opal Oval \u2013 Handgefertigt aus 925 Silber"},"content":{"rendered":"<div id=\"ez-toc-container\" class=\"ez-toc-v2_0_82_2 counter-hierarchy ez-toc-counter ez-toc-grey ez-toc-container-direction\">\n<div class=\"ez-toc-title-container\">\n<p class=\"ez-toc-title\" style=\"cursor:inherit\">\u03a0\u03af\u03bd\u03b1\u03ba\u03b1\u03c2 \u03c0\u03b5\u03c1\u03b9\u03b5\u03c7\u03bf\u03bc\u03ad\u03bd\u03c9\u03bd<\/p>\n<span class=\"ez-toc-title-toggle\"><a href=\"#\" class=\"ez-toc-pull-right ez-toc-btn ez-toc-btn-xs ez-toc-btn-default ez-toc-toggle\" aria-label=\"Toggle Table of Content\"><span class=\"ez-toc-js-icon-con\"><span class=\"\"><span class=\"eztoc-hide\" style=\"display:none;\">\u039c\u03c0\u03b1\u03c1\u03ad\u03c4\u03b1<\/span><span class=\"ez-toc-icon-toggle-span\"><svg style=\"fill: #999;color:#999\" xmlns=\"http:\/\/www.w3.org\/2000\/svg\" class=\"list-377408\" width=\"20px\" height=\"20px\" viewbox=\"0 0 24 24\" fill=\"none\"><path d=\"M6 6H4v2h2V6zm14 0H8v2h12V6zM4 11h2v2H4v-2zm16 0H8v2h12v-2zM4 16h2v2H4v-2zm16 0H8v2h12v-2z\" fill=\"currentColor\"><\/path><\/svg><svg style=\"fill: #999;color:#999\" class=\"arrow-unsorted-368013\" xmlns=\"http:\/\/www.w3.org\/2000\/svg\" width=\"10px\" height=\"10px\" viewbox=\"0 0 24 24\" version=\"1.2\" baseprofile=\"tiny\"><path d=\"M18.2 9.3l-6.2-6.3-6.2 6.3c-.2.2-.3.4-.3.7s.1.5.3.7c.2.2.4.3.7.3h11c.3 0 .5-.1.7-.3.2-.2.3-.5.3-.7s-.1-.5-.3-.7zM5.8 14.7l6.2 6.3 6.2-6.3c.2-.2.3-.5.3-.7s-.1-.5-.3-.7c-.2-.2-.4-.3-.7-.3h-11c-.3 0-.5.1-.7.3-.2.2-.3.5-.3.7s.1.5.3.7z\"\/><\/svg><\/span><\/span><\/span><\/a><\/span><\/div>\n<nav><ul class='ez-toc-list ez-toc-list-level-1' ><li class='ez-toc-page-1 ez-toc-heading-level-4'><a class=\"ez-toc-link ez-toc-heading-1\" href=\"https:\/\/saphirsmaragd.com\/el\/product\/armband-mit-schwarzem-opal-oval\/#Armband_mit_Schwarzem_Opal_Oval_%E2%80%93_Handgefertigt_aus_925_Silber\" >Armband mit Schwarzem Opal Oval \u2013 Handgefertigt aus 925 Silber<\/a><\/li><li class='ez-toc-page-1 ez-toc-heading-level-4'><a class=\"ez-toc-link ez-toc-heading-2\" href=\"https:\/\/saphirsmaragd.com\/el\/product\/armband-mit-schwarzem-opal-oval\/#Besonderheiten\" >\u0395\u03b9\u03b4\u03b9\u03ba\u03ac \u03c7\u03b1\u03c1\u03b1\u03ba\u03c4\u03b7\u03c1\u03b9\u03c3\u03c4\u03b9\u03ba\u03ac<\/a><\/li><li class='ez-toc-page-1 ez-toc-heading-level-4'><a class=\"ez-toc-link ez-toc-heading-3\" href=\"https:\/\/saphirsmaragd.com\/el\/product\/armband-mit-schwarzem-opal-oval\/#Weitere_Infoswikipedia_Opal\" >Weitere Infoswikipedia:Opal<\/a><\/li><\/ul><\/nav><\/div>\n<h4 data-start=\"792\" data-end=\"858\"><span class=\"ez-toc-section\" id=\"Armband_mit_Schwarzem_Opal_Oval_%E2%80%93_Handgefertigt_aus_925_Silber\"><\/span>Armband mit Schwarzem Opal Oval \u2013 Handgefertigt aus 925 Silber<span class=\"ez-toc-section-end\"><\/span><\/h4>\n<p data-start=\"860\" data-end=\"1005\">Dieses Armband mit Schwarzem Opal Oval ist ein einzigartiges Schmuckst\u00fcck, das Sie exakt so erhalten, wie auf den Produktbildern dargestellt.<\/p>\n<hr data-start=\"1007\" data-end=\"1010\" \/>\n<p><strong data-start=\"1015\" data-end=\"1038\">\u03a7\u03b1\u03c1\u03b1\u03ba\u03c4\u03b7\u03c1\u03b9\u03c3\u03c4\u03b9\u03ba\u03ac &amp; \u03a0\u03c1\u03bf\u03ad\u03bb\u03b5\u03c5\u03c3\u03b7<\/strong><br data-start=\"1038\" data-end=\"1041\" \/>Farbe: Schwarz mit nat\u00fcrlichem Schimmer<br data-start=\"1080\" data-end=\"1083\" \/>Form: Oval<br data-start=\"1093\" data-end=\"1096\" \/>Herkunft: Nat\u00fcrlicher schwarzer Opal<br data-start=\"1145\" data-end=\"1148\" \/>Ma\u00dfe: Schwarzer Opal ca. 8 \u00d7 6 mm<br data-start=\"1181\" data-end=\"1184\" \/>Reinheit: Nat\u00fcrlicher Edelstein<br data-start=\"1302\" data-end=\"1305\" \/>Material: Sterlingsilber 925<br data-start=\"1333\" data-end=\"1336\" \/>\u03a4\u03cd\u03c0\u03bf\u03c2 \u03ba\u03bf\u03c3\u03bc\u03ae\u03bc\u03b1\u03c4\u03bf\u03c2: \u0392\u03c1\u03b1\u03c7\u03b9\u03cc\u03bb\u03b9<br data-start=\"1355\" data-end=\"1358\" \/>L\u00e4nge\/Gr\u00f6\u00dfe: ca. 16,5\u201320 cm, verstellbar<\/p>\n<hr data-start=\"1402\" data-end=\"1405\" \/>\n<h4 data-start=\"1407\" data-end=\"1428\"><span class=\"ez-toc-section\" id=\"Besonderheiten\"><\/span><strong data-start=\"1410\" data-end=\"1428\">\u0395\u03b9\u03b4\u03b9\u03ba\u03ac \u03c7\u03b1\u03c1\u03b1\u03ba\u03c4\u03b7\u03c1\u03b9\u03c3\u03c4\u03b9\u03ba\u03ac<\/strong><span class=\"ez-toc-section-end\"><\/span><\/h4>\n<p data-start=\"1430\" data-end=\"1680\">Dieses Armband mit Schwarzem Opal Oval vereint edles 925 Silber mit der intensiven, geheimnisvollen Ausstrahlung eines schwarzen Opals. Der Stein wirkt kraftvoll und zugleich elegant und macht jedes Armband zu einem unverwechselbaren Einzelst\u00fcck.<\/p>\n<p data-start=\"1682\" data-end=\"2119\">Dem schwarzen Opal wird eine stark sch\u00fctzende Wirkung zugeschrieben. Er soll ein energetisches Schutzfeld aufbauen und dabei helfen, negative Einfl\u00fcsse sowie fremde Emotionen abzugrenzen. Gleichzeitig st\u00e4rkt der schwarze Opal die Intuition, unterst\u00fctzt emotionale Heilungsprozesse und f\u00f6rdert innere Transformation. Das Armband mit Schwarzem Opal Oval wird traditionell dem Wurzelchakra zugeordnet und mit dem Element Erde verbunden.<\/p>\n<hr data-start=\"1959\" data-end=\"1962\" \/>\n<p data-start=\"1964\" data-end=\"2057\"><strong data-start=\"1967\" data-end=\"2003\">Mehr \u00fcber Edelopale &amp; Heilsteine<\/strong><br data-start=\"2003\" data-end=\"2006\" \/>\u0398\u03b5\u03c1\u03b1\u03c0\u03b5\u03c5\u03c4\u03b9\u03ba\u03ad\u03c2 \u03c0\u03ad\u03c4\u03c1\u03b5\u03c2 &amp; \u03ba\u03c1\u03cd\u03c3\u03c4\u03b1\u03bb\u03bb\u03bf\u03b9 | <a class=\"decorated-link\" href=\"https:\/\/saphirsmaragd.com\/el\/product-category\/heilsteine-kristalle-kaufen\/\" rel=\"noopener\" data-start=\"2036\" data-end=\"2057\">\u0396\u03b1\u03c6\u03b5\u03af\u03c1\u03b9 &amp; \u03a3\u03bc\u03b1\u03c1\u03ac\u03b3\u03b4\u03b9<\/a><\/p>\n<hr data-start=\"2059\" data-end=\"2062\" \/>\n<h4 data-start=\"2064\" data-end=\"2106\"><span class=\"ez-toc-section\" id=\"Weitere_Infoswikipedia_Opal\"><\/span><strong data-start=\"2067\" data-end=\"2084\">\u03a0\u03b5\u03c1\u03b9\u03c3\u03c3\u03cc\u03c4\u03b5\u03c1\u03b5\u03c2 \u03c0\u03bb\u03b7\u03c1\u03bf\u03c6\u03bf\u03c1\u03af\u03b5\u03c2<\/strong><br data-start=\"2084\" data-end=\"2087\" \/>wikipedia:<a href=\"https:\/\/de.wikipedia.org\/wiki\/Opal\" target=\"_blank\" rel=\"noopener\">Opal<\/a><span class=\"ez-toc-section-end\"><\/span><\/h4>","protected":false},"excerpt":{"rendered":"<p><em>Armband mit Schwarzem Opal Oval aus hochwertigem 925 Silber. Dieses handgefertigte Unikat \u00fcberzeugt durch seine tiefe Farbwirkung und ist ein kraftvolles Schmuckst\u00fcck mit symbolischer Bedeutung.<\/em><\/p>","protected":false},"featured_media":7779,"comment_status":"open","ping_status":"closed","template":"","meta":{"_glsr_average":0,"_glsr_ranking":0,"_glsr_reviews":0},"product_brand":[],"product_cat":[331],"product_tag":[],"class_list":{"0":"post-7778","1":"product","2":"type-product","3":"status-publish","4":"has-post-thumbnail","6":"product_cat-edelsteinarmbaender-kaufen","8":"first","9":"instock","10":"shipping-taxable","11":"purchasable","12":"product-type-simple","13":"add-to-wishlist-before_image"},"jetpack_sharing_enabled":true,"_links":{"self":[{"href":"https:\/\/saphirsmaragd.com\/el\/wp-json\/wp\/v2\/product\/7778","targetHints":{"allow":["GET"]}}],"collection":[{"href":"https:\/\/saphirsmaragd.com\/el\/wp-json\/wp\/v2\/product"}],"about":[{"href":"https:\/\/saphirsmaragd.com\/el\/wp-json\/wp\/v2\/types\/product"}],"replies":[{"embeddable":true,"href":"https:\/\/saphirsmaragd.com\/el\/wp-json\/wp\/v2\/comments?post=7778"}],"version-history":[{"count":3,"href":"https:\/\/saphirsmaragd.com\/el\/wp-json\/wp\/v2\/product\/7778\/revisions"}],"predecessor-version":[{"id":7783,"href":"https:\/\/saphirsmaragd.com\/el\/wp-json\/wp\/v2\/product\/7778\/revisions\/7783"}],"wp:featuredmedia":[{"embeddable":true,"href":"https:\/\/saphirsmaragd.com\/el\/wp-json\/wp\/v2\/media\/7779"}],"wp:attachment":[{"href":"https:\/\/saphirsmaragd.com\/el\/wp-json\/wp\/v2\/media?parent=7778"}],"wp:term":[{"taxonomy":"product_brand","embeddable":true,"href":"https:\/\/saphirsmaragd.com\/el\/wp-json\/wp\/v2\/product_brand?post=7778"},{"taxonomy":"product_cat","embeddable":true,"href":"https:\/\/saphirsmaragd.com\/el\/wp-json\/wp\/v2\/product_cat?post=7778"},{"taxonomy":"product_tag","embeddable":true,"href":"https:\/\/saphirsmaragd.com\/el\/wp-json\/wp\/v2\/product_tag?post=7778"}],"curies":[{"name":"wp","href":"https:\/\/api.w.org\/{rel}","templated":true}]}}