{"id":8263,"date":"2026-03-22T12:08:34","date_gmt":"2026-03-22T12:08:34","guid":{"rendered":"https:\/\/saphirsmaragd.com\/?post_type=product&#038;p=8263"},"modified":"2026-03-22T12:12:22","modified_gmt":"2026-03-22T12:12:22","slug":"citrin-oval-farbe-gelb-56-30-karat","status":"publish","type":"product","link":"https:\/\/saphirsmaragd.com\/el\/product\/citrin-oval-farbe-gelb-56-30-karat\/","title":{"rendered":"Citrin Oval Farbe gelb 56.30 Karat \u2013 Gro\u00dfer Edelstein mit intensiver Zitronenfarbe und beeindruckender Brillanz"},"content":{"rendered":"<div id=\"ez-toc-container\" class=\"ez-toc-v2_0_83 counter-hierarchy ez-toc-counter ez-toc-grey ez-toc-container-direction\">\n<div class=\"ez-toc-title-container\">\n<p class=\"ez-toc-title\" style=\"cursor:inherit\">\u03a0\u03af\u03bd\u03b1\u03ba\u03b1\u03c2 \u03c0\u03b5\u03c1\u03b9\u03b5\u03c7\u03bf\u03bc\u03ad\u03bd\u03c9\u03bd<\/p>\n<span class=\"ez-toc-title-toggle\"><a href=\"#\" class=\"ez-toc-pull-right ez-toc-btn ez-toc-btn-xs ez-toc-btn-default ez-toc-toggle\" aria-label=\"Toggle Table of Content\"><span class=\"ez-toc-js-icon-con\"><span class=\"\"><span class=\"eztoc-hide\" style=\"display:none;\">\u039c\u03c0\u03b1\u03c1\u03ad\u03c4\u03b1<\/span><span class=\"ez-toc-icon-toggle-span\"><svg style=\"fill: #999;color:#999\" xmlns=\"http:\/\/www.w3.org\/2000\/svg\" class=\"list-377408\" width=\"20px\" height=\"20px\" viewbox=\"0 0 24 24\" fill=\"none\"><path d=\"M6 6H4v2h2V6zm14 0H8v2h12V6zM4 11h2v2H4v-2zm16 0H8v2h12v-2zM4 16h2v2H4v-2zm16 0H8v2h12v-2z\" fill=\"currentColor\"><\/path><\/svg><svg style=\"fill: #999;color:#999\" class=\"arrow-unsorted-368013\" xmlns=\"http:\/\/www.w3.org\/2000\/svg\" width=\"10px\" height=\"10px\" viewbox=\"0 0 24 24\" version=\"1.2\" baseprofile=\"tiny\"><path d=\"M18.2 9.3l-6.2-6.3-6.2 6.3c-.2.2-.3.4-.3.7s.1.5.3.7c.2.2.4.3.7.3h11c.3 0 .5-.1.7-.3.2-.2.3-.5.3-.7s-.1-.5-.3-.7zM5.8 14.7l6.2 6.3 6.2-6.3c.2-.2.3-.5.3-.7s-.1-.5-.3-.7c-.2-.2-.4-.3-.7-.3h-11c-.3 0-.5.1-.7.3-.2.2-.3.5-.3.7s.1.5.3.7z\"\/><\/svg><\/span><\/span><\/span><\/a><\/span><\/div>\n<nav><ul class='ez-toc-list ez-toc-list-level-1' ><li class='ez-toc-page-1 ez-toc-heading-level-4'><a class=\"ez-toc-link ez-toc-heading-1\" href=\"https:\/\/saphirsmaragd.com\/el\/product\/citrin-oval-farbe-gelb-56-30-karat\/#Merkmale_Herkunft\" >Merkmale &amp; Herkunft:<\/a><\/li><li class='ez-toc-page-1 ez-toc-heading-level-4'><a class=\"ez-toc-link ez-toc-heading-2\" href=\"https:\/\/saphirsmaragd.com\/el\/product\/citrin-oval-farbe-gelb-56-30-karat\/#Besonderheiten\" >Besonderheiten:<\/a><\/li><li class='ez-toc-page-1 ez-toc-heading-level-4'><a class=\"ez-toc-link ez-toc-heading-3\" href=\"https:\/\/saphirsmaragd.com\/el\/product\/citrin-oval-farbe-gelb-56-30-karat\/#Mehr_uber_unsere_Edelsteine\" >\u03a0\u03b5\u03c1\u03b9\u03c3\u03c3\u03cc\u03c4\u03b5\u03c1\u03b1 \u03b3\u03b9\u03b1 \u03c4\u03bf\u03c5\u03c2 \u03c0\u03bf\u03bb\u03cd\u03c4\u03b9\u03bc\u03bf\u03c5\u03c2 \u03bb\u03af\u03b8\u03bf\u03c5\u03c2 \u03bc\u03b1\u03c2<\/a><\/li><li class='ez-toc-page-1 ez-toc-heading-level-4'><a class=\"ez-toc-link ez-toc-heading-4\" href=\"https:\/\/saphirsmaragd.com\/el\/product\/citrin-oval-farbe-gelb-56-30-karat\/#Weitere_Infos\" >\u03a0\u03b5\u03c1\u03b9\u03c3\u03c3\u03cc\u03c4\u03b5\u03c1\u03b5\u03c2 \u03c0\u03bb\u03b7\u03c1\u03bf\u03c6\u03bf\u03c1\u03af\u03b5\u03c2<\/a><\/li><\/ul><\/nav><\/div>\n<p data-start=\"853\" data-end=\"1134\">Der Citrin Oval Farbe gelb 56.30 Karat ist ein au\u00dfergew\u00f6hnlich gro\u00dfer Edelstein mit intensiver Zitronenfarbe und beeindruckender Brillanz. Durch seine klare Struktur und seine strahlende Farbgebung eignet sich dieser Citrin ideal f\u00fcr auff\u00e4llige Schmuckst\u00fccke oder als Sammlerst\u00fcck.<\/p>\n<hr data-start=\"1136\" data-end=\"1139\" \/>\n<h4 data-start=\"1141\" data-end=\"1166\"><span class=\"ez-toc-section\" id=\"Merkmale_Herkunft\"><\/span>Merkmale &amp; Herkunft:<span class=\"ez-toc-section-end\"><\/span><\/h4>\n<p data-start=\"1168\" data-end=\"1409\">Farbe: Zitronengelb<br data-start=\"1187\" data-end=\"1190\" \/>Form: Oval<br data-start=\"1200\" data-end=\"1203\" \/>Gewicht: 56.30 Karat<br data-start=\"1237\" data-end=\"1240\" \/>Ma\u00dfe: 30.5 x 23.7 mm<br data-start=\"1260\" data-end=\"1263\" \/>Reinheit: Augenrein<br data-start=\"1282\" data-end=\"1285\" \/>Behandlung: Erhitzt<br data-start=\"1304\" data-end=\"1307\" \/>Zertifikat: Ja (Val\u00e9rie DURAFFOURG, Gem-A)<br data-start=\"1349\" data-end=\"1352\" \/>\u039a\u03b1\u03c4\u03ac\u03c3\u03c4\u03b1\u03c3\u03b7: \u039a\u03b1\u03b9\u03bd\u03bf\u03cd\u03c1\u03b3\u03b9\u03bf<br data-start=\"1364\" data-end=\"1367\" \/>Steinart: Citrin (Quarz)<br data-start=\"1391\" data-end=\"1394\" \/>Mohs-H\u00e4rte: 7<\/p>\n<hr data-start=\"1411\" data-end=\"1414\" \/>\n<h4 data-start=\"1416\" data-end=\"1436\"><span class=\"ez-toc-section\" id=\"Besonderheiten\"><\/span>Besonderheiten:<span class=\"ez-toc-section-end\"><\/span><\/h4>\n<p data-start=\"1438\" data-end=\"1682\">Der Citrin Oval Farbe gelb 56.30 Karat besticht durch seine au\u00dfergew\u00f6hnliche Gr\u00f6\u00dfe, die ihn deutlich von klassischen Edelsteinen abhebt. Solche gro\u00dfen Citrine werden h\u00e4ufig f\u00fcr Statement-Schmuck verwendet und ziehen sofort alle Blicke auf sich.<\/p>\n<p data-start=\"1684\" data-end=\"1874\">Seine leuchtende gelbe Farbe steht symbolisch f\u00fcr Energie, Lebensfreude und Erfolg. Dadurch ist Citrin nicht nur optisch attraktiv, sondern auch in der Welt der Heilsteine besonders beliebt.<\/p>\n<p data-start=\"1876\" data-end=\"2077\">Durch den ovalen Facettenschliff wird das Licht optimal reflektiert, wodurch der Stein eine beeindruckende Brillanz entwickelt. Trotz seiner Gr\u00f6\u00dfe bleibt er dank seiner Klarheit elegant und hochwertig.<\/p>\n<hr data-start=\"1926\" data-end=\"1929\" \/>\n<h4 data-start=\"1931\" data-end=\"1971\"><span class=\"ez-toc-section\" id=\"Mehr_uber_unsere_Edelsteine\"><\/span>\u03a0\u03b5\u03c1\u03b9\u03c3\u03c3\u03cc\u03c4\u03b5\u03c1\u03b1 \u03b3\u03b9\u03b1 \u03c4\u03bf\u03c5\u03c2 \u03c0\u03bf\u03bb\u03cd\u03c4\u03b9\u03bc\u03bf\u03c5\u03c2 \u03bb\u03af\u03b8\u03bf\u03c5\u03c2 \u03bc\u03b1\u03c2<span class=\"ez-toc-section-end\"><\/span><\/h4>\n<p data-start=\"1972\" data-end=\"2069\"><a href=\"https:\/\/saphirsmaragd.com\/el\/product-category\/edelsteine-kaufen\/\">\u03a0\u03bf\u03bb\u03cd\u03c4\u03b9\u03bc\u03bf\u03b9 \u03bb\u03af\u03b8\u03bf\u03b9<\/a><\/p>\n<hr data-start=\"2071\" data-end=\"2074\" \/>\n<h4 data-start=\"2076\" data-end=\"2096\"><span class=\"ez-toc-section\" id=\"Weitere_Infos\"><\/span>\u03a0\u03b5\u03c1\u03b9\u03c3\u03c3\u03cc\u03c4\u03b5\u03c1\u03b5\u03c2 \u03c0\u03bb\u03b7\u03c1\u03bf\u03c6\u03bf\u03c1\u03af\u03b5\u03c2<span class=\"ez-toc-section-end\"><\/span><\/h4>\n<p data-start=\"2097\" data-end=\"2160\"><a class=\"decorated-link cursor-pointer\" href=\"https:\/\/de.wikipedia.org\/wiki\/Citrin\" target=\"_new\" rel=\"noopener\" data-start=\"2097\" data-end=\"2160\">Wikipedia: Citrin<\/a><\/p>","protected":false},"excerpt":{"rendered":"<p data-start=\"446\" data-end=\"578\"><em>Citrin Oval Farbe gelb 56.30 Karat mit intensiver Zitronenfarbe und beeindruckender Gr\u00f6\u00dfe. Perfekt f\u00fcr auff\u00e4llige Schmuckst\u00fccke.<\/em><\/p>\n<p data-start=\"575\" data-end=\"606\">","protected":false},"featured_media":8264,"comment_status":"open","ping_status":"closed","template":"","meta":{"_glsr_average":0,"_glsr_ranking":0,"_glsr_reviews":0},"product_brand":[],"product_cat":[110],"product_tag":[],"class_list":{"0":"post-8263","1":"product","2":"type-product","3":"status-publish","4":"has-post-thumbnail","6":"product_cat-citrin-kaufen","7":"pa_edelsteinart-citrin","8":"pa_farbe-gelb","9":"pa_form-oval","10":"pa_gewicht-karat-50-100-karat","11":"pa_reinheit-augenrein","12":"pa_veredelung-behandlung-erhitzt","13":"pa_zertifikat-ja","14":"pa_zustand-neu","16":"first","17":"instock","18":"featured","19":"sold-individually","20":"shipping-taxable","21":"purchasable","22":"product-type-simple","23":"add-to-wishlist-before_image"},"jetpack_sharing_enabled":true,"_links":{"self":[{"href":"https:\/\/saphirsmaragd.com\/el\/wp-json\/wp\/v2\/product\/8263","targetHints":{"allow":["GET"]}}],"collection":[{"href":"https:\/\/saphirsmaragd.com\/el\/wp-json\/wp\/v2\/product"}],"about":[{"href":"https:\/\/saphirsmaragd.com\/el\/wp-json\/wp\/v2\/types\/product"}],"replies":[{"embeddable":true,"href":"https:\/\/saphirsmaragd.com\/el\/wp-json\/wp\/v2\/comments?post=8263"}],"version-history":[{"count":2,"href":"https:\/\/saphirsmaragd.com\/el\/wp-json\/wp\/v2\/product\/8263\/revisions"}],"predecessor-version":[{"id":8266,"href":"https:\/\/saphirsmaragd.com\/el\/wp-json\/wp\/v2\/product\/8263\/revisions\/8266"}],"wp:featuredmedia":[{"embeddable":true,"href":"https:\/\/saphirsmaragd.com\/el\/wp-json\/wp\/v2\/media\/8264"}],"wp:attachment":[{"href":"https:\/\/saphirsmaragd.com\/el\/wp-json\/wp\/v2\/media?parent=8263"}],"wp:term":[{"taxonomy":"product_brand","embeddable":true,"href":"https:\/\/saphirsmaragd.com\/el\/wp-json\/wp\/v2\/product_brand?post=8263"},{"taxonomy":"product_cat","embeddable":true,"href":"https:\/\/saphirsmaragd.com\/el\/wp-json\/wp\/v2\/product_cat?post=8263"},{"taxonomy":"product_tag","embeddable":true,"href":"https:\/\/saphirsmaragd.com\/el\/wp-json\/wp\/v2\/product_tag?post=8263"}],"curies":[{"name":"wp","href":"https:\/\/api.w.org\/{rel}","templated":true}]}}