{"id":8763,"date":"2026-05-04T12:54:01","date_gmt":"2026-05-04T12:54:01","guid":{"rendered":"https:\/\/saphirsmaragd.com\/?post_type=product&#038;p=8763"},"modified":"2026-05-04T12:57:03","modified_gmt":"2026-05-04T12:57:03","slug":"smaragd-rechteck-gruen-0-67-karat","status":"publish","type":"product","link":"https:\/\/saphirsmaragd.com\/el\/product\/smaragd-rechteck-gruen-0-67-karat\/","title":{"rendered":"Smaragd Rechteck Gr\u00fcn 0.67 Karat aus Sambia \u2013 Eleganter Smaragdschliff"},"content":{"rendered":"<p data-start=\"1100\" data-end=\"1327\">Der Smaragd Rechteck Gr\u00fcn 0.67 Karat aus Sambia pr\u00e4sentiert sich im klassischen Smaragdschliff mit klaren Linien und eleganter Struktur. Diese Form unterstreicht die nat\u00fcrliche Tiefe und Farbe des Edelsteins besonders stilvoll.<\/p>\n<hr data-start=\"1329\" data-end=\"1332\" \/>\n<div id=\"ez-toc-container\" class=\"ez-toc-v2_0_82_2 counter-hierarchy ez-toc-counter ez-toc-grey ez-toc-container-direction\">\n<div class=\"ez-toc-title-container\">\n<p class=\"ez-toc-title\" style=\"cursor:inherit\">\u03a0\u03af\u03bd\u03b1\u03ba\u03b1\u03c2 \u03c0\u03b5\u03c1\u03b9\u03b5\u03c7\u03bf\u03bc\u03ad\u03bd\u03c9\u03bd<\/p>\n<span class=\"ez-toc-title-toggle\"><a href=\"#\" class=\"ez-toc-pull-right ez-toc-btn ez-toc-btn-xs ez-toc-btn-default ez-toc-toggle\" aria-label=\"Toggle Table of Content\"><span class=\"ez-toc-js-icon-con\"><span class=\"\"><span class=\"eztoc-hide\" style=\"display:none;\">\u039c\u03c0\u03b1\u03c1\u03ad\u03c4\u03b1<\/span><span class=\"ez-toc-icon-toggle-span\"><svg style=\"fill: #999;color:#999\" xmlns=\"http:\/\/www.w3.org\/2000\/svg\" class=\"list-377408\" width=\"20px\" height=\"20px\" viewbox=\"0 0 24 24\" fill=\"none\"><path d=\"M6 6H4v2h2V6zm14 0H8v2h12V6zM4 11h2v2H4v-2zm16 0H8v2h12v-2zM4 16h2v2H4v-2zm16 0H8v2h12v-2z\" fill=\"currentColor\"><\/path><\/svg><svg style=\"fill: #999;color:#999\" class=\"arrow-unsorted-368013\" xmlns=\"http:\/\/www.w3.org\/2000\/svg\" width=\"10px\" height=\"10px\" viewbox=\"0 0 24 24\" version=\"1.2\" baseprofile=\"tiny\"><path d=\"M18.2 9.3l-6.2-6.3-6.2 6.3c-.2.2-.3.4-.3.7s.1.5.3.7c.2.2.4.3.7.3h11c.3 0 .5-.1.7-.3.2-.2.3-.5.3-.7s-.1-.5-.3-.7zM5.8 14.7l6.2 6.3 6.2-6.3c.2-.2.3-.5.3-.7s-.1-.5-.3-.7c-.2-.2-.4-.3-.7-.3h-11c-.3 0-.5.1-.7.3-.2.2-.3.5-.3.7s.1.5.3.7z\"\/><\/svg><\/span><\/span><\/span><\/a><\/span><\/div>\n<nav><ul class='ez-toc-list ez-toc-list-level-1' ><li class='ez-toc-page-1 ez-toc-heading-level-4'><a class=\"ez-toc-link ez-toc-heading-1\" href=\"https:\/\/saphirsmaragd.com\/el\/product\/smaragd-rechteck-gruen-0-67-karat\/#Merkmale_Herkunft\" >\u03a7\u03b1\u03c1\u03b1\u03ba\u03c4\u03b7\u03c1\u03b9\u03c3\u03c4\u03b9\u03ba\u03ac &amp; \u03a0\u03c1\u03bf\u03ad\u03bb\u03b5\u03c5\u03c3\u03b7<\/a><\/li><li class='ez-toc-page-1 ez-toc-heading-level-4'><a class=\"ez-toc-link ez-toc-heading-2\" href=\"https:\/\/saphirsmaragd.com\/el\/product\/smaragd-rechteck-gruen-0-67-karat\/#Besonderheiten\" >\u0395\u03b9\u03b4\u03b9\u03ba\u03ac \u03c7\u03b1\u03c1\u03b1\u03ba\u03c4\u03b7\u03c1\u03b9\u03c3\u03c4\u03b9\u03ba\u03ac<\/a><\/li><li class='ez-toc-page-1 ez-toc-heading-level-4'><a class=\"ez-toc-link ez-toc-heading-3\" href=\"https:\/\/saphirsmaragd.com\/el\/product\/smaragd-rechteck-gruen-0-67-karat\/#Mehr_uber_Heilsteine_Kristalle\" >Mehr \u00fcber Heilsteine &amp; Kristalle<\/a><\/li><li class='ez-toc-page-1 ez-toc-heading-level-4'><a class=\"ez-toc-link ez-toc-heading-4\" href=\"https:\/\/saphirsmaragd.com\/el\/product\/smaragd-rechteck-gruen-0-67-karat\/#Weitere_Infos\" >\u03a0\u03b5\u03c1\u03b9\u03c3\u03c3\u03cc\u03c4\u03b5\u03c1\u03b5\u03c2 \u03c0\u03bb\u03b7\u03c1\u03bf\u03c6\u03bf\u03c1\u03af\u03b5\u03c2<\/a><\/li><\/ul><\/nav><\/div>\n<h4 data-start=\"1334\" data-end=\"1360\"><span class=\"ez-toc-section\" id=\"Merkmale_Herkunft\"><\/span>\u03a7\u03b1\u03c1\u03b1\u03ba\u03c4\u03b7\u03c1\u03b9\u03c3\u03c4\u03b9\u03ba\u03ac &amp; \u03a0\u03c1\u03bf\u03ad\u03bb\u03b5\u03c5\u03c3\u03b7<span class=\"ez-toc-section-end\"><\/span><\/h4>\n<p data-start=\"1362\" data-end=\"1616\">Steinart: Smaragd<br data-start=\"1379\" data-end=\"1382\" \/>Farbe: Gr\u00fcn<br data-start=\"1393\" data-end=\"1396\" \/>Form: Rechteck (Smaragdschliff)<br data-start=\"1427\" data-end=\"1430\" \/>Gewicht: 0.67 Karat<br data-start=\"1449\" data-end=\"1452\" \/>Abmessungen: ca. 6.8 x 4.7 mm<br data-start=\"1481\" data-end=\"1484\" \/>Herkunft: Sambia<br data-start=\"1500\" data-end=\"1503\" \/>\u03a3\u03b1\u03c6\u03ae\u03bd\u03b5\u03b9\u03b1: \u03a3\u03b1\u03c6\u03b5\u03af\u03c2 \u03c3\u03c5\u03bc\u03c0\u03b5\u03c1\u03b9\u03bb\u03ae\u03c8\u03b5\u03b9\u03c2<br data-start=\"1534\" data-end=\"1537\" \/>Behandlung: Ge\u00f6lt<br data-start=\"1554\" data-end=\"1557\" \/>Beobachtung: Nat\u00fcrlich<br data-start=\"1579\" data-end=\"1582\" \/>Mohs-H\u00e4rte: 7.5\u20138<br data-start=\"1599\" data-end=\"1602\" \/>\u039a\u03b1\u03c4\u03ac\u03c3\u03c4\u03b1\u03c3\u03b7: \u039a\u03b1\u03b9\u03bd\u03bf\u03cd\u03c1\u03b3\u03b9\u03bf<\/p>\n<hr data-start=\"1618\" data-end=\"1621\" \/>\n<h4 data-start=\"1623\" data-end=\"1644\"><span class=\"ez-toc-section\" id=\"Besonderheiten\"><\/span>\u0395\u03b9\u03b4\u03b9\u03ba\u03ac \u03c7\u03b1\u03c1\u03b1\u03ba\u03c4\u03b7\u03c1\u03b9\u03c3\u03c4\u03b9\u03ba\u03ac<span class=\"ez-toc-section-end\"><\/span><\/h4>\n<p data-start=\"1646\" data-end=\"1798\">Der Smaragd Rechteck Gr\u00fcn 0.67 Karat zeichnet sich durch seinen klassischen Smaragdschliff aus, der f\u00fcr seine elegante und zeitlose Optik bekannt ist.<\/p>\n<p data-start=\"1800\" data-end=\"1933\">Durch die offene Facettenstruktur werden Einschl\u00fcsse sichtbarer, was diesen Schliff besonders authentisch und charakterstark macht.<\/p>\n<p data-start=\"1935\" data-end=\"2088\">Smaragde aus Sambia sind weltweit gesch\u00e4tzt f\u00fcr ihre intensive gr\u00fcne Farbe und ihre hohe Qualit\u00e4t. Jeder Stein ist ein Unikat mit nat\u00fcrlicher Struktur.<\/p>\n<hr data-start=\"1670\" data-end=\"1673\" \/>\n<h4 data-start=\"1448\" data-end=\"1473\"><span class=\"ez-toc-section\" id=\"Mehr_uber_Heilsteine_Kristalle\"><\/span>Mehr \u00fcber Heilsteine &amp; Kristalle<span class=\"ez-toc-section-end\"><\/span><\/h4>\n<p data-start=\"1475\" data-end=\"1668\"><a class=\"\" href=\"https:\/\/saphirsmaragd.com\/el\/product-category\/heilsteine-kristalle-kaufen\/\" target=\"_new\" rel=\"noopener\" data-start=\"1571\" data-end=\"1668\">\u0398\u03b5\u03c1\u03b1\u03c0\u03b5\u03c5\u03c4\u03b9\u03ba\u03ad\u03c2 \u03c0\u03ad\u03c4\u03c1\u03b5\u03c2 \u03ba\u03b1\u03b9 \u03ba\u03c1\u03cd\u03c3\u03c4\u03b1\u03bb\u03bb\u03bf\u03b9<\/a><\/p>\n<hr data-start=\"1670\" data-end=\"1673\" \/>\n<h4 data-start=\"1675\" data-end=\"1695\"><span class=\"ez-toc-section\" id=\"Weitere_Infos\"><\/span>\u03a0\u03b5\u03c1\u03b9\u03c3\u03c3\u03cc\u03c4\u03b5\u03c1\u03b5\u03c2 \u03c0\u03bb\u03b7\u03c1\u03bf\u03c6\u03bf\u03c1\u03af\u03b5\u03c2<span class=\"ez-toc-section-end\"><\/span><\/h4>\n<p data-start=\"1697\" data-end=\"1801\"><a class=\"\" href=\"https:\/\/de.wikipedia.org\/wiki\/Smaragd\" target=\"_new\" rel=\"noopener\" data-start=\"1741\" data-end=\"1801\">Wikipedia \u2013 \u03a3\u03bc\u03b1\u03c1\u03ac\u03b3\u03b4\u03b9<\/a><\/p>","protected":false},"excerpt":{"rendered":"<p data-start=\"800\" data-end=\"931\"><em>Smaragd Rechteck Gr\u00fcn 0.67 Karat aus Sambia, ge\u00f6lt. Klassischer Smaragdschliff mit klarer Linienf\u00fchrung und edler Ausstrahlung.<\/em><\/p>","protected":false},"featured_media":8764,"comment_status":"open","ping_status":"closed","template":"","meta":{"_glsr_average":0,"_glsr_ranking":0,"_glsr_reviews":0},"product_brand":[],"product_cat":[262],"product_tag":[],"class_list":{"0":"post-8763","1":"product","2":"type-product","3":"status-publish","4":"has-post-thumbnail","6":"product_cat-smaragd","7":"pa_edelsteinart-smaragd","8":"pa_farbe-gruen","9":"pa_form-rechteck","10":"pa_gewicht-karat-0-5-1-0-karat","11":"pa_herkunft-sambia","12":"pa_reinheit-deutliche-einschluesse","13":"pa_veredelung-behandlung-geoelt","14":"pa_zustand-neu","16":"first","17":"instock","18":"sold-individually","19":"taxable","20":"shipping-taxable","21":"purchasable","22":"product-type-simple","23":"add-to-wishlist-before_image"},"jetpack_sharing_enabled":true,"_links":{"self":[{"href":"https:\/\/saphirsmaragd.com\/el\/wp-json\/wp\/v2\/product\/8763","targetHints":{"allow":["GET"]}}],"collection":[{"href":"https:\/\/saphirsmaragd.com\/el\/wp-json\/wp\/v2\/product"}],"about":[{"href":"https:\/\/saphirsmaragd.com\/el\/wp-json\/wp\/v2\/types\/product"}],"replies":[{"embeddable":true,"href":"https:\/\/saphirsmaragd.com\/el\/wp-json\/wp\/v2\/comments?post=8763"}],"version-history":[{"count":1,"href":"https:\/\/saphirsmaragd.com\/el\/wp-json\/wp\/v2\/product\/8763\/revisions"}],"predecessor-version":[{"id":8765,"href":"https:\/\/saphirsmaragd.com\/el\/wp-json\/wp\/v2\/product\/8763\/revisions\/8765"}],"wp:featuredmedia":[{"embeddable":true,"href":"https:\/\/saphirsmaragd.com\/el\/wp-json\/wp\/v2\/media\/8764"}],"wp:attachment":[{"href":"https:\/\/saphirsmaragd.com\/el\/wp-json\/wp\/v2\/media?parent=8763"}],"wp:term":[{"taxonomy":"product_brand","embeddable":true,"href":"https:\/\/saphirsmaragd.com\/el\/wp-json\/wp\/v2\/product_brand?post=8763"},{"taxonomy":"product_cat","embeddable":true,"href":"https:\/\/saphirsmaragd.com\/el\/wp-json\/wp\/v2\/product_cat?post=8763"},{"taxonomy":"product_tag","embeddable":true,"href":"https:\/\/saphirsmaragd.com\/el\/wp-json\/wp\/v2\/product_tag?post=8763"}],"curies":[{"name":"wp","href":"https:\/\/api.w.org\/{rel}","templated":true}]}}