{"id":1489,"date":"2025-07-09T15:42:27","date_gmt":"2025-07-09T15:42:27","guid":{"rendered":"https:\/\/saphirsmaragd.com\/?post_type=product&#038;p=1489"},"modified":"2025-12-29T19:05:39","modified_gmt":"2025-12-29T19:05:39","slug":"saphir-0-16-karat-kaufen","status":"publish","type":"product","link":"https:\/\/saphirsmaragd.com\/en\/product\/saphir-0-16-karat-kaufen\/","title":{"rendered":"Saphir 0.16 Karat kaufen \u2013 Ovaler polychromer Edelstein aus Tansania"},"content":{"rendered":"<div id=\"ez-toc-container\" class=\"ez-toc-v2_0_82_2 counter-hierarchy ez-toc-counter ez-toc-grey ez-toc-container-direction\">\n<div class=\"ez-toc-title-container\">\n<p class=\"ez-toc-title\" style=\"cursor:inherit\">Table of Contents<\/p>\n<span class=\"ez-toc-title-toggle\"><a href=\"#\" class=\"ez-toc-pull-right ez-toc-btn ez-toc-btn-xs ez-toc-btn-default ez-toc-toggle\" aria-label=\"Toggle Table of Content\"><span class=\"ez-toc-js-icon-con\"><span class=\"\"><span class=\"eztoc-hide\" style=\"display:none;\">Toggle<\/span><span class=\"ez-toc-icon-toggle-span\"><svg style=\"fill: #999;color:#999\" xmlns=\"http:\/\/www.w3.org\/2000\/svg\" class=\"list-377408\" width=\"20px\" height=\"20px\" viewbox=\"0 0 24 24\" fill=\"none\"><path d=\"M6 6H4v2h2V6zm14 0H8v2h12V6zM4 11h2v2H4v-2zm16 0H8v2h12v-2zM4 16h2v2H4v-2zm16 0H8v2h12v-2z\" fill=\"currentColor\"><\/path><\/svg><svg style=\"fill: #999;color:#999\" class=\"arrow-unsorted-368013\" xmlns=\"http:\/\/www.w3.org\/2000\/svg\" width=\"10px\" height=\"10px\" viewbox=\"0 0 24 24\" version=\"1.2\" baseprofile=\"tiny\"><path d=\"M18.2 9.3l-6.2-6.3-6.2 6.3c-.2.2-.3.4-.3.7s.1.5.3.7c.2.2.4.3.7.3h11c.3 0 .5-.1.7-.3.2-.2.3-.5.3-.7s-.1-.5-.3-.7zM5.8 14.7l6.2 6.3 6.2-6.3c.2-.2.3-.5.3-.7s-.1-.5-.3-.7c-.2-.2-.4-.3-.7-.3h-11c-.3 0-.5.1-.7.3-.2.2-.3.5-.3.7s.1.5.3.7z\"\/><\/svg><\/span><\/span><\/span><\/a><\/span><\/div>\n<nav><ul class='ez-toc-list ez-toc-list-level-1' ><li class='ez-toc-page-1 ez-toc-heading-level-4'><a class=\"ez-toc-link ez-toc-heading-1\" href=\"https:\/\/saphirsmaragd.com\/en\/product\/saphir-0-16-karat-kaufen\/#Saphir_016_Karat_kaufen\" >Saphir 0.16 Karat kaufen<\/a><\/li><li class='ez-toc-page-1 ez-toc-heading-level-4'><a class=\"ez-toc-link ez-toc-heading-2\" href=\"https:\/\/saphirsmaragd.com\/en\/product\/saphir-0-16-karat-kaufen\/#Merkmale_Herkunft\" >Characteristics &amp; Origin<\/a><\/li><li class='ez-toc-page-1 ez-toc-heading-level-4'><a class=\"ez-toc-link ez-toc-heading-3\" href=\"https:\/\/saphirsmaragd.com\/en\/product\/saphir-0-16-karat-kaufen\/#Besonderheiten\" >Special features<\/a><\/li><li class='ez-toc-page-1 ez-toc-heading-level-4'><a class=\"ez-toc-link ez-toc-heading-4\" href=\"https:\/\/saphirsmaragd.com\/en\/product\/saphir-0-16-karat-kaufen\/#Mehr_uber_Saphire_und_ihre_Wirkung\" >More about sapphires and their effects<\/a><\/li><li class='ez-toc-page-1 ez-toc-heading-level-4'><a class=\"ez-toc-link ez-toc-heading-5\" href=\"https:\/\/saphirsmaragd.com\/en\/product\/saphir-0-16-karat-kaufen\/#Weitere_Infos\" >Further information<\/a><\/li><\/ul><\/nav><\/div>\n<h4 data-start=\"527\" data-end=\"603\"><span class=\"ez-toc-section\" id=\"Saphir_016_Karat_kaufen\"><\/span>Saphir 0.16 Karat kaufen<span class=\"ez-toc-section-end\"><\/span><\/h4>\n<p data-start=\"604\" data-end=\"724\">Ein kleiner, aber faszinierender polychromer Saphir 0.16 Karat kaufen \u2013 ideal f\u00fcr dezente Schmuckst\u00fccke oder als Sammlerst\u00fcck.<\/p>\n<hr data-start=\"726\" data-end=\"729\" \/>\n<h4 data-start=\"731\" data-end=\"759\"><span class=\"ez-toc-section\" id=\"Merkmale_Herkunft\"><\/span>Characteristics &amp; Origin<span class=\"ez-toc-section-end\"><\/span><\/h4>\n<p>Color: Colorless<br data-start=\"754\" data-end=\"757\" \/>Gewicht: 0.16 Karat<br data-start=\"772\" data-end=\"775\" \/>Shape: Oval<br data-start=\"785\" data-end=\"788\" \/>Dimensions: 382 \u00d7 298 mm<br data-start=\"824\" data-end=\"827\" \/>Origin: Tanzania<br data-start=\"845\" data-end=\"848\" \/>Purity: Flawless to the naked eye<br data-start=\"883\" data-end=\"886\" \/>Treatment: Untreated<br data-start=\"909\" data-end=\"912\" \/>Condition: New and unassembled<br data-start=\"939\" data-end=\"942\" \/>Certificate: Yes<\/p>\n<hr data-start=\"1094\" data-end=\"1097\" \/>\n<h4 data-start=\"1099\" data-end=\"1122\"><span class=\"ez-toc-section\" id=\"Besonderheiten\"><\/span>Special features<span class=\"ez-toc-section-end\"><\/span><\/h4>\n<p data-start=\"1123\" data-end=\"1459\">This oval sapphire impresses with its unusually delicate coloration in the polychrome range \u2013 light blue to colorless. Its clarity is flawless to the naked eye, and the stone has not been heated or chemically treated. Perfect for a minimalist piece of jewelry or as a highlight in a collection of the finest natural stones.<\/p>\n<hr data-start=\"1461\" data-end=\"1464\" \/>\n<h4 data-start=\"1466\" data-end=\"1509\"><span class=\"ez-toc-section\" id=\"Mehr_uber_Saphire_und_ihre_Wirkung\"><\/span>More about sapphires and their effects<span class=\"ez-toc-section-end\"><\/span><\/h4>\n<p data-start=\"1510\" data-end=\"1667\">Gemstone world \u2013 <a class=\"\" href=\"https:\/\/saphirsmaragd.com\/en\/product-category\/heilsteine-kristalle-kaufen\/\" target=\"_new\" rel=\"noopener\" data-start=\"1578\" data-end=\"1667\">discover here<\/a><\/p>\n<hr data-start=\"1669\" data-end=\"1672\" \/>\n<h4 data-start=\"1674\" data-end=\"1696\"><span class=\"ez-toc-section\" id=\"Weitere_Infos\"><\/span>Further information<span class=\"ez-toc-section-end\"><\/span><\/h4>\n<p data-start=\"1697\" data-end=\"1754\"><a class=\"\" href=\"https:\/\/de.wikipedia.org\/wiki\/Saphir\" target=\"_new\" rel=\"noopener\" data-start=\"1697\" data-end=\"1754\">Wikipedia: Sapphire<\/a><\/p>","protected":false},"excerpt":{"rendered":"<article class=\"text-token-text-primary w-full\" dir=\"auto\" data-testid=\"conversation-turn-252\" data-scroll-anchor=\"true\">\n<div class=\"text-base my-auto mx-auto py-5 [--thread-content-margin:--spacing(4)] @[37rem]:[--thread-content-margin:--spacing(6)] @[72rem]:[--thread-content-margin:--spacing(16)] px-(--thread-content-margin)\">\n<div class=\"[--thread-content-max-width:32rem] @[34rem]:[--thread-content-max-width:40rem] @[64rem]:[--thread-content-max-width:48rem] mx-auto flex max-w-(--thread-content-max-width) flex-1 text-base gap-4 md:gap-5 lg:gap-6 group\/turn-messages focus-visible:outline-hidden\" tabindex=\"-1\">\n<div class=\"group\/conversation-turn relative flex w-full min-w-0 flex-col agent-turn\">\n<div class=\"relative flex-col gap-1 md:gap-3\">\n<div class=\"flex max-w-full flex-col grow\">\n<div class=\"min-h-8 text-message relative flex w-full flex-col items-end gap-2 text-start break-words whitespace-normal [.text-message+&amp;]:mt-5\" dir=\"auto\" data-message-author-role=\"assistant\" data-message-id=\"ea692f72-249c-41ab-bf83-eed70f3370ac\" data-message-model-slug=\"gpt-4o\">\n<div class=\"flex w-full flex-col gap-1 empty:hidden first:pt-[3px]\">\n<div class=\"markdown prose dark:prose-invert w-full break-words light\">\n<p data-start=\"169\" data-end=\"360\"><em>Polychromer Saphir 0.16 Karat kaufen \u2013 Ein oval facettierter Edelstein aus Tansania mit hellblauer bis farbloser Transparenz, hoher Reinheit und unbehandelter Qualit\u00e4t. Jetzt online sichern.<\/em><\/p>\n<\/div>\n<\/div>\n<\/div>\n<\/div>\n<\/div>\n<\/div>\n<\/div>\n<\/div>\n<\/article>\n","protected":false},"featured_media":4420,"comment_status":"open","ping_status":"closed","template":"","meta":{"_glsr_average":0,"_glsr_ranking":0,"_glsr_reviews":0},"product_brand":[],"product_cat":[74],"product_tag":[],"class_list":{"0":"post-1489","1":"product","2":"type-product","3":"status-publish","4":"has-post-thumbnail","6":"product_cat-saphire-kaufen","7":"pa_edelsteinart-saphir","8":"pa_farbe-farblos","9":"pa_form-oval","10":"pa_gewicht-karat-0-1-0-5-karat","11":"pa_herkunft-tansania","12":"pa_reinheit-lupenrein","13":"pa_veredelung-behandlung-unbehandelt","14":"pa_zertifikat-ja","15":"pa_zustand-neu","17":"first","18":"instock","19":"sold-individually","20":"shipping-taxable","21":"purchasable","22":"product-type-simple","23":"add-to-wishlist-before_image"},"jetpack_sharing_enabled":true,"_links":{"self":[{"href":"https:\/\/saphirsmaragd.com\/en\/wp-json\/wp\/v2\/product\/1489","targetHints":{"allow":["GET"]}}],"collection":[{"href":"https:\/\/saphirsmaragd.com\/en\/wp-json\/wp\/v2\/product"}],"about":[{"href":"https:\/\/saphirsmaragd.com\/en\/wp-json\/wp\/v2\/types\/product"}],"replies":[{"embeddable":true,"href":"https:\/\/saphirsmaragd.com\/en\/wp-json\/wp\/v2\/comments?post=1489"}],"version-history":[{"count":6,"href":"https:\/\/saphirsmaragd.com\/en\/wp-json\/wp\/v2\/product\/1489\/revisions"}],"predecessor-version":[{"id":4421,"href":"https:\/\/saphirsmaragd.com\/en\/wp-json\/wp\/v2\/product\/1489\/revisions\/4421"}],"wp:featuredmedia":[{"embeddable":true,"href":"https:\/\/saphirsmaragd.com\/en\/wp-json\/wp\/v2\/media\/4420"}],"wp:attachment":[{"href":"https:\/\/saphirsmaragd.com\/en\/wp-json\/wp\/v2\/media?parent=1489"}],"wp:term":[{"taxonomy":"product_brand","embeddable":true,"href":"https:\/\/saphirsmaragd.com\/en\/wp-json\/wp\/v2\/product_brand?post=1489"},{"taxonomy":"product_cat","embeddable":true,"href":"https:\/\/saphirsmaragd.com\/en\/wp-json\/wp\/v2\/product_cat?post=1489"},{"taxonomy":"product_tag","embeddable":true,"href":"https:\/\/saphirsmaragd.com\/en\/wp-json\/wp\/v2\/product_tag?post=1489"}],"curies":[{"name":"wp","href":"https:\/\/api.w.org\/{rel}","templated":true}]}}