{"id":1603,"date":"2025-07-11T08:50:05","date_gmt":"2025-07-11T08:50:05","guid":{"rendered":"https:\/\/saphirsmaragd.com\/?post_type=product&#038;p=1603"},"modified":"2025-12-29T19:05:31","modified_gmt":"2025-12-29T19:05:31","slug":"saphir-0-30-karat-blaugruen-oval","status":"publish","type":"product","link":"https:\/\/saphirsmaragd.com\/en\/product\/saphir-0-30-karat-blaugruen-oval\/","title":{"rendered":"Saphir 0.30 Karat Blaugr\u00fcn Oval \u2013 Unbehandelter Edelstein aus Frankreich"},"content":{"rendered":"<div id=\"ez-toc-container\" class=\"ez-toc-v2_0_82_2 counter-hierarchy ez-toc-counter ez-toc-grey ez-toc-container-direction\">\n<div class=\"ez-toc-title-container\">\n<p class=\"ez-toc-title\" style=\"cursor:inherit\">Table of Contents<\/p>\n<span class=\"ez-toc-title-toggle\"><a href=\"#\" class=\"ez-toc-pull-right ez-toc-btn ez-toc-btn-xs ez-toc-btn-default ez-toc-toggle\" aria-label=\"Toggle Table of Content\"><span class=\"ez-toc-js-icon-con\"><span class=\"\"><span class=\"eztoc-hide\" style=\"display:none;\">Toggle<\/span><span class=\"ez-toc-icon-toggle-span\"><svg style=\"fill: #999;color:#999\" xmlns=\"http:\/\/www.w3.org\/2000\/svg\" class=\"list-377408\" width=\"20px\" height=\"20px\" viewbox=\"0 0 24 24\" fill=\"none\"><path d=\"M6 6H4v2h2V6zm14 0H8v2h12V6zM4 11h2v2H4v-2zm16 0H8v2h12v-2zM4 16h2v2H4v-2zm16 0H8v2h12v-2z\" fill=\"currentColor\"><\/path><\/svg><svg style=\"fill: #999;color:#999\" class=\"arrow-unsorted-368013\" xmlns=\"http:\/\/www.w3.org\/2000\/svg\" width=\"10px\" height=\"10px\" viewbox=\"0 0 24 24\" version=\"1.2\" baseprofile=\"tiny\"><path d=\"M18.2 9.3l-6.2-6.3-6.2 6.3c-.2.2-.3.4-.3.7s.1.5.3.7c.2.2.4.3.7.3h11c.3 0 .5-.1.7-.3.2-.2.3-.5.3-.7s-.1-.5-.3-.7zM5.8 14.7l6.2 6.3 6.2-6.3c.2-.2.3-.5.3-.7s-.1-.5-.3-.7c-.2-.2-.4-.3-.7-.3h-11c-.3 0-.5.1-.7.3-.2.2-.3.5-.3.7s.1.5.3.7z\"\/><\/svg><\/span><\/span><\/span><\/a><\/span><\/div>\n<nav><ul class='ez-toc-list ez-toc-list-level-1' ><li class='ez-toc-page-1 ez-toc-heading-level-4'><a class=\"ez-toc-link ez-toc-heading-1\" href=\"https:\/\/saphirsmaragd.com\/en\/product\/saphir-0-30-karat-blaugruen-oval\/#Saphir_030_Karat_Blaugrun_Oval\" >Saphir 0.30 Karat Blaugr\u00fcn Oval<\/a><\/li><li class='ez-toc-page-1 ez-toc-heading-level-4'><a class=\"ez-toc-link ez-toc-heading-2\" href=\"https:\/\/saphirsmaragd.com\/en\/product\/saphir-0-30-karat-blaugruen-oval\/#Merkmale_Herkunft\" >Characteristics &amp; Origin<\/a><\/li><li class='ez-toc-page-1 ez-toc-heading-level-4'><a class=\"ez-toc-link ez-toc-heading-3\" href=\"https:\/\/saphirsmaragd.com\/en\/product\/saphir-0-30-karat-blaugruen-oval\/#Besonderheiten\" >Special features<\/a><\/li><li class='ez-toc-page-1 ez-toc-heading-level-4'><a class=\"ez-toc-link ez-toc-heading-4\" href=\"https:\/\/saphirsmaragd.com\/en\/product\/saphir-0-30-karat-blaugruen-oval\/#Mehr_uber_Saphire\" >More about sapphires<\/a><\/li><li class='ez-toc-page-1 ez-toc-heading-level-4'><a class=\"ez-toc-link ez-toc-heading-5\" href=\"https:\/\/saphirsmaragd.com\/en\/product\/saphir-0-30-karat-blaugruen-oval\/#Weitere_Infos\" >Further information<\/a><\/li><\/ul><\/nav><\/div>\n<h4 data-start=\"715\" data-end=\"968\"><span class=\"ez-toc-section\" id=\"Saphir_030_Karat_Blaugrun_Oval\"><\/span>Saphir 0.30 Karat Blaugr\u00fcn Oval<span class=\"ez-toc-section-end\"><\/span><\/h4>\n<p data-start=\"731\" data-end=\"852\">Ein franz\u00f6sischer Saphir in leuchtendem Blaugr\u00fcn \u2013 ideal f\u00fcr stilvolle Schmuckst\u00fccke oder als Sammlerst\u00fcck mit Charakter.<\/p>\n<hr data-start=\"970\" data-end=\"973\" \/>\n<h4 data-start=\"975\" data-end=\"1004\"><span class=\"ez-toc-section\" id=\"Merkmale_Herkunft\"><\/span>Characteristics &amp; Origin<span class=\"ez-toc-section-end\"><\/span><\/h4>\n<p data-start=\"1005\" data-end=\"1233\">Color: Blue-green<br data-start=\"898\" data-end=\"901\" \/>Gewicht: 0.30 Karat<br data-start=\"916\" data-end=\"919\" \/>Shape: Oval<br data-start=\"929\" data-end=\"932\" \/>Ma\u00dfe: 43 \u00d7 34 mm<br data-start=\"968\" data-end=\"971\" \/>Origin: France (Auvergne)<br data-start=\"1002\" data-end=\"1005\" \/>Clarity: Very small inclusions<br data-start=\"1038\" data-end=\"1041\" \/>Treatment: Untreated<br data-start=\"1064\" data-end=\"1067\" \/>Condition: New<br data-start=\"1085\" data-end=\"1088\" \/>Certificate: Yes<\/p>\n<hr data-start=\"1235\" data-end=\"1238\" \/>\n<h4 data-start=\"1240\" data-end=\"1264\"><span class=\"ez-toc-section\" id=\"Besonderheiten\"><\/span>Special features<span class=\"ez-toc-section-end\"><\/span><\/h4>\n<p data-start=\"1265\" data-end=\"1532\">Dieser Saphir 0.30 Karat Blaugr\u00fcn-Oval stammt aus einem seltenen Vorkommen in der franz\u00f6sischen Auvergne. Seine blaugr\u00fcne Farbnuance und unbehandelte Reinheit machen ihn zu einem besonderen Einzelst\u00fcck. Optimal geeignet f\u00fcr moderne Designs mit nat\u00fcrlichem Charakter.<\/p>\n<hr data-start=\"1534\" data-end=\"1537\" \/>\n<h4 data-start=\"1539\" data-end=\"1566\"><span class=\"ez-toc-section\" id=\"Mehr_uber_Saphire\"><\/span>More about sapphires<span class=\"ez-toc-section-end\"><\/span><\/h4>\n<p data-start=\"1567\" data-end=\"1845\"><a class=\"\" href=\"https:\/\/saphirsmaragd.com\/en\/product-category\/heilsteine-kristalle-kaufen\/\" target=\"_new\" rel=\"noopener\" data-start=\"1628\" data-end=\"1737\">Healing stones &amp; crystals<\/a><\/p>\n<hr data-start=\"1847\" data-end=\"1850\" \/>\n<h4 data-start=\"1852\" data-end=\"1875\"><span class=\"ez-toc-section\" id=\"Weitere_Infos\"><\/span>Further information<span class=\"ez-toc-section-end\"><\/span><\/h4>\n<p data-start=\"1876\" data-end=\"1947\"><a class=\"\" href=\"https:\/\/de.wikipedia.org\/wiki\/Saphir\" target=\"_new\" rel=\"noopener\" data-start=\"1876\" data-end=\"1947\">More about sapphires on Wikipedia<\/a><\/p>","protected":false},"excerpt":{"rendered":"<p data-start=\"408\" data-end=\"555\"><em>Saphir 0.30 Karat Blaugr\u00fcn Oval \u2013 seltener Edelstein aus Frankreich, unbehandelt und mit nat\u00fcrlicher Farbgebung. Ideal f\u00fcr individuelle Schmuckst\u00fccke.<\/em><\/p>\n<p data-start=\"378\" data-end=\"474\">","protected":false},"featured_media":1614,"comment_status":"open","ping_status":"closed","template":"","meta":{"_glsr_average":0,"_glsr_ranking":0,"_glsr_reviews":0},"product_brand":[],"product_cat":[74],"product_tag":[],"class_list":{"0":"post-1603","1":"product","2":"type-product","3":"status-publish","4":"has-post-thumbnail","6":"product_cat-saphire-kaufen","7":"pa_edelsteinart-saphir","8":"pa_farbe-gruen","9":"pa_form-oval","10":"pa_gewicht-karat-0-1-0-5-karat","11":"pa_herkunft-frankreich","12":"pa_reinheit-sehr-kleine-einschluesse","13":"pa_veredelung-behandlung-unbehandelt","14":"pa_zertifikat-ja","15":"pa_zustand-neu","17":"first","18":"instock","19":"featured","20":"sold-individually","21":"shipping-taxable","22":"purchasable","23":"product-type-simple","24":"add-to-wishlist-before_image"},"jetpack_sharing_enabled":true,"_links":{"self":[{"href":"https:\/\/saphirsmaragd.com\/en\/wp-json\/wp\/v2\/product\/1603","targetHints":{"allow":["GET"]}}],"collection":[{"href":"https:\/\/saphirsmaragd.com\/en\/wp-json\/wp\/v2\/product"}],"about":[{"href":"https:\/\/saphirsmaragd.com\/en\/wp-json\/wp\/v2\/types\/product"}],"replies":[{"embeddable":true,"href":"https:\/\/saphirsmaragd.com\/en\/wp-json\/wp\/v2\/comments?post=1603"}],"version-history":[{"count":7,"href":"https:\/\/saphirsmaragd.com\/en\/wp-json\/wp\/v2\/product\/1603\/revisions"}],"predecessor-version":[{"id":4450,"href":"https:\/\/saphirsmaragd.com\/en\/wp-json\/wp\/v2\/product\/1603\/revisions\/4450"}],"wp:featuredmedia":[{"embeddable":true,"href":"https:\/\/saphirsmaragd.com\/en\/wp-json\/wp\/v2\/media\/1614"}],"wp:attachment":[{"href":"https:\/\/saphirsmaragd.com\/en\/wp-json\/wp\/v2\/media?parent=1603"}],"wp:term":[{"taxonomy":"product_brand","embeddable":true,"href":"https:\/\/saphirsmaragd.com\/en\/wp-json\/wp\/v2\/product_brand?post=1603"},{"taxonomy":"product_cat","embeddable":true,"href":"https:\/\/saphirsmaragd.com\/en\/wp-json\/wp\/v2\/product_cat?post=1603"},{"taxonomy":"product_tag","embeddable":true,"href":"https:\/\/saphirsmaragd.com\/en\/wp-json\/wp\/v2\/product_tag?post=1603"}],"curies":[{"name":"wp","href":"https:\/\/api.w.org\/{rel}","templated":true}]}}