{"id":1616,"date":"2025-07-11T10:27:18","date_gmt":"2025-07-11T10:27:18","guid":{"rendered":"https:\/\/saphirsmaragd.com\/?post_type=product&#038;p=1616"},"modified":"2025-12-29T19:05:31","modified_gmt":"2025-12-29T19:05:31","slug":"saphir-0-54-karat-rosa-oval","status":"publish","type":"product","link":"https:\/\/saphirsmaragd.com\/en\/product\/saphir-0-54-karat-rosa-oval\/","title":{"rendered":"Saphir 0.54 Karat Rosa Oval \u2013 Lebendiger Edelstein f\u00fcr stilvolle Schmuckst\u00fccke"},"content":{"rendered":"<div id=\"ez-toc-container\" class=\"ez-toc-v2_0_82_2 counter-hierarchy ez-toc-counter ez-toc-grey ez-toc-container-direction\">\n<div class=\"ez-toc-title-container\">\n<p class=\"ez-toc-title\" style=\"cursor:inherit\">Table of Contents<\/p>\n<span class=\"ez-toc-title-toggle\"><a href=\"#\" class=\"ez-toc-pull-right ez-toc-btn ez-toc-btn-xs ez-toc-btn-default ez-toc-toggle\" aria-label=\"Toggle Table of Content\"><span class=\"ez-toc-js-icon-con\"><span class=\"\"><span class=\"eztoc-hide\" style=\"display:none;\">Toggle<\/span><span class=\"ez-toc-icon-toggle-span\"><svg style=\"fill: #999;color:#999\" xmlns=\"http:\/\/www.w3.org\/2000\/svg\" class=\"list-377408\" width=\"20px\" height=\"20px\" viewbox=\"0 0 24 24\" fill=\"none\"><path d=\"M6 6H4v2h2V6zm14 0H8v2h12V6zM4 11h2v2H4v-2zm16 0H8v2h12v-2zM4 16h2v2H4v-2zm16 0H8v2h12v-2z\" fill=\"currentColor\"><\/path><\/svg><svg style=\"fill: #999;color:#999\" class=\"arrow-unsorted-368013\" xmlns=\"http:\/\/www.w3.org\/2000\/svg\" width=\"10px\" height=\"10px\" viewbox=\"0 0 24 24\" version=\"1.2\" baseprofile=\"tiny\"><path d=\"M18.2 9.3l-6.2-6.3-6.2 6.3c-.2.2-.3.4-.3.7s.1.5.3.7c.2.2.4.3.7.3h11c.3 0 .5-.1.7-.3.2-.2.3-.5.3-.7s-.1-.5-.3-.7zM5.8 14.7l6.2 6.3 6.2-6.3c.2-.2.3-.5.3-.7s-.1-.5-.3-.7c-.2-.2-.4-.3-.7-.3h-11c-.3 0-.5.1-.7.3-.2.2-.3.5-.3.7s.1.5.3.7z\"\/><\/svg><\/span><\/span><\/span><\/a><\/span><\/div>\n<nav><ul class='ez-toc-list ez-toc-list-level-1' ><li class='ez-toc-page-1 ez-toc-heading-level-4'><a class=\"ez-toc-link ez-toc-heading-1\" href=\"https:\/\/saphirsmaragd.com\/en\/product\/saphir-0-54-karat-rosa-oval\/#Saphir_054_Karat_Rosa_Oval\" >Saphir 0.54 Karat Rosa Oval<\/a><\/li><li class='ez-toc-page-1 ez-toc-heading-level-4'><a class=\"ez-toc-link ez-toc-heading-2\" href=\"https:\/\/saphirsmaragd.com\/en\/product\/saphir-0-54-karat-rosa-oval\/#Merkmale_Herkunft\" >Characteristics &amp; Origin<\/a><\/li><li class='ez-toc-page-1 ez-toc-heading-level-4'><a class=\"ez-toc-link ez-toc-heading-3\" href=\"https:\/\/saphirsmaragd.com\/en\/product\/saphir-0-54-karat-rosa-oval\/#Besonderheiten\" >Special features<\/a><\/li><li class='ez-toc-page-1 ez-toc-heading-level-4'><a class=\"ez-toc-link ez-toc-heading-4\" href=\"https:\/\/saphirsmaragd.com\/en\/product\/saphir-0-54-karat-rosa-oval\/#Mehr_uber_Saphire\" >More about sapphires<\/a><\/li><li class='ez-toc-page-1 ez-toc-heading-level-4'><a class=\"ez-toc-link ez-toc-heading-5\" href=\"https:\/\/saphirsmaragd.com\/en\/product\/saphir-0-54-karat-rosa-oval\/#Weitere_Infos\" >Further information<\/a><\/li><\/ul><\/nav><\/div>\n<h4 data-start=\"659\" data-end=\"877\"><span class=\"ez-toc-section\" id=\"Saphir_054_Karat_Rosa_Oval\"><\/span>Saphir 0.54 Karat Rosa Oval<span class=\"ez-toc-section-end\"><\/span><\/h4>\n<p data-start=\"659\" data-end=\"877\">An intense pink oval cut sapphire with natural luminosity.<\/p>\n<hr data-start=\"879\" data-end=\"882\" \/>\n<h4 data-start=\"884\" data-end=\"913\"><span class=\"ez-toc-section\" id=\"Merkmale_Herkunft\"><\/span>Characteristics &amp; Origin<span class=\"ez-toc-section-end\"><\/span><\/h4>\n<p data-start=\"914\" data-end=\"1155\">Color: Pink<br data-start=\"1007\" data-end=\"1010\" \/>Gewicht: 0.54 Karat<br data-start=\"1025\" data-end=\"1028\" \/>Dimensions: 60 \u00d7 40 mm<br data-start=\"1060\" data-end=\"1063\" \/>Shape: Oval<br data-start=\"1073\" data-end=\"1076\" \/>Clarity: Small inclusions (visible under 10x magnification)<br data-start=\"1165\" data-end=\"1168\" \/>Treatment: Untreated<br data-start=\"1191\" data-end=\"1194\" \/>Condition: New and unassembled<br data-start=\"1221\" data-end=\"1224\" \/>Certificate: Yes<\/p>\n<hr data-start=\"1157\" data-end=\"1160\" \/>\n<h4 data-start=\"1162\" data-end=\"1186\"><span class=\"ez-toc-section\" id=\"Besonderheiten\"><\/span>Special features<span class=\"ez-toc-section-end\"><\/span><\/h4>\n<p data-start=\"1187\" data-end=\"1459\">Der Saphir 0.54 Karat Rosa-Oval ist ein lebendiger Edelstein mit femininer Ausstrahlung. Trotz seines geringen Gewichts bietet der Stein durch seine flache Form und intensive Farbe eine gro\u00dfe optische Wirkung. Ideal f\u00fcr feine Goldfassungen und romantische Schmuckdesigns.<\/p>\n<hr data-start=\"1461\" data-end=\"1464\" \/>\n<h4 data-start=\"1466\" data-end=\"1493\"><span class=\"ez-toc-section\" id=\"Mehr_uber_Saphire\"><\/span>More about sapphires<span class=\"ez-toc-section-end\"><\/span><\/h4>\n<p data-start=\"1494\" data-end=\"1738\"><a class=\"\" href=\"https:\/\/saphirsmaragd.com\/en\/product-category\/heilsteine-kristalle-kaufen\/\" target=\"_new\" rel=\"noopener\" data-start=\"1552\" data-end=\"1661\">Healing stones &amp; crystals<\/a><\/p>\n<hr data-start=\"1740\" data-end=\"1743\" \/>\n<h4 data-start=\"1745\" data-end=\"1768\"><span class=\"ez-toc-section\" id=\"Weitere_Infos\"><\/span>Further information<span class=\"ez-toc-section-end\"><\/span><\/h4>\n<p data-start=\"1769\" data-end=\"1840\"><a class=\"\" href=\"https:\/\/de.wikipedia.org\/wiki\/Saphir\" target=\"_new\" rel=\"noopener\" data-start=\"1769\" data-end=\"1840\">More about sapphires on Wikipedia<\/a><\/p>","protected":false},"excerpt":{"rendered":"<p data-start=\"391\" data-end=\"493\"><em>Saphir 0.54 Karat Rosa Oval \u2013 lebendige Farbe, feine Einschl\u00fcsse, ideal f\u00fcr feminine Ringe oder Anh\u00e4nger.<\/em><\/p>\n<p data-start=\"378\" data-end=\"474\">","protected":false},"featured_media":1619,"comment_status":"open","ping_status":"closed","template":"","meta":{"_glsr_average":0,"_glsr_ranking":0,"_glsr_reviews":0},"product_brand":[],"product_cat":[74],"product_tag":[],"class_list":{"0":"post-1616","1":"product","2":"type-product","3":"status-publish","4":"has-post-thumbnail","6":"product_cat-saphire-kaufen","7":"pa_edelsteinart-saphir","8":"pa_farbe-rosa","9":"pa_form-oval","10":"pa_gewicht-karat-0-5-1-0-karat","11":"pa_reinheit-kleine-einschluesse","12":"pa_zertifikat-ja","13":"pa_zustand-neu","15":"first","16":"instock","17":"featured","18":"sold-individually","19":"shipping-taxable","20":"purchasable","21":"product-type-simple","22":"add-to-wishlist-before_image"},"jetpack_sharing_enabled":true,"_links":{"self":[{"href":"https:\/\/saphirsmaragd.com\/en\/wp-json\/wp\/v2\/product\/1616","targetHints":{"allow":["GET"]}}],"collection":[{"href":"https:\/\/saphirsmaragd.com\/en\/wp-json\/wp\/v2\/product"}],"about":[{"href":"https:\/\/saphirsmaragd.com\/en\/wp-json\/wp\/v2\/types\/product"}],"replies":[{"embeddable":true,"href":"https:\/\/saphirsmaragd.com\/en\/wp-json\/wp\/v2\/comments?post=1616"}],"version-history":[{"count":5,"href":"https:\/\/saphirsmaragd.com\/en\/wp-json\/wp\/v2\/product\/1616\/revisions"}],"predecessor-version":[{"id":4451,"href":"https:\/\/saphirsmaragd.com\/en\/wp-json\/wp\/v2\/product\/1616\/revisions\/4451"}],"wp:featuredmedia":[{"embeddable":true,"href":"https:\/\/saphirsmaragd.com\/en\/wp-json\/wp\/v2\/media\/1619"}],"wp:attachment":[{"href":"https:\/\/saphirsmaragd.com\/en\/wp-json\/wp\/v2\/media?parent=1616"}],"wp:term":[{"taxonomy":"product_brand","embeddable":true,"href":"https:\/\/saphirsmaragd.com\/en\/wp-json\/wp\/v2\/product_brand?post=1616"},{"taxonomy":"product_cat","embeddable":true,"href":"https:\/\/saphirsmaragd.com\/en\/wp-json\/wp\/v2\/product_cat?post=1616"},{"taxonomy":"product_tag","embeddable":true,"href":"https:\/\/saphirsmaragd.com\/en\/wp-json\/wp\/v2\/product_tag?post=1616"}],"curies":[{"name":"wp","href":"https:\/\/api.w.org\/{rel}","templated":true}]}}