{"id":1621,"date":"2025-07-11T10:32:36","date_gmt":"2025-07-11T10:32:36","guid":{"rendered":"https:\/\/saphirsmaragd.com\/?post_type=product&#038;p=1621"},"modified":"2025-12-29T19:05:30","modified_gmt":"2025-12-29T19:05:30","slug":"saphir-1-62-karat-blau-oval","status":"publish","type":"product","link":"https:\/\/saphirsmaragd.com\/en\/product\/saphir-1-62-karat-blau-oval\/","title":{"rendered":"Saphir 1.62 Karat Blau Oval \u2013 Royalblauer Edelstein mit Zertifikat"},"content":{"rendered":"<div id=\"ez-toc-container\" class=\"ez-toc-v2_0_82_2 counter-hierarchy ez-toc-counter ez-toc-grey ez-toc-container-direction\">\n<div class=\"ez-toc-title-container\">\n<p class=\"ez-toc-title\" style=\"cursor:inherit\">Table of Contents<\/p>\n<span class=\"ez-toc-title-toggle\"><a href=\"#\" class=\"ez-toc-pull-right ez-toc-btn ez-toc-btn-xs ez-toc-btn-default ez-toc-toggle\" aria-label=\"Toggle Table of Content\"><span class=\"ez-toc-js-icon-con\"><span class=\"\"><span class=\"eztoc-hide\" style=\"display:none;\">Toggle<\/span><span class=\"ez-toc-icon-toggle-span\"><svg style=\"fill: #999;color:#999\" xmlns=\"http:\/\/www.w3.org\/2000\/svg\" class=\"list-377408\" width=\"20px\" height=\"20px\" viewbox=\"0 0 24 24\" fill=\"none\"><path d=\"M6 6H4v2h2V6zm14 0H8v2h12V6zM4 11h2v2H4v-2zm16 0H8v2h12v-2zM4 16h2v2H4v-2zm16 0H8v2h12v-2z\" fill=\"currentColor\"><\/path><\/svg><svg style=\"fill: #999;color:#999\" class=\"arrow-unsorted-368013\" xmlns=\"http:\/\/www.w3.org\/2000\/svg\" width=\"10px\" height=\"10px\" viewbox=\"0 0 24 24\" version=\"1.2\" baseprofile=\"tiny\"><path d=\"M18.2 9.3l-6.2-6.3-6.2 6.3c-.2.2-.3.4-.3.7s.1.5.3.7c.2.2.4.3.7.3h11c.3 0 .5-.1.7-.3.2-.2.3-.5.3-.7s-.1-.5-.3-.7zM5.8 14.7l6.2 6.3 6.2-6.3c.2-.2.3-.5.3-.7s-.1-.5-.3-.7c-.2-.2-.4-.3-.7-.3h-11c-.3 0-.5.1-.7.3-.2.2-.3.5-.3.7s.1.5.3.7z\"\/><\/svg><\/span><\/span><\/span><\/a><\/span><\/div>\n<nav><ul class='ez-toc-list ez-toc-list-level-1' ><li class='ez-toc-page-1 ez-toc-heading-level-4'><a class=\"ez-toc-link ez-toc-heading-1\" href=\"https:\/\/saphirsmaragd.com\/en\/product\/saphir-1-62-karat-blau-oval\/#Saphir_162_Karat_Blau_Oval\" >Saphir 1.62 Karat Blau Oval<\/a><\/li><li class='ez-toc-page-1 ez-toc-heading-level-4'><a class=\"ez-toc-link ez-toc-heading-2\" href=\"https:\/\/saphirsmaragd.com\/en\/product\/saphir-1-62-karat-blau-oval\/#Merkmale_Herkunft\" >Characteristics &amp; Origin<\/a><\/li><li class='ez-toc-page-1 ez-toc-heading-level-4'><a class=\"ez-toc-link ez-toc-heading-3\" href=\"https:\/\/saphirsmaragd.com\/en\/product\/saphir-1-62-karat-blau-oval\/#Besonderheiten\" >Special features<\/a><\/li><li class='ez-toc-page-1 ez-toc-heading-level-4'><a class=\"ez-toc-link ez-toc-heading-4\" href=\"https:\/\/saphirsmaragd.com\/en\/product\/saphir-1-62-karat-blau-oval\/#Mehr_uber_Saphire\" >More about sapphires<\/a><\/li><li class='ez-toc-page-1 ez-toc-heading-level-4'><a class=\"ez-toc-link ez-toc-heading-5\" href=\"https:\/\/saphirsmaragd.com\/en\/product\/saphir-1-62-karat-blau-oval\/#Weitere_Infos\" >Further information<\/a><\/li><\/ul><\/nav><\/div>\n<h4 data-start=\"670\" data-end=\"917\"><span class=\"ez-toc-section\" id=\"Saphir_162_Karat_Blau_Oval\"><\/span>Saphir 1.62 Karat Blau Oval<span class=\"ez-toc-section-end\"><\/span><\/h4>\n<p data-start=\"670\" data-end=\"917\">Dieser nat\u00fcrliche Saphir in sattem Blau \u00fcberzeugt durch seine klare Struktur, seinen pr\u00e4zisen Ovalschliff und eine eindrucksvolle Gr\u00f6\u00dfe von 1.62 Karat.<\/p>\n<hr data-start=\"919\" data-end=\"922\" \/>\n<h4 data-start=\"924\" data-end=\"953\"><span class=\"ez-toc-section\" id=\"Merkmale_Herkunft\"><\/span>Characteristics &amp; Origin<span class=\"ez-toc-section-end\"><\/span><\/h4>\n<p data-start=\"954\" data-end=\"1146\">Color: Blue<br data-start=\"1028\" data-end=\"1031\" \/>Shape: Oval<br data-start=\"1041\" data-end=\"1044\" \/>Gewicht: 1.62 Karat<br data-start=\"1060\" data-end=\"1063\" \/>Gr\u00f6\u00dfe: ca. 8 \u00d7 6 mm<br data-start=\"1082\" data-end=\"1085\" \/>Purity: Flawless<br data-start=\"1104\" data-end=\"1107\" \/>Condition: New<br data-start=\"1190\" data-end=\"1193\" \/>Certificate: Yes, from Val\u00e9rie DURAFFOURG (Gem-A, London)<\/p>\n<hr data-start=\"1148\" data-end=\"1151\" \/>\n<h4 data-start=\"1153\" data-end=\"1177\"><span class=\"ez-toc-section\" id=\"Besonderheiten\"><\/span>Special features<span class=\"ez-toc-section-end\"><\/span><\/h4>\n<p data-start=\"1178\" data-end=\"1465\">Der Saphir 1.62 Karat Blau Oval ist ein echter Blickfang: kr\u00e4ftiges Royalblau, exzellente Klarheit und beeindruckende Gr\u00f6\u00dfe. Mit Zertifikat von Val\u00e9rie DURAFFOURG (Gem-A, London) garantiert dieser Stein h\u00f6chste Qualit\u00e4t \u2013 perfekt f\u00fcr luxuri\u00f6se Ringe, Anh\u00e4nger oder exklusive Sammlungen.<\/p>\n<hr data-start=\"1467\" data-end=\"1470\" \/>\n<h4 data-start=\"1472\" data-end=\"1499\"><span class=\"ez-toc-section\" id=\"Mehr_uber_Saphire\"><\/span>More about sapphires<span class=\"ez-toc-section-end\"><\/span><\/h4>\n<p data-start=\"1500\" data-end=\"1759\"><a class=\"\" href=\"https:\/\/saphirsmaragd.com\/en\/product-category\/heilsteine-kristalle-kaufen\/\" target=\"_new\" rel=\"noopener\" data-start=\"1554\" data-end=\"1663\">Healing stones &amp; crystals<\/a><\/p>\n<hr data-start=\"1761\" data-end=\"1764\" \/>\n<h4 data-start=\"1766\" data-end=\"1789\"><span class=\"ez-toc-section\" id=\"Weitere_Infos\"><\/span>Further information<span class=\"ez-toc-section-end\"><\/span><\/h4>\n<p data-start=\"1790\" data-end=\"1861\"><a class=\"\" href=\"https:\/\/de.wikipedia.org\/wiki\/Saphir\" target=\"_new\" rel=\"noopener\" data-start=\"1790\" data-end=\"1861\">More about sapphires on Wikipedia<\/a><\/p>","protected":false},"excerpt":{"rendered":"<p data-start=\"388\" data-end=\"516\"><em>Saphir 1.62 Karat Blau Oval \u2013 k\u00f6nigliches Blau, lupenrein, zertifiziert und in 8&#215;6 mm ovalem Schliff. Ideal f\u00fcr luxuri\u00f6sen Schmuck.<\/em><\/p>\n<p data-start=\"378\" data-end=\"474\">","protected":false},"featured_media":1624,"comment_status":"open","ping_status":"closed","template":"","meta":{"_glsr_average":0,"_glsr_ranking":0,"_glsr_reviews":0},"product_brand":[],"product_cat":[74],"product_tag":[],"class_list":{"0":"post-1621","1":"product","2":"type-product","3":"status-publish","4":"has-post-thumbnail","6":"product_cat-saphire-kaufen","7":"pa_edelsteinart-saphir","8":"pa_farbe-blau","9":"pa_form-oval","10":"pa_gewicht-karat-1-0-3-0-karat","11":"pa_reinheit-lupenrein","12":"pa_zertifikat-ja","13":"pa_zustand-neu","15":"first","16":"instock","17":"featured","18":"sold-individually","19":"shipping-taxable","20":"purchasable","21":"product-type-simple","22":"add-to-wishlist-before_image"},"jetpack_sharing_enabled":true,"_links":{"self":[{"href":"https:\/\/saphirsmaragd.com\/en\/wp-json\/wp\/v2\/product\/1621","targetHints":{"allow":["GET"]}}],"collection":[{"href":"https:\/\/saphirsmaragd.com\/en\/wp-json\/wp\/v2\/product"}],"about":[{"href":"https:\/\/saphirsmaragd.com\/en\/wp-json\/wp\/v2\/types\/product"}],"replies":[{"embeddable":true,"href":"https:\/\/saphirsmaragd.com\/en\/wp-json\/wp\/v2\/comments?post=1621"}],"version-history":[{"count":8,"href":"https:\/\/saphirsmaragd.com\/en\/wp-json\/wp\/v2\/product\/1621\/revisions"}],"predecessor-version":[{"id":4452,"href":"https:\/\/saphirsmaragd.com\/en\/wp-json\/wp\/v2\/product\/1621\/revisions\/4452"}],"wp:featuredmedia":[{"embeddable":true,"href":"https:\/\/saphirsmaragd.com\/en\/wp-json\/wp\/v2\/media\/1624"}],"wp:attachment":[{"href":"https:\/\/saphirsmaragd.com\/en\/wp-json\/wp\/v2\/media?parent=1621"}],"wp:term":[{"taxonomy":"product_brand","embeddable":true,"href":"https:\/\/saphirsmaragd.com\/en\/wp-json\/wp\/v2\/product_brand?post=1621"},{"taxonomy":"product_cat","embeddable":true,"href":"https:\/\/saphirsmaragd.com\/en\/wp-json\/wp\/v2\/product_cat?post=1621"},{"taxonomy":"product_tag","embeddable":true,"href":"https:\/\/saphirsmaragd.com\/en\/wp-json\/wp\/v2\/product_tag?post=1621"}],"curies":[{"name":"wp","href":"https:\/\/api.w.org\/{rel}","templated":true}]}}