{"id":1864,"date":"2025-07-15T13:58:56","date_gmt":"2025-07-15T13:58:56","guid":{"rendered":"https:\/\/saphirsmaragd.com\/?post_type=product&#038;p=1864"},"modified":"2025-12-29T19:03:29","modified_gmt":"2025-12-29T19:03:29","slug":"saphir-1-39-karat-oval-mitternachtsblau","status":"publish","type":"product","link":"https:\/\/saphirsmaragd.com\/en\/product\/saphir-1-39-karat-oval-mitternachtsblau\/","title":{"rendered":"Saphir 1.39 Karat Oval Mitternachtsblau \u2013 Edler nat\u00fcrlicher Stein mit Tiefe"},"content":{"rendered":"<div id=\"ez-toc-container\" class=\"ez-toc-v2_0_82_2 counter-hierarchy ez-toc-counter ez-toc-grey ez-toc-container-direction\">\n<div class=\"ez-toc-title-container\">\n<p class=\"ez-toc-title\" style=\"cursor:inherit\">Table of Contents<\/p>\n<span class=\"ez-toc-title-toggle\"><a href=\"#\" class=\"ez-toc-pull-right ez-toc-btn ez-toc-btn-xs ez-toc-btn-default ez-toc-toggle\" aria-label=\"Toggle Table of Content\"><span class=\"ez-toc-js-icon-con\"><span class=\"\"><span class=\"eztoc-hide\" style=\"display:none;\">Toggle<\/span><span class=\"ez-toc-icon-toggle-span\"><svg style=\"fill: #999;color:#999\" xmlns=\"http:\/\/www.w3.org\/2000\/svg\" class=\"list-377408\" width=\"20px\" height=\"20px\" viewbox=\"0 0 24 24\" fill=\"none\"><path d=\"M6 6H4v2h2V6zm14 0H8v2h12V6zM4 11h2v2H4v-2zm16 0H8v2h12v-2zM4 16h2v2H4v-2zm16 0H8v2h12v-2z\" fill=\"currentColor\"><\/path><\/svg><svg style=\"fill: #999;color:#999\" class=\"arrow-unsorted-368013\" xmlns=\"http:\/\/www.w3.org\/2000\/svg\" width=\"10px\" height=\"10px\" viewbox=\"0 0 24 24\" version=\"1.2\" baseprofile=\"tiny\"><path d=\"M18.2 9.3l-6.2-6.3-6.2 6.3c-.2.2-.3.4-.3.7s.1.5.3.7c.2.2.4.3.7.3h11c.3 0 .5-.1.7-.3.2-.2.3-.5.3-.7s-.1-.5-.3-.7zM5.8 14.7l6.2 6.3 6.2-6.3c.2-.2.3-.5.3-.7s-.1-.5-.3-.7c-.2-.2-.4-.3-.7-.3h-11c-.3 0-.5.1-.7.3-.2.2-.3.5-.3.7s.1.5.3.7z\"\/><\/svg><\/span><\/span><\/span><\/a><\/span><\/div>\n<nav><ul class='ez-toc-list ez-toc-list-level-1' ><li class='ez-toc-page-1 ez-toc-heading-level-4'><a class=\"ez-toc-link ez-toc-heading-1\" href=\"https:\/\/saphirsmaragd.com\/en\/product\/saphir-1-39-karat-oval-mitternachtsblau\/#Saphir_139_Karat_Oval_Mitternachtsblau\" >Saphir 1.39 Karat Oval Mitternachtsblau<\/a><\/li><li class='ez-toc-page-1 ez-toc-heading-level-4'><a class=\"ez-toc-link ez-toc-heading-2\" href=\"https:\/\/saphirsmaragd.com\/en\/product\/saphir-1-39-karat-oval-mitternachtsblau\/#Merkmale_Herkunft\" >Characteristics &amp; Origin<\/a><\/li><li class='ez-toc-page-1 ez-toc-heading-level-4'><a class=\"ez-toc-link ez-toc-heading-3\" href=\"https:\/\/saphirsmaragd.com\/en\/product\/saphir-1-39-karat-oval-mitternachtsblau\/#Besonderheiten\" >Special features<\/a><\/li><li class='ez-toc-page-1 ez-toc-heading-level-4'><a class=\"ez-toc-link ez-toc-heading-4\" href=\"https:\/\/saphirsmaragd.com\/en\/product\/saphir-1-39-karat-oval-mitternachtsblau\/#Mehr_uber_unsere_Edelsteine\" >More about our gemstones<\/a><\/li><li class='ez-toc-page-1 ez-toc-heading-level-4'><a class=\"ez-toc-link ez-toc-heading-5\" href=\"https:\/\/saphirsmaragd.com\/en\/product\/saphir-1-39-karat-oval-mitternachtsblau\/#Weitere_Infos\" >Further information<\/a><\/li><\/ul><\/nav><\/div>\n<h4 data-start=\"155\" data-end=\"230\"><span class=\"ez-toc-section\" id=\"Saphir_139_Karat_Oval_Mitternachtsblau\"><\/span>Saphir 1.39 Karat Oval Mitternachtsblau<span class=\"ez-toc-section-end\"><\/span><\/h4>\n<p data-start=\"232\" data-end=\"464\">Ein beeindruckender ovaler Saphir mit einem satten mitternachtsblauen Farbton. Mit seinem Gewicht von 1.39 Karat und seiner flachen Form eignet sich dieser Edelstein ideal f\u00fcr feine Schmuckdesigns \u2013 elegant, nat\u00fcrlich und zertifiziert.<\/p>\n<hr data-start=\"466\" data-end=\"469\" \/>\n<h4 data-start=\"471\" data-end=\"500\"><span class=\"ez-toc-section\" id=\"Merkmale_Herkunft\"><\/span>Characteristics &amp; Origin<span class=\"ez-toc-section-end\"><\/span><\/h4>\n<p data-start=\"501\" data-end=\"769\">Color: Midnight Blue<br data-start=\"524\" data-end=\"527\" \/>Dimensions: 8.4 \u00d7 7.0 \u00d7 2.7 mm<br data-start=\"551\" data-end=\"554\" \/>Shape: Oval<br data-start=\"564\" data-end=\"567\" \/>Gewicht: 1.39 Karat<br data-start=\"583\" data-end=\"586\" \/>Transparency: Translucent<br data-start=\"613\" data-end=\"616\" \/>Clarity: Very small inclusions (visible under 10x magnification)<br data-start=\"689\" data-end=\"692\" \/>Treatment: Untreated<br data-start=\"709\" data-end=\"712\" \/>Condition: New<\/p>\n<hr data-start=\"771\" data-end=\"774\" \/>\n<h4 data-start=\"776\" data-end=\"800\"><span class=\"ez-toc-section\" id=\"Besonderheiten\"><\/span>Special features<span class=\"ez-toc-section-end\"><\/span><\/h4>\n<p data-start=\"801\" data-end=\"1035\">Der Saphir 1.39 Karat Oval Mitternachtsblau ist sowohl mit blo\u00dfem Auge als auch unter der Lupe rein und weist keine nennenswerten Einschl\u00fcsse auf. Der intensive Mitternachtsblauton verleiht dem Stein eine au\u00dfergew\u00f6hnliche Tiefe \u2013 perfekt f\u00fcr edle Ringe oder Anh\u00e4nger.<\/p>\n<hr data-start=\"1037\" data-end=\"1040\" \/>\n<h4 data-start=\"1931\" data-end=\"1971\"><span class=\"ez-toc-section\" id=\"Mehr_uber_unsere_Edelsteine\"><\/span>More about our gemstones<span class=\"ez-toc-section-end\"><\/span><\/h4>\n<p data-start=\"1972\" data-end=\"2069\"><a href=\"https:\/\/saphirsmaragd.com\/en\/product-category\/edelsteine-kaufen\/\">Gemstones<\/a><\/p>\n<hr data-start=\"1260\" data-end=\"1263\" \/>\n<h4 data-start=\"1265\" data-end=\"1288\"><span class=\"ez-toc-section\" id=\"Weitere_Infos\"><\/span>Further information<span class=\"ez-toc-section-end\"><\/span><\/h4>\n<p data-start=\"1289\" data-end=\"1411\"><a class=\"\" href=\"https:\/\/de.wikipedia.org\/wiki\/Saphir\" target=\"_new\" rel=\"noopener\" data-start=\"1353\" data-end=\"1411\">Wikipedia \u2013 Sapphire<\/a><\/p>","protected":false},"excerpt":{"rendered":"<p data-start=\"420\" data-end=\"572\"><em>Eleganter Saphir 1.39 Karat Oval Mitternachtsblau \u2013 unbehandelt, mit satter Farbe und hoher Reinheit. Ideal f\u00fcr hochwertige Schmuckst\u00fccke. Jetzt entdecken!<\/em><\/p>","protected":false},"featured_media":1867,"comment_status":"open","ping_status":"closed","template":"","meta":{"_glsr_average":0,"_glsr_ranking":0,"_glsr_reviews":0},"product_brand":[],"product_cat":[74],"product_tag":[],"class_list":{"0":"post-1864","1":"product","2":"type-product","3":"status-publish","4":"has-post-thumbnail","6":"product_cat-saphire-kaufen","7":"pa_edelsteinart-saphir","8":"pa_farbe-blau","9":"pa_form-oval","10":"pa_gewicht-karat-1-0-3-0-karat","11":"pa_reinheit-sehr-kleine-einschluesse","12":"pa_veredelung-behandlung-unbehandelt","13":"pa_zertifikat-ja","14":"pa_zustand-neu","16":"first","17":"instock","18":"sold-individually","19":"shipping-taxable","20":"purchasable","21":"product-type-simple","22":"add-to-wishlist-before_image"},"jetpack_sharing_enabled":true,"_links":{"self":[{"href":"https:\/\/saphirsmaragd.com\/en\/wp-json\/wp\/v2\/product\/1864","targetHints":{"allow":["GET"]}}],"collection":[{"href":"https:\/\/saphirsmaragd.com\/en\/wp-json\/wp\/v2\/product"}],"about":[{"href":"https:\/\/saphirsmaragd.com\/en\/wp-json\/wp\/v2\/types\/product"}],"replies":[{"embeddable":true,"href":"https:\/\/saphirsmaragd.com\/en\/wp-json\/wp\/v2\/comments?post=1864"}],"version-history":[{"count":3,"href":"https:\/\/saphirsmaragd.com\/en\/wp-json\/wp\/v2\/product\/1864\/revisions"}],"predecessor-version":[{"id":4479,"href":"https:\/\/saphirsmaragd.com\/en\/wp-json\/wp\/v2\/product\/1864\/revisions\/4479"}],"wp:featuredmedia":[{"embeddable":true,"href":"https:\/\/saphirsmaragd.com\/en\/wp-json\/wp\/v2\/media\/1867"}],"wp:attachment":[{"href":"https:\/\/saphirsmaragd.com\/en\/wp-json\/wp\/v2\/media?parent=1864"}],"wp:term":[{"taxonomy":"product_brand","embeddable":true,"href":"https:\/\/saphirsmaragd.com\/en\/wp-json\/wp\/v2\/product_brand?post=1864"},{"taxonomy":"product_cat","embeddable":true,"href":"https:\/\/saphirsmaragd.com\/en\/wp-json\/wp\/v2\/product_cat?post=1864"},{"taxonomy":"product_tag","embeddable":true,"href":"https:\/\/saphirsmaragd.com\/en\/wp-json\/wp\/v2\/product_tag?post=1864"}],"curies":[{"name":"wp","href":"https:\/\/api.w.org\/{rel}","templated":true}]}}