{"id":2502,"date":"2025-10-11T18:43:01","date_gmt":"2025-10-11T18:43:01","guid":{"rendered":"https:\/\/saphirsmaragd.com\/?post_type=product&#038;p=2502"},"modified":"2025-12-29T19:02:19","modified_gmt":"2025-12-29T19:02:19","slug":"granat-8-07-karat-orange-oval","status":"publish","type":"product","link":"https:\/\/saphirsmaragd.com\/en\/product\/granat-8-07-karat-orange-oval\/","title":{"rendered":"Garnet 8.07 carat Orange Oval \u2013 Certified Fanta Spessartine with intense color"},"content":{"rendered":"<div id=\"ez-toc-container\" class=\"ez-toc-v2_0_82_2 counter-hierarchy ez-toc-counter ez-toc-grey ez-toc-container-direction\">\n<div class=\"ez-toc-title-container\">\n<p class=\"ez-toc-title\" style=\"cursor:inherit\">Table of Contents<\/p>\n<span class=\"ez-toc-title-toggle\"><a href=\"#\" class=\"ez-toc-pull-right ez-toc-btn ez-toc-btn-xs ez-toc-btn-default ez-toc-toggle\" aria-label=\"Toggle Table of Content\"><span class=\"ez-toc-js-icon-con\"><span class=\"\"><span class=\"eztoc-hide\" style=\"display:none;\">Toggle<\/span><span class=\"ez-toc-icon-toggle-span\"><svg style=\"fill: #999;color:#999\" xmlns=\"http:\/\/www.w3.org\/2000\/svg\" class=\"list-377408\" width=\"20px\" height=\"20px\" viewbox=\"0 0 24 24\" fill=\"none\"><path d=\"M6 6H4v2h2V6zm14 0H8v2h12V6zM4 11h2v2H4v-2zm16 0H8v2h12v-2zM4 16h2v2H4v-2zm16 0H8v2h12v-2z\" fill=\"currentColor\"><\/path><\/svg><svg style=\"fill: #999;color:#999\" class=\"arrow-unsorted-368013\" xmlns=\"http:\/\/www.w3.org\/2000\/svg\" width=\"10px\" height=\"10px\" viewbox=\"0 0 24 24\" version=\"1.2\" baseprofile=\"tiny\"><path d=\"M18.2 9.3l-6.2-6.3-6.2 6.3c-.2.2-.3.4-.3.7s.1.5.3.7c.2.2.4.3.7.3h11c.3 0 .5-.1.7-.3.2-.2.3-.5.3-.7s-.1-.5-.3-.7zM5.8 14.7l6.2 6.3 6.2-6.3c.2-.2.3-.5.3-.7s-.1-.5-.3-.7c-.2-.2-.4-.3-.7-.3h-11c-.3 0-.5.1-.7.3-.2.2-.3.5-.3.7s.1.5.3.7z\"\/><\/svg><\/span><\/span><\/span><\/a><\/span><\/div>\n<nav><ul class='ez-toc-list ez-toc-list-level-1' ><li class='ez-toc-page-1 ez-toc-heading-level-4'><a class=\"ez-toc-link ez-toc-heading-1\" href=\"https:\/\/saphirsmaragd.com\/en\/product\/granat-8-07-karat-orange-oval\/#Granat_807_Karat_Orange_Oval_mit_beeindruckender_Farbe_und_Zertifizierung\" >Granat 8.07 Karat Orange Oval mit beeindruckender Farbe und Zertifizierung<\/a><\/li><li class='ez-toc-page-1 ez-toc-heading-level-4'><a class=\"ez-toc-link ez-toc-heading-2\" href=\"https:\/\/saphirsmaragd.com\/en\/product\/granat-8-07-karat-orange-oval\/#Merkmale_Herkunft\" >Characteristics &amp; Origin<\/a><\/li><li class='ez-toc-page-1 ez-toc-heading-level-4'><a class=\"ez-toc-link ez-toc-heading-3\" href=\"https:\/\/saphirsmaragd.com\/en\/product\/granat-8-07-karat-orange-oval\/#Besonderheiten\" >Special features<\/a><\/li><li class='ez-toc-page-1 ez-toc-heading-level-4'><a class=\"ez-toc-link ez-toc-heading-4\" href=\"https:\/\/saphirsmaragd.com\/en\/product\/granat-8-07-karat-orange-oval\/#Mehr_uber_unsere_Edelsteine\" >More about our gemstones<\/a><\/li><li class='ez-toc-page-1 ez-toc-heading-level-4'><a class=\"ez-toc-link ez-toc-heading-5\" href=\"https:\/\/saphirsmaragd.com\/en\/product\/granat-8-07-karat-orange-oval\/#Weitere_Infos\" >Further information<\/a><\/li><\/ul><\/nav><\/div>\n<h4 data-start=\"1272\" data-end=\"1347\"><span class=\"ez-toc-section\" id=\"Granat_807_Karat_Orange_Oval_mit_beeindruckender_Farbe_und_Zertifizierung\"><\/span>Granat 8.07 Karat Orange Oval mit beeindruckender Farbe und Zertifizierung<span class=\"ez-toc-section-end\"><\/span><\/h4>\n<p data-start=\"1349\" data-end=\"1745\">Dieser au\u00dfergew\u00f6hnliche Fanta-Spessartin besticht durch seine intensive orangefarbene Leuchtkraft und einen pr\u00e4zisen Ovalschliff. Trotz der sichtbaren Einschl\u00fcsse bleibt die Transparenz erhalten und verleiht dem Edelstein ein authentisches, charakterstarkes Erscheinungsbild. Mit \u00fcber 8 Karat eignet sich dieser Stein sowohl f\u00fcr exklusive Schmuckanfertigungen als auch f\u00fcr anspruchsvolle Sammler.<\/p>\n<hr data-start=\"1747\" data-end=\"1750\" \/>\n<h4 data-start=\"1752\" data-end=\"1776\"><span class=\"ez-toc-section\" id=\"Merkmale_Herkunft\"><\/span>Characteristics &amp; Origin<span class=\"ez-toc-section-end\"><\/span><\/h4>\n<p data-start=\"1778\" data-end=\"2094\">Steinart: Granat (Variet\u00e4t Fanta \/ Spessartin)<br data-start=\"706\" data-end=\"709\" \/>Farbe: Orange<br data-start=\"722\" data-end=\"725\" \/>Shape: Oval<br data-start=\"735\" data-end=\"738\" \/>Gewicht: 8.07 Karat<br data-start=\"757\" data-end=\"760\" \/>Abmessungen: ca. 12.40 \u00d7 10.7 mm<br data-start=\"792\" data-end=\"795\" \/>Dicke: 6.38 mm<br data-start=\"809\" data-end=\"812\" data-is-only-node=\"\" \/>Clarity: Clear inclusions<br data-start=\"843\" data-end=\"846\" \/>H\u00e4rte: 6.5 auf der Mohs-Skala<br data-start=\"875\" data-end=\"878\" \/>Finishing \/ Treatment: Untreated<br data-start=\"914\" data-end=\"917\" \/>Certificate: Val\u00e9rie Duraffourg (Gem-A, London)<br data-start=\"963\" data-end=\"966\" \/>Condition: New<\/p>\n<hr data-start=\"2096\" data-end=\"2099\" \/>\n<h4 data-start=\"2101\" data-end=\"2120\"><span class=\"ez-toc-section\" id=\"Besonderheiten\"><\/span>Special features<span class=\"ez-toc-section-end\"><\/span><\/h4>\n<p data-start=\"2122\" data-end=\"2419\">Dieser Stein geh\u00f6rt zur seltenen Variet\u00e4t Fanta-Spessartin und zeigt ein intensives, leuchtendes Orange mit nat\u00fcrlichem Glanz. Die Gr\u00f6\u00dfe von \u00fcber 8 Karat in Kombination mit einem offiziellen Zertifikat macht ihn zu einem raren Sammlerstein und einer exklusiven Basis f\u00fcr hochwertige Schmuckst\u00fccke.<\/p>\n<hr data-start=\"1926\" data-end=\"1929\" \/>\n<h4 data-start=\"1931\" data-end=\"1971\"><span class=\"ez-toc-section\" id=\"Mehr_uber_unsere_Edelsteine\"><\/span>More about our gemstones<span class=\"ez-toc-section-end\"><\/span><\/h4>\n<p data-start=\"1972\" data-end=\"2069\"><a href=\"https:\/\/saphirsmaragd.com\/en\/product-category\/edelsteine-kaufen\/\">Gemstones<\/a><\/p>\n<hr data-start=\"2071\" data-end=\"2074\" \/>\n<h4 data-start=\"2076\" data-end=\"2096\"><span class=\"ez-toc-section\" id=\"Weitere_Infos\"><\/span>Further information<span class=\"ez-toc-section-end\"><\/span><\/h4>\n<p data-start=\"2097\" data-end=\"2160\"><a class=\"decorated-link cursor-pointer\" href=\"https:\/\/de.wikipedia.org\/wiki\/Granat\" target=\"_new\" rel=\"noopener\" data-start=\"2097\" data-end=\"2160\">Wikipedia: Garnet<\/a><\/p>","protected":false},"excerpt":{"rendered":"<p data-start=\"610\" data-end=\"777\"><em>Granat 8.07 Karat Orange Oval \u2013 nat\u00fcrlicher Fanta-Spessartin mit leuchtender Farbe und Zertifikat von Val\u00e9rie Duraffourg. Ideal f\u00fcr Sammler oder Schmuckanfertigungen.<\/em><\/p>\n<p data-start=\"575\" data-end=\"606\">","protected":false},"featured_media":2506,"comment_status":"open","ping_status":"closed","template":"","meta":{"_glsr_average":0,"_glsr_ranking":0,"_glsr_reviews":0},"product_brand":[],"product_cat":[111],"product_tag":[],"class_list":{"0":"post-2502","1":"product","2":"type-product","3":"status-publish","4":"has-post-thumbnail","6":"product_cat-granat-kaufen","7":"pa_edelsteinart-granat","8":"pa_farbe-orange","9":"pa_form-oval","10":"pa_gewicht-karat-5-0-10-karat","11":"pa_reinheit-deutliche-einschluesse","12":"pa_veredelung-behandlung-unbehandelt","13":"pa_zertifikat-ja","14":"pa_zustand-neu","16":"first","17":"instock","18":"featured","19":"sold-individually","20":"shipping-taxable","21":"purchasable","22":"product-type-simple","23":"add-to-wishlist-before_image"},"jetpack_sharing_enabled":true,"_links":{"self":[{"href":"https:\/\/saphirsmaragd.com\/en\/wp-json\/wp\/v2\/product\/2502","targetHints":{"allow":["GET"]}}],"collection":[{"href":"https:\/\/saphirsmaragd.com\/en\/wp-json\/wp\/v2\/product"}],"about":[{"href":"https:\/\/saphirsmaragd.com\/en\/wp-json\/wp\/v2\/types\/product"}],"replies":[{"embeddable":true,"href":"https:\/\/saphirsmaragd.com\/en\/wp-json\/wp\/v2\/comments?post=2502"}],"version-history":[{"count":2,"href":"https:\/\/saphirsmaragd.com\/en\/wp-json\/wp\/v2\/product\/2502\/revisions"}],"predecessor-version":[{"id":2515,"href":"https:\/\/saphirsmaragd.com\/en\/wp-json\/wp\/v2\/product\/2502\/revisions\/2515"}],"wp:featuredmedia":[{"embeddable":true,"href":"https:\/\/saphirsmaragd.com\/en\/wp-json\/wp\/v2\/media\/2506"}],"wp:attachment":[{"href":"https:\/\/saphirsmaragd.com\/en\/wp-json\/wp\/v2\/media?parent=2502"}],"wp:term":[{"taxonomy":"product_brand","embeddable":true,"href":"https:\/\/saphirsmaragd.com\/en\/wp-json\/wp\/v2\/product_brand?post=2502"},{"taxonomy":"product_cat","embeddable":true,"href":"https:\/\/saphirsmaragd.com\/en\/wp-json\/wp\/v2\/product_cat?post=2502"},{"taxonomy":"product_tag","embeddable":true,"href":"https:\/\/saphirsmaragd.com\/en\/wp-json\/wp\/v2\/product_tag?post=2502"}],"curies":[{"name":"wp","href":"https:\/\/api.w.org\/{rel}","templated":true}]}}