{"id":2675,"date":"2025-10-12T12:09:41","date_gmt":"2025-10-12T12:09:41","guid":{"rendered":"https:\/\/saphirsmaragd.com\/?post_type=product&#038;p=2675"},"modified":"2025-12-29T19:00:23","modified_gmt":"2025-12-29T19:00:23","slug":"granat-2-55-karat-rot-tropfen","status":"publish","type":"product","link":"https:\/\/saphirsmaragd.com\/en\/product\/granat-2-55-karat-rot-tropfen\/","title":{"rendered":"Garnet 2.55 carat red drop \u2013 Almandine with certificate and strong color"},"content":{"rendered":"<div id=\"ez-toc-container\" class=\"ez-toc-v2_0_82_2 counter-hierarchy ez-toc-counter ez-toc-grey ez-toc-container-direction\">\n<div class=\"ez-toc-title-container\">\n<p class=\"ez-toc-title\" style=\"cursor:inherit\">Table of Contents<\/p>\n<span class=\"ez-toc-title-toggle\"><a href=\"#\" class=\"ez-toc-pull-right ez-toc-btn ez-toc-btn-xs ez-toc-btn-default ez-toc-toggle\" aria-label=\"Toggle Table of Content\"><span class=\"ez-toc-js-icon-con\"><span class=\"\"><span class=\"eztoc-hide\" style=\"display:none;\">Toggle<\/span><span class=\"ez-toc-icon-toggle-span\"><svg style=\"fill: #999;color:#999\" xmlns=\"http:\/\/www.w3.org\/2000\/svg\" class=\"list-377408\" width=\"20px\" height=\"20px\" viewbox=\"0 0 24 24\" fill=\"none\"><path d=\"M6 6H4v2h2V6zm14 0H8v2h12V6zM4 11h2v2H4v-2zm16 0H8v2h12v-2zM4 16h2v2H4v-2zm16 0H8v2h12v-2z\" fill=\"currentColor\"><\/path><\/svg><svg style=\"fill: #999;color:#999\" class=\"arrow-unsorted-368013\" xmlns=\"http:\/\/www.w3.org\/2000\/svg\" width=\"10px\" height=\"10px\" viewbox=\"0 0 24 24\" version=\"1.2\" baseprofile=\"tiny\"><path d=\"M18.2 9.3l-6.2-6.3-6.2 6.3c-.2.2-.3.4-.3.7s.1.5.3.7c.2.2.4.3.7.3h11c.3 0 .5-.1.7-.3.2-.2.3-.5.3-.7s-.1-.5-.3-.7zM5.8 14.7l6.2 6.3 6.2-6.3c.2-.2.3-.5.3-.7s-.1-.5-.3-.7c-.2-.2-.4-.3-.7-.3h-11c-.3 0-.5.1-.7.3-.2.2-.3.5-.3.7s.1.5.3.7z\"\/><\/svg><\/span><\/span><\/span><\/a><\/span><\/div>\n<nav><ul class='ez-toc-list ez-toc-list-level-1' ><li class='ez-toc-page-1 ez-toc-heading-level-4'><a class=\"ez-toc-link ez-toc-heading-1\" href=\"https:\/\/saphirsmaragd.com\/en\/product\/granat-2-55-karat-rot-tropfen\/#Granat_255_Karat_Rot_Tropfen_%E2%80%93_leuchtender_Naturstein_in_klassischer_Form\" >Granat 2.55 Karat Rot Tropfen \u2013 leuchtender Naturstein in klassischer Form<\/a><\/li><li class='ez-toc-page-1 ez-toc-heading-level-4'><a class=\"ez-toc-link ez-toc-heading-2\" href=\"https:\/\/saphirsmaragd.com\/en\/product\/granat-2-55-karat-rot-tropfen\/#Merkmale_Herkunft\" >Characteristics &amp; Origin<\/a><\/li><li class='ez-toc-page-1 ez-toc-heading-level-4'><a class=\"ez-toc-link ez-toc-heading-3\" href=\"https:\/\/saphirsmaragd.com\/en\/product\/granat-2-55-karat-rot-tropfen\/#Besonderheiten\" >Special features<\/a><\/li><li class='ez-toc-page-1 ez-toc-heading-level-4'><a class=\"ez-toc-link ez-toc-heading-4\" href=\"https:\/\/saphirsmaragd.com\/en\/product\/granat-2-55-karat-rot-tropfen\/#Mehr_uber_unsere_Edelsteine\" >More about our gemstones<\/a><\/li><li class='ez-toc-page-1 ez-toc-heading-level-4'><a class=\"ez-toc-link ez-toc-heading-5\" href=\"https:\/\/saphirsmaragd.com\/en\/product\/granat-2-55-karat-rot-tropfen\/#Weitere_Infos\" >Further information<\/a><\/li><\/ul><\/nav><\/div>\n<h4 data-start=\"801\" data-end=\"1092\"><span class=\"ez-toc-section\" id=\"Granat_255_Karat_Rot_Tropfen_%E2%80%93_leuchtender_Naturstein_in_klassischer_Form\"><\/span>Granat 2.55 Karat Rot Tropfen \u2013 leuchtender Naturstein in klassischer Form<span class=\"ez-toc-section-end\"><\/span><\/h4>\n<p data-start=\"801\" data-end=\"1092\">Dieser Almandin liefert ein klares, helles Rot mit sch\u00f6nem Funkeln und einer tragbaren Tropfenform. Granat 2.55 Karat Rot Tropfen ist augenrein und ideal f\u00fcr elegante Solit\u00e4rringe, Anh\u00e4nger oder Ohrschmuck.<\/p>\n<hr data-start=\"1094\" data-end=\"1097\" \/>\n<h4 data-start=\"1099\" data-end=\"1123\"><span class=\"ez-toc-section\" id=\"Merkmale_Herkunft\"><\/span>Characteristics &amp; Origin<span class=\"ez-toc-section-end\"><\/span><\/h4>\n<p data-start=\"1125\" data-end=\"1414\">Stone type: Garnet (Almandine)<br data-start=\"1152\" data-end=\"1155\" \/>Color: Red<br data-start=\"1165\" data-end=\"1168\" \/>Form: Tropfen (Pear), facettiert<br data-start=\"1200\" data-end=\"1203\" \/>Gewicht: 2.55 Karat<br data-start=\"1222\" data-end=\"1225\" \/>Gr\u00f6\u00dfe: 9.8 \u00d7 7.3 \u00d7 5.3 mm<br data-start=\"1250\" data-end=\"1253\" \/>H\u00e4rte: 6.5 auf der Mohs-Skala<br data-start=\"1282\" data-end=\"1285\" \/>Purity: Eye clean<br data-start=\"1304\" data-end=\"1307\" \/>Treatment: Untreated<br data-start=\"1330\" data-end=\"1333\" \/>Certificate: Val\u00e9rie DURAFFOURG (Gem-A)<br data-start=\"1371\" data-end=\"1374\" \/>Condition: New<\/p>\n<hr data-start=\"1416\" data-end=\"1419\" \/>\n<h4 data-start=\"1421\" data-end=\"1440\"><span class=\"ez-toc-section\" id=\"Besonderheiten\"><\/span>Special features<span class=\"ez-toc-section-end\"><\/span><\/h4>\n<p data-start=\"1442\" data-end=\"1605\">Ausgewogene Proportionen f\u00fcr vielseitige Fassungen (Krappen, Zarge, K\u00f6rner). Das lebendige Rot und die gute Transparenz machen ihn zum attraktiven Statement-Stein.<\/p>\n<hr data-start=\"1926\" data-end=\"1929\" \/>\n<h4 data-start=\"1931\" data-end=\"1971\"><span class=\"ez-toc-section\" id=\"Mehr_uber_unsere_Edelsteine\"><\/span>More about our gemstones<span class=\"ez-toc-section-end\"><\/span><\/h4>\n<p data-start=\"1972\" data-end=\"2069\"><a href=\"https:\/\/saphirsmaragd.com\/en\/product-category\/edelsteine-kaufen\/\">Gemstones<\/a><\/p>\n<hr data-start=\"2071\" data-end=\"2074\" \/>\n<h4 data-start=\"2076\" data-end=\"2096\"><span class=\"ez-toc-section\" id=\"Weitere_Infos\"><\/span>Further information<span class=\"ez-toc-section-end\"><\/span><\/h4>\n<p data-start=\"2097\" data-end=\"2160\"><a class=\"decorated-link cursor-pointer\" href=\"https:\/\/de.wikipedia.org\/wiki\/Granat\" target=\"_new\" rel=\"noopener\" data-start=\"2097\" data-end=\"2160\">Wikipedia: Garnet<\/a><\/p>","protected":false},"excerpt":{"rendered":"<p data-start=\"541\" data-end=\"708\"><em>Granat 2.55 Karat Rot Tropfen \u2013 nat\u00fcrlicher Almandin mit Zertifikat, sattem Rot und facettiertem Tropfenschliff (9.8 \u00d7 7.3 \u00d7 5.3 mm). Perfekt f\u00fcr Ringe &amp; Anh\u00e4nger.<\/em><\/p>\n<h3 data-start=\"710\" data-end=\"734\"><\/h3>\n<p data-start=\"575\" data-end=\"606\">","protected":false},"featured_media":2678,"comment_status":"open","ping_status":"closed","template":"","meta":{"_glsr_average":0,"_glsr_ranking":0,"_glsr_reviews":0},"product_brand":[],"product_cat":[111],"product_tag":[],"class_list":{"0":"post-2675","1":"product","2":"type-product","3":"status-publish","4":"has-post-thumbnail","6":"product_cat-granat-kaufen","7":"pa_edelsteinart-granat","8":"pa_farbe-rot","9":"pa_form-tropfen","10":"pa_gewicht-karat-1-0-3-0-karat","11":"pa_reinheit-augenrein","12":"pa_veredelung-behandlung-unbehandelt","13":"pa_zertifikat-ja","14":"pa_zustand-neu","16":"first","17":"instock","18":"featured","19":"sold-individually","20":"shipping-taxable","21":"purchasable","22":"product-type-simple","23":"add-to-wishlist-before_image"},"jetpack_sharing_enabled":true,"_links":{"self":[{"href":"https:\/\/saphirsmaragd.com\/en\/wp-json\/wp\/v2\/product\/2675","targetHints":{"allow":["GET"]}}],"collection":[{"href":"https:\/\/saphirsmaragd.com\/en\/wp-json\/wp\/v2\/product"}],"about":[{"href":"https:\/\/saphirsmaragd.com\/en\/wp-json\/wp\/v2\/types\/product"}],"replies":[{"embeddable":true,"href":"https:\/\/saphirsmaragd.com\/en\/wp-json\/wp\/v2\/comments?post=2675"}],"version-history":[{"count":1,"href":"https:\/\/saphirsmaragd.com\/en\/wp-json\/wp\/v2\/product\/2675\/revisions"}],"predecessor-version":[{"id":2679,"href":"https:\/\/saphirsmaragd.com\/en\/wp-json\/wp\/v2\/product\/2675\/revisions\/2679"}],"wp:featuredmedia":[{"embeddable":true,"href":"https:\/\/saphirsmaragd.com\/en\/wp-json\/wp\/v2\/media\/2678"}],"wp:attachment":[{"href":"https:\/\/saphirsmaragd.com\/en\/wp-json\/wp\/v2\/media?parent=2675"}],"wp:term":[{"taxonomy":"product_brand","embeddable":true,"href":"https:\/\/saphirsmaragd.com\/en\/wp-json\/wp\/v2\/product_brand?post=2675"},{"taxonomy":"product_cat","embeddable":true,"href":"https:\/\/saphirsmaragd.com\/en\/wp-json\/wp\/v2\/product_cat?post=2675"},{"taxonomy":"product_tag","embeddable":true,"href":"https:\/\/saphirsmaragd.com\/en\/wp-json\/wp\/v2\/product_tag?post=2675"}],"curies":[{"name":"wp","href":"https:\/\/api.w.org\/{rel}","templated":true}]}}