{"id":2911,"date":"2025-10-13T09:14:34","date_gmt":"2025-10-13T09:14:34","guid":{"rendered":"https:\/\/saphirsmaragd.com\/?post_type=product&#038;p=2911"},"modified":"2025-12-29T18:59:31","modified_gmt":"2025-12-29T18:59:31","slug":"iolith-2-20-karat-blau-violett-tropfen","status":"publish","type":"product","link":"https:\/\/saphirsmaragd.com\/en\/product\/iolith-2-20-karat-blau-violett-tropfen\/","title":{"rendered":"Iolite 2.20 carat blue-violet drop \u2013 faceted, natural &amp; certified"},"content":{"rendered":"<div id=\"ez-toc-container\" class=\"ez-toc-v2_0_82_2 counter-hierarchy ez-toc-counter ez-toc-grey ez-toc-container-direction\">\n<div class=\"ez-toc-title-container\">\n<p class=\"ez-toc-title\" style=\"cursor:inherit\">Table of Contents<\/p>\n<span class=\"ez-toc-title-toggle\"><a href=\"#\" class=\"ez-toc-pull-right ez-toc-btn ez-toc-btn-xs ez-toc-btn-default ez-toc-toggle\" aria-label=\"Toggle Table of Content\"><span class=\"ez-toc-js-icon-con\"><span class=\"\"><span class=\"eztoc-hide\" style=\"display:none;\">Toggle<\/span><span class=\"ez-toc-icon-toggle-span\"><svg style=\"fill: #999;color:#999\" xmlns=\"http:\/\/www.w3.org\/2000\/svg\" class=\"list-377408\" width=\"20px\" height=\"20px\" viewbox=\"0 0 24 24\" fill=\"none\"><path d=\"M6 6H4v2h2V6zm14 0H8v2h12V6zM4 11h2v2H4v-2zm16 0H8v2h12v-2zM4 16h2v2H4v-2zm16 0H8v2h12v-2z\" fill=\"currentColor\"><\/path><\/svg><svg style=\"fill: #999;color:#999\" class=\"arrow-unsorted-368013\" xmlns=\"http:\/\/www.w3.org\/2000\/svg\" width=\"10px\" height=\"10px\" viewbox=\"0 0 24 24\" version=\"1.2\" baseprofile=\"tiny\"><path d=\"M18.2 9.3l-6.2-6.3-6.2 6.3c-.2.2-.3.4-.3.7s.1.5.3.7c.2.2.4.3.7.3h11c.3 0 .5-.1.7-.3.2-.2.3-.5.3-.7s-.1-.5-.3-.7zM5.8 14.7l6.2 6.3 6.2-6.3c.2-.2.3-.5.3-.7s-.1-.5-.3-.7c-.2-.2-.4-.3-.7-.3h-11c-.3 0-.5.1-.7.3-.2.2-.3.5-.3.7s.1.5.3.7z\"\/><\/svg><\/span><\/span><\/span><\/a><\/span><\/div>\n<nav><ul class='ez-toc-list ez-toc-list-level-1' ><li class='ez-toc-page-1 ez-toc-heading-level-4'><a class=\"ez-toc-link ez-toc-heading-1\" href=\"https:\/\/saphirsmaragd.com\/en\/product\/iolith-2-20-karat-blau-violett-tropfen\/#Iolith_220_Karat_Blau-Violett_Tropfen_%E2%80%93_facettiert_naturlich_zertifiziert\" >Iolith 2.20 Karat Blau-Violett Tropfen \u2013 facettiert, nat\u00fcrlich &amp; zertifiziert<\/a><\/li><li class='ez-toc-page-1 ez-toc-heading-level-4'><a class=\"ez-toc-link ez-toc-heading-2\" href=\"https:\/\/saphirsmaragd.com\/en\/product\/iolith-2-20-karat-blau-violett-tropfen\/#Merkmale_Herkunft\" >Characteristics &amp; Origin<\/a><\/li><li class='ez-toc-page-1 ez-toc-heading-level-4'><a class=\"ez-toc-link ez-toc-heading-3\" href=\"https:\/\/saphirsmaragd.com\/en\/product\/iolith-2-20-karat-blau-violett-tropfen\/#Besonderheiten\" >Special features<\/a><\/li><li class='ez-toc-page-1 ez-toc-heading-level-4'><a class=\"ez-toc-link ez-toc-heading-4\" href=\"https:\/\/saphirsmaragd.com\/en\/product\/iolith-2-20-karat-blau-violett-tropfen\/#Mehr_uber_unsere_Edelsteine\" >More about our gemstones<\/a><\/li><li class='ez-toc-page-1 ez-toc-heading-level-4'><a class=\"ez-toc-link ez-toc-heading-5\" href=\"https:\/\/saphirsmaragd.com\/en\/product\/iolith-2-20-karat-blau-violett-tropfen\/#Weitere_Infos\" >Further information<\/a><\/li><\/ul><\/nav><\/div>\n<h4 data-start=\"787\" data-end=\"869\"><span class=\"ez-toc-section\" id=\"Iolith_220_Karat_Blau-Violett_Tropfen_%E2%80%93_facettiert_naturlich_zertifiziert\"><\/span>Iolith 2.20 Karat Blau-Violett Tropfen \u2013 facettiert, nat\u00fcrlich &amp; zertifiziert<span class=\"ez-toc-section-end\"><\/span><\/h4>\n<p data-start=\"870\" data-end=\"1167\">Ein eleganter, tropfenf\u00f6rmig facettierter Iolith (Cordierit) mit charakteristischem Blau-Violett und lebendigem Dichroismus. Die klare, nat\u00fcrliche Qualit\u00e4t und der pr\u00e4zise Schliff liefern sch\u00f6ne Brillanz \u2013 ideal f\u00fcr feine Ringe oder Anh\u00e4nger. Unbehandelt und mit unabh\u00e4ngigem Zertifikat geliefert.<\/p>\n<hr data-start=\"1169\" data-end=\"1172\" \/>\n<h4 data-start=\"1174\" data-end=\"1198\"><span class=\"ez-toc-section\" id=\"Merkmale_Herkunft\"><\/span>Characteristics &amp; Origin<span class=\"ez-toc-section-end\"><\/span><\/h4>\n<p data-start=\"1199\" data-end=\"1569\">Stone: Iolite (cordierite)<br data-start=\"1224\" data-end=\"1227\" \/>Color: Blue-violet (dichroic)<br data-start=\"1261\" data-end=\"1264\" \/>Form: Tropfen (facettiert)<br data-start=\"1290\" data-end=\"1293\" \/>Gr\u00f6\u00dfe: ca. 11 \u00d7 7.4 mm<br data-start=\"1315\" data-end=\"1318\" \/>Gewicht: 2.20 Karat<br data-start=\"1337\" data-end=\"1340\" \/>Clarity: Very small inclusions (visible under 10\u00d7 magnification)<br data-start=\"1407\" data-end=\"1410\" \/>Treatment: Untreated<br data-start=\"1433\" data-end=\"1436\" \/>Hardness: 7 on the Mohs scale<br data-start=\"1463\" data-end=\"1466\" \/>Origin: Madagascar<br data-start=\"1486\" data-end=\"1489\" \/>Certificate: Val\u00e9rie DURAFFOURG (Gem-A) \u2013 Delivery with certificate<br data-start=\"1554\" data-end=\"1557\" \/>Condition: New<\/p>\n<hr data-start=\"1571\" data-end=\"1574\" \/>\n<h4 data-start=\"1576\" data-end=\"1595\"><span class=\"ez-toc-section\" id=\"Besonderheiten\"><\/span>Special features<span class=\"ez-toc-section-end\"><\/span><\/h4>\n<p data-start=\"1596\" data-end=\"1846\">Ausgepr\u00e4gter Dichroismus mit wandelbaren Blau- bis Violettt\u00f6nen sorgt f\u00fcr eine edle, nat\u00fcrliche Farbwirkung in der Tropfenform. Unbehandelte, zertifizierte Qualit\u00e4t bietet maximale Sicherheit und eignet sich hervorragend f\u00fcr hochwertige Einzelst\u00fccke.<\/p>\n<hr data-start=\"1926\" data-end=\"1929\" \/>\n<h4 data-start=\"1931\" data-end=\"1971\"><span class=\"ez-toc-section\" id=\"Mehr_uber_unsere_Edelsteine\"><\/span>More about our gemstones<span class=\"ez-toc-section-end\"><\/span><\/h4>\n<p data-start=\"1972\" data-end=\"2069\"><a href=\"https:\/\/saphirsmaragd.com\/en\/product-category\/edelsteine-kaufen\/\">Gemstones<\/a><\/p>\n<hr data-start=\"2071\" data-end=\"2074\" \/>\n<h4 data-start=\"2076\" data-end=\"2096\"><span class=\"ez-toc-section\" id=\"Weitere_Infos\"><\/span>Further information<span class=\"ez-toc-section-end\"><\/span><\/h4>\n<p><a href=\"https:\/\/de.wikipedia.org\/wiki\/Cordierit\" target=\"_blank\" rel=\"noopener\">Wikipedia: Cordierite<\/a><\/p>","protected":false},"excerpt":{"rendered":"<p data-start=\"380\" data-end=\"676\"><em>Iolith 2.20 Karat Blau-Violett Tropfen &#8211; Nat\u00fcrlicher Cordierit aus Madagaskar, tropfenf\u00f6rmig facettiert, blau-violetter Dichroismus, unbehandelt, sehr kleine Einschl\u00fcsse (unter 10\u00d7 sichtbar), H\u00e4rte 7, inkl. Zertifikat von Val\u00e9rie DURAFFOURG (Gem-A).<\/em><\/p>\n<p data-start=\"678\" data-end=\"780\">\n<h3 data-start=\"660\" data-end=\"684\"><\/h3>\n<p data-start=\"575\" data-end=\"606\">","protected":false},"featured_media":2914,"comment_status":"open","ping_status":"closed","template":"","meta":{"_glsr_average":0,"_glsr_ranking":0,"_glsr_reviews":0},"product_brand":[],"product_cat":[277],"product_tag":[],"class_list":{"0":"post-2911","1":"product","2":"type-product","3":"status-publish","4":"has-post-thumbnail","6":"product_cat-iolith-cordierit","7":"pa_edelsteinart-iolith-cordierit","8":"pa_farbe-violett","9":"pa_form-oval","10":"pa_gewicht-karat-1-0-3-0-karat","11":"pa_herkunft-madagaskar","12":"pa_reinheit-sehr-kleine-einschluesse","13":"pa_veredelung-behandlung-unbehandelt","14":"pa_zertifikat-ja","15":"pa_zustand-neu","17":"first","18":"instock","19":"featured","20":"sold-individually","21":"shipping-taxable","22":"purchasable","23":"product-type-simple","24":"add-to-wishlist-before_image"},"jetpack_sharing_enabled":true,"_links":{"self":[{"href":"https:\/\/saphirsmaragd.com\/en\/wp-json\/wp\/v2\/product\/2911","targetHints":{"allow":["GET"]}}],"collection":[{"href":"https:\/\/saphirsmaragd.com\/en\/wp-json\/wp\/v2\/product"}],"about":[{"href":"https:\/\/saphirsmaragd.com\/en\/wp-json\/wp\/v2\/types\/product"}],"replies":[{"embeddable":true,"href":"https:\/\/saphirsmaragd.com\/en\/wp-json\/wp\/v2\/comments?post=2911"}],"version-history":[{"count":1,"href":"https:\/\/saphirsmaragd.com\/en\/wp-json\/wp\/v2\/product\/2911\/revisions"}],"predecessor-version":[{"id":2915,"href":"https:\/\/saphirsmaragd.com\/en\/wp-json\/wp\/v2\/product\/2911\/revisions\/2915"}],"wp:featuredmedia":[{"embeddable":true,"href":"https:\/\/saphirsmaragd.com\/en\/wp-json\/wp\/v2\/media\/2914"}],"wp:attachment":[{"href":"https:\/\/saphirsmaragd.com\/en\/wp-json\/wp\/v2\/media?parent=2911"}],"wp:term":[{"taxonomy":"product_brand","embeddable":true,"href":"https:\/\/saphirsmaragd.com\/en\/wp-json\/wp\/v2\/product_brand?post=2911"},{"taxonomy":"product_cat","embeddable":true,"href":"https:\/\/saphirsmaragd.com\/en\/wp-json\/wp\/v2\/product_cat?post=2911"},{"taxonomy":"product_tag","embeddable":true,"href":"https:\/\/saphirsmaragd.com\/en\/wp-json\/wp\/v2\/product_tag?post=2911"}],"curies":[{"name":"wp","href":"https:\/\/api.w.org\/{rel}","templated":true}]}}