{"id":4156,"date":"2025-11-01T11:54:03","date_gmt":"2025-11-01T11:54:03","guid":{"rendered":"https:\/\/saphirsmaragd.com\/?post_type=product&#038;p=4156"},"modified":"2025-12-29T18:55:53","modified_gmt":"2025-12-29T18:55:53","slug":"turmalin-1-25-karat-indigolith-blau-oval","status":"publish","type":"product","link":"https:\/\/saphirsmaragd.com\/en\/product\/turmalin-1-25-karat-indigolith-blau-oval\/","title":{"rendered":"Tourmaline 1.25 carat Indigolite Blue Oval \u2013 a rare gemstone in intense lagoon blue from Brazil"},"content":{"rendered":"<div id=\"ez-toc-container\" class=\"ez-toc-v2_0_82_2 counter-hierarchy ez-toc-counter ez-toc-grey ez-toc-container-direction\">\n<div class=\"ez-toc-title-container\">\n<p class=\"ez-toc-title\" style=\"cursor:inherit\">Table of Contents<\/p>\n<span class=\"ez-toc-title-toggle\"><a href=\"#\" class=\"ez-toc-pull-right ez-toc-btn ez-toc-btn-xs ez-toc-btn-default ez-toc-toggle\" aria-label=\"Toggle Table of Content\"><span class=\"ez-toc-js-icon-con\"><span class=\"\"><span class=\"eztoc-hide\" style=\"display:none;\">Toggle<\/span><span class=\"ez-toc-icon-toggle-span\"><svg style=\"fill: #999;color:#999\" xmlns=\"http:\/\/www.w3.org\/2000\/svg\" class=\"list-377408\" width=\"20px\" height=\"20px\" viewbox=\"0 0 24 24\" fill=\"none\"><path d=\"M6 6H4v2h2V6zm14 0H8v2h12V6zM4 11h2v2H4v-2zm16 0H8v2h12v-2zM4 16h2v2H4v-2zm16 0H8v2h12v-2z\" fill=\"currentColor\"><\/path><\/svg><svg style=\"fill: #999;color:#999\" class=\"arrow-unsorted-368013\" xmlns=\"http:\/\/www.w3.org\/2000\/svg\" width=\"10px\" height=\"10px\" viewbox=\"0 0 24 24\" version=\"1.2\" baseprofile=\"tiny\"><path d=\"M18.2 9.3l-6.2-6.3-6.2 6.3c-.2.2-.3.4-.3.7s.1.5.3.7c.2.2.4.3.7.3h11c.3 0 .5-.1.7-.3.2-.2.3-.5.3-.7s-.1-.5-.3-.7zM5.8 14.7l6.2 6.3 6.2-6.3c.2-.2.3-.5.3-.7s-.1-.5-.3-.7c-.2-.2-.4-.3-.7-.3h-11c-.3 0-.5.1-.7.3-.2.2-.3.5-.3.7s.1.5.3.7z\"\/><\/svg><\/span><\/span><\/span><\/a><\/span><\/div>\n<nav><ul class='ez-toc-list ez-toc-list-level-1' ><li class='ez-toc-page-1 ez-toc-heading-level-4'><a class=\"ez-toc-link ez-toc-heading-1\" href=\"https:\/\/saphirsmaragd.com\/en\/product\/turmalin-1-25-karat-indigolith-blau-oval\/#Turmalin_125_Karat_Indigolith_Blau_Oval_%E2%80%93_ein_Edelstein_von_ausergewohnlicher_Tiefe_und_Eleganz\" >Turmalin 1.25 Karat Indigolith Blau Oval \u2013 ein Edelstein von au\u00dfergew\u00f6hnlicher Tiefe und Eleganz<\/a><\/li><li class='ez-toc-page-1 ez-toc-heading-level-4'><a class=\"ez-toc-link ez-toc-heading-2\" href=\"https:\/\/saphirsmaragd.com\/en\/product\/turmalin-1-25-karat-indigolith-blau-oval\/#Merkmale_Herkunft\" >Characteristics &amp; Origin<\/a><\/li><li class='ez-toc-page-1 ez-toc-heading-level-4'><a class=\"ez-toc-link ez-toc-heading-3\" href=\"https:\/\/saphirsmaragd.com\/en\/product\/turmalin-1-25-karat-indigolith-blau-oval\/#Besonderheiten\" >Special features<\/a><\/li><li class='ez-toc-page-1 ez-toc-heading-level-4'><a class=\"ez-toc-link ez-toc-heading-4\" href=\"https:\/\/saphirsmaragd.com\/en\/product\/turmalin-1-25-karat-indigolith-blau-oval\/#Mehr_uber_unsere_Edelsteine\" >More about our gemstones<\/a><\/li><li class='ez-toc-page-1 ez-toc-heading-level-4'><a class=\"ez-toc-link ez-toc-heading-5\" href=\"https:\/\/saphirsmaragd.com\/en\/product\/turmalin-1-25-karat-indigolith-blau-oval\/#Weitere_Infos\" >Further information<\/a><\/li><\/ul><\/nav><\/div>\n<h4 data-start=\"861\" data-end=\"964\"><span class=\"ez-toc-section\" id=\"Turmalin_125_Karat_Indigolith_Blau_Oval_%E2%80%93_ein_Edelstein_von_ausergewohnlicher_Tiefe_und_Eleganz\"><\/span>Turmalin 1.25 Karat Indigolith Blau Oval \u2013 ein Edelstein von au\u00dfergew\u00f6hnlicher Tiefe und Eleganz<span class=\"ez-toc-section-end\"><\/span><\/h4>\n<p data-start=\"965\" data-end=\"1351\">Dieser seltene Indigolith-Turmalin besticht durch seine intensive, lebendige Blauf\u00e4rbung \u2013 ein begehrter Farbton, der an tropisches Lagunenwasser erinnert. Mit seinem ovalen Facettenschliff offenbart er ein faszinierendes Farbspiel und ein eindrucksvolles Funkeln. Als Symbol f\u00fcr Ruhe, Inspiration und Tiefe ist dieser Stein ein exklusives Highlight f\u00fcr anspruchsvolle Schmuckdesigns.<\/p>\n<hr data-start=\"1353\" data-end=\"1356\" \/>\n<h4 data-start=\"1358\" data-end=\"1387\"><span class=\"ez-toc-section\" id=\"Merkmale_Herkunft\"><\/span>Characteristics &amp; Origin<span class=\"ez-toc-section-end\"><\/span><\/h4>\n<p data-start=\"1388\" data-end=\"1679\">Steinart: Turmalin (Indigolith)<br data-start=\"1419\" data-end=\"1422\" \/>Color: Blue<br data-start=\"1433\" data-end=\"1436\" \/>Shape: Oval<br data-start=\"1446\" data-end=\"1449\" \/>Gewicht: 1.25 Karat<br data-start=\"1468\" data-end=\"1471\" \/>Hardness: 7 on the Mohs scale<br data-start=\"1498\" data-end=\"1501\" \/>Gr\u00f6\u00dfe: 7.9 \u00d7 5.7 mm<br data-start=\"1520\" data-end=\"1523\" \/>Clarity: Very small inclusions<br data-start=\"1556\" data-end=\"1559\" \/>Treatment: Untreated<br data-start=\"1582\" data-end=\"1585\" \/>Herkunft: Brasilien (Golconda-Minen)<br data-start=\"1621\" data-end=\"1624\" \/>Certificate: Val\u00e9rie DURAFFOURG (Gem-A)<br data-start=\"1662\" data-end=\"1665\" \/>Condition: New<\/p>\n<hr data-start=\"1681\" data-end=\"1684\" \/>\n<h4 data-start=\"1686\" data-end=\"1710\"><span class=\"ez-toc-section\" id=\"Besonderheiten\"><\/span>Special features<span class=\"ez-toc-section-end\"><\/span><\/h4>\n<p data-start=\"1711\" data-end=\"2031\">Der Turmalin 1.25 Karat Indigolith Blau Oval geh\u00f6rt zu den edelsten Varianten der Turmalin-Familie. Sein nat\u00fcrliches Lagunenblau und die hervorragende Brillanz machen ihn zu einem begehrten Schmuckstein. Dank seiner Qualit\u00e4t und Reinheit eignet er sich ideal f\u00fcr hochwertige Ringe, Anh\u00e4nger oder Sammlerpr\u00e4sentationen.<\/p>\n<hr data-start=\"1926\" data-end=\"1929\" \/>\n<h4 data-start=\"1931\" data-end=\"1971\"><span class=\"ez-toc-section\" id=\"Mehr_uber_unsere_Edelsteine\"><\/span>More about our gemstones<span class=\"ez-toc-section-end\"><\/span><\/h4>\n<p data-start=\"1972\" data-end=\"2069\"><a href=\"https:\/\/saphirsmaragd.com\/en\/product-category\/edelsteine-kaufen\/\">Gemstones<\/a><\/p>\n<hr data-start=\"2071\" data-end=\"2074\" \/>\n<h4 data-start=\"2076\" data-end=\"2096\"><span class=\"ez-toc-section\" id=\"Weitere_Infos\"><\/span>Further information<span class=\"ez-toc-section-end\"><\/span><\/h4>\n<p><a href=\"https:\/\/de.wikipedia.org\/wiki\/Turmalin\" target=\"_blank\" rel=\"noopener\">Wikipedia: Tourmaline<\/a><\/p>","protected":false},"excerpt":{"rendered":"<p data-start=\"472\" data-end=\"708\"><em>Dieser Turmalin 1.25 Karat Indigolith Blau Oval fasziniert durch sein tiefes Lagunenblau und seine nat\u00fcrliche Reinheit. Ein hochwertiger Edelstein aus den Golconda-Minen in Brasilien \u2013 ideal f\u00fcr luxuri\u00f6sen Schmuck oder Edelsteinsammler.<\/em><\/p>\n<h2 data-start=\"523\" data-end=\"548\"><\/h2>","protected":false},"featured_media":4159,"comment_status":"open","ping_status":"closed","template":"","meta":{"_glsr_average":0,"_glsr_ranking":0,"_glsr_reviews":0},"product_brand":[],"product_cat":[109],"product_tag":[],"class_list":{"0":"post-4156","1":"product","2":"type-product","3":"status-publish","4":"has-post-thumbnail","6":"product_cat-turmalin-kaufen","7":"pa_edelsteinart-turmalin","8":"pa_farbe-blau","9":"pa_form-oval","10":"pa_gewicht-karat-1-0-3-0-karat","11":"pa_herkunft-brasilien","12":"pa_reinheit-sehr-kleine-einschluesse","13":"pa_veredelung-behandlung-unbehandelt","14":"pa_zertifikat-ja","15":"pa_zustand-neu","17":"first","18":"instock","19":"featured","20":"sold-individually","21":"taxable","22":"shipping-taxable","23":"purchasable","24":"product-type-simple","25":"add-to-wishlist-before_image"},"jetpack_sharing_enabled":true,"_links":{"self":[{"href":"https:\/\/saphirsmaragd.com\/en\/wp-json\/wp\/v2\/product\/4156","targetHints":{"allow":["GET"]}}],"collection":[{"href":"https:\/\/saphirsmaragd.com\/en\/wp-json\/wp\/v2\/product"}],"about":[{"href":"https:\/\/saphirsmaragd.com\/en\/wp-json\/wp\/v2\/types\/product"}],"replies":[{"embeddable":true,"href":"https:\/\/saphirsmaragd.com\/en\/wp-json\/wp\/v2\/comments?post=4156"}],"version-history":[{"count":1,"href":"https:\/\/saphirsmaragd.com\/en\/wp-json\/wp\/v2\/product\/4156\/revisions"}],"predecessor-version":[{"id":4160,"href":"https:\/\/saphirsmaragd.com\/en\/wp-json\/wp\/v2\/product\/4156\/revisions\/4160"}],"wp:featuredmedia":[{"embeddable":true,"href":"https:\/\/saphirsmaragd.com\/en\/wp-json\/wp\/v2\/media\/4159"}],"wp:attachment":[{"href":"https:\/\/saphirsmaragd.com\/en\/wp-json\/wp\/v2\/media?parent=4156"}],"wp:term":[{"taxonomy":"product_brand","embeddable":true,"href":"https:\/\/saphirsmaragd.com\/en\/wp-json\/wp\/v2\/product_brand?post=4156"},{"taxonomy":"product_cat","embeddable":true,"href":"https:\/\/saphirsmaragd.com\/en\/wp-json\/wp\/v2\/product_cat?post=4156"},{"taxonomy":"product_tag","embeddable":true,"href":"https:\/\/saphirsmaragd.com\/en\/wp-json\/wp\/v2\/product_tag?post=4156"}],"curies":[{"name":"wp","href":"https:\/\/api.w.org\/{rel}","templated":true}]}}