{"id":4200,"date":"2025-11-01T12:29:19","date_gmt":"2025-11-01T12:29:19","guid":{"rendered":"https:\/\/saphirsmaragd.com\/?post_type=product&#038;p=4200"},"modified":"2025-12-29T18:55:46","modified_gmt":"2025-12-29T18:55:46","slug":"turmalin-11-95-karat-rot-tropfen-cabochon","status":"publish","type":"product","link":"https:\/\/saphirsmaragd.com\/en\/product\/turmalin-11-95-karat-rot-tropfen-cabochon\/","title":{"rendered":"Tourmaline 11.95 Carat Red Drop Cabochon \u2013 intense rubellite with natural transparency and depth"},"content":{"rendered":"<div id=\"ez-toc-container\" class=\"ez-toc-v2_0_82_2 counter-hierarchy ez-toc-counter ez-toc-grey ez-toc-container-direction\">\n<div class=\"ez-toc-title-container\">\n<p class=\"ez-toc-title\" style=\"cursor:inherit\">Table of Contents<\/p>\n<span class=\"ez-toc-title-toggle\"><a href=\"#\" class=\"ez-toc-pull-right ez-toc-btn ez-toc-btn-xs ez-toc-btn-default ez-toc-toggle\" aria-label=\"Toggle Table of Content\"><span class=\"ez-toc-js-icon-con\"><span class=\"\"><span class=\"eztoc-hide\" style=\"display:none;\">Toggle<\/span><span class=\"ez-toc-icon-toggle-span\"><svg style=\"fill: #999;color:#999\" xmlns=\"http:\/\/www.w3.org\/2000\/svg\" class=\"list-377408\" width=\"20px\" height=\"20px\" viewbox=\"0 0 24 24\" fill=\"none\"><path d=\"M6 6H4v2h2V6zm14 0H8v2h12V6zM4 11h2v2H4v-2zm16 0H8v2h12v-2zM4 16h2v2H4v-2zm16 0H8v2h12v-2z\" fill=\"currentColor\"><\/path><\/svg><svg style=\"fill: #999;color:#999\" class=\"arrow-unsorted-368013\" xmlns=\"http:\/\/www.w3.org\/2000\/svg\" width=\"10px\" height=\"10px\" viewbox=\"0 0 24 24\" version=\"1.2\" baseprofile=\"tiny\"><path d=\"M18.2 9.3l-6.2-6.3-6.2 6.3c-.2.2-.3.4-.3.7s.1.5.3.7c.2.2.4.3.7.3h11c.3 0 .5-.1.7-.3.2-.2.3-.5.3-.7s-.1-.5-.3-.7zM5.8 14.7l6.2 6.3 6.2-6.3c.2-.2.3-.5.3-.7s-.1-.5-.3-.7c-.2-.2-.4-.3-.7-.3h-11c-.3 0-.5.1-.7.3-.2.2-.3.5-.3.7s.1.5.3.7z\"\/><\/svg><\/span><\/span><\/span><\/a><\/span><\/div>\n<nav><ul class='ez-toc-list ez-toc-list-level-1' ><li class='ez-toc-page-1 ez-toc-heading-level-4'><a class=\"ez-toc-link ez-toc-heading-1\" href=\"https:\/\/saphirsmaragd.com\/en\/product\/turmalin-11-95-karat-rot-tropfen-cabochon\/#Turmalin_1195_Karat_Rot_Tropfen_Cabochon_%E2%80%93_majestatischer_Edelstein_in_Rubellit-Qualitat\" >Turmalin 11.95 Karat Rot Tropfen Cabochon \u2013 majest\u00e4tischer Edelstein in Rubellit-Qualit\u00e4t<\/a><\/li><li class='ez-toc-page-1 ez-toc-heading-level-4'><a class=\"ez-toc-link ez-toc-heading-2\" href=\"https:\/\/saphirsmaragd.com\/en\/product\/turmalin-11-95-karat-rot-tropfen-cabochon\/#Merkmale_Herkunft\" >Characteristics &amp; Origin<\/a><\/li><li class='ez-toc-page-1 ez-toc-heading-level-4'><a class=\"ez-toc-link ez-toc-heading-3\" href=\"https:\/\/saphirsmaragd.com\/en\/product\/turmalin-11-95-karat-rot-tropfen-cabochon\/#Besonderheiten\" >Special features<\/a><\/li><li class='ez-toc-page-1 ez-toc-heading-level-4'><a class=\"ez-toc-link ez-toc-heading-4\" href=\"https:\/\/saphirsmaragd.com\/en\/product\/turmalin-11-95-karat-rot-tropfen-cabochon\/#Mehr_uber_unsere_Edelsteine\" >More about our gemstones<\/a><\/li><li class='ez-toc-page-1 ez-toc-heading-level-4'><a class=\"ez-toc-link ez-toc-heading-5\" href=\"https:\/\/saphirsmaragd.com\/en\/product\/turmalin-11-95-karat-rot-tropfen-cabochon\/#Weitere_Infos\" >Further information<\/a><\/li><\/ul><\/nav><\/div>\n<h4 data-start=\"870\" data-end=\"966\"><span class=\"ez-toc-section\" id=\"Turmalin_1195_Karat_Rot_Tropfen_Cabochon_%E2%80%93_majestatischer_Edelstein_in_Rubellit-Qualitat\"><\/span>Turmalin 11.95 Karat Rot Tropfen Cabochon \u2013 majest\u00e4tischer Edelstein in Rubellit-Qualit\u00e4t<span class=\"ez-toc-section-end\"><\/span><\/h4>\n<p data-start=\"967\" data-end=\"1480\">Dieser prachtvolle Rubellit-Turmalin vereint kraftvolle Farbe, Gr\u00f6\u00dfe und Leuchtkraft. Mit 11.95 Karat und seiner intensiven rosaroten bis r\u00f6tlichen T\u00f6nung geh\u00f6rt dieser Cabochon-Turmalin zu den begehrtesten Variet\u00e4ten. Sein sanft gew\u00f6lbter Schliff in Tropfenform betont die Tiefe und Transparenz des Steins, w\u00e4hrend nat\u00fcrliche Einschl\u00fcsse seine Echtheit unterstreichen. Ein ausdrucksstarker Edelstein, der W\u00e4rme, Leidenschaft und Eleganz verk\u00f6rpert \u2013 perfekt f\u00fcr hochwertige Schmuckst\u00fccke oder als Sammlerstein.<\/p>\n<hr data-start=\"1482\" data-end=\"1485\" \/>\n<h4 data-start=\"1487\" data-end=\"1516\"><span class=\"ez-toc-section\" id=\"Merkmale_Herkunft\"><\/span>Characteristics &amp; Origin<span class=\"ez-toc-section-end\"><\/span><\/h4>\n<p data-start=\"1517\" data-end=\"1829\">Steinart: Turmalin (Rubellit)<br data-start=\"1546\" data-end=\"1549\" \/>Color: Red<br data-start=\"1559\" data-end=\"1562\" \/>Form: Tropfen (Cabochon)<br data-start=\"1586\" data-end=\"1589\" \/>Gewicht: 11.95 Karat<br data-start=\"1609\" data-end=\"1612\" \/>Hardness: 7 on the Mohs scale<br data-start=\"1639\" data-end=\"1642\" \/>Gr\u00f6\u00dfe: 17.6 \u00d7 12 mm<br data-start=\"1661\" data-end=\"1664\" \/>Reinheit: Deutliche Einschl\u00fcsse, dennoch sch\u00f6ne Transparenz<br data-start=\"1723\" data-end=\"1726\" \/>Treatment: Untreated<br data-start=\"1749\" data-end=\"1752\" \/>Origin: Brazil<br data-start=\"1771\" data-end=\"1774\" \/>Certificate: Val\u00e9rie DURAFFOURG (Gem-A)<br data-start=\"1812\" data-end=\"1815\" \/>Condition: New<\/p>\n<hr data-start=\"1831\" data-end=\"1834\" \/>\n<h4 data-start=\"1836\" data-end=\"1860\"><span class=\"ez-toc-section\" id=\"Besonderheiten\"><\/span>Special features<span class=\"ez-toc-section-end\"><\/span><\/h4>\n<p data-start=\"1861\" data-end=\"2242\">The <strong data-start=\"1865\" data-end=\"1910\">Turmalin 11.95 Karat Rot Tropfen Cabochon<\/strong> (Rubellit) fasziniert durch seine leuchtende, tiefrote Farbe und seine au\u00dfergew\u00f6hnliche Gr\u00f6\u00dfe. Rubellite sind besonders wertvoll, wenn ihr Farbton intensiv bleibt \u2013 unabh\u00e4ngig von Lichtquellen. Dieses Exemplar zeigt beeindruckende Tiefe und Glanz, ein wahres Highlight f\u00fcr Liebhaber seltener Edelsteine und feiner Handwerkskunst.<\/p>\n<hr data-start=\"1926\" data-end=\"1929\" \/>\n<h4 data-start=\"1931\" data-end=\"1971\"><span class=\"ez-toc-section\" id=\"Mehr_uber_unsere_Edelsteine\"><\/span>More about our gemstones<span class=\"ez-toc-section-end\"><\/span><\/h4>\n<p data-start=\"1972\" data-end=\"2069\"><a href=\"https:\/\/saphirsmaragd.com\/en\/product-category\/edelsteine-kaufen\/\">Gemstones<\/a><\/p>\n<hr data-start=\"2071\" data-end=\"2074\" \/>\n<h4 data-start=\"2076\" data-end=\"2096\"><span class=\"ez-toc-section\" id=\"Weitere_Infos\"><\/span>Further information<span class=\"ez-toc-section-end\"><\/span><\/h4>\n<p><a href=\"https:\/\/de.wikipedia.org\/wiki\/Turmalin\" target=\"_blank\" rel=\"noopener\">Wikipedia: Tourmaline<\/a><\/p>","protected":false},"excerpt":{"rendered":"<p data-start=\"487\" data-end=\"716\">Dieser Turmalin 11.95 Karat Rot Tropfen Cabochon begeistert mit seiner intensiven Farbe und hohen Transparenz. Ein echter Rubellit mit eindrucksvoller Gr\u00f6\u00dfe und nat\u00fcrlichem Glanz \u2013 zertifiziert und von au\u00dfergew\u00f6hnlicher Qualit\u00e4t.<\/p>\n<h2 data-start=\"523\" data-end=\"548\"><\/h2>","protected":false},"featured_media":4204,"comment_status":"open","ping_status":"closed","template":"","meta":{"_glsr_average":0,"_glsr_ranking":0,"_glsr_reviews":0},"product_brand":[],"product_cat":[109],"product_tag":[],"class_list":{"0":"post-4200","1":"product","2":"type-product","3":"status-publish","4":"has-post-thumbnail","6":"product_cat-turmalin-kaufen","7":"pa_edelsteinart-turmalin","8":"pa_farbe-rot","9":"pa_form-tropfen","10":"pa_gewicht-karat-10-20-karat","11":"pa_herkunft-brasilien","12":"pa_reinheit-deutliche-einschluesse","13":"pa_veredelung-behandlung-unbehandelt","14":"pa_zertifikat-ja","15":"pa_zustand-neu","17":"first","18":"instock","19":"featured","20":"sold-individually","21":"shipping-taxable","22":"purchasable","23":"product-type-simple","24":"add-to-wishlist-before_image"},"jetpack_sharing_enabled":true,"_links":{"self":[{"href":"https:\/\/saphirsmaragd.com\/en\/wp-json\/wp\/v2\/product\/4200","targetHints":{"allow":["GET"]}}],"collection":[{"href":"https:\/\/saphirsmaragd.com\/en\/wp-json\/wp\/v2\/product"}],"about":[{"href":"https:\/\/saphirsmaragd.com\/en\/wp-json\/wp\/v2\/types\/product"}],"replies":[{"embeddable":true,"href":"https:\/\/saphirsmaragd.com\/en\/wp-json\/wp\/v2\/comments?post=4200"}],"version-history":[{"count":1,"href":"https:\/\/saphirsmaragd.com\/en\/wp-json\/wp\/v2\/product\/4200\/revisions"}],"predecessor-version":[{"id":4205,"href":"https:\/\/saphirsmaragd.com\/en\/wp-json\/wp\/v2\/product\/4200\/revisions\/4205"}],"wp:featuredmedia":[{"embeddable":true,"href":"https:\/\/saphirsmaragd.com\/en\/wp-json\/wp\/v2\/media\/4204"}],"wp:attachment":[{"href":"https:\/\/saphirsmaragd.com\/en\/wp-json\/wp\/v2\/media?parent=4200"}],"wp:term":[{"taxonomy":"product_brand","embeddable":true,"href":"https:\/\/saphirsmaragd.com\/en\/wp-json\/wp\/v2\/product_brand?post=4200"},{"taxonomy":"product_cat","embeddable":true,"href":"https:\/\/saphirsmaragd.com\/en\/wp-json\/wp\/v2\/product_cat?post=4200"},{"taxonomy":"product_tag","embeddable":true,"href":"https:\/\/saphirsmaragd.com\/en\/wp-json\/wp\/v2\/product_tag?post=4200"}],"curies":[{"name":"wp","href":"https:\/\/api.w.org\/{rel}","templated":true}]}}