{"id":5441,"date":"2025-11-19T15:12:47","date_gmt":"2025-11-19T15:12:47","guid":{"rendered":"https:\/\/saphirsmaragd.com\/?post_type=product&#038;p=5441"},"modified":"2025-11-19T15:12:48","modified_gmt":"2025-11-19T15:12:48","slug":"spitze-polychromer-jaspis-schutz","status":"publish","type":"product","link":"https:\/\/saphirsmaragd.com\/en\/product\/spitze-polychromer-jaspis-schutz\/","title":{"rendered":"Spitze Polychromer Jaspis Schutz \u2013 Erdender Heilstein aus Madagaskar \u2013 1058 g"},"content":{"rendered":"<div id=\"ez-toc-container\" class=\"ez-toc-v2_0_82_2 counter-hierarchy ez-toc-counter ez-toc-grey ez-toc-container-direction\">\n<div class=\"ez-toc-title-container\">\n<p class=\"ez-toc-title\" style=\"cursor:inherit\">Table of Contents<\/p>\n<span class=\"ez-toc-title-toggle\"><a href=\"#\" class=\"ez-toc-pull-right ez-toc-btn ez-toc-btn-xs ez-toc-btn-default ez-toc-toggle\" aria-label=\"Toggle Table of Content\"><span class=\"ez-toc-js-icon-con\"><span class=\"\"><span class=\"eztoc-hide\" style=\"display:none;\">Toggle<\/span><span class=\"ez-toc-icon-toggle-span\"><svg style=\"fill: #999;color:#999\" xmlns=\"http:\/\/www.w3.org\/2000\/svg\" class=\"list-377408\" width=\"20px\" height=\"20px\" viewbox=\"0 0 24 24\" fill=\"none\"><path d=\"M6 6H4v2h2V6zm14 0H8v2h12V6zM4 11h2v2H4v-2zm16 0H8v2h12v-2zM4 16h2v2H4v-2zm16 0H8v2h12v-2z\" fill=\"currentColor\"><\/path><\/svg><svg style=\"fill: #999;color:#999\" class=\"arrow-unsorted-368013\" xmlns=\"http:\/\/www.w3.org\/2000\/svg\" width=\"10px\" height=\"10px\" viewbox=\"0 0 24 24\" version=\"1.2\" baseprofile=\"tiny\"><path d=\"M18.2 9.3l-6.2-6.3-6.2 6.3c-.2.2-.3.4-.3.7s.1.5.3.7c.2.2.4.3.7.3h11c.3 0 .5-.1.7-.3.2-.2.3-.5.3-.7s-.1-.5-.3-.7zM5.8 14.7l6.2 6.3 6.2-6.3c.2-.2.3-.5.3-.7s-.1-.5-.3-.7c-.2-.2-.4-.3-.7-.3h-11c-.3 0-.5.1-.7.3-.2.2-.3.5-.3.7s.1.5.3.7z\"\/><\/svg><\/span><\/span><\/span><\/a><\/span><\/div>\n<nav><ul class='ez-toc-list ez-toc-list-level-1' ><ul class='ez-toc-list-level-4' ><li class='ez-toc-heading-level-4'><ul class='ez-toc-list-level-4' ><li class='ez-toc-heading-level-4'><a class=\"ez-toc-link ez-toc-heading-1\" href=\"https:\/\/saphirsmaragd.com\/en\/product\/spitze-polychromer-jaspis-schutz\/#Spitze_Polychromer_Jaspis_Schutz_%E2%80%93_Erdender_Heilstein_aus_Madagaskar_%E2%80%93_1058_g\" >Spitze Polychromer Jaspis Schutz \u2013 Erdender Heilstein aus Madagaskar \u2013 1058 g<\/a><\/li><li class='ez-toc-page-1 ez-toc-heading-level-4'><a class=\"ez-toc-link ez-toc-heading-2\" href=\"https:\/\/saphirsmaragd.com\/en\/product\/spitze-polychromer-jaspis-schutz\/#_Merkmale_Herkunft\" >\u00a0Characteristics &amp; Origin<\/a><\/li><li class='ez-toc-page-1 ez-toc-heading-level-4'><a class=\"ez-toc-link ez-toc-heading-3\" href=\"https:\/\/saphirsmaragd.com\/en\/product\/spitze-polychromer-jaspis-schutz\/#_Besonderheiten\" >\u00a0Special features<\/a><\/li><\/ul><\/li><\/ul><\/li><li class='ez-toc-page-1 ez-toc-heading-level-2'><a class=\"ez-toc-link ez-toc-heading-4\" href=\"https:\/\/saphirsmaragd.com\/en\/product\/spitze-polychromer-jaspis-schutz\/#%F0%9F%94%8D_Mehr_uber_Jaspis_Heilsteine\" >\ud83d\udd0d Mehr \u00fcber Jaspis &amp; Heilsteine<\/a><ul class='ez-toc-list-level-4' ><li class='ez-toc-heading-level-4'><ul class='ez-toc-list-level-4' ><li class='ez-toc-heading-level-4'><a class=\"ez-toc-link ez-toc-heading-5\" href=\"https:\/\/saphirsmaragd.com\/en\/product\/spitze-polychromer-jaspis-schutz\/#_Weitere_Infos\" >\u00a0Further information<\/a><\/li><\/ul><\/li><\/ul><\/li><\/ul><\/nav><\/div>\n<h4 data-start=\"804\" data-end=\"887\"><span class=\"ez-toc-section\" id=\"Spitze_Polychromer_Jaspis_Schutz_%E2%80%93_Erdender_Heilstein_aus_Madagaskar_%E2%80%93_1058_g\"><\/span><strong data-start=\"806\" data-end=\"887\">Spitze Polychromer Jaspis Schutz \u2013 Erdender Heilstein aus Madagaskar \u2013 1058 g<\/strong><span class=\"ez-toc-section-end\"><\/span><\/h4>\n<p data-start=\"889\" data-end=\"1055\">Die Spitze Polychromer Jaspis Schutz ist ein au\u00dfergew\u00f6hnlicher Naturstein aus Madagaskar, der f\u00fcr starke Erdung, energetischen Schutz und innere Stabilit\u00e4t steht.<\/p>\n<hr data-start=\"1057\" data-end=\"1060\" \/>\n<h4 data-start=\"1062\" data-end=\"1087\"><span class=\"ez-toc-section\" id=\"_Merkmale_Herkunft\"><\/span>\u00a0Characteristics &amp; Origin<span class=\"ez-toc-section-end\"><\/span><\/h4>\n<p data-start=\"1088\" data-end=\"1327\">Farbe: Mehrfarbig (Polychrom)<br data-start=\"1117\" data-end=\"1120\" \/>Form: Spitze, geschliffen<br data-start=\"1145\" data-end=\"1148\" \/>Origin: Madagascar<br data-start=\"1168\" data-end=\"1171\" \/>Gewicht: 1058 g<br data-start=\"1186\" data-end=\"1189\" \/>Ma\u00dfe: 17.5 \u00d7 6.5 \u00d7 5.5 cm<br data-start=\"1214\" data-end=\"1217\" \/>Purity: Natural<br data-start=\"1236\" data-end=\"1239\" \/>Treatment: Untreated<br data-start=\"1296\" data-end=\"1299\" \/>Steinart: Jaspis (polychrom)<\/p>\n<hr data-start=\"1329\" data-end=\"1332\" \/>\n<h4 data-start=\"1334\" data-end=\"1354\"><span class=\"ez-toc-section\" id=\"_Besonderheiten\"><\/span>\u00a0Special features<span class=\"ez-toc-section-end\"><\/span><\/h4>\n<p data-start=\"1355\" data-end=\"1688\">Die Spitze Polychromer Jaspis Schutz zeichnet sich durch ihre starke, erdende Energie aus, die Sie dabei unterst\u00fctzt, innere Ruhe, Klarheit und Stabilit\u00e4t zu finden. Polychromer Jaspis ist bekannt f\u00fcr seine F\u00e4higkeit, negative Einfl\u00fcsse abzuwehren und ein harmonisches Gleichgewicht zwischen K\u00f6rper, Geist und Seele herzustellen.<\/p>\n<p data-start=\"1690\" data-end=\"2004\">Dieser Stein f\u00f6rdert Entschlossenheit, Mut und Durchhalteverm\u00f6gen. Er unterst\u00fctzt Sie dabei, Ziele konsequent zu verfolgen, Ihre Standfestigkeit zu st\u00e4rken und in herausfordernden Situationen gelassen zu bleiben. Gleichzeitig regt polychromer Jaspis die Kreativit\u00e4t an und hilft bei der Strukturierung neuer Ideen.<\/p>\n<hr data-start=\"2006\" data-end=\"2009\" \/>\n<h2 data-start=\"2011\" data-end=\"2046\"><span class=\"ez-toc-section\" id=\"%F0%9F%94%8D_Mehr_uber_Jaspis_Heilsteine\"><\/span>\ud83d\udd0d Mehr \u00fcber Jaspis &amp; Heilsteine<span class=\"ez-toc-section-end\"><\/span><\/h2>\n<p data-start=\"2047\" data-end=\"2088\"><a href=\"https:\/\/saphirsmaragd.com\/en\/product-category\/heilsteine-kristalle-kaufen\/\">Healing stones &amp; crystals<\/a> | Saphir &amp; Smaragd<\/p>\n<hr data-start=\"2090\" data-end=\"2093\" \/>\n<h4 data-start=\"2095\" data-end=\"2114\"><span class=\"ez-toc-section\" id=\"_Weitere_Infos\"><\/span>\u00a0Further information<span class=\"ez-toc-section-end\"><\/span><\/h4>\n<p data-start=\"2115\" data-end=\"2165\"><a href=\"https:\/\/de.wikipedia.org\/wiki\/Jaspis\" target=\"_blank\" rel=\"noopener\">Wikipedia: Jaspis<\/a><br data-start=\"2132\" data-end=\"2135\" \/><\/p>","protected":false},"excerpt":{"rendered":"<p><em>Die Spitze Polychromer Jaspis Schutz ist ein kraftvoller Heilstein aus Madagaskar, der f\u00fcr Erdung, Balance und Schutz vor negativen Energien steht. Ideal f\u00fcr Meditation, R\u00e4ume oder energetische Arbeit.<\/em><\/p>","protected":false},"featured_media":5442,"comment_status":"open","ping_status":"closed","template":"","meta":{"_glsr_average":0,"_glsr_ranking":0,"_glsr_reviews":0},"product_brand":[],"product_cat":[84],"product_tag":[],"class_list":{"0":"post-5441","1":"product","2":"type-product","3":"status-publish","4":"has-post-thumbnail","6":"product_cat-rohsteine-kaufen","8":"first","9":"instock","10":"taxable","11":"shipping-taxable","12":"purchasable","13":"product-type-simple","14":"add-to-wishlist-before_image"},"jetpack_sharing_enabled":true,"_links":{"self":[{"href":"https:\/\/saphirsmaragd.com\/en\/wp-json\/wp\/v2\/product\/5441","targetHints":{"allow":["GET"]}}],"collection":[{"href":"https:\/\/saphirsmaragd.com\/en\/wp-json\/wp\/v2\/product"}],"about":[{"href":"https:\/\/saphirsmaragd.com\/en\/wp-json\/wp\/v2\/types\/product"}],"replies":[{"embeddable":true,"href":"https:\/\/saphirsmaragd.com\/en\/wp-json\/wp\/v2\/comments?post=5441"}],"version-history":[{"count":1,"href":"https:\/\/saphirsmaragd.com\/en\/wp-json\/wp\/v2\/product\/5441\/revisions"}],"predecessor-version":[{"id":5445,"href":"https:\/\/saphirsmaragd.com\/en\/wp-json\/wp\/v2\/product\/5441\/revisions\/5445"}],"wp:featuredmedia":[{"embeddable":true,"href":"https:\/\/saphirsmaragd.com\/en\/wp-json\/wp\/v2\/media\/5442"}],"wp:attachment":[{"href":"https:\/\/saphirsmaragd.com\/en\/wp-json\/wp\/v2\/media?parent=5441"}],"wp:term":[{"taxonomy":"product_brand","embeddable":true,"href":"https:\/\/saphirsmaragd.com\/en\/wp-json\/wp\/v2\/product_brand?post=5441"},{"taxonomy":"product_cat","embeddable":true,"href":"https:\/\/saphirsmaragd.com\/en\/wp-json\/wp\/v2\/product_cat?post=5441"},{"taxonomy":"product_tag","embeddable":true,"href":"https:\/\/saphirsmaragd.com\/en\/wp-json\/wp\/v2\/product_tag?post=5441"}],"curies":[{"name":"wp","href":"https:\/\/api.w.org\/{rel}","templated":true}]}}