{"id":5525,"date":"2025-11-20T21:31:42","date_gmt":"2025-11-20T21:31:42","guid":{"rendered":"https:\/\/saphirsmaragd.com\/?post_type=product&#038;p=5525"},"modified":"2025-11-20T21:31:43","modified_gmt":"2025-11-20T21:31:43","slug":"spitze-bergkristall-geschnitten-1262g","status":"publish","type":"product","link":"https:\/\/saphirsmaragd.com\/en\/product\/spitze-bergkristall-geschnitten-1262g\/","title":{"rendered":"Spitze Bergkristall Geschnitten \u2013 1262 g Einzelst\u00fcck aus Brasilien"},"content":{"rendered":"<div id=\"ez-toc-container\" class=\"ez-toc-v2_0_82_2 counter-hierarchy ez-toc-counter ez-toc-grey ez-toc-container-direction\">\n<div class=\"ez-toc-title-container\">\n<p class=\"ez-toc-title\" style=\"cursor:inherit\">Table of Contents<\/p>\n<span class=\"ez-toc-title-toggle\"><a href=\"#\" class=\"ez-toc-pull-right ez-toc-btn ez-toc-btn-xs ez-toc-btn-default ez-toc-toggle\" aria-label=\"Toggle Table of Content\"><span class=\"ez-toc-js-icon-con\"><span class=\"\"><span class=\"eztoc-hide\" style=\"display:none;\">Toggle<\/span><span class=\"ez-toc-icon-toggle-span\"><svg style=\"fill: #999;color:#999\" xmlns=\"http:\/\/www.w3.org\/2000\/svg\" class=\"list-377408\" width=\"20px\" height=\"20px\" viewbox=\"0 0 24 24\" fill=\"none\"><path d=\"M6 6H4v2h2V6zm14 0H8v2h12V6zM4 11h2v2H4v-2zm16 0H8v2h12v-2zM4 16h2v2H4v-2zm16 0H8v2h12v-2z\" fill=\"currentColor\"><\/path><\/svg><svg style=\"fill: #999;color:#999\" class=\"arrow-unsorted-368013\" xmlns=\"http:\/\/www.w3.org\/2000\/svg\" width=\"10px\" height=\"10px\" viewbox=\"0 0 24 24\" version=\"1.2\" baseprofile=\"tiny\"><path d=\"M18.2 9.3l-6.2-6.3-6.2 6.3c-.2.2-.3.4-.3.7s.1.5.3.7c.2.2.4.3.7.3h11c.3 0 .5-.1.7-.3.2-.2.3-.5.3-.7s-.1-.5-.3-.7zM5.8 14.7l6.2 6.3 6.2-6.3c.2-.2.3-.5.3-.7s-.1-.5-.3-.7c-.2-.2-.4-.3-.7-.3h-11c-.3 0-.5.1-.7.3-.2.2-.3.5-.3.7s.1.5.3.7z\"\/><\/svg><\/span><\/span><\/span><\/a><\/span><\/div>\n<nav><ul class='ez-toc-list ez-toc-list-level-1' ><li class='ez-toc-page-1 ez-toc-heading-level-4'><a class=\"ez-toc-link ez-toc-heading-1\" href=\"https:\/\/saphirsmaragd.com\/en\/product\/spitze-bergkristall-geschnitten-1262g\/#Spitze_Bergkristall_Geschnitten_%E2%80%93_1262_g_Einzelstuck_aus_Brasilien\" >Spitze Bergkristall Geschnitten \u2013 1262 g Einzelst\u00fcck aus Brasilien<\/a><\/li><li class='ez-toc-page-1 ez-toc-heading-level-4'><a class=\"ez-toc-link ez-toc-heading-2\" href=\"https:\/\/saphirsmaragd.com\/en\/product\/spitze-bergkristall-geschnitten-1262g\/#_Merkmale_Herkunft\" >\u00a0Characteristics &amp; Origin<\/a><\/li><li class='ez-toc-page-1 ez-toc-heading-level-4'><a class=\"ez-toc-link ez-toc-heading-3\" href=\"https:\/\/saphirsmaragd.com\/en\/product\/spitze-bergkristall-geschnitten-1262g\/#_Besonderheiten\" >\u00a0Special features<\/a><\/li><li class='ez-toc-page-1 ez-toc-heading-level-4'><a class=\"ez-toc-link ez-toc-heading-4\" href=\"https:\/\/saphirsmaragd.com\/en\/product\/spitze-bergkristall-geschnitten-1262g\/#_Mehr_uber_Bergkristalle_Heilsteine\" >\u00a0Mehr \u00fcber Bergkristalle &amp; Heilsteine<\/a><\/li><li class='ez-toc-page-1 ez-toc-heading-level-4'><a class=\"ez-toc-link ez-toc-heading-5\" href=\"https:\/\/saphirsmaragd.com\/en\/product\/spitze-bergkristall-geschnitten-1262g\/#_Weitere_Infos\" >\u00a0Further information<\/a><\/li><\/ul><\/nav><\/div>\n<h4 data-start=\"892\" data-end=\"964\"><span class=\"ez-toc-section\" id=\"Spitze_Bergkristall_Geschnitten_%E2%80%93_1262_g_Einzelstuck_aus_Brasilien\"><\/span><strong data-start=\"894\" data-end=\"964\">Spitze Bergkristall Geschnitten \u2013 1262 g Einzelst\u00fcck aus Brasilien<\/strong><span class=\"ez-toc-section-end\"><\/span><\/h4>\n<p data-start=\"966\" data-end=\"1129\">Die Spitze Bergkristall Geschnitten ist ein intensiver, reinigender und harmonisierender Heilstein, der f\u00fcr Klarheit, Balance und energetische Reinigung steht.<\/p>\n<hr data-start=\"1131\" data-end=\"1134\" \/>\n<h4 data-start=\"1136\" data-end=\"1161\"><span class=\"ez-toc-section\" id=\"_Merkmale_Herkunft\"><\/span>\u00a0Characteristics &amp; Origin<span class=\"ez-toc-section-end\"><\/span><\/h4>\n<p data-start=\"1162\" data-end=\"1378\">Farbe: Transparent<br data-start=\"1180\" data-end=\"1183\" \/>Form: Spitze, geschnitten<br data-start=\"1208\" data-end=\"1211\" \/>Origin: Brazil<br data-start=\"1230\" data-end=\"1233\" \/>Gewicht: 1262 g<br data-start=\"1248\" data-end=\"1251\" \/>Ma\u00dfe: 13 x 10 x 8 cm<br data-start=\"1271\" data-end=\"1274\" \/>Purity: Natural<br data-start=\"1293\" data-end=\"1296\" \/>Treatment: Untreated<br data-start=\"1353\" data-end=\"1356\" \/>Steinart: Bergkristall<\/p>\n<hr data-start=\"1380\" data-end=\"1383\" \/>\n<h4 data-start=\"1385\" data-end=\"1405\"><span class=\"ez-toc-section\" id=\"_Besonderheiten\"><\/span>\u00a0Special features<span class=\"ez-toc-section-end\"><\/span><\/h4>\n<p data-start=\"1406\" data-end=\"1839\">Die Spitze Bergkristall Geschnitten z\u00e4hlt zu den st\u00e4rksten und vielseitigsten Heilsteinen. Er wirkt kraftvoll reinigend auf K\u00f6rper, Energiefeld und Chakren und unterst\u00fctzt das Gleichgewicht der Aura. Der Stein sch\u00fctzt vor negativen Einfl\u00fcssen wie elektromagnetischer Strahlung, Fremdenergien und Umweltbelastungen. Durch seine hohe Schwingung eignet er sich hervorragend f\u00fcr energetische Arbeit, Meditation und spirituelles Wachstum.<\/p>\n<p data-start=\"1841\" data-end=\"2212\">Mental und emotional f\u00f6rdert Bergkristall Klarheit, Fokus und ein urteilsfreies Bewusstsein. Er hilft, innere Balance zu finden, unterst\u00fctzt Konzentration und erm\u00f6glicht scharfe, klare Gedanken. Da der Stein sich an das aktuelle Bed\u00fcrfnis anpasst, kann er gleicherma\u00dfen beruhigend wie aktivierend wirken \u2013 ein idealer Begleiter f\u00fcr Alltag, Heilpraxis und bewusstes Leben.<\/p>\n<hr data-start=\"2214\" data-end=\"2217\" \/>\n<h4 data-start=\"2219\" data-end=\"2261\"><span class=\"ez-toc-section\" id=\"_Mehr_uber_Bergkristalle_Heilsteine\"><\/span>\u00a0Mehr \u00fcber Bergkristalle &amp; Heilsteine<span class=\"ez-toc-section-end\"><\/span><\/h4>\n<p data-start=\"2262\" data-end=\"2309\"><a href=\"https:\/\/saphirsmaragd.com\/en\/product-category\/heilsteine-kristalle-kaufen\/\">Healing stones &amp; crystals<\/a> | Quarze &amp; Bergkristalle<\/p>\n<hr data-start=\"2311\" data-end=\"2314\" \/>\n<h4 data-start=\"2316\" data-end=\"2335\"><span class=\"ez-toc-section\" id=\"_Weitere_Infos\"><\/span>\u00a0Further information<span class=\"ez-toc-section-end\"><\/span><\/h4>\n<p data-start=\"2336\" data-end=\"2389\">Wikipedia:<a class=\"decorated-link\" href=\"https:\/\/de.wikipedia.org\/wiki\/Bergkristall\" target=\"_new\" rel=\"noopener\" data-start=\"2347\" data-end=\"2389\">Bergkristall<\/a><\/p>","protected":false},"excerpt":{"rendered":"<p><em>Die Spitze Bergkristall Geschnitten ist ein 1262 g schweres Einzelst\u00fcck aus Brasilien. Dieser kraftvolle Heilstein reinigt, harmonisiert und unterst\u00fctzt mentale Klarheit, energetische Balance und spirituelle Entwicklung.<\/em><\/p>","protected":false},"featured_media":5526,"comment_status":"open","ping_status":"closed","template":"","meta":{"_glsr_average":0,"_glsr_ranking":0,"_glsr_reviews":0},"product_brand":[],"product_cat":[84],"product_tag":[],"class_list":{"0":"post-5525","1":"product","2":"type-product","3":"status-publish","4":"has-post-thumbnail","6":"product_cat-rohsteine-kaufen","8":"first","9":"instock","10":"taxable","11":"shipping-taxable","12":"purchasable","13":"product-type-simple","14":"add-to-wishlist-before_image"},"jetpack_sharing_enabled":true,"_links":{"self":[{"href":"https:\/\/saphirsmaragd.com\/en\/wp-json\/wp\/v2\/product\/5525","targetHints":{"allow":["GET"]}}],"collection":[{"href":"https:\/\/saphirsmaragd.com\/en\/wp-json\/wp\/v2\/product"}],"about":[{"href":"https:\/\/saphirsmaragd.com\/en\/wp-json\/wp\/v2\/types\/product"}],"replies":[{"embeddable":true,"href":"https:\/\/saphirsmaragd.com\/en\/wp-json\/wp\/v2\/comments?post=5525"}],"version-history":[{"count":1,"href":"https:\/\/saphirsmaragd.com\/en\/wp-json\/wp\/v2\/product\/5525\/revisions"}],"predecessor-version":[{"id":5527,"href":"https:\/\/saphirsmaragd.com\/en\/wp-json\/wp\/v2\/product\/5525\/revisions\/5527"}],"wp:featuredmedia":[{"embeddable":true,"href":"https:\/\/saphirsmaragd.com\/en\/wp-json\/wp\/v2\/media\/5526"}],"wp:attachment":[{"href":"https:\/\/saphirsmaragd.com\/en\/wp-json\/wp\/v2\/media?parent=5525"}],"wp:term":[{"taxonomy":"product_brand","embeddable":true,"href":"https:\/\/saphirsmaragd.com\/en\/wp-json\/wp\/v2\/product_brand?post=5525"},{"taxonomy":"product_cat","embeddable":true,"href":"https:\/\/saphirsmaragd.com\/en\/wp-json\/wp\/v2\/product_cat?post=5525"},{"taxonomy":"product_tag","embeddable":true,"href":"https:\/\/saphirsmaragd.com\/en\/wp-json\/wp\/v2\/product_tag?post=5525"}],"curies":[{"name":"wp","href":"https:\/\/api.w.org\/{rel}","templated":true}]}}