{"id":5700,"date":"2025-11-24T23:26:07","date_gmt":"2025-11-24T23:26:07","guid":{"rendered":"https:\/\/saphirsmaragd.com\/?post_type=product&#038;p=5700"},"modified":"2025-12-05T10:27:56","modified_gmt":"2025-12-05T10:27:56","slug":"anhaenger-mit-versteinertem-palmholz-rund","status":"publish","type":"product","link":"https:\/\/saphirsmaragd.com\/en\/product\/anhaenger-mit-versteinertem-palmholz-rund\/","title":{"rendered":"Anh\u00e4nger mit versteinertem Palmholz Rund \u2013 Silber 925 \u2013 Einzigartiges St\u00fcck"},"content":{"rendered":"<div id=\"ez-toc-container\" class=\"ez-toc-v2_0_82_2 counter-hierarchy ez-toc-counter ez-toc-grey ez-toc-container-direction\">\n<div class=\"ez-toc-title-container\">\n<p class=\"ez-toc-title\" style=\"cursor:inherit\">Table of Contents<\/p>\n<span class=\"ez-toc-title-toggle\"><a href=\"#\" class=\"ez-toc-pull-right ez-toc-btn ez-toc-btn-xs ez-toc-btn-default ez-toc-toggle\" aria-label=\"Toggle Table of Content\"><span class=\"ez-toc-js-icon-con\"><span class=\"\"><span class=\"eztoc-hide\" style=\"display:none;\">Toggle<\/span><span class=\"ez-toc-icon-toggle-span\"><svg style=\"fill: #999;color:#999\" xmlns=\"http:\/\/www.w3.org\/2000\/svg\" class=\"list-377408\" width=\"20px\" height=\"20px\" viewbox=\"0 0 24 24\" fill=\"none\"><path d=\"M6 6H4v2h2V6zm14 0H8v2h12V6zM4 11h2v2H4v-2zm16 0H8v2h12v-2zM4 16h2v2H4v-2zm16 0H8v2h12v-2z\" fill=\"currentColor\"><\/path><\/svg><svg style=\"fill: #999;color:#999\" class=\"arrow-unsorted-368013\" xmlns=\"http:\/\/www.w3.org\/2000\/svg\" width=\"10px\" height=\"10px\" viewbox=\"0 0 24 24\" version=\"1.2\" baseprofile=\"tiny\"><path d=\"M18.2 9.3l-6.2-6.3-6.2 6.3c-.2.2-.3.4-.3.7s.1.5.3.7c.2.2.4.3.7.3h11c.3 0 .5-.1.7-.3.2-.2.3-.5.3-.7s-.1-.5-.3-.7zM5.8 14.7l6.2 6.3 6.2-6.3c.2-.2.3-.5.3-.7s-.1-.5-.3-.7c-.2-.2-.4-.3-.7-.3h-11c-.3 0-.5.1-.7.3-.2.2-.3.5-.3.7s.1.5.3.7z\"\/><\/svg><\/span><\/span><\/span><\/a><\/span><\/div>\n<nav><ul class='ez-toc-list ez-toc-list-level-1' ><li class='ez-toc-page-1 ez-toc-heading-level-4'><a class=\"ez-toc-link ez-toc-heading-1\" href=\"https:\/\/saphirsmaragd.com\/en\/product\/anhaenger-mit-versteinertem-palmholz-rund\/#Anhanger_mit_versteinertem_Palmholz_Rund_%E2%80%93_Silber_925_%E2%80%93_Einzigartiges_Stuck\" >Anh\u00e4nger mit versteinertem Palmholz Rund \u2013 Silber 925 \u2013 Einzigartiges St\u00fcck<\/a><\/li><li class='ez-toc-page-1 ez-toc-heading-level-4'><a class=\"ez-toc-link ez-toc-heading-2\" href=\"https:\/\/saphirsmaragd.com\/en\/product\/anhaenger-mit-versteinertem-palmholz-rund\/#_Merkmale_Herkunft\" >\u00a0Characteristics &amp; Origin<\/a><\/li><li class='ez-toc-page-1 ez-toc-heading-level-4'><a class=\"ez-toc-link ez-toc-heading-3\" href=\"https:\/\/saphirsmaragd.com\/en\/product\/anhaenger-mit-versteinertem-palmholz-rund\/#_Besonderheiten\" >\u00a0Special features<\/a><\/li><li class='ez-toc-page-1 ez-toc-heading-level-4'><a class=\"ez-toc-link ez-toc-heading-4\" href=\"https:\/\/saphirsmaragd.com\/en\/product\/anhaenger-mit-versteinertem-palmholz-rund\/#_Mehr_uber_versteinertes_Palmholz_Heilsteine\" >\u00a0Mehr \u00fcber versteinertes Palmholz &amp; Heilsteine<\/a><\/li><li class='ez-toc-page-1 ez-toc-heading-level-4'><a class=\"ez-toc-link ez-toc-heading-5\" href=\"https:\/\/saphirsmaragd.com\/en\/product\/anhaenger-mit-versteinertem-palmholz-rund\/#_Weitere_Infos\" >\u00a0Further information<\/a><\/li><\/ul><\/nav><\/div>\n<h4 data-start=\"1112\" data-end=\"1221\"><span class=\"ez-toc-section\" id=\"Anhanger_mit_versteinertem_Palmholz_Rund_%E2%80%93_Silber_925_%E2%80%93_Einzigartiges_Stuck\"><\/span><strong data-start=\"1114\" data-end=\"1219\">Anh\u00e4nger mit versteinertem Palmholz Rund \u2013 Silber 925 \u2013 Einzigartiges St\u00fcck<\/strong><span class=\"ez-toc-section-end\"><\/span><\/h4>\n<p data-start=\"1222\" data-end=\"1410\">The <em data-start=\"1226\" data-end=\"1268\">Anh\u00e4nger mit versteinertem Palmholz Rund<\/em> ist ein au\u00dfergew\u00f6hnliches Unikat aus fossilem Palmholz, gefasst in hochwertigem 925 Silber. Sie erhalten exakt das fotografierte Einzelst\u00fcck.<\/p>\n<hr data-start=\"3123\" data-end=\"3126\" \/>\n<h4 data-start=\"1412\" data-end=\"1480\"><span class=\"ez-toc-section\" id=\"_Merkmale_Herkunft\"><\/span>\u00a0Characteristics &amp; Origin<span class=\"ez-toc-section-end\"><\/span><\/h4>\n<p data-start=\"1481\" data-end=\"1824\">Color: Brown<br data-start=\"1493\" data-end=\"1496\" \/>Shape: Round<br data-start=\"1561\" data-end=\"1564\" \/>Ma\u00dfe: 2,9 cm Durchmesser (Stein); Gesamtl\u00e4nge ca. 4,2 cm (inkl. \u00d6se)<br data-start=\"1632\" data-end=\"1635\" \/>Purity: Natural<br data-start=\"1654\" data-end=\"1657\" \/>Behandlung: Keine Angabe<br data-start=\"1715\" data-end=\"1718\" \/>Steinart: Versteinertes Palmholz<br data-start=\"1750\" data-end=\"1753\" \/>Material: 925 Silber<br data-start=\"1773\" data-end=\"1776\" \/>Jewelry type: Pendant<br data-start=\"1796\" data-end=\"1799\" \/>Gr\u00f6\u00dfe\/L\u00e4nge: ca. 4,2 cm<\/p>\n<hr data-start=\"3123\" data-end=\"3126\" \/>\n<h4 data-start=\"1826\" data-end=\"1848\"><span class=\"ez-toc-section\" id=\"_Besonderheiten\"><\/span>\u00a0Special features<span class=\"ez-toc-section-end\"><\/span><\/h4>\n<p data-start=\"1849\" data-end=\"2301\">Versteinertes Palmholz hat eine stark erdende, sch\u00fctzende und stabilisierende Energie. Es bewahrt vor negativen Einfl\u00fcssen und hilft dabei, sich sicher, geborgen und im Hier und Jetzt verankert zu f\u00fchlen. Besonders auf Reisen oder in Situationen, in denen man sich fremd oder unsicher f\u00fchlt, schenkt dieses Fossil Ruhe und Stabilit\u00e4t. Auch f\u00fcr Kinder und Babys eignet es sich hervorragend, um ein sanftes Gef\u00fchl von Erdung und Sicherheit zu vermitteln.<\/p>\n<p data-start=\"2303\" data-end=\"2780\">Emotional und mental unterst\u00fctzt versteinertes Palmholz beim L\u00f6sen alter oder belastender Emotionen wie Angst, Wut oder Traurigkeit. Es f\u00f6rdert Geduld, innere St\u00e4rke und Gelassenheit und hilft, Reiz\u00fcberflutung und innere Unruhe zu reduzieren. Menschen mit hoher Sensitivit\u00e4t profitieren besonders von seiner beruhigenden Energie. Das Fossil st\u00e4rkt die Verbindung zur Natur und zum eigenen inneren Gleichgewicht und hilft dabei, sich selbst und das Leben positiver zu empfinden.<\/p>\n<hr data-start=\"3123\" data-end=\"3126\" \/>\n<h4 data-start=\"2782\" data-end=\"2835\"><span class=\"ez-toc-section\" id=\"_Mehr_uber_versteinertes_Palmholz_Heilsteine\"><\/span>\u00a0Mehr \u00fcber versteinertes Palmholz &amp; Heilsteine<span class=\"ez-toc-section-end\"><\/span><\/h4>\n<p data-start=\"2836\" data-end=\"3015\"><a href=\"https:\/\/saphirsmaragd.com\/en\/product-category\/heilsteine-kristalle-kaufen\/\">Healing stones &amp; crystals<\/a> | Fossile &amp; Erdsteine<\/p>\n<hr data-start=\"3123\" data-end=\"3126\" \/>\n<h4 data-start=\"3017\" data-end=\"3038\"><span class=\"ez-toc-section\" id=\"_Weitere_Infos\"><\/span>\u00a0Further information<span class=\"ez-toc-section-end\"><\/span><\/h4>\n<p data-start=\"3039\" data-end=\"3121\"><a href=\"https:\/\/de.wikipedia.org\/wiki\/Versteinertes_Holz\" target=\"_blank\" rel=\"noopener\">Wikipedia \u2013 Versteinertes Holz<\/a><\/p>","protected":false},"excerpt":{"rendered":"<p><em>Der Anh\u00e4nger mit versteinertem Palmholz Rund ist ein einzigartiges Unikat aus 925 Silber. Sie erhalten genau das abgebildete St\u00fcck. Versteinertes Palmholz wirkt erdend, sch\u00fctzend und beruhigend und st\u00e4rkt Geduld, Sicherheit und die Verbindung mit der Natur.<\/em><\/p>","protected":false},"featured_media":5701,"comment_status":"open","ping_status":"closed","template":"","meta":{"_glsr_average":0,"_glsr_ranking":0,"_glsr_reviews":0},"product_brand":[],"product_cat":[87],"product_tag":[],"class_list":{"0":"post-5700","1":"product","2":"type-product","3":"status-publish","4":"has-post-thumbnail","6":"product_cat-edelstein-anhaenger","8":"first","9":"instock","10":"shipping-taxable","11":"purchasable","12":"product-type-simple","13":"add-to-wishlist-before_image"},"jetpack_sharing_enabled":true,"_links":{"self":[{"href":"https:\/\/saphirsmaragd.com\/en\/wp-json\/wp\/v2\/product\/5700","targetHints":{"allow":["GET"]}}],"collection":[{"href":"https:\/\/saphirsmaragd.com\/en\/wp-json\/wp\/v2\/product"}],"about":[{"href":"https:\/\/saphirsmaragd.com\/en\/wp-json\/wp\/v2\/types\/product"}],"replies":[{"embeddable":true,"href":"https:\/\/saphirsmaragd.com\/en\/wp-json\/wp\/v2\/comments?post=5700"}],"version-history":[{"count":1,"href":"https:\/\/saphirsmaragd.com\/en\/wp-json\/wp\/v2\/product\/5700\/revisions"}],"predecessor-version":[{"id":5703,"href":"https:\/\/saphirsmaragd.com\/en\/wp-json\/wp\/v2\/product\/5700\/revisions\/5703"}],"wp:featuredmedia":[{"embeddable":true,"href":"https:\/\/saphirsmaragd.com\/en\/wp-json\/wp\/v2\/media\/5701"}],"wp:attachment":[{"href":"https:\/\/saphirsmaragd.com\/en\/wp-json\/wp\/v2\/media?parent=5700"}],"wp:term":[{"taxonomy":"product_brand","embeddable":true,"href":"https:\/\/saphirsmaragd.com\/en\/wp-json\/wp\/v2\/product_brand?post=5700"},{"taxonomy":"product_cat","embeddable":true,"href":"https:\/\/saphirsmaragd.com\/en\/wp-json\/wp\/v2\/product_cat?post=5700"},{"taxonomy":"product_tag","embeddable":true,"href":"https:\/\/saphirsmaragd.com\/en\/wp-json\/wp\/v2\/product_tag?post=5700"}],"curies":[{"name":"wp","href":"https:\/\/api.w.org\/{rel}","templated":true}]}}