{"id":5713,"date":"2025-11-25T10:20:56","date_gmt":"2025-11-25T10:20:56","guid":{"rendered":"https:\/\/saphirsmaragd.com\/?post_type=product&#038;p=5713"},"modified":"2025-12-05T10:27:47","modified_gmt":"2025-12-05T10:27:47","slug":"anhaenger-mit-versteinertem-palmholz-gruen","status":"publish","type":"product","link":"https:\/\/saphirsmaragd.com\/en\/product\/anhaenger-mit-versteinertem-palmholz-gruen\/","title":{"rendered":"Anh\u00e4nger mit versteinertem Palmholz Gr\u00fcn Oval \u2013 Handgefertigt aus 925 Silber"},"content":{"rendered":"<div id=\"ez-toc-container\" class=\"ez-toc-v2_0_82_2 counter-hierarchy ez-toc-counter ez-toc-grey ez-toc-container-direction\">\n<div class=\"ez-toc-title-container\">\n<p class=\"ez-toc-title\" style=\"cursor:inherit\">Table of Contents<\/p>\n<span class=\"ez-toc-title-toggle\"><a href=\"#\" class=\"ez-toc-pull-right ez-toc-btn ez-toc-btn-xs ez-toc-btn-default ez-toc-toggle\" aria-label=\"Toggle Table of Content\"><span class=\"ez-toc-js-icon-con\"><span class=\"\"><span class=\"eztoc-hide\" style=\"display:none;\">Toggle<\/span><span class=\"ez-toc-icon-toggle-span\"><svg style=\"fill: #999;color:#999\" xmlns=\"http:\/\/www.w3.org\/2000\/svg\" class=\"list-377408\" width=\"20px\" height=\"20px\" viewbox=\"0 0 24 24\" fill=\"none\"><path d=\"M6 6H4v2h2V6zm14 0H8v2h12V6zM4 11h2v2H4v-2zm16 0H8v2h12v-2zM4 16h2v2H4v-2zm16 0H8v2h12v-2z\" fill=\"currentColor\"><\/path><\/svg><svg style=\"fill: #999;color:#999\" class=\"arrow-unsorted-368013\" xmlns=\"http:\/\/www.w3.org\/2000\/svg\" width=\"10px\" height=\"10px\" viewbox=\"0 0 24 24\" version=\"1.2\" baseprofile=\"tiny\"><path d=\"M18.2 9.3l-6.2-6.3-6.2 6.3c-.2.2-.3.4-.3.7s.1.5.3.7c.2.2.4.3.7.3h11c.3 0 .5-.1.7-.3.2-.2.3-.5.3-.7s-.1-.5-.3-.7zM5.8 14.7l6.2 6.3 6.2-6.3c.2-.2.3-.5.3-.7s-.1-.5-.3-.7c-.2-.2-.4-.3-.7-.3h-11c-.3 0-.5.1-.7.3-.2.2-.3.5-.3.7s.1.5.3.7z\"\/><\/svg><\/span><\/span><\/span><\/a><\/span><\/div>\n<nav><ul class='ez-toc-list ez-toc-list-level-1' ><li class='ez-toc-page-1 ez-toc-heading-level-4'><a class=\"ez-toc-link ez-toc-heading-1\" href=\"https:\/\/saphirsmaragd.com\/en\/product\/anhaenger-mit-versteinertem-palmholz-gruen\/#Anhanger_mit_versteinertem_Palmholz_Grun_Oval_%E2%80%93_Handgefertigt_aus_925_Silber\" >Anh\u00e4nger mit versteinertem Palmholz Gr\u00fcn Oval \u2013 Handgefertigt aus 925 Silber<\/a><\/li><li class='ez-toc-page-1 ez-toc-heading-level-4'><a class=\"ez-toc-link ez-toc-heading-2\" href=\"https:\/\/saphirsmaragd.com\/en\/product\/anhaenger-mit-versteinertem-palmholz-gruen\/#Merkmale_Herkunft\" >Characteristics &amp; Origin<\/a><\/li><li class='ez-toc-page-1 ez-toc-heading-level-4'><a class=\"ez-toc-link ez-toc-heading-3\" href=\"https:\/\/saphirsmaragd.com\/en\/product\/anhaenger-mit-versteinertem-palmholz-gruen\/#Besonderheiten\" >Special features<\/a><\/li><li class='ez-toc-page-1 ez-toc-heading-level-4'><a class=\"ez-toc-link ez-toc-heading-4\" href=\"https:\/\/saphirsmaragd.com\/en\/product\/anhaenger-mit-versteinertem-palmholz-gruen\/#Mehr_uber_Fossilien_Heilsteine\" >Mehr \u00fcber Fossilien &amp; Heilsteine<\/a><\/li><li class='ez-toc-page-1 ez-toc-heading-level-4'><a class=\"ez-toc-link ez-toc-heading-5\" href=\"https:\/\/saphirsmaragd.com\/en\/product\/anhaenger-mit-versteinertem-palmholz-gruen\/#Weitere_Infos\" >Further information<\/a><\/li><\/ul><\/nav><\/div>\n<h4 data-start=\"872\" data-end=\"956\"><span class=\"ez-toc-section\" id=\"Anhanger_mit_versteinertem_Palmholz_Grun_Oval_%E2%80%93_Handgefertigt_aus_925_Silber\"><\/span><strong data-start=\"874\" data-end=\"954\">Anh\u00e4nger mit versteinertem Palmholz Gr\u00fcn Oval \u2013 Handgefertigt aus 925 Silber<\/strong><span class=\"ez-toc-section-end\"><\/span><\/h4>\n<p data-start=\"957\" data-end=\"1137\">Dieser einzigartige Anh\u00e4nger mit versteinertem Palmholz Gr\u00fcn Oval vereint edles 925 Sterling Silber mit der beruhigenden und erdenden Energie eines gr\u00fcnen fossilen Natursteins.<\/p>\n<hr data-start=\"1139\" data-end=\"1142\" \/>\n<h4 data-start=\"1144\" data-end=\"1173\"><span class=\"ez-toc-section\" id=\"Merkmale_Herkunft\"><\/span><strong data-start=\"1150\" data-end=\"1173\">Characteristics &amp; Origin<\/strong><span class=\"ez-toc-section-end\"><\/span><\/h4>\n<p data-start=\"1174\" data-end=\"1530\">Farbe: Gr\u00fcn gemasert<br data-start=\"1194\" data-end=\"1197\" \/>Shape: Oval<br data-start=\"1262\" data-end=\"1265\" \/>Ma\u00dfe: Stein ca. 3,2 \u00d7 2 cm | Gesamtl\u00e4nge ca. 4,5 cm<br data-start=\"1316\" data-end=\"1319\" \/>Reinheit: Naturmaterial<br data-start=\"1342\" data-end=\"1345\" \/>Treatment: Untreated<br data-start=\"1402\" data-end=\"1405\" \/>Steinart: Versteinertes Palmholz<br data-start=\"1437\" data-end=\"1440\" \/>Material: 925 Sterling Silber<br data-start=\"1469\" data-end=\"1472\" \/>Jewelry type: Pendant<br data-start=\"1492\" data-end=\"1495\" \/>Gr\u00f6\u00dfe\/L\u00e4nge: ca. 4,5 cm (inkl. \u00d6se)<\/p>\n<hr data-start=\"1532\" data-end=\"1535\" \/>\n<h4 data-start=\"1537\" data-end=\"1561\"><span class=\"ez-toc-section\" id=\"Besonderheiten\"><\/span><strong data-start=\"1543\" data-end=\"1561\">Special features<\/strong><span class=\"ez-toc-section-end\"><\/span><\/h4>\n<p data-start=\"1562\" data-end=\"1951\">Der Anh\u00e4nger mit versteinertem Palmholz Gr\u00fcn Oval besitzt eine besondere sanfte, aber kraftvolle Erdenergie. Versteinertes Palmholz wirkt ausgleichend, sch\u00fctzend und stabilisierend und hilft dabei, innere Ruhe und Sicherheit zu finden. Durch seine nat\u00fcrliche Schutzwirkung unterst\u00fctzt dieser Stein dabei, negative Einfl\u00fcsse abzuwehren und sich im Alltag oder auf Reisen geborgen zu f\u00fchlen.<\/p>\n<p data-start=\"1953\" data-end=\"2436\">Emotional tr\u00e4gt der Stein dazu bei, \u00c4ngste, Traurigkeit und innere Unruhe loszulassen. Er st\u00e4rkt Geduld, Gelassenheit und emotionale Stabilit\u00e4t und ist besonders hilfreich f\u00fcr Menschen mit hoher Sensibilit\u00e4t oder bei \u00dcberreizung. Spirituell wirkt versteinertes Palmholz stark \u00fcber das Wurzelchakra und hilft, die Verbindung zu nat\u00fcrlichen Rhythmen sowie zur eigenen Lebensenergie zu vertiefen. Damit eignet er sich hervorragend f\u00fcr Meditation, Erdungsarbeit und energetische Balance.<\/p>\n<hr data-start=\"2438\" data-end=\"2441\" \/>\n<h4 data-start=\"2443\" data-end=\"2487\"><span class=\"ez-toc-section\" id=\"Mehr_uber_Fossilien_Heilsteine\"><\/span><strong data-start=\"2449\" data-end=\"2485\">Mehr \u00fcber Fossilien &amp; Heilsteine<\/strong><span class=\"ez-toc-section-end\"><\/span><\/h4>\n<p data-start=\"2488\" data-end=\"2529\"><a href=\"https:\/\/saphirsmaragd.com\/en\/product-category\/heilsteine-kristalle-kaufen\/\">Healing stones &amp; crystals<\/a> | Saphir &amp; Smaragd<\/p>\n<hr data-start=\"2531\" data-end=\"2534\" \/>\n<h4 data-start=\"2536\" data-end=\"2561\"><span class=\"ez-toc-section\" id=\"Weitere_Infos\"><\/span><strong data-start=\"2542\" data-end=\"2559\">Further information<\/strong><span class=\"ez-toc-section-end\"><\/span><\/h4>\n<p data-start=\"2562\" data-end=\"2621\">Wikipedia: <a class=\"decorated-link\" href=\"https:\/\/de.wikipedia.org\/wiki\/Versteinertes_Holz\" target=\"_new\" rel=\"noopener\" data-start=\"2573\" data-end=\"2621\">Versteinertes_Holz<\/a><\/p>","protected":false},"excerpt":{"rendered":"<p><em>Der Anh\u00e4nger mit versteinertem Palmholz Gr\u00fcn Oval ist ein handgefertigtes Unikat aus 925 Silber. Dieser fossile Naturstein wirkt erdend, sch\u00fctzend und stabilisierend und eignet sich ideal f\u00fcr t\u00e4gliches Tragen oder spirituelle Anwendungen.<\/em><\/p>","protected":false},"featured_media":5714,"comment_status":"open","ping_status":"closed","template":"","meta":{"_glsr_average":0,"_glsr_ranking":0,"_glsr_reviews":0},"product_brand":[],"product_cat":[87],"product_tag":[],"class_list":{"0":"post-5713","1":"product","2":"type-product","3":"status-publish","4":"has-post-thumbnail","6":"product_cat-edelstein-anhaenger","8":"first","9":"instock","10":"shipping-taxable","11":"purchasable","12":"product-type-simple","13":"add-to-wishlist-before_image"},"jetpack_sharing_enabled":true,"_links":{"self":[{"href":"https:\/\/saphirsmaragd.com\/en\/wp-json\/wp\/v2\/product\/5713","targetHints":{"allow":["GET"]}}],"collection":[{"href":"https:\/\/saphirsmaragd.com\/en\/wp-json\/wp\/v2\/product"}],"about":[{"href":"https:\/\/saphirsmaragd.com\/en\/wp-json\/wp\/v2\/types\/product"}],"replies":[{"embeddable":true,"href":"https:\/\/saphirsmaragd.com\/en\/wp-json\/wp\/v2\/comments?post=5713"}],"version-history":[{"count":1,"href":"https:\/\/saphirsmaragd.com\/en\/wp-json\/wp\/v2\/product\/5713\/revisions"}],"predecessor-version":[{"id":5716,"href":"https:\/\/saphirsmaragd.com\/en\/wp-json\/wp\/v2\/product\/5713\/revisions\/5716"}],"wp:featuredmedia":[{"embeddable":true,"href":"https:\/\/saphirsmaragd.com\/en\/wp-json\/wp\/v2\/media\/5714"}],"wp:attachment":[{"href":"https:\/\/saphirsmaragd.com\/en\/wp-json\/wp\/v2\/media?parent=5713"}],"wp:term":[{"taxonomy":"product_brand","embeddable":true,"href":"https:\/\/saphirsmaragd.com\/en\/wp-json\/wp\/v2\/product_brand?post=5713"},{"taxonomy":"product_cat","embeddable":true,"href":"https:\/\/saphirsmaragd.com\/en\/wp-json\/wp\/v2\/product_cat?post=5713"},{"taxonomy":"product_tag","embeddable":true,"href":"https:\/\/saphirsmaragd.com\/en\/wp-json\/wp\/v2\/product_tag?post=5713"}],"curies":[{"name":"wp","href":"https:\/\/api.w.org\/{rel}","templated":true}]}}