{"id":5717,"date":"2025-11-25T10:25:31","date_gmt":"2025-11-25T10:25:31","guid":{"rendered":"https:\/\/saphirsmaragd.com\/?post_type=product&#038;p=5717"},"modified":"2025-12-05T10:27:44","modified_gmt":"2025-12-05T10:27:44","slug":"anhaenger-mit-azurit-tuerkis-tropfen","status":"publish","type":"product","link":"https:\/\/saphirsmaragd.com\/en\/product\/anhaenger-mit-azurit-tuerkis-tropfen\/","title":{"rendered":"Anh\u00e4nger mit Azurit T\u00fcrkis Tropfen \u2013 Handgefertigt aus 925 Silber"},"content":{"rendered":"<div id=\"ez-toc-container\" class=\"ez-toc-v2_0_82_2 counter-hierarchy ez-toc-counter ez-toc-grey ez-toc-container-direction\">\n<div class=\"ez-toc-title-container\">\n<p class=\"ez-toc-title\" style=\"cursor:inherit\">Table of Contents<\/p>\n<span class=\"ez-toc-title-toggle\"><a href=\"#\" class=\"ez-toc-pull-right ez-toc-btn ez-toc-btn-xs ez-toc-btn-default ez-toc-toggle\" aria-label=\"Toggle Table of Content\"><span class=\"ez-toc-js-icon-con\"><span class=\"\"><span class=\"eztoc-hide\" style=\"display:none;\">Toggle<\/span><span class=\"ez-toc-icon-toggle-span\"><svg style=\"fill: #999;color:#999\" xmlns=\"http:\/\/www.w3.org\/2000\/svg\" class=\"list-377408\" width=\"20px\" height=\"20px\" viewbox=\"0 0 24 24\" fill=\"none\"><path d=\"M6 6H4v2h2V6zm14 0H8v2h12V6zM4 11h2v2H4v-2zm16 0H8v2h12v-2zM4 16h2v2H4v-2zm16 0H8v2h12v-2z\" fill=\"currentColor\"><\/path><\/svg><svg style=\"fill: #999;color:#999\" class=\"arrow-unsorted-368013\" xmlns=\"http:\/\/www.w3.org\/2000\/svg\" width=\"10px\" height=\"10px\" viewbox=\"0 0 24 24\" version=\"1.2\" baseprofile=\"tiny\"><path d=\"M18.2 9.3l-6.2-6.3-6.2 6.3c-.2.2-.3.4-.3.7s.1.5.3.7c.2.2.4.3.7.3h11c.3 0 .5-.1.7-.3.2-.2.3-.5.3-.7s-.1-.5-.3-.7zM5.8 14.7l6.2 6.3 6.2-6.3c.2-.2.3-.5.3-.7s-.1-.5-.3-.7c-.2-.2-.4-.3-.7-.3h-11c-.3 0-.5.1-.7.3-.2.2-.3.5-.3.7s.1.5.3.7z\"\/><\/svg><\/span><\/span><\/span><\/a><\/span><\/div>\n<nav><ul class='ez-toc-list ez-toc-list-level-1' ><li class='ez-toc-page-1 ez-toc-heading-level-4'><a class=\"ez-toc-link ez-toc-heading-1\" href=\"https:\/\/saphirsmaragd.com\/en\/product\/anhaenger-mit-azurit-tuerkis-tropfen\/#Anhanger_mit_Azurit_Turkis_Tropfen_%E2%80%93_Handgefertigt_aus_925_Silber\" >Anh\u00e4nger mit Azurit T\u00fcrkis Tropfen \u2013 Handgefertigt aus 925 Silber<\/a><\/li><li class='ez-toc-page-1 ez-toc-heading-level-4'><a class=\"ez-toc-link ez-toc-heading-2\" href=\"https:\/\/saphirsmaragd.com\/en\/product\/anhaenger-mit-azurit-tuerkis-tropfen\/#Merkmale_Herkunft\" >Characteristics &amp; Origin<\/a><\/li><li class='ez-toc-page-1 ez-toc-heading-level-4'><a class=\"ez-toc-link ez-toc-heading-3\" href=\"https:\/\/saphirsmaragd.com\/en\/product\/anhaenger-mit-azurit-tuerkis-tropfen\/#Besonderheiten\" >Special features<\/a><\/li><li class='ez-toc-page-1 ez-toc-heading-level-4'><a class=\"ez-toc-link ez-toc-heading-4\" href=\"https:\/\/saphirsmaragd.com\/en\/product\/anhaenger-mit-azurit-tuerkis-tropfen\/#Mehr_uber_Azurite_Heilsteine\" >Mehr \u00fcber Azurite &amp; Heilsteine<\/a><\/li><li class='ez-toc-page-1 ez-toc-heading-level-4'><a class=\"ez-toc-link ez-toc-heading-5\" href=\"https:\/\/saphirsmaragd.com\/en\/product\/anhaenger-mit-azurit-tuerkis-tropfen\/#Weitere_Infos\" >Further information<\/a><\/li><\/ul><\/nav><\/div>\n<h4 data-start=\"801\" data-end=\"874\"><span class=\"ez-toc-section\" id=\"Anhanger_mit_Azurit_Turkis_Tropfen_%E2%80%93_Handgefertigt_aus_925_Silber\"><\/span><strong data-start=\"803\" data-end=\"872\">Anh\u00e4nger mit Azurit T\u00fcrkis Tropfen \u2013 Handgefertigt aus 925 Silber<\/strong><span class=\"ez-toc-section-end\"><\/span><\/h4>\n<p data-start=\"875\" data-end=\"1041\">Dieser besondere Anh\u00e4nger mit Azurit T\u00fcrkis Tropfen vereint zwei kraftvolle Edelsteine, die geistige Klarheit, Schutz, Intuition und energetische Balance f\u00f6rdern.<\/p>\n<hr data-start=\"1043\" data-end=\"1046\" \/>\n<h4 data-start=\"1048\" data-end=\"1077\"><span class=\"ez-toc-section\" id=\"Merkmale_Herkunft\"><\/span><strong data-start=\"1054\" data-end=\"1077\">Characteristics &amp; Origin<\/strong><span class=\"ez-toc-section-end\"><\/span><\/h4>\n<p data-start=\"1078\" data-end=\"1438\">Farbe: Blau, t\u00fcrkis gemischt<br data-start=\"1106\" data-end=\"1109\" \/>Shape: Drop<br data-start=\"1177\" data-end=\"1180\" \/>Ma\u00dfe: Stein ca. 3,6 \u00d7 2,1 cm | Gesamtl\u00e4nge ca. 5 cm<br data-start=\"1231\" data-end=\"1234\" \/>Reinheit: Naturmaterial<br data-start=\"1257\" data-end=\"1260\" \/>Treatment: Untreated<br data-start=\"1317\" data-end=\"1320\" \/>Steinart: Azurit mit T\u00fcrkis<br data-start=\"1347\" data-end=\"1350\" \/>Material: 925 Sterling Silber<br data-start=\"1379\" data-end=\"1382\" \/>Jewelry type: Pendant<br data-start=\"1402\" data-end=\"1405\" \/>Gr\u00f6\u00dfe\/L\u00e4nge: ca. 5 cm (inkl. \u00d6se)<\/p>\n<hr data-start=\"1440\" data-end=\"1443\" \/>\n<h4 data-start=\"1445\" data-end=\"1469\"><span class=\"ez-toc-section\" id=\"Besonderheiten\"><\/span><strong data-start=\"1451\" data-end=\"1469\">Special features<\/strong><span class=\"ez-toc-section-end\"><\/span><\/h4>\n<p data-start=\"1470\" data-end=\"1856\">Der Anh\u00e4nger mit Azurit T\u00fcrkis Tropfen verbindet die intuitive Kraft des Azurits mit der sch\u00fctzenden und ausgleichenden Energie des T\u00fcrkis. Azurit wirkt tief auf mentaler und spiritueller Ebene: Er \u00f6ffnet und aktiviert das Stirnchakra, wodurch Intuition, Einsicht und geistige Klarheit gest\u00e4rkt werden. Der Stein unterst\u00fctzt Meditation, Visualisierung und spirituelle Weiterentwicklung.<\/p>\n<p data-start=\"1858\" data-end=\"2224\">T\u00fcrkis bringt harmonisierende, sch\u00fctzende und stabilisierende Eigenschaften ein. Er unterst\u00fctzt Selbstexpression, f\u00f6rdert innere Balance und gilt als starker Schutzstein, der negative Energien abwehrt und Gl\u00fcck sowie Wohlstand anzieht. Gemeinsam bilden diese beiden Steine eine kraftvolle Kombination f\u00fcr Menschen, die Klarheit, Schutz und spirituelle Erdung suchen.<\/p>\n<hr data-start=\"2226\" data-end=\"2229\" \/>\n<h4 data-start=\"2231\" data-end=\"2273\"><span class=\"ez-toc-section\" id=\"Mehr_uber_Azurite_Heilsteine\"><\/span><strong data-start=\"2237\" data-end=\"2271\">Mehr \u00fcber Azurite &amp; Heilsteine<\/strong><span class=\"ez-toc-section-end\"><\/span><\/h4>\n<p data-start=\"2274\" data-end=\"2315\"><a href=\"https:\/\/saphirsmaragd.com\/en\/product-category\/heilsteine-kristalle-kaufen\/\">Healing stones &amp; crystals<\/a> | Saphir &amp; Smaragd<\/p>\n<hr data-start=\"2317\" data-end=\"2320\" \/>\n<h4 data-start=\"2322\" data-end=\"2347\"><span class=\"ez-toc-section\" id=\"Weitere_Infos\"><\/span><strong data-start=\"2328\" data-end=\"2345\">Further information<\/strong><span class=\"ez-toc-section-end\"><\/span><\/h4>\n<p data-start=\"2348\" data-end=\"2459\">Wikipedia:<a class=\"decorated-link\" href=\"https:\/\/de.wikipedia.org\/wiki\/Azurit\" target=\"_new\" rel=\"noopener\" data-start=\"2370\" data-end=\"2406\">Azurit<\/a><br data-start=\"2406\" data-end=\"2409\" \/><\/p>","protected":false},"excerpt":{"rendered":"<p><em>Der Anh\u00e4nger mit Azurit T\u00fcrkis Tropfen ist ein einzigartiges handgefertigtes Schmuckst\u00fcck aus 925 Silber. Die Kombination aus Azurit und T\u00fcrkis verbindet intuitive Klarheit mit Schutz, Balance und spiritueller Entwicklung.<\/em><\/p>","protected":false},"featured_media":5718,"comment_status":"open","ping_status":"closed","template":"","meta":{"_glsr_average":0,"_glsr_ranking":0,"_glsr_reviews":0},"product_brand":[],"product_cat":[87],"product_tag":[],"class_list":{"0":"post-5717","1":"product","2":"type-product","3":"status-publish","4":"has-post-thumbnail","6":"product_cat-edelstein-anhaenger","8":"first","9":"instock","10":"shipping-taxable","11":"purchasable","12":"product-type-simple","13":"add-to-wishlist-before_image"},"jetpack_sharing_enabled":true,"_links":{"self":[{"href":"https:\/\/saphirsmaragd.com\/en\/wp-json\/wp\/v2\/product\/5717","targetHints":{"allow":["GET"]}}],"collection":[{"href":"https:\/\/saphirsmaragd.com\/en\/wp-json\/wp\/v2\/product"}],"about":[{"href":"https:\/\/saphirsmaragd.com\/en\/wp-json\/wp\/v2\/types\/product"}],"replies":[{"embeddable":true,"href":"https:\/\/saphirsmaragd.com\/en\/wp-json\/wp\/v2\/comments?post=5717"}],"version-history":[{"count":1,"href":"https:\/\/saphirsmaragd.com\/en\/wp-json\/wp\/v2\/product\/5717\/revisions"}],"predecessor-version":[{"id":5720,"href":"https:\/\/saphirsmaragd.com\/en\/wp-json\/wp\/v2\/product\/5717\/revisions\/5720"}],"wp:featuredmedia":[{"embeddable":true,"href":"https:\/\/saphirsmaragd.com\/en\/wp-json\/wp\/v2\/media\/5718"}],"wp:attachment":[{"href":"https:\/\/saphirsmaragd.com\/en\/wp-json\/wp\/v2\/media?parent=5717"}],"wp:term":[{"taxonomy":"product_brand","embeddable":true,"href":"https:\/\/saphirsmaragd.com\/en\/wp-json\/wp\/v2\/product_brand?post=5717"},{"taxonomy":"product_cat","embeddable":true,"href":"https:\/\/saphirsmaragd.com\/en\/wp-json\/wp\/v2\/product_cat?post=5717"},{"taxonomy":"product_tag","embeddable":true,"href":"https:\/\/saphirsmaragd.com\/en\/wp-json\/wp\/v2\/product_tag?post=5717"}],"curies":[{"name":"wp","href":"https:\/\/api.w.org\/{rel}","templated":true}]}}