{"id":6176,"date":"2025-12-14T16:12:29","date_gmt":"2025-12-14T16:12:29","guid":{"rendered":"https:\/\/saphirsmaragd.com\/?post_type=product&#038;p=6176"},"modified":"2025-12-29T18:49:03","modified_gmt":"2025-12-29T18:49:03","slug":"spinell-1-83-karat-kissen-rot","status":"publish","type":"product","link":"https:\/\/saphirsmaragd.com\/en\/product\/spinell-1-83-karat-kissen-rot\/","title":{"rendered":"Spinell 1.83 Karat Kissen Rot \u2013 Unbehandelter roter Spinell aus Sri Lanka"},"content":{"rendered":"<div id=\"ez-toc-container\" class=\"ez-toc-v2_0_82_2 counter-hierarchy ez-toc-counter ez-toc-grey ez-toc-container-direction\">\n<div class=\"ez-toc-title-container\">\n<p class=\"ez-toc-title\" style=\"cursor:inherit\">Table of Contents<\/p>\n<span class=\"ez-toc-title-toggle\"><a href=\"#\" class=\"ez-toc-pull-right ez-toc-btn ez-toc-btn-xs ez-toc-btn-default ez-toc-toggle\" aria-label=\"Toggle Table of Content\"><span class=\"ez-toc-js-icon-con\"><span class=\"\"><span class=\"eztoc-hide\" style=\"display:none;\">Toggle<\/span><span class=\"ez-toc-icon-toggle-span\"><svg style=\"fill: #999;color:#999\" xmlns=\"http:\/\/www.w3.org\/2000\/svg\" class=\"list-377408\" width=\"20px\" height=\"20px\" viewbox=\"0 0 24 24\" fill=\"none\"><path d=\"M6 6H4v2h2V6zm14 0H8v2h12V6zM4 11h2v2H4v-2zm16 0H8v2h12v-2zM4 16h2v2H4v-2zm16 0H8v2h12v-2z\" fill=\"currentColor\"><\/path><\/svg><svg style=\"fill: #999;color:#999\" class=\"arrow-unsorted-368013\" xmlns=\"http:\/\/www.w3.org\/2000\/svg\" width=\"10px\" height=\"10px\" viewbox=\"0 0 24 24\" version=\"1.2\" baseprofile=\"tiny\"><path d=\"M18.2 9.3l-6.2-6.3-6.2 6.3c-.2.2-.3.4-.3.7s.1.5.3.7c.2.2.4.3.7.3h11c.3 0 .5-.1.7-.3.2-.2.3-.5.3-.7s-.1-.5-.3-.7zM5.8 14.7l6.2 6.3 6.2-6.3c.2-.2.3-.5.3-.7s-.1-.5-.3-.7c-.2-.2-.4-.3-.7-.3h-11c-.3 0-.5.1-.7.3-.2.2-.3.5-.3.7s.1.5.3.7z\"\/><\/svg><\/span><\/span><\/span><\/a><\/span><\/div>\n<nav><ul class='ez-toc-list ez-toc-list-level-1' ><li class='ez-toc-page-1 ez-toc-heading-level-4'><a class=\"ez-toc-link ez-toc-heading-1\" href=\"https:\/\/saphirsmaragd.com\/en\/product\/spinell-1-83-karat-kissen-rot\/#Spinell_183_Karat_Kissen_Rot\" >Spinell 1.83 Karat Kissen Rot<\/a><\/li><li class='ez-toc-page-1 ez-toc-heading-level-4'><a class=\"ez-toc-link ez-toc-heading-2\" href=\"https:\/\/saphirsmaragd.com\/en\/product\/spinell-1-83-karat-kissen-rot\/#Merkmale_Herkunft\" >Characteristics &amp; Origin<\/a><\/li><li class='ez-toc-page-1 ez-toc-heading-level-4'><a class=\"ez-toc-link ez-toc-heading-3\" href=\"https:\/\/saphirsmaragd.com\/en\/product\/spinell-1-83-karat-kissen-rot\/#Besonderheiten\" >Special features<\/a><\/li><li class='ez-toc-page-1 ez-toc-heading-level-4'><a class=\"ez-toc-link ez-toc-heading-4\" href=\"https:\/\/saphirsmaragd.com\/en\/product\/spinell-1-83-karat-kissen-rot\/#Mehr_uber_unsere_Edelsteine\" >More about our gemstones<\/a><\/li><li class='ez-toc-page-1 ez-toc-heading-level-4'><a class=\"ez-toc-link ez-toc-heading-5\" href=\"https:\/\/saphirsmaragd.com\/en\/product\/spinell-1-83-karat-kissen-rot\/#Weitere_Infos\" >Further information<\/a><\/li><\/ul><\/nav><\/div>\n<h4 data-start=\"1007\" data-end=\"1042\"><span class=\"ez-toc-section\" id=\"Spinell_183_Karat_Kissen_Rot\"><\/span>Spinell 1.83 Karat Kissen Rot<span class=\"ez-toc-section-end\"><\/span><\/h4>\n<p data-start=\"1043\" data-end=\"1352\">Dieser Spinell 1.83 Karat Kissen Rot begeistert durch seine intensive rote Farbe mit feinen violetten Untert\u00f6nen und eine au\u00dfergew\u00f6hnlich hohe Transparenz. Spinelle wurden historisch oft mit Rubinen verwechselt, gelten heute jedoch als eigenst\u00e4ndige, \u00e4u\u00dferst wertvolle Edelsteine mit exzellenter Brillanz.<\/p>\n<hr data-start=\"1354\" data-end=\"1357\" \/>\n<h4 data-start=\"1359\" data-end=\"1385\"><span class=\"ez-toc-section\" id=\"Merkmale_Herkunft\"><\/span>Characteristics &amp; Origin<span class=\"ez-toc-section-end\"><\/span><\/h4>\n<p data-start=\"1386\" data-end=\"1698\">Steinart: Spinell<br data-start=\"1403\" data-end=\"1406\" \/>Gewicht: 1.83 Karat<br data-start=\"1425\" data-end=\"1428\" \/>Farbe: Rot mit violetten Nuancen<br data-start=\"1460\" data-end=\"1463\" \/>Shape: Pillow<br data-start=\"1475\" data-end=\"1478\" \/>Schliff: Kissen, gemischt<br data-start=\"1503\" data-end=\"1506\" \/>Gr\u00f6\u00dfe: 6.88 \u00d7 6.50 \u00d7 4.79 mm<br data-start=\"1534\" data-end=\"1537\" \/>Origin: Sri Lanka<br data-start=\"1556\" data-end=\"1559\" \/>Behandlung: Unbehandelt (keine Behandlung beobachtet)<br data-start=\"1612\" data-end=\"1615\" \/>Purity: Eye clean<br data-start=\"1634\" data-end=\"1637\" \/>H\u00e4rte: 8 (Mohs)<br data-start=\"1652\" data-end=\"1655\" \/>Zertifikat: Hauszertifikat<br data-start=\"1681\" data-end=\"1684\" \/>Condition: New<\/p>\n<hr data-start=\"1700\" data-end=\"1703\" \/>\n<h4 data-start=\"1705\" data-end=\"1726\"><span class=\"ez-toc-section\" id=\"Besonderheiten\"><\/span>Special features<span class=\"ez-toc-section-end\"><\/span><\/h4>\n<p data-start=\"1727\" data-end=\"2056\">Der Spinell 1.83 Karat Kissen Rot zeichnet sich durch seine nat\u00fcrliche Farbe und seine sehr gute Reinheit aus. Dank seiner hohen H\u00e4rte und Stabilit\u00e4t eignet sich Spinell hervorragend f\u00fcr den t\u00e4glichen Schmuckgebrauch. Die Kissenform sorgt f\u00fcr eine elegante Lichtreflexion und macht diesen Stein ideal f\u00fcr Ringe oder Anh\u00e4nger.<\/p>\n<hr data-start=\"1926\" data-end=\"1929\" \/>\n<h4 data-start=\"1931\" data-end=\"1971\"><span class=\"ez-toc-section\" id=\"Mehr_uber_unsere_Edelsteine\"><\/span>More about our gemstones<span class=\"ez-toc-section-end\"><\/span><\/h4>\n<p data-start=\"1972\" data-end=\"2069\"><a href=\"https:\/\/saphirsmaragd.com\/en\/product-category\/edelsteine-kaufen\/\">Gemstones<\/a><\/p>\n<hr data-start=\"2071\" data-end=\"2074\" \/>\n<h4 data-start=\"2076\" data-end=\"2096\"><span class=\"ez-toc-section\" id=\"Weitere_Infos\"><\/span>Further information<span class=\"ez-toc-section-end\"><\/span><\/h4>\n<p><a href=\"https:\/\/de.wikipedia.org\/wiki\/Spinell\" target=\"_blank\" rel=\"noopener\">Wikipedia: Spinel<\/a><\/p>","protected":false},"excerpt":{"rendered":"<p data-start=\"699\" data-end=\"868\"><em>Spinell 1.83 Karat Kissen Rot aus Sri Lanka \u2013 unbehandelt, hohe Transparenz, kr\u00e4ftige rote Farbe mit violetten Nuancen. Spinell 1.83 Karat Kissen Rot mit Zertifikat.<\/em><\/p>\n<h3 data-start=\"660\" data-end=\"684\"><\/h3>\n<p data-start=\"575\" data-end=\"606\">","protected":false},"featured_media":6179,"comment_status":"open","ping_status":"closed","template":"","meta":{"_glsr_average":0,"_glsr_ranking":0,"_glsr_reviews":0},"product_brand":[],"product_cat":[290],"product_tag":[],"class_list":{"0":"post-6176","1":"product","2":"type-product","3":"status-publish","4":"has-post-thumbnail","6":"product_cat-spinell","7":"pa_edelsteinart-spinell","8":"pa_farbe-rot","9":"pa_form-kissen","10":"pa_gewicht-karat-1-0-3-0-karat","11":"pa_reinheit-augenrein","12":"pa_veredelung-behandlung-unbehandelt","13":"pa_zertifikat-ja","14":"pa_zustand-neu","16":"first","17":"instock","18":"featured","19":"sold-individually","20":"shipping-taxable","21":"purchasable","22":"product-type-simple","23":"add-to-wishlist-before_image"},"jetpack_sharing_enabled":true,"_links":{"self":[{"href":"https:\/\/saphirsmaragd.com\/en\/wp-json\/wp\/v2\/product\/6176","targetHints":{"allow":["GET"]}}],"collection":[{"href":"https:\/\/saphirsmaragd.com\/en\/wp-json\/wp\/v2\/product"}],"about":[{"href":"https:\/\/saphirsmaragd.com\/en\/wp-json\/wp\/v2\/types\/product"}],"replies":[{"embeddable":true,"href":"https:\/\/saphirsmaragd.com\/en\/wp-json\/wp\/v2\/comments?post=6176"}],"version-history":[{"count":1,"href":"https:\/\/saphirsmaragd.com\/en\/wp-json\/wp\/v2\/product\/6176\/revisions"}],"predecessor-version":[{"id":6180,"href":"https:\/\/saphirsmaragd.com\/en\/wp-json\/wp\/v2\/product\/6176\/revisions\/6180"}],"wp:featuredmedia":[{"embeddable":true,"href":"https:\/\/saphirsmaragd.com\/en\/wp-json\/wp\/v2\/media\/6179"}],"wp:attachment":[{"href":"https:\/\/saphirsmaragd.com\/en\/wp-json\/wp\/v2\/media?parent=6176"}],"wp:term":[{"taxonomy":"product_brand","embeddable":true,"href":"https:\/\/saphirsmaragd.com\/en\/wp-json\/wp\/v2\/product_brand?post=6176"},{"taxonomy":"product_cat","embeddable":true,"href":"https:\/\/saphirsmaragd.com\/en\/wp-json\/wp\/v2\/product_cat?post=6176"},{"taxonomy":"product_tag","embeddable":true,"href":"https:\/\/saphirsmaragd.com\/en\/wp-json\/wp\/v2\/product_tag?post=6176"}],"curies":[{"name":"wp","href":"https:\/\/api.w.org\/{rel}","templated":true}]}}