{"id":7161,"date":"2025-12-28T22:04:27","date_gmt":"2025-12-28T22:04:27","guid":{"rendered":"https:\/\/saphirsmaragd.com\/?post_type=product&#038;p=7161"},"modified":"2025-12-28T22:04:29","modified_gmt":"2025-12-28T22:04:29","slug":"silberanhaenger-mit-lapislazuli-rund-blau-925-silber-unikat","status":"publish","type":"product","link":"https:\/\/saphirsmaragd.com\/en\/product\/silberanhaenger-mit-lapislazuli-rund-blau-925-silber-unikat\/","title":{"rendered":"Silberanh\u00e4nger mit Lapislazuli Rund Blau \u2013 925 Silber Unikat"},"content":{"rendered":"<div id=\"ez-toc-container\" class=\"ez-toc-v2_0_82_2 counter-hierarchy ez-toc-counter ez-toc-grey ez-toc-container-direction\">\n<div class=\"ez-toc-title-container\">\n<p class=\"ez-toc-title\" style=\"cursor:inherit\">Table of Contents<\/p>\n<span class=\"ez-toc-title-toggle\"><a href=\"#\" class=\"ez-toc-pull-right ez-toc-btn ez-toc-btn-xs ez-toc-btn-default ez-toc-toggle\" aria-label=\"Toggle Table of Content\"><span class=\"ez-toc-js-icon-con\"><span class=\"\"><span class=\"eztoc-hide\" style=\"display:none;\">Toggle<\/span><span class=\"ez-toc-icon-toggle-span\"><svg style=\"fill: #999;color:#999\" xmlns=\"http:\/\/www.w3.org\/2000\/svg\" class=\"list-377408\" width=\"20px\" height=\"20px\" viewbox=\"0 0 24 24\" fill=\"none\"><path d=\"M6 6H4v2h2V6zm14 0H8v2h12V6zM4 11h2v2H4v-2zm16 0H8v2h12v-2zM4 16h2v2H4v-2zm16 0H8v2h12v-2z\" fill=\"currentColor\"><\/path><\/svg><svg style=\"fill: #999;color:#999\" class=\"arrow-unsorted-368013\" xmlns=\"http:\/\/www.w3.org\/2000\/svg\" width=\"10px\" height=\"10px\" viewbox=\"0 0 24 24\" version=\"1.2\" baseprofile=\"tiny\"><path d=\"M18.2 9.3l-6.2-6.3-6.2 6.3c-.2.2-.3.4-.3.7s.1.5.3.7c.2.2.4.3.7.3h11c.3 0 .5-.1.7-.3.2-.2.3-.5.3-.7s-.1-.5-.3-.7zM5.8 14.7l6.2 6.3 6.2-6.3c.2-.2.3-.5.3-.7s-.1-.5-.3-.7c-.2-.2-.4-.3-.7-.3h-11c-.3 0-.5.1-.7.3-.2.2-.3.5-.3.7s.1.5.3.7z\"\/><\/svg><\/span><\/span><\/span><\/a><\/span><\/div>\n<nav><ul class='ez-toc-list ez-toc-list-level-1' ><li class='ez-toc-page-1 ez-toc-heading-level-4'><a class=\"ez-toc-link ez-toc-heading-1\" href=\"https:\/\/saphirsmaragd.com\/en\/product\/silberanhaenger-mit-lapislazuli-rund-blau-925-silber-unikat\/#_Silberanhanger_mit_Lapislazuli_Rund_Blau_%E2%80%93_Runder_Naturstein_aus_925_Silber\" >\u00a0Silberanh\u00e4nger mit Lapislazuli Rund Blau \u2013 Runder Naturstein aus 925 Silber<\/a><\/li><li class='ez-toc-page-1 ez-toc-heading-level-4'><a class=\"ez-toc-link ez-toc-heading-2\" href=\"https:\/\/saphirsmaragd.com\/en\/product\/silberanhaenger-mit-lapislazuli-rund-blau-925-silber-unikat\/#_Merkmale_Herkunft\" >\u00a0Characteristics &amp; Origin<\/a><\/li><li class='ez-toc-page-1 ez-toc-heading-level-4'><a class=\"ez-toc-link ez-toc-heading-3\" href=\"https:\/\/saphirsmaragd.com\/en\/product\/silberanhaenger-mit-lapislazuli-rund-blau-925-silber-unikat\/#_Besonderheiten\" >\u00a0Special features<\/a><\/li><li class='ez-toc-page-1 ez-toc-heading-level-4'><a class=\"ez-toc-link ez-toc-heading-4\" href=\"https:\/\/saphirsmaragd.com\/en\/product\/silberanhaenger-mit-lapislazuli-rund-blau-925-silber-unikat\/#_Mehr_uber_Lapislazuli_Heilsteine\" >\u00a0Mehr \u00fcber Lapislazuli &amp; Heilsteine<\/a><\/li><li class='ez-toc-page-1 ez-toc-heading-level-4'><a class=\"ez-toc-link ez-toc-heading-5\" href=\"https:\/\/saphirsmaragd.com\/en\/product\/silberanhaenger-mit-lapislazuli-rund-blau-925-silber-unikat\/#_Weitere_Infos\" >\u00a0Further information<\/a><\/li><\/ul><\/nav><\/div>\n<h4 data-start=\"945\" data-end=\"1028\"><span class=\"ez-toc-section\" id=\"_Silberanhanger_mit_Lapislazuli_Rund_Blau_%E2%80%93_Runder_Naturstein_aus_925_Silber\"><\/span>\u00a0Silberanh\u00e4nger mit Lapislazuli Rund Blau \u2013 Runder Naturstein aus 925 Silber<span class=\"ez-toc-section-end\"><\/span><\/h4>\n<p data-start=\"1030\" data-end=\"1176\">Dieser edle Silberanh\u00e4nger mit Lapislazuli Rund Blau ist ein einzigartiges Schmuckst\u00fcck, bei dem Sie exakt den abgebildeten Anh\u00e4nger erhalten.<\/p>\n<hr data-start=\"1178\" data-end=\"1181\" \/>\n<h4 data-start=\"1183\" data-end=\"1209\"><span class=\"ez-toc-section\" id=\"_Merkmale_Herkunft\"><\/span>\u00a0Characteristics &amp; Origin<span class=\"ez-toc-section-end\"><\/span><\/h4>\n<p data-start=\"1210\" data-end=\"1570\">Farbe: Tiefblau mit nat\u00fcrlichen Pyrit-Einschl\u00fcssen<br data-start=\"1260\" data-end=\"1263\" \/>Shape: Round<br data-start=\"1273\" data-end=\"1276\" \/>Herkunft: Afghanistan<br data-start=\"1310\" data-end=\"1313\" \/>Ma\u00dfe: Stein \u00d8 ca. 2.7 cm<br data-start=\"1337\" data-end=\"1340\" \/>Reinheit: Naturstein mit nat\u00fcrlichen Einschl\u00fcssen<br data-start=\"1449\" data-end=\"1452\" \/>Stone type: Lapis lazuli<br data-start=\"1473\" data-end=\"1476\" \/>Material: 925 Sterling Silber<br data-start=\"1505\" data-end=\"1508\" \/>Jewelry type: Pendant<br data-start=\"1528\" data-end=\"1531\" \/>L\u00e4nge\/Gr\u00f6\u00dfe: ca. 3.7 cm inklusive \u00d6se<\/p>\n<hr data-start=\"1572\" data-end=\"1575\" \/>\n<h4 data-start=\"1577\" data-end=\"1641\"><span class=\"ez-toc-section\" id=\"_Besonderheiten\"><\/span>\u00a0Special features<span class=\"ez-toc-section-end\"><\/span><\/h4>\n<p data-start=\"1642\" data-end=\"1914\">Der Silberanh\u00e4nger mit Lapislazuli Rund Blau besticht durch seine ausgewogene, runde Form, die f\u00fcr Harmonie und Vollst\u00e4ndigkeit steht. Die intensive blaue Farbe mit feinen Pyrit-Einschl\u00fcssen verleiht dem Schmuckst\u00fcck eine zeitlose und zugleich kraftvolle Ausstrahlung.<\/p>\n<p data-start=\"1916\" data-end=\"2254\">Lapislazuli wird traditionell mit Weisheit, Intellekt und Wahrheit in Verbindung gebracht. Er unterst\u00fctzt geistige Klarheit, f\u00f6rdert ehrliche Kommunikation und st\u00e4rkt harmonische Beziehungen sowie Freundschaften. Emotional kann der Stein beruhigend auf \u00c4rger, Frustration und innere Unruhe wirken und Empathie sowie Verbundenheit f\u00f6rdern.<\/p>\n<p data-start=\"2256\" data-end=\"2490\">Spirituell wird Lapislazuli dem Halschakra (5. Chakra) und dem Stirnchakra (6. Chakra) zugeordnet. Er st\u00e4rkt Intuition, innere Erkenntnis und spirituelle Entwicklung und eignet sich besonders f\u00fcr Meditation und bewusste Energiearbeit.<\/p>\n<hr data-start=\"2492\" data-end=\"2495\" \/>\n<h4 data-start=\"2497\" data-end=\"2538\"><span class=\"ez-toc-section\" id=\"_Mehr_uber_Lapislazuli_Heilsteine\"><\/span>\u00a0Mehr \u00fcber Lapislazuli &amp; Heilsteine<span class=\"ez-toc-section-end\"><\/span><\/h4>\n<p data-start=\"2539\" data-end=\"2717\">Healing stones &amp; crystals | <a href=\"https:\/\/saphirsmaragd.com\/en\/product-category\/heilsteine-kristalle-kaufen\/\">Sapphire &amp; Emerald<\/a><\/p>\n<hr data-start=\"2719\" data-end=\"2722\" \/>\n<h4 data-start=\"2724\" data-end=\"2744\"><span class=\"ez-toc-section\" id=\"_Weitere_Infos\"><\/span>\u00a0Further information<span class=\"ez-toc-section-end\"><\/span><\/h4>\n<p data-start=\"2745\" data-end=\"2786\"><a class=\"decorated-link\" href=\"https:\/\/de.wikipedia.org\/wiki\/Lapislazuli\" target=\"_new\" rel=\"noopener\" data-start=\"2745\" data-end=\"2786\">wikipedia:Lapislazuli<\/a><\/p>","protected":false},"excerpt":{"rendered":"<p><em>Dieser Silberanh\u00e4nger mit Lapislazuli Rund Blau ist ein handgefertigtes Unikat aus 925 Sterling Silber und \u00fcberzeugt durch seine harmonische runde Form und intensive blaue Farbe.<\/em><\/p>","protected":false},"featured_media":7163,"comment_status":"open","ping_status":"closed","template":"","meta":{"_glsr_average":0,"_glsr_ranking":0,"_glsr_reviews":0},"product_brand":[],"product_cat":[87],"product_tag":[],"class_list":{"0":"post-7161","1":"product","2":"type-product","3":"status-publish","4":"has-post-thumbnail","6":"product_cat-edelstein-anhaenger","8":"first","9":"instock","10":"shipping-taxable","11":"purchasable","12":"product-type-simple","13":"add-to-wishlist-before_image"},"jetpack_sharing_enabled":true,"_links":{"self":[{"href":"https:\/\/saphirsmaragd.com\/en\/wp-json\/wp\/v2\/product\/7161","targetHints":{"allow":["GET"]}}],"collection":[{"href":"https:\/\/saphirsmaragd.com\/en\/wp-json\/wp\/v2\/product"}],"about":[{"href":"https:\/\/saphirsmaragd.com\/en\/wp-json\/wp\/v2\/types\/product"}],"replies":[{"embeddable":true,"href":"https:\/\/saphirsmaragd.com\/en\/wp-json\/wp\/v2\/comments?post=7161"}],"version-history":[{"count":1,"href":"https:\/\/saphirsmaragd.com\/en\/wp-json\/wp\/v2\/product\/7161\/revisions"}],"predecessor-version":[{"id":7165,"href":"https:\/\/saphirsmaragd.com\/en\/wp-json\/wp\/v2\/product\/7161\/revisions\/7165"}],"wp:featuredmedia":[{"embeddable":true,"href":"https:\/\/saphirsmaragd.com\/en\/wp-json\/wp\/v2\/media\/7163"}],"wp:attachment":[{"href":"https:\/\/saphirsmaragd.com\/en\/wp-json\/wp\/v2\/media?parent=7161"}],"wp:term":[{"taxonomy":"product_brand","embeddable":true,"href":"https:\/\/saphirsmaragd.com\/en\/wp-json\/wp\/v2\/product_brand?post=7161"},{"taxonomy":"product_cat","embeddable":true,"href":"https:\/\/saphirsmaragd.com\/en\/wp-json\/wp\/v2\/product_cat?post=7161"},{"taxonomy":"product_tag","embeddable":true,"href":"https:\/\/saphirsmaragd.com\/en\/wp-json\/wp\/v2\/product_tag?post=7161"}],"curies":[{"name":"wp","href":"https:\/\/api.w.org\/{rel}","templated":true}]}}