{"id":7742,"date":"2026-01-12T16:08:29","date_gmt":"2026-01-12T16:08:29","guid":{"rendered":"https:\/\/saphirsmaragd.com\/?post_type=product&#038;p=7742"},"modified":"2026-01-12T16:08:31","modified_gmt":"2026-01-12T16:08:31","slug":"silberarmband-labradorit-oval","status":"publish","type":"product","link":"https:\/\/saphirsmaragd.com\/en\/product\/silberarmband-labradorit-oval\/","title":{"rendered":"Silberarmband Labradorit oval \u2013 Edelsteinarmband aus 925 Silber"},"content":{"rendered":"<div id=\"ez-toc-container\" class=\"ez-toc-v2_0_82_2 counter-hierarchy ez-toc-counter ez-toc-grey ez-toc-container-direction\">\n<div class=\"ez-toc-title-container\">\n<p class=\"ez-toc-title\" style=\"cursor:inherit\">Table of Contents<\/p>\n<span class=\"ez-toc-title-toggle\"><a href=\"#\" class=\"ez-toc-pull-right ez-toc-btn ez-toc-btn-xs ez-toc-btn-default ez-toc-toggle\" aria-label=\"Toggle Table of Content\"><span class=\"ez-toc-js-icon-con\"><span class=\"\"><span class=\"eztoc-hide\" style=\"display:none;\">Toggle<\/span><span class=\"ez-toc-icon-toggle-span\"><svg style=\"fill: #999;color:#999\" xmlns=\"http:\/\/www.w3.org\/2000\/svg\" class=\"list-377408\" width=\"20px\" height=\"20px\" viewbox=\"0 0 24 24\" fill=\"none\"><path d=\"M6 6H4v2h2V6zm14 0H8v2h12V6zM4 11h2v2H4v-2zm16 0H8v2h12v-2zM4 16h2v2H4v-2zm16 0H8v2h12v-2z\" fill=\"currentColor\"><\/path><\/svg><svg style=\"fill: #999;color:#999\" class=\"arrow-unsorted-368013\" xmlns=\"http:\/\/www.w3.org\/2000\/svg\" width=\"10px\" height=\"10px\" viewbox=\"0 0 24 24\" version=\"1.2\" baseprofile=\"tiny\"><path d=\"M18.2 9.3l-6.2-6.3-6.2 6.3c-.2.2-.3.4-.3.7s.1.5.3.7c.2.2.4.3.7.3h11c.3 0 .5-.1.7-.3.2-.2.3-.5.3-.7s-.1-.5-.3-.7zM5.8 14.7l6.2 6.3 6.2-6.3c.2-.2.3-.5.3-.7s-.1-.5-.3-.7c-.2-.2-.4-.3-.7-.3h-11c-.3 0-.5.1-.7.3-.2.2-.3.5-.3.7s.1.5.3.7z\"\/><\/svg><\/span><\/span><\/span><\/a><\/span><\/div>\n<nav><ul class='ez-toc-list ez-toc-list-level-1' ><li class='ez-toc-page-1 ez-toc-heading-level-4'><a class=\"ez-toc-link ez-toc-heading-1\" href=\"https:\/\/saphirsmaragd.com\/en\/product\/silberarmband-labradorit-oval\/#_Silberarmband_Labradorit_oval_%E2%80%93_Edelsteinarmband_aus_925_Silber\" >\u00a0Silberarmband Labradorit oval \u2013 Edelsteinarmband aus 925 Silber<\/a><\/li><li class='ez-toc-page-1 ez-toc-heading-level-4'><a class=\"ez-toc-link ez-toc-heading-2\" href=\"https:\/\/saphirsmaragd.com\/en\/product\/silberarmband-labradorit-oval\/#_Merkmale_Herkunft\" >\u00a0Characteristics &amp; Origin<\/a><\/li><li class='ez-toc-page-1 ez-toc-heading-level-4'><a class=\"ez-toc-link ez-toc-heading-3\" href=\"https:\/\/saphirsmaragd.com\/en\/product\/silberarmband-labradorit-oval\/#Besonderheiten\" >Special features<\/a><\/li><li class='ez-toc-page-1 ez-toc-heading-level-4'><a class=\"ez-toc-link ez-toc-heading-4\" href=\"https:\/\/saphirsmaragd.com\/en\/product\/silberarmband-labradorit-oval\/#_Mehr_uber_Labradorit_Edelsteinarmbander\" >\u00a0Mehr \u00fcber Labradorit &amp; Edelsteinarmb\u00e4nder<\/a><\/li><li class='ez-toc-page-1 ez-toc-heading-level-4'><a class=\"ez-toc-link ez-toc-heading-5\" href=\"https:\/\/saphirsmaragd.com\/en\/product\/silberarmband-labradorit-oval\/#_Weitere_Info\" >\u00a0Weitere Info<\/a><\/li><\/ul><\/nav><\/div>\n<h4 data-start=\"718\" data-end=\"789\"><span class=\"ez-toc-section\" id=\"_Silberarmband_Labradorit_oval_%E2%80%93_Edelsteinarmband_aus_925_Silber\"><\/span>\u00a0Silberarmband Labradorit oval \u2013 Edelsteinarmband aus 925 Silber<span class=\"ez-toc-section-end\"><\/span><\/h4>\n<p data-start=\"790\" data-end=\"1084\">Dieses Silberarmband Labradorit oval ist ein handgefertigtes Edelsteinarmband aus nat\u00fcrlichen Labradorit-Steinen und hochwertigem Sterling Silber. Die Fotos dienen nur der Illustration \u2013 Sie erhalten ein Armband in vergleichbarer Farbqualit\u00e4t, jeder Labradorit ist ein einzigartiges Unikat.<\/p>\n<hr data-start=\"1086\" data-end=\"1089\" \/>\n<h4 data-start=\"1091\" data-end=\"1149\"><span class=\"ez-toc-section\" id=\"_Merkmale_Herkunft\"><\/span>\u00a0Characteristics &amp; Origin<span class=\"ez-toc-section-end\"><\/span><\/h4>\n<p data-start=\"1150\" data-end=\"1482\">Farbe: Schimmerndes Grau-Blau<br data-start=\"1179\" data-end=\"1182\" \/>Shape: Oval<br data-start=\"1192\" data-end=\"1195\" \/>Steingr\u00f6\u00dfe: 8 x 6 mm<br data-start=\"1215\" data-end=\"1218\" \/>Armbandl\u00e4nge: ca. 15.5\u201320 cm (verstellbar)<br data-start=\"1260\" data-end=\"1263\" \/>Material: Sterling Silber (925)<br data-start=\"1294\" data-end=\"1297\" \/>Schmuckart: Edelsteinarmband<br data-start=\"1325\" data-end=\"1328\" \/>Chakras: Alle (Fokus abh\u00e4ngig vom Farbenschimmer)<br data-start=\"1377\" data-end=\"1380\" \/>Element: Air<br data-start=\"1457\" data-end=\"1460\" \/>Steinart: Labradorit<\/p>\n<hr data-start=\"1484\" data-end=\"1487\" \/>\n<h4 data-start=\"1489\" data-end=\"1530\"><span class=\"ez-toc-section\" id=\"Besonderheiten\"><\/span>Special features<span class=\"ez-toc-section-end\"><\/span><\/h4>\n<p data-start=\"1531\" data-end=\"2054\">Das Silberarmband Labradorit oval ist ein kraftvoller Schutzstein, der besonders von energetisch sensiblen Personen, Therapeuten und spirituellen Arbeitern gesch\u00e4tzt wird. Labradorit bildet einen Schutzschild gegen negative Einfl\u00fcsse von au\u00dfen, st\u00e4rkt und reinigt die Aura von energetischer Verschmutzung und sch\u00fctzt vor \u00dcberstimulation, negativen Menschen, Entit\u00e4ten und fremden Energien. Der Stein hilft, geerdet und zentriert zu bleiben, selbst in Situationen, die sonst ersch\u00f6pfend oder \u00fcberw\u00e4ltigend wirken w\u00fcrden.<\/p>\n<p data-start=\"2056\" data-end=\"2592\">Labradorit verst\u00e4rkt Intuition und spirituelle Kraft. Er unterst\u00fctzt die Verbindung zu geistigen F\u00fchrern, h\u00f6heren Energien, vergangenen Leben und anderen Dimensionen und hilft beim \u00d6ffnen des dritten Auges. Gleichzeitig sorgt der Stein daf\u00fcr, sicher und fest ins Hier und Jetzt zur\u00fcckzukehren \u2013 eine Qualit\u00e4t, die ihn besonders f\u00fcr spirituelle Arbeit geeignet macht, z.\u202fB. Meditation, Traumarbeit, R\u00fcckf\u00fchrungstherapie, schamanische Reisen, Lichtarbeit und Medialit\u00e4t. Labradorit hilft, spirituelles Wissen in den Alltag zu integrieren.<\/p>\n<hr data-start=\"2594\" data-end=\"2597\" \/>\n<h4 data-start=\"2599\" data-end=\"2647\"><span class=\"ez-toc-section\" id=\"_Mehr_uber_Labradorit_Edelsteinarmbander\"><\/span>\u00a0Mehr \u00fcber Labradorit &amp; Edelsteinarmb\u00e4nder<span class=\"ez-toc-section-end\"><\/span><\/h4>\n<p>Healing stones &amp; crystals | <a href=\"https:\/\/saphirsmaragd.com\/en\/product-category\/heilsteine-kristalle-kaufen\/\">Sapphire &amp; Emerald<\/a><\/p>\n<hr data-start=\"2699\" data-end=\"2702\" \/>\n<h4 data-start=\"2704\" data-end=\"2732\"><span class=\"ez-toc-section\" id=\"_Weitere_Info\"><\/span>\u00a0Weitere Info<span class=\"ez-toc-section-end\"><\/span><\/h4>\n<p data-start=\"2733\" data-end=\"2784\">Wikipedia:<a class=\"decorated-link cursor-pointer\" href=\"https:\/\/de.wikipedia.org\/wiki\/Labradorit\" target=\"_new\" rel=\"noopener\" data-start=\"2744\" data-end=\"2784\">Labradorite<\/a><\/p>","protected":false},"excerpt":{"rendered":"<p><em>Dieses Silberarmband Labradorit oval aus 925 Sterling Silber sch\u00fctzt, st\u00e4rkt Ihre Aura und f\u00f6rdert Intuition, spirituelle Kraft und Energieausgleich.<\/em><\/p>","protected":false},"featured_media":7745,"comment_status":"open","ping_status":"closed","template":"","meta":{"_glsr_average":0,"_glsr_ranking":0,"_glsr_reviews":0},"product_brand":[],"product_cat":[331],"product_tag":[],"class_list":{"0":"post-7742","1":"product","2":"type-product","3":"status-publish","4":"has-post-thumbnail","6":"product_cat-edelsteinarmbaender-kaufen","8":"first","9":"instock","10":"shipping-taxable","11":"purchasable","12":"product-type-simple","13":"add-to-wishlist-before_image"},"jetpack_sharing_enabled":true,"_links":{"self":[{"href":"https:\/\/saphirsmaragd.com\/en\/wp-json\/wp\/v2\/product\/7742","targetHints":{"allow":["GET"]}}],"collection":[{"href":"https:\/\/saphirsmaragd.com\/en\/wp-json\/wp\/v2\/product"}],"about":[{"href":"https:\/\/saphirsmaragd.com\/en\/wp-json\/wp\/v2\/types\/product"}],"replies":[{"embeddable":true,"href":"https:\/\/saphirsmaragd.com\/en\/wp-json\/wp\/v2\/comments?post=7742"}],"version-history":[{"count":1,"href":"https:\/\/saphirsmaragd.com\/en\/wp-json\/wp\/v2\/product\/7742\/revisions"}],"predecessor-version":[{"id":7746,"href":"https:\/\/saphirsmaragd.com\/en\/wp-json\/wp\/v2\/product\/7742\/revisions\/7746"}],"wp:featuredmedia":[{"embeddable":true,"href":"https:\/\/saphirsmaragd.com\/en\/wp-json\/wp\/v2\/media\/7745"}],"wp:attachment":[{"href":"https:\/\/saphirsmaragd.com\/en\/wp-json\/wp\/v2\/media?parent=7742"}],"wp:term":[{"taxonomy":"product_brand","embeddable":true,"href":"https:\/\/saphirsmaragd.com\/en\/wp-json\/wp\/v2\/product_brand?post=7742"},{"taxonomy":"product_cat","embeddable":true,"href":"https:\/\/saphirsmaragd.com\/en\/wp-json\/wp\/v2\/product_cat?post=7742"},{"taxonomy":"product_tag","embeddable":true,"href":"https:\/\/saphirsmaragd.com\/en\/wp-json\/wp\/v2\/product_tag?post=7742"}],"curies":[{"name":"wp","href":"https:\/\/api.w.org\/{rel}","templated":true}]}}