{"id":7940,"date":"2026-01-24T16:53:30","date_gmt":"2026-01-24T16:53:30","guid":{"rendered":"https:\/\/saphirsmaragd.com\/?post_type=product&#038;p=7940"},"modified":"2026-01-24T16:55:21","modified_gmt":"2026-01-24T16:55:21","slug":"granat-armband-rund-mit-14-kt-goldperle-2","status":"publish","type":"product","link":"https:\/\/saphirsmaragd.com\/en\/product\/granat-armband-rund-mit-14-kt-goldperle-2\/","title":{"rendered":"Granat Armband Rund mit 14 kt Goldperle \u2013 Elastisches Edelsteinarmband"},"content":{"rendered":"<div id=\"ez-toc-container\" class=\"ez-toc-v2_0_82_2 counter-hierarchy ez-toc-counter ez-toc-grey ez-toc-container-direction\">\n<div class=\"ez-toc-title-container\">\n<p class=\"ez-toc-title\" style=\"cursor:inherit\">Table of Contents<\/p>\n<span class=\"ez-toc-title-toggle\"><a href=\"#\" class=\"ez-toc-pull-right ez-toc-btn ez-toc-btn-xs ez-toc-btn-default ez-toc-toggle\" aria-label=\"Toggle Table of Content\"><span class=\"ez-toc-js-icon-con\"><span class=\"\"><span class=\"eztoc-hide\" style=\"display:none;\">Toggle<\/span><span class=\"ez-toc-icon-toggle-span\"><svg style=\"fill: #999;color:#999\" xmlns=\"http:\/\/www.w3.org\/2000\/svg\" class=\"list-377408\" width=\"20px\" height=\"20px\" viewbox=\"0 0 24 24\" fill=\"none\"><path d=\"M6 6H4v2h2V6zm14 0H8v2h12V6zM4 11h2v2H4v-2zm16 0H8v2h12v-2zM4 16h2v2H4v-2zm16 0H8v2h12v-2z\" fill=\"currentColor\"><\/path><\/svg><svg style=\"fill: #999;color:#999\" class=\"arrow-unsorted-368013\" xmlns=\"http:\/\/www.w3.org\/2000\/svg\" width=\"10px\" height=\"10px\" viewbox=\"0 0 24 24\" version=\"1.2\" baseprofile=\"tiny\"><path d=\"M18.2 9.3l-6.2-6.3-6.2 6.3c-.2.2-.3.4-.3.7s.1.5.3.7c.2.2.4.3.7.3h11c.3 0 .5-.1.7-.3.2-.2.3-.5.3-.7s-.1-.5-.3-.7zM5.8 14.7l6.2 6.3 6.2-6.3c.2-.2.3-.5.3-.7s-.1-.5-.3-.7c-.2-.2-.4-.3-.7-.3h-11c-.3 0-.5.1-.7.3-.2.2-.3.5-.3.7s.1.5.3.7z\"\/><\/svg><\/span><\/span><\/span><\/a><\/span><\/div>\n<nav><ul class='ez-toc-list ez-toc-list-level-1' ><li class='ez-toc-page-1 ez-toc-heading-level-4'><a class=\"ez-toc-link ez-toc-heading-1\" href=\"https:\/\/saphirsmaragd.com\/en\/product\/granat-armband-rund-mit-14-kt-goldperle-2\/#Granat_Armband_Rund_mit_14_kt_Goldperle_%E2%80%93_Elastisches_Edelsteinarmband_6_mm\" >Granat Armband Rund mit 14 kt Goldperle \u2013 Elastisches Edelsteinarmband 6 mm<\/a><\/li><li class='ez-toc-page-1 ez-toc-heading-level-4'><a class=\"ez-toc-link ez-toc-heading-2\" href=\"https:\/\/saphirsmaragd.com\/en\/product\/granat-armband-rund-mit-14-kt-goldperle-2\/#_Merkmale_Herkunft\" >\u00a0Characteristics &amp; Origin<\/a><\/li><li class='ez-toc-page-1 ez-toc-heading-level-4'><a class=\"ez-toc-link ez-toc-heading-3\" href=\"https:\/\/saphirsmaragd.com\/en\/product\/granat-armband-rund-mit-14-kt-goldperle-2\/#_Besonderheiten\" >\u00a0Special features<\/a><\/li><li class='ez-toc-page-1 ez-toc-heading-level-4'><a class=\"ez-toc-link ez-toc-heading-4\" href=\"https:\/\/saphirsmaragd.com\/en\/product\/granat-armband-rund-mit-14-kt-goldperle-2\/#_Mehr_uber_Achate_Heilsteine\" >\u00a0More about agates &amp; healing stones<\/a><\/li><li class='ez-toc-page-1 ez-toc-heading-level-4'><a class=\"ez-toc-link ez-toc-heading-5\" href=\"https:\/\/saphirsmaragd.com\/en\/product\/granat-armband-rund-mit-14-kt-goldperle-2\/#_Weitere_Infos\" >\u00a0Further information<\/a><\/li><\/ul><\/nav><\/div>\n<h4 data-start=\"975\" data-end=\"1052\"><span class=\"ez-toc-section\" id=\"Granat_Armband_Rund_mit_14_kt_Goldperle_%E2%80%93_Elastisches_Edelsteinarmband_6_mm\"><\/span>Granat Armband Rund mit 14 kt Goldperle \u2013 Elastisches Edelsteinarmband 6 mm<span class=\"ez-toc-section-end\"><\/span><\/h4>\n<p data-start=\"1053\" data-end=\"1239\">Dieses Granat Armband Rund mit 14 kt Goldperle vereint fein geschliffene Granatperlen mit einer hochwertigen 14-kar\u00e4tigen Goldperle auf einem elastischen Band f\u00fcr optimalen Tragekomfort.<\/p>\n<hr data-start=\"2365\" data-end=\"2368\" \/>\n<h4 data-start=\"1187\" data-end=\"1215\"><span class=\"ez-toc-section\" id=\"_Merkmale_Herkunft\"><\/span>\u00a0Characteristics &amp; Origin<span class=\"ez-toc-section-end\"><\/span><\/h4>\n<p data-start=\"1216\" data-end=\"1508\">Color: Red<br data-start=\"1346\" data-end=\"1349\" \/>Shape: Round<br data-start=\"1359\" data-end=\"1362\" \/>Herkunft: Indien<br data-start=\"1378\" data-end=\"1381\" \/>Schmuckart: Edelsteinarmband<br data-start=\"1409\" data-end=\"1412\" \/>Material: Granat, 14-kar\u00e4tiges Gold<br data-start=\"1447\" data-end=\"1450\" \/>Perlendurchmesser: ca. 8 mm<br data-start=\"1477\" data-end=\"1480\" \/>L\u00e4nge: ca. 18 cm<br data-start=\"1571\" data-end=\"1574\" \/>Condition: New<br data-start=\"1586\" data-end=\"1589\" \/>Steinart: Granat<br data-start=\"1605\" data-end=\"1608\" \/>Chakra: Wurzelchakra<br data-start=\"1628\" data-end=\"1631\" \/>Element: Feuer, Erde<\/p>\n<hr data-start=\"2365\" data-end=\"2368\" \/>\n<h4 data-start=\"1510\" data-end=\"1533\"><span class=\"ez-toc-section\" id=\"_Besonderheiten\"><\/span>\u00a0Special features<span class=\"ez-toc-section-end\"><\/span><\/h4>\n<p data-start=\"1655\" data-end=\"1952\">Granat ist ein kraftvoller Edelstein, der St\u00e4rke, Energie und Durchhalteverm\u00f6gen f\u00f6rdert. Das Granat Armband Rund mit 14 kt Goldperle unterst\u00fctzt Selbstvertrauen, Mut und Widerstandskraft und ist ein idealer Begleiter in schwierigen Zeiten oder bei neuen Herausforderungen.<\/p>\n<p data-start=\"1954\" data-end=\"2249\">Granat wirkt aktivierend, w\u00e4rmend und revitalisierend. Er hilft, innere St\u00e4rke zu finden, mentale Blockaden zu l\u00f6sen und die pers\u00f6nliche Energie zu steigern. Zus\u00e4tzlich f\u00f6rdert er Optimismus, Willenskraft und Ausdauer, w\u00e4hrend er die Verbindung zu den elementaren Energien Feuer und Erde st\u00e4rkt.<\/p>\n<hr data-start=\"2365\" data-end=\"2368\" \/>\n<h4 data-start=\"2232\" data-end=\"2270\"><span class=\"ez-toc-section\" id=\"_Mehr_uber_Achate_Heilsteine\"><\/span>\u00a0More about agates &amp; healing stones<span class=\"ez-toc-section-end\"><\/span><\/h4>\n<p data-start=\"2271\" data-end=\"2322\">Healing stones &amp; crystals | <a class=\"decorated-link\" href=\"https:\/\/saphirsmaragd.com\/en\/product-category\/heilsteine-kristalle-kaufen\/\" rel=\"noopener\" data-start=\"2301\" data-end=\"2322\">Sapphire &amp; Emerald<\/a><\/p>\n<hr data-start=\"2365\" data-end=\"2368\" \/>\n<h4 data-start=\"2324\" data-end=\"2346\"><span class=\"ez-toc-section\" id=\"_Weitere_Infos\"><\/span>\u00a0Further information<span class=\"ez-toc-section-end\"><\/span><\/h4>\n<p data-start=\"2347\" data-end=\"2363\">Wikipedia:<a href=\"https:\/\/de.wikipedia.org\/wiki\/Granat_(Mineral)\" target=\"_blank\" rel=\"noopener\">garnet<\/a><\/p>","protected":false},"excerpt":{"rendered":"<p><em>Dieses Granat Armband Rund mit 14 kt Goldperle kombiniert nat\u00fcrliche Edelsteinperlen mit einer 14-kar\u00e4tigen Goldperle auf einem elastischen Band. Ideal zur F\u00f6rderung von St\u00e4rke, Energie und Selbstvertrauen.<\/em><\/p>","protected":false},"featured_media":7941,"comment_status":"open","ping_status":"closed","template":"","meta":{"_glsr_average":0,"_glsr_ranking":0,"_glsr_reviews":0},"product_brand":[],"product_cat":[331],"product_tag":[],"class_list":{"0":"post-7940","1":"product","2":"type-product","3":"status-publish","4":"has-post-thumbnail","6":"product_cat-edelsteinarmbaender-kaufen","8":"first","9":"instock","10":"shipping-taxable","11":"purchasable","12":"product-type-simple","13":"add-to-wishlist-before_image"},"jetpack_sharing_enabled":true,"_links":{"self":[{"href":"https:\/\/saphirsmaragd.com\/en\/wp-json\/wp\/v2\/product\/7940","targetHints":{"allow":["GET"]}}],"collection":[{"href":"https:\/\/saphirsmaragd.com\/en\/wp-json\/wp\/v2\/product"}],"about":[{"href":"https:\/\/saphirsmaragd.com\/en\/wp-json\/wp\/v2\/types\/product"}],"replies":[{"embeddable":true,"href":"https:\/\/saphirsmaragd.com\/en\/wp-json\/wp\/v2\/comments?post=7940"}],"version-history":[{"count":1,"href":"https:\/\/saphirsmaragd.com\/en\/wp-json\/wp\/v2\/product\/7940\/revisions"}],"predecessor-version":[{"id":7942,"href":"https:\/\/saphirsmaragd.com\/en\/wp-json\/wp\/v2\/product\/7940\/revisions\/7942"}],"wp:featuredmedia":[{"embeddable":true,"href":"https:\/\/saphirsmaragd.com\/en\/wp-json\/wp\/v2\/media\/7941"}],"wp:attachment":[{"href":"https:\/\/saphirsmaragd.com\/en\/wp-json\/wp\/v2\/media?parent=7940"}],"wp:term":[{"taxonomy":"product_brand","embeddable":true,"href":"https:\/\/saphirsmaragd.com\/en\/wp-json\/wp\/v2\/product_brand?post=7940"},{"taxonomy":"product_cat","embeddable":true,"href":"https:\/\/saphirsmaragd.com\/en\/wp-json\/wp\/v2\/product_cat?post=7940"},{"taxonomy":"product_tag","embeddable":true,"href":"https:\/\/saphirsmaragd.com\/en\/wp-json\/wp\/v2\/product_tag?post=7940"}],"curies":[{"name":"wp","href":"https:\/\/api.w.org\/{rel}","templated":true}]}}