{"id":8397,"date":"2026-03-27T18:47:56","date_gmt":"2026-03-27T18:47:56","guid":{"rendered":"https:\/\/saphirsmaragd.com\/?post_type=product&#038;p=8397"},"modified":"2026-03-27T18:59:23","modified_gmt":"2026-03-27T18:59:23","slug":"zirkon-kissen-orange-farbe-3-45-karat","status":"publish","type":"product","link":"https:\/\/saphirsmaragd.com\/en\/product\/zirkon-kissen-orange-farbe-3-45-karat\/","title":{"rendered":"Zirkon Kissen orange Farbe 3.45 Karat \u2013 nat\u00fcrlicher Edelstein aus Sri Lanka"},"content":{"rendered":"<div id=\"ez-toc-container\" class=\"ez-toc-v2_0_83 counter-hierarchy ez-toc-counter ez-toc-grey ez-toc-container-direction\">\n<div class=\"ez-toc-title-container\">\n<p class=\"ez-toc-title\" style=\"cursor:inherit\">Table of Contents<\/p>\n<span class=\"ez-toc-title-toggle\"><a href=\"#\" class=\"ez-toc-pull-right ez-toc-btn ez-toc-btn-xs ez-toc-btn-default ez-toc-toggle\" aria-label=\"Toggle Table of Content\"><span class=\"ez-toc-js-icon-con\"><span class=\"\"><span class=\"eztoc-hide\" style=\"display:none;\">Toggle<\/span><span class=\"ez-toc-icon-toggle-span\"><svg style=\"fill: #999;color:#999\" xmlns=\"http:\/\/www.w3.org\/2000\/svg\" class=\"list-377408\" width=\"20px\" height=\"20px\" viewbox=\"0 0 24 24\" fill=\"none\"><path d=\"M6 6H4v2h2V6zm14 0H8v2h12V6zM4 11h2v2H4v-2zm16 0H8v2h12v-2zM4 16h2v2H4v-2zm16 0H8v2h12v-2z\" fill=\"currentColor\"><\/path><\/svg><svg style=\"fill: #999;color:#999\" class=\"arrow-unsorted-368013\" xmlns=\"http:\/\/www.w3.org\/2000\/svg\" width=\"10px\" height=\"10px\" viewbox=\"0 0 24 24\" version=\"1.2\" baseprofile=\"tiny\"><path d=\"M18.2 9.3l-6.2-6.3-6.2 6.3c-.2.2-.3.4-.3.7s.1.5.3.7c.2.2.4.3.7.3h11c.3 0 .5-.1.7-.3.2-.2.3-.5.3-.7s-.1-.5-.3-.7zM5.8 14.7l6.2 6.3 6.2-6.3c.2-.2.3-.5.3-.7s-.1-.5-.3-.7c-.2-.2-.4-.3-.7-.3h-11c-.3 0-.5.1-.7.3-.2.2-.3.5-.3.7s.1.5.3.7z\"\/><\/svg><\/span><\/span><\/span><\/a><\/span><\/div>\n<nav><ul class='ez-toc-list ez-toc-list-level-1' ><li class='ez-toc-page-1 ez-toc-heading-level-4'><a class=\"ez-toc-link ez-toc-heading-1\" href=\"https:\/\/saphirsmaragd.com\/en\/product\/zirkon-kissen-orange-farbe-3-45-karat\/#Merkmale_Herkunft\" >Merkmale &amp; Herkunft:<\/a><\/li><li class='ez-toc-page-1 ez-toc-heading-level-4'><a class=\"ez-toc-link ez-toc-heading-2\" href=\"https:\/\/saphirsmaragd.com\/en\/product\/zirkon-kissen-orange-farbe-3-45-karat\/#Besonderheiten\" >Besonderheiten:<\/a><\/li><li class='ez-toc-page-1 ez-toc-heading-level-4'><a class=\"ez-toc-link ez-toc-heading-3\" href=\"https:\/\/saphirsmaragd.com\/en\/product\/zirkon-kissen-orange-farbe-3-45-karat\/#Weitere_Inspiration_entdecken\" >Weitere Inspiration entdecken<\/a><\/li><\/ul><\/nav><\/div>\n<p data-start=\"742\" data-end=\"1024\">Der Zirkon Kissen orange Farbe 3.45 Karat \u00fcberzeugt durch seine intensive, warme Farbgebung und seinen au\u00dfergew\u00f6hnlichen Glanz. Dieser nat\u00fcrliche Edelstein aus Sri Lanka geh\u00f6rt zu den faszinierendsten Alternativen zu klassischen Edelsteinen und begeistert durch seine hohe Brillanz.<\/p>\n<hr data-start=\"1026\" data-end=\"1029\" \/>\n<h4 data-start=\"1031\" data-end=\"1056\"><span class=\"ez-toc-section\" id=\"Merkmale_Herkunft\"><\/span>Merkmale &amp; Herkunft:<span class=\"ez-toc-section-end\"><\/span><\/h4>\n<p data-start=\"1058\" data-end=\"1269\">Farbe: Orange<br data-start=\"1071\" data-end=\"1074\" \/>Shape: Pillow<br data-start=\"1086\" data-end=\"1089\" \/>Origin: Sri Lanka<br data-start=\"1108\" data-end=\"1111\" \/>Gewicht: 3.45 Karat<br data-start=\"1130\" data-end=\"1133\" \/>Ma\u00dfe: 8,9 x 6,8 mm<br data-start=\"1151\" data-end=\"1154\" \/>Clarity: Very small inclusions<br data-start=\"1187\" data-end=\"1190\" \/>Treatment: Untreated<br data-start=\"1213\" data-end=\"1216\" \/>Condition: New<br data-start=\"1228\" data-end=\"1231\" \/>Steinart: Zirkon<br data-start=\"1247\" data-end=\"1250\" \/>Mohs-H\u00e4rte: 6\u20137.5<\/p>\n<hr data-start=\"1271\" data-end=\"1274\" \/>\n<h4 data-start=\"1276\" data-end=\"1296\"><span class=\"ez-toc-section\" id=\"Besonderheiten\"><\/span>Besonderheiten:<span class=\"ez-toc-section-end\"><\/span><\/h4>\n<p data-start=\"1298\" data-end=\"1563\">Der Zirkon Kissen orange Farbe 3.45 Karat zeichnet sich durch seine au\u00dfergew\u00f6hnliche Lichtbrechung aus, die ihm ein fast diamant\u00e4hnliches Funkeln verleiht. Besonders orangefarbene Zirkone sind selten und wirken durch ihre warme, goldene Ausstrahlung besonders edel.<\/p>\n<p data-start=\"1565\" data-end=\"1766\">Durch den Kissenschliff erh\u00e4lt der Stein eine perfekte Balance zwischen klassischer Eleganz und moderner Optik. Diese Form verst\u00e4rkt das Feuer des Steins und sorgt f\u00fcr eine besonders lebendige Wirkung.<\/p>\n<p data-start=\"1768\" data-end=\"1934\">Zirkon wird h\u00e4ufig mit Zirkonia verwechselt \u2013 hierbei handelt es sich jedoch um einen nat\u00fcrlichen Edelstein mit deutlich h\u00f6herem Wert und einzigartigen Eigenschaften.<\/p>\n<hr data-start=\"1253\" data-end=\"1256\" \/>\n<h4 data-start=\"413\" data-end=\"449\"><span class=\"ez-toc-section\" id=\"Weitere_Inspiration_entdecken\"><\/span>Weitere Inspiration entdecken<span class=\"ez-toc-section-end\"><\/span><\/h4>\n<p data-start=\"450\" data-end=\"582\">Suchen Sie weitere besondere Produkte? Entdecken Sie zus\u00e4tzliche Highlights in unserem Sortiment oder besuchen Sie unsere Partnerprojekte:<\/p>\n<ul data-start=\"584\" data-end=\"920\">\n<li data-start=\"584\" data-end=\"656\"><a href=\"https:\/\/saphirsmaragd.com\/en\/shop\/\">Weitere Edelsteine &amp; Schmuckst\u00fccke bei Saphir &amp; Smaragd entdecken<\/a><\/li>\n<li data-start=\"657\" data-end=\"783\">\n<p data-start=\"659\" data-end=\"783\"><a href=\"https:\/\/honigbee.com\/shop\/\" target=\"_blank\" rel=\"noopener\">Nat\u00fcrliche Produkte bei Honigbee ansehen<br \/>\n<\/a><\/p>\n<\/li>\n<li data-start=\"784\" data-end=\"920\">\n<p data-start=\"786\" data-end=\"920\"><a href=\"https:\/\/matvana.com\/shop\/\" target=\"_blank\" rel=\"noopener\">Stilvolle Wohnideen bei Matvana erkunden<\/a><\/p>\n<\/li>\n<\/ul>","protected":false},"excerpt":{"rendered":"<p data-start=\"400\" data-end=\"524\"><em>Zirkon Kissen orange Farbe 3.45 Karat \u2013 nat\u00fcrlicher Edelstein aus Sri Lanka mit intensiver Farbe und brillantem Schliff.<\/em><\/p>\n<h2 data-start=\"523\" data-end=\"548\"><\/h2>","protected":false},"featured_media":8398,"comment_status":"open","ping_status":"closed","template":"","meta":{"_glsr_average":0,"_glsr_ranking":0,"_glsr_reviews":0},"product_brand":[],"product_cat":[301],"product_tag":[],"class_list":{"0":"post-8397","1":"product","2":"type-product","3":"status-publish","4":"has-post-thumbnail","6":"product_cat-zirkon","7":"pa_edelsteinart-zirkon","8":"pa_farbe-orange","9":"pa_form-kissen","10":"pa_gewicht-karat-5-0-10-karat","11":"pa_herkunft-sri-lanka","12":"pa_reinheit-sehr-kleine-einschluesse","13":"pa_veredelung-behandlung-unbehandelt","14":"pa_zustand-neu","16":"first","17":"instock","18":"featured","19":"sold-individually","20":"shipping-taxable","21":"purchasable","22":"product-type-simple","23":"add-to-wishlist-before_image"},"jetpack_sharing_enabled":true,"_links":{"self":[{"href":"https:\/\/saphirsmaragd.com\/en\/wp-json\/wp\/v2\/product\/8397","targetHints":{"allow":["GET"]}}],"collection":[{"href":"https:\/\/saphirsmaragd.com\/en\/wp-json\/wp\/v2\/product"}],"about":[{"href":"https:\/\/saphirsmaragd.com\/en\/wp-json\/wp\/v2\/types\/product"}],"replies":[{"embeddable":true,"href":"https:\/\/saphirsmaragd.com\/en\/wp-json\/wp\/v2\/comments?post=8397"}],"version-history":[{"count":2,"href":"https:\/\/saphirsmaragd.com\/en\/wp-json\/wp\/v2\/product\/8397\/revisions"}],"predecessor-version":[{"id":8400,"href":"https:\/\/saphirsmaragd.com\/en\/wp-json\/wp\/v2\/product\/8397\/revisions\/8400"}],"wp:featuredmedia":[{"embeddable":true,"href":"https:\/\/saphirsmaragd.com\/en\/wp-json\/wp\/v2\/media\/8398"}],"wp:attachment":[{"href":"https:\/\/saphirsmaragd.com\/en\/wp-json\/wp\/v2\/media?parent=8397"}],"wp:term":[{"taxonomy":"product_brand","embeddable":true,"href":"https:\/\/saphirsmaragd.com\/en\/wp-json\/wp\/v2\/product_brand?post=8397"},{"taxonomy":"product_cat","embeddable":true,"href":"https:\/\/saphirsmaragd.com\/en\/wp-json\/wp\/v2\/product_cat?post=8397"},{"taxonomy":"product_tag","embeddable":true,"href":"https:\/\/saphirsmaragd.com\/en\/wp-json\/wp\/v2\/product_tag?post=8397"}],"curies":[{"name":"wp","href":"https:\/\/api.w.org\/{rel}","templated":true}]}}